{"id":40024,"date":"2021-05-18T13:30:08","date_gmt":"2021-05-18T13:30:08","guid":{"rendered":"https:\/\/www.ambifuego.net\/xtempx\/?post_type=product&#038;p=40024"},"modified":"2024-02-01T12:15:08","modified_gmt":"2024-02-01T11:15:08","slug":"ultimative-und-naturgetreue-feuererlebnis","status":"publish","type":"product","link":"https:\/\/www.ambifuego.net\/de\/producto\/ultimative-und-naturgetreue-feuererlebnis\/","title":{"rendered":"VIRTUO"},"content":{"rendered":"<h2 style=\"text-align: justify;\"><span style=\"font-family: verdana, geneva, sans-serif; font-size: 14pt;\">Das ultimative elektrische Feuer\u00a0<\/span><\/h2>\n<p style=\"text-align: justify;\"><span style=\"font-family: verdana, geneva, sans-serif;\">Das ultimative und naturgetreue Feuererlebnis, ganz ohne Emissionen. Mit mehreren sch\u00f6nen Flammenbildern, eienem LED-Glutbett, das die Farbe wechseln kann, realistischen Ger\u00e4uschen und wohliger W\u00e4rme bietet der Virtuo Evolve alle Vorteile eines normalen Kamins und noch viel mehr. Der Kamin kann \u00fcberall aufgestellt werden, Sie brauchen nur eine Steckdose. Das Feuer ist auch sehr einfach \u00fcber die Fernbedienung oder die DRU-App zu steuern, stellen Sie die W\u00e4rme, die Flammen, das Licht und den Ton selbst ein.<\/span><\/p>\n<p style=\"text-align: justify;\"><strong><span style=\"font-family: verdana, geneva, sans-serif;\">Elektrisches Ambiente und W\u00e4rme<\/span><\/strong><\/p>\n<p style=\"text-align: justify;\"><span style=\"font-family: verdana, geneva, sans-serif;\">Dieser Elektrokamin bietet das volle Feuererlebnis, jedoch ohne jegliche Emissionen. Mit naturgetreuen Holzflammen, einem mehrfarbigen LED-Leuchtbett, angenehmer W\u00e4rme und dem Ger\u00e4usch von knisterndem Holz schafft ein Virtuo-Kamin die ultimative gem\u00fctliche Atmosph\u00e4re. Der Kamin ben\u00f6tigt keine Emissionen oder Abgase, nur eine Steckdose und kann daher \u00fcberall im Haus aufgestellt werden.<\/span><\/p>\n<p style=\"text-align: justify;\"><strong><span style=\"font-family: verdana, geneva, sans-serif;\">Nur Atmosph\u00e4re, keine Emissionen<\/span><\/strong><\/p>\n<p style=\"text-align: justify;\"><span style=\"font-family: verdana, geneva, sans-serif;\">Sie wollen das ultimative nachhaltige Kaminerlebnis? Dann entscheiden Sie sich f\u00fcr eine vollelektrische Feuerstelle. Der Virtuo ist zu 100 % elektrisch und erzeugt keine Emissionen. Das ist nicht nur umweltfreundlicher, sondern auch realistischer. Das elektrische Feuer ist von einem echten Kamin nicht zu unterscheiden. Mit mehreren sch\u00f6nen Flammenbildern, einem LED-Gl\u00fchbett mit mehreren Farben, Ger\u00e4uschen und W\u00e4rme erzeugt der Virtuo ein echtes Kaminfeuererlebnis. Alles, was Sie brauchen, ist eine Steckdose. Stellen Sie das Feuer einfach an einen beliebigen Ort in Ihrem Zuhause.<\/span><\/p>\n<ul>\n<li><span style=\"font-family: verdana, geneva, sans-serif;\"><strong>Made in Europe<\/strong><span id=\"result_box\" class=\"\" lang=\"de\"><br \/>\n<\/span><\/span><\/li>\n<li><span style=\"font-family: verdana, geneva, sans-serif;\">Moderner Kamin mit <a href=\"https:\/\/www.drufire.com\/int\/assortiment\/dru\/virtuo\/virtuo-130-evolve\" target=\"_blank\" rel=\"noopener\">echtfeuer Flammeneffekt<\/a><\/span><\/li>\n<li><span style=\"font-family: verdana, geneva, sans-serif;\">Verf\u00fcgbar mit 1 &#8211; 2 oder 3 Glasseiten<\/span><\/li>\n<li><span style=\"font-family: verdana, geneva, sans-serif;\"><strong>App-Control<\/strong> &#8211; Tablet &#8211; Fernbedienung\u00a0<\/span><\/li>\n<li><span id=\"result_box\" class=\"\" lang=\"de\" style=\"font-family: verdana, geneva, sans-serif;\">2 Heizstufen 750 &#8211; 1500 W<\/span><\/li>\n<li><span id=\"result_box\" class=\"\" lang=\"de\" style=\"font-family: verdana, geneva, sans-serif;\">Led Beleuchtung &#8211; Energiesparend<\/span><\/li>\n<li><span id=\"result_box\" class=\"\" lang=\"de\" style=\"font-family: verdana, geneva, sans-serif;\">Holz- Silberbirken oder Steine Dekor<\/span><\/li>\n<li><span style=\"font-family: verdana, geneva, sans-serif;\">Sicher und Sauber<\/span><\/li>\n<li><span style=\"font-family: verdana, geneva, sans-serif;\">Option;<strong> Nitra-Flame Effect<\/strong>&#8211; F\u00e4rbige Flammen<\/span><\/li>\n<li><a href=\"https:\/\/www.ambifuego.net\/de\/kontakt\/\" target=\"_blank\" rel=\"noopener\"><span style=\"font-family: verdana, geneva, sans-serif;\">Preise nach Anfrage<\/span><\/a><\/li>\n<li><span style=\"font-family: verdana, geneva, sans-serif;\"><a href=\"https:\/\/vimeo.com\/ambifuego\" target=\"_blank\" rel=\"noopener\">Videos<\/a><\/span><\/li>\n<\/ul>\n","protected":false},"excerpt":{"rendered":"<p><strong><img fetchpriority=\"high\" decoding=\"async\" class=\"alignnone size-full wp-image-67016\" src=\"https:\/\/www.ambifuego.net\/wp-content\/uploads\/2021\/05\/1-virtuo-100-evolve-_optimized.jpg\" alt=\"\" width=\"525\" height=\"350\" srcset=\"https:\/\/www.ambifuego.net\/wp-content\/uploads\/2021\/05\/1-virtuo-100-evolve-_optimized.jpg 525w, https:\/\/www.ambifuego.net\/wp-content\/uploads\/2021\/05\/1-virtuo-100-evolve-_optimized-480x320.jpg 480w, https:\/\/www.ambifuego.net\/wp-content\/uploads\/2021\/05\/1-virtuo-100-evolve-_optimized-405x270.jpg 405w\" sizes=\"(max-width: 525px) 100vw, 525px\" \/><\/strong><\/p>\n","protected":false},"featured_media":67827,"template":"","meta":[],"product_brand":[],"product_cat":[379,382],"product_tag":[],"class_list":{"0":"post-40024","1":"product","2":"type-product","3":"status-publish","4":"has-post-thumbnail","6":"product_cat-ihr-spezialist-fuer-elektrokamine","7":"product_cat-elektrokamin-manufaktur-panoramakamin-spanien","9":"first","10":"instock","11":"shipping-taxable","12":"product-type-simple"},"_links":{"self":[{"href":"https:\/\/www.ambifuego.net\/de\/wp-json\/wp\/v2\/product\/40024","targetHints":{"allow":["GET"]}}],"collection":[{"href":"https:\/\/www.ambifuego.net\/de\/wp-json\/wp\/v2\/product"}],"about":[{"href":"https:\/\/www.ambifuego.net\/de\/wp-json\/wp\/v2\/types\/product"}],"version-history":[{"count":0,"href":"https:\/\/www.ambifuego.net\/de\/wp-json\/wp\/v2\/product\/40024\/revisions"}],"wp:featuredmedia":[{"embeddable":true,"href":"https:\/\/www.ambifuego.net\/de\/wp-json\/wp\/v2\/media\/67827"}],"wp:attachment":[{"href":"https:\/\/www.ambifuego.net\/de\/wp-json\/wp\/v2\/media?parent=40024"}],"wp:term":[{"taxonomy":"product_brand","embeddable":true,"href":"https:\/\/www.ambifuego.net\/de\/wp-json\/wp\/v2\/product_brand?post=40024"},{"taxonomy":"product_cat","embeddable":true,"href":"https:\/\/www.ambifuego.net\/de\/wp-json\/wp\/v2\/product_cat?post=40024"},{"taxonomy":"product_tag","embeddable":true,"href":"https:\/\/www.ambifuego.net\/de\/wp-json\/wp\/v2\/product_tag?post=40024"}],"curies":[{"name":"wp","href":"https:\/\/api.w.org\/{rel}","templated":true}]}}