{"id":39747,"date":"2021-05-12T14:00:13","date_gmt":"2021-05-12T14:00:14","guid":{"rendered":"https:\/\/www.ambifuego.net\/xtempx\/?post_type=product&#038;p=39747"},"modified":"2023-12-26T14:05:13","modified_gmt":"2023-12-26T13:05:13","slug":"elektro-wandkamin-mit-ohne-heizung-empire","status":"publish","type":"product","link":"https:\/\/www.ambifuego.net\/de\/producto\/elektro-wandkamin-mit-ohne-heizung-empire\/","title":{"rendered":"EMPIRE"},"content":{"rendered":"<p style=\"text-align: justify;\"><span style=\"font-family: verdana, geneva, sans-serif;\">Elektro-Wandkamin \u00a0bringt Ihnen echtes Kaminfeeling ohne die \u00fcblichen Nachteile eines echten Kamins nach Hause. Das Flammenspiel eines Elektrokamins kommt g\u00e4nzlich ohne echte Flammen aus, die W\u00e4rme stammt aus einem elektrischen Heizelement und wird nicht durch Verbrennung erzeugt. Elektro-Wandkamin mit \/ohne Heizung je nach Bedarch. Dadurch entstehen weder echter Rauch, noch Ru\u00df, Gase oder Asche.<\/span><\/p>\n<p style=\"text-align: justify;\"><span style=\"font-family: verdana, geneva, sans-serif;\">Da in einem elektrischen Kamin f\u00fcr die Wand keine Verbrennung stattfindet, muss dieser nicht an einen Schornstein angeschlossen werden. Sie m\u00fcssen w\u00e4hrend des Betriebes nicht einmal regelm\u00e4\u00dfig l\u00fcften, wie es bei Ethanolkaminen der Fall ist. Die vom Kamin oder der Zentralheizung erzeugte warme Luft bleibt so im Raum. Zudem sind Sie bei der Montage des Kamins sehr flexibel.<\/span><\/p>\n<h2 style=\"text-align: justify;\"><span id=\"Elektrische-Wandkamine-Kaminfeeling-ohne-Russ-und-Putzen\" style=\"font-size: 12pt; font-family: verdana, geneva, sans-serif;\">Elektro-Wandkamin mit \/ohne Heizung &#8211;\u00a0 Kaminfeeling ohne Ru\u00df und Putzen von f\u00fchrender Hersteller.<\/span><\/h2>\n<p style=\"text-align: justify;\"><span style=\"font-family: verdana, geneva, sans-serif;\">Elektrische Kamine von hoher Qualit\u00e4t und der fortschrittlichsten Technologie. Evonic Fires ist ein vielfach ausgezeichneter Hersteller von Elektrokaminen. Die Elektrokamine sind vollst\u00e4ndig in die Evonic Fires App integriert. Diese App kann im Apple App Store oder bei Google Play herunter geladen werden.<\/span><\/p>\n<p style=\"text-align: justify;\"><span style=\"font-family: verdana, geneva, sans-serif;\">Die elektrischen Feuerstellen von Evonic Fires zeichnen sich vor allem durch ihre energiesparenden LED-Flammenbilder aus. Dieser preisgekr\u00f6nte <a href=\"https:\/\/www.ambifuego.net\/wp-content\/uploads\/2021\/05\/EVONIC-2021.pdf\" target=\"_blank\" rel=\"noopener\">Flammeneffekt nennt sich evoflame\u00ae<\/a> und ist in den meisten Elektrokaminen integriert.<\/span><\/p>\n<p style=\"text-align: justify;\"><span style=\"font-family: verdana, geneva, sans-serif;\">Ein elektrischer Kamin von Evonic Fires wird von verschiedenen Betriebssystemen angetrieben. Sie verf\u00fcgen beispielsweise \u00fcber einen E-Touch Controller, der verwendet werden kann, wenn Sie den Elektro Kamin nicht \u00fcber Ihr Smartphone oder Tablet steuern m\u00f6chten. Sie k\u00f6nnen \u00fcber Ihre Fernbedienung oder Ihr Handy die Flammen einstellen, die Heizung ein- und ausschalten und auch die Temperatur regeln. Es ist auch m\u00f6glich, das Ger\u00e4t mit einer 7 Tage Timerfunktion einzustellen.<\/span><\/p>\n<div class=\"row top-div \" style=\"text-align: justify;\" data-row_id=\"31969\">\n<div class=\"col-md-6 \" data-col_id=\"31974\">\n<div class=\" \" data-com_id=\"40375\">\n<h2><span id=\"Elektrische-Wandkamine-Kaminfeeling-ohne-Russ-und-Putzen\" style=\"font-size: 12pt;\">Elektrischer Wandkamin &#8211; Empire<\/span><\/h2>\n<\/div>\n<\/div>\n<\/div>\n<ul style=\"text-align: justify;\">\n<li><span style=\"font-family: verdana, geneva, sans-serif;\">Elektro-Wandkamin mit \/ohne Heizung<\/span><\/li>\n<li><span style=\"font-family: verdana, geneva, sans-serif;\"><strong>MADE IN EUROPE &#8211; Von erstklassiger qualit\u00e4t<\/strong><\/span><\/li>\n<li><span id=\"result_box\" class=\"\" lang=\"de\" style=\"font-family: verdana, geneva, sans-serif;\">Einfach an der Wand\u00a0 montier<\/span><\/li>\n<li><span style=\"font-family: verdana, geneva, sans-serif;\">Elektrokamin Innovativ, realistisch und elegant<\/span><\/li>\n<li><span style=\"font-family: verdana, geneva, sans-serif;\"><span id=\"result_box\" class=\"\" lang=\"de\"><strong>e-touch<\/strong> App-Steuerung &#8211; Fernbedienung (optional)<\/span><span id=\"result_box\" class=\"\" lang=\"de\"><br \/>\n<\/span><\/span><\/li>\n<li><span id=\"result_box\" class=\"\" lang=\"de\" style=\"font-family: verdana, geneva, sans-serif;\">Keine Einbaubedingungen und Brandgefahr<\/span><\/li>\n<li><span style=\"font-family: verdana, geneva, sans-serif;\">Sparsame LED Technik<\/span><\/li>\n<li><span style=\"font-family: verdana, geneva, sans-serif;\">2 Heizstufen &#8211; 1000W\/2000W<\/span><\/li>\n<li><span style=\"font-family: verdana, geneva, sans-serif;\">\u00dcppiges Flammenbild mi LED-Beleuchtung<\/span><\/li>\n<li><span style=\"font-family: verdana, geneva, sans-serif;\">Weisse Kieselsteine oder Holzimitate<\/span><\/li>\n<li><span style=\"font-family: verdana, geneva, sans-serif;\">M\u00f6bel-Farbe: Elfenbein &#8211;\u00a0 Weiss Arktic or Grau<\/span><\/li>\n<li><span style=\"font-family: verdana, geneva, sans-serif;\"><a href=\"https:\/\/www.ambifuego.net\/wp-content\/uploads\/2023\/10\/20-10-23-cat.general-comprimido.pdf\" target=\"_blank\" rel=\"noopener\">Katalog<\/a><\/span><\/li>\n<li><span style=\"font-family: verdana, geneva, sans-serif;\">\u00a0H 520\u00a0 \/ B 1120\u00a0 \/ T 280 mm<\/span><\/li>\n<\/ul>\n<p>&nbsp;<\/p>\n","protected":false},"excerpt":{"rendered":"[caption id=\"attachment_49827\" align=\"alignnone\" width=\"320\"]<img fetchpriority=\"high\" decoding=\"async\" class=\"size-full wp-image-49827\" src=\"https:\/\/www.ambifuego.net\/wp-content\/uploads\/2021\/05\/empire1_optimized.jpg\" alt=\"Empire. chimenea electrica colgada- Wall Mounted Electric Fire - Elektro-Wandkamin mit \/ohne Heizung\" width=\"320\" height=\"320\" srcset=\"https:\/\/www.ambifuego.net\/wp-content\/uploads\/2021\/05\/empire1_optimized.jpg 320w, https:\/\/www.ambifuego.net\/wp-content\/uploads\/2021\/05\/empire1_optimized-150x150.jpg 150w, https:\/\/www.ambifuego.net\/wp-content\/uploads\/2021\/05\/empire1_optimized-270x270.jpg 270w, https:\/\/www.ambifuego.net\/wp-content\/uploads\/2021\/05\/empire1_optimized-40x40.jpg 40w, https:\/\/www.ambifuego.net\/wp-content\/uploads\/2021\/05\/empire1_optimized-100x100.jpg 100w\" sizes=\"(max-width: 320px) 100vw, 320px\" \/> Empire. chimenea electrica colgada- Wall Mounted Electric Fire &#8211; Elektro-Wandkamin mit \/ohne Heizung[\/caption]\n","protected":false},"featured_media":49847,"template":"","meta":[],"product_brand":[],"product_cat":[383,380],"product_tag":[],"class_list":{"0":"post-39747","1":"product","2":"type-product","3":"status-publish","4":"has-post-thumbnail","6":"product_cat-electro-standkamin","7":"product_cat-elektro-wandkamine-sofort-atmosphaere","9":"first","10":"instock","11":"shipping-taxable","12":"product-type-simple"},"_links":{"self":[{"href":"https:\/\/www.ambifuego.net\/de\/wp-json\/wp\/v2\/product\/39747","targetHints":{"allow":["GET"]}}],"collection":[{"href":"https:\/\/www.ambifuego.net\/de\/wp-json\/wp\/v2\/product"}],"about":[{"href":"https:\/\/www.ambifuego.net\/de\/wp-json\/wp\/v2\/types\/product"}],"version-history":[{"count":0,"href":"https:\/\/www.ambifuego.net\/de\/wp-json\/wp\/v2\/product\/39747\/revisions"}],"wp:featuredmedia":[{"embeddable":true,"href":"https:\/\/www.ambifuego.net\/de\/wp-json\/wp\/v2\/media\/49847"}],"wp:attachment":[{"href":"https:\/\/www.ambifuego.net\/de\/wp-json\/wp\/v2\/media?parent=39747"}],"wp:term":[{"taxonomy":"product_brand","embeddable":true,"href":"https:\/\/www.ambifuego.net\/de\/wp-json\/wp\/v2\/product_brand?post=39747"},{"taxonomy":"product_cat","embeddable":true,"href":"https:\/\/www.ambifuego.net\/de\/wp-json\/wp\/v2\/product_cat?post=39747"},{"taxonomy":"product_tag","embeddable":true,"href":"https:\/\/www.ambifuego.net\/de\/wp-json\/wp\/v2\/product_tag?post=39747"}],"curies":[{"name":"wp","href":"https:\/\/api.w.org\/{rel}","templated":true}]}}