{"id":36206,"date":"2020-12-18T13:53:48","date_gmt":"2020-12-18T13:53:49","guid":{"rendered":"https:\/\/www.ambifuego.net\/xtempx\/?post_type=product&#038;p=36206"},"modified":"2023-10-16T15:32:11","modified_gmt":"2023-10-16T13:32:11","slug":"ethanol-brenner-breite-1500","status":"publish","type":"product","link":"https:\/\/www.ambifuego.net\/de\/producto\/ethanol-brenner-breite-1500\/","title":{"rendered":"BRENNER 1500"},"content":{"rendered":"<p>Ethanol Brenner Breite 1500\u00a0 auch \u00a01000 millimeter.<\/p>\n<p>Lieben Sie auch den herk\u00f6mmlichen Kamiofen? Aber haben Sie nicht die M\u00f6glichkeit, eine in Ihrem eigenen Haus zu installieren? Dann ist ein Bioethanol Kaminofen die perfekte Wahl f\u00fcr Sie. Se erhalten das gem\u00fctliche un dklassische Kaminofen-Design\u00a0 ohne\u00a0 Rauch und Asche. Daher ben\u00f6tigt der Kamin keinen Schornstein oder grosse installationen.<\/p>\n<p>Der 1500 Ethanolbrenner ist der\u00a0 breiteste\u00a0 Brenner unserer Serie. Er\u00a0 ereignet\u00a0 sich\u00a0 besonders f\u00fcr\u00a0 sehr breite Wandkamine. Er\u00a0 ist\u00a0 in verschiedene\u00a0 Kaminen\u00a0 verbaut und eignet\u00a0 sich\u00a0 sehr gut f\u00fcr Eigenbauprojekte oder Kaminumbauten. Der Brenner bietet hochwertige Designm\u00f6glichkeiten f\u00fcr private und gewerbliche Innenr\u00e4umen sowie Au\u00dfenbereiche.<\/p>\n<p>Intelligent, effizient und Benutzerfreundlich<\/p>\n<p>Der automatische Ethanolkamin Brenner ist mit einer inteligenten Systemsteuerung f\u00fcr einfache, benutzerfeundliche Bedienbarketi ausgestattet. Zahlreiche\u00a0 Sensoren, wie\u00a0 \u00dcberlauf- und\u00a0 Temperatursensor,\u00a0 sorgen\u00a0 f\u00fcr\u00a0 \u00a0ein\u00a0 \u00a0H\u00f6chstmass\u00a0 an\u00a0 Sicherheit. Durch\u00a0 den verbesserten\u00a0 \u00a0Brennprozess\u00a0 \u00a0wird\u00a0 nicht\u00a0 direkt die Fl\u00fcssigkeit, Ethanol, verbrannt, sondern das durch das Vorw\u00e4rmen des Ethanols enstehende Gas. Diese Technik ist sehr effizient und die Verbrennung der Gase nicht gesundheitssch\u00e4dlich. Mittels des<\/p>\n<p>Fernbedienung kann der Brenner automatisch gestartet und die Flammenintensit\u00e4t geregelt werden.<\/p>\n<p>Beschreibung<\/p>\n<ul>\n<li>Automatische Brenner<\/li>\n<li>Einbau Ethanol Brenner &#8211; 1000 mm 1500 mm Breite.<\/li>\n<li>Metal Gehause oder<a href=\"https:\/\/www.youtube.com\/user\/ambifuego\/videos\"> Glass<\/a><\/li>\n<li>Mit Fernbedienung 3 Stellungen<\/li>\n<li>Kein Abzug notwendig<\/li>\n<li>gepr\u00fcfte Sicherheit-Sensoren f\u00fcr Betriebs\u00fcberwachung<\/li>\n<li>Kein Schmutz, Geruch und sauber.<\/li>\n<li>*Weiteres Info &#8211; <a href=\"https:\/\/www.ambifuego.net\/wp-content\/uploads\/2021\/06\/18-06-21-2-Sin-estufa-columbus.pdf\">Katalogue<\/a> &#8211; St. 20<\/li>\n<\/ul>\n<p><img fetchpriority=\"high\" decoding=\"async\" class=\"alignnone size-full wp-image-45046\" src=\"https:\/\/www.ambifuego.net\/wp-content\/uploads\/2020\/12\/plano-quemado-bioetanol_optimized.jpg\" alt=\"\" width=\"397\" height=\"248\" \/><\/p>\n<table style=\"border-collapse: collapse; width: 100%;\" border=\"1\">\n<tbody>\n<tr>\n<td style=\"width: 16.6667%;\">\u00a0 \u00a0 \u00a0\u00a0<strong>Modelo<\/strong><\/td>\n<td style=\"width: 16.6667%;\">\u00a0 \u00a0 \u00a0 \u00a0 \u00a0 \u00a0<strong>\u00a0A<\/strong><\/td>\n<td style=\"width: 16.6667%;\">\u00a0 \u00a0 \u00a0 \u00a0 \u00a0 \u00a0\u00a0<strong>\u00a0B<\/strong><\/td>\n<td style=\"width: 16.6667%;\">\u00a0 \u00a0 \u00a0 \u00a0 \u00a0 \u00a0\u00a0<strong>\u00a0C<\/strong><\/td>\n<td style=\"width: 16.6667%;\">\u00a0 \u00a0 \u00a0 \u00a0 \u00a0 \u00a0 \u00a0<strong>D<\/strong><\/td>\n<td style=\"width: 16.6667%;\">\u00a0 \u00a0 \u00a0 \u00a0 \u00a0 \u00a0\u00a0<strong>\u00a0E<\/strong><\/td>\n<\/tr>\n<tr>\n<td style=\"width: 16.6667%;\">\u00a0 \u00a0 \u00a0 \u00a0 \u00a01500<\/td>\n<td style=\"width: 16.6667%;\">\u00a0 \u00a0 \u00a0 \u00a0 \u00a01560<\/td>\n<td style=\"width: 16.6667%;\">\u00a0 \u00a0 \u00a0 \u00a0 \u00a0 \u00a0213<\/td>\n<td style=\"width: 16.6667%;\">\u00a0 \u00a0 \u00a0 \u00a0 \u00a0 \u00a0330<\/td>\n<td style=\"width: 16.6667%;\">\u00a0 \u00a0 \u00a0 \u00a0 \u00a0 1520<\/td>\n<td style=\"width: 16.6667%;\">\u00a0 \u00a0 \u00a0 \u00a0 \u00a0 370<\/td>\n<\/tr>\n<tr>\n<td style=\"width: 16.6667%;\">\u00a0 \u00a0 \u00a0 \u00a0 \u00a01000<\/td>\n<td style=\"width: 16.6667%;\">\u00a0 \u00a0 \u00a0 \u00a0 \u00a01065<\/td>\n<td style=\"width: 16.6667%;\">\u00a0 \u00a0 \u00a0 \u00a0 \u00a0 \u00a0210<\/td>\n<td style=\"width: 16.6667%;\">\u00a0 \u00a0 \u00a0 \u00a0 \u00a0 \u00a0335<\/td>\n<td style=\"width: 16.6667%;\">\u00a0 \u00a0 \u00a0 \u00a0 \u00a0 1025<\/td>\n<td style=\"width: 16.6667%;\">\u00a0 \u00a0 \u00a0 \u00a0 \u00a0 370<\/td>\n<\/tr>\n<\/tbody>\n<\/table>\n","protected":false},"excerpt":{"rendered":"[caption id=\"attachment_45022\" align=\"alignnone\" width=\"480\"]<img decoding=\"async\" class=\"wp-image-45022 size-medium\" src=\"https:\/\/www.ambifuego.net\/wp-content\/uploads\/2020\/12\/bioetanol-500_optimized-480x353.jpg\" alt=\"Ethanol Kamin Brenner 1500 - chimeneas bioetanol 1500 \" width=\"480\" height=\"353\" srcset=\"https:\/\/www.ambifuego.net\/wp-content\/uploads\/2020\/12\/bioetanol-500_optimized-480x353.jpg 480w, https:\/\/www.ambifuego.net\/wp-content\/uploads\/2020\/12\/bioetanol-500_optimized-367x270.jpg 367w, https:\/\/www.ambifuego.net\/wp-content\/uploads\/2020\/12\/bioetanol-500_optimized-597x439.jpg 597w, https:\/\/www.ambifuego.net\/wp-content\/uploads\/2020\/12\/bioetanol-500_optimized-400x295.jpg 400w, https:\/\/www.ambifuego.net\/wp-content\/uploads\/2020\/12\/bioetanol-500_optimized.jpg 600w\" sizes=\"(max-width: 480px) 100vw, 480px\" \/> Ethanol Kamin Brenner 1500[\/caption]\n","protected":false},"featured_media":79592,"template":"","meta":[],"product_brand":[],"product_cat":[497],"product_tag":[],"class_list":{"0":"post-36206","1":"product","2":"type-product","3":"status-publish","4":"has-post-thumbnail","6":"product_cat-ethanolkamine-sauber-ohne-rauch","8":"first","9":"instock","10":"shipping-taxable","11":"product-type-simple"},"_links":{"self":[{"href":"https:\/\/www.ambifuego.net\/de\/wp-json\/wp\/v2\/product\/36206","targetHints":{"allow":["GET"]}}],"collection":[{"href":"https:\/\/www.ambifuego.net\/de\/wp-json\/wp\/v2\/product"}],"about":[{"href":"https:\/\/www.ambifuego.net\/de\/wp-json\/wp\/v2\/types\/product"}],"version-history":[{"count":0,"href":"https:\/\/www.ambifuego.net\/de\/wp-json\/wp\/v2\/product\/36206\/revisions"}],"wp:featuredmedia":[{"embeddable":true,"href":"https:\/\/www.ambifuego.net\/de\/wp-json\/wp\/v2\/media\/79592"}],"wp:attachment":[{"href":"https:\/\/www.ambifuego.net\/de\/wp-json\/wp\/v2\/media?parent=36206"}],"wp:term":[{"taxonomy":"product_brand","embeddable":true,"href":"https:\/\/www.ambifuego.net\/de\/wp-json\/wp\/v2\/product_brand?post=36206"},{"taxonomy":"product_cat","embeddable":true,"href":"https:\/\/www.ambifuego.net\/de\/wp-json\/wp\/v2\/product_cat?post=36206"},{"taxonomy":"product_tag","embeddable":true,"href":"https:\/\/www.ambifuego.net\/de\/wp-json\/wp\/v2\/product_tag?post=36206"}],"curies":[{"name":"wp","href":"https:\/\/api.w.org\/{rel}","templated":true}]}}