{"id":27663,"date":"2019-10-16T13:17:51","date_gmt":"2019-10-16T13:17:51","guid":{"rendered":"https:\/\/www.ambifuego.net\/xtempx\/producto\/4-seite-gaskamin\/"},"modified":"2025-08-22T12:05:00","modified_gmt":"2025-08-22T10:05:00","slug":"4-seite-kamin-wunderschone","status":"publish","type":"product","link":"https:\/\/www.ambifuego.net\/de\/producto\/4-seite-kamin-wunderschone\/","title":{"rendered":"4 SEITE GASKAMIN &#8211; DESIGN"},"content":{"rendered":"<p><img fetchpriority=\"high\" decoding=\"async\" class=\"alignnone size-full wp-image-43361\" src=\"https:\/\/www.ambifuego.net\/wp-content\/uploads\/2021\/07\/4-lados-especiales_optimized.jpg\" alt=\"\" width=\"1022\" height=\"250\" srcset=\"https:\/\/www.ambifuego.net\/wp-content\/uploads\/2021\/07\/4-lados-especiales_optimized.jpg 1022w, https:\/\/www.ambifuego.net\/wp-content\/uploads\/2021\/07\/4-lados-especiales_optimized-480x117.jpg 480w, https:\/\/www.ambifuego.net\/wp-content\/uploads\/2021\/07\/4-lados-especiales_optimized-768x188.jpg 768w, https:\/\/www.ambifuego.net\/wp-content\/uploads\/2021\/07\/4-lados-especiales_optimized-780x191.jpg 780w, https:\/\/www.ambifuego.net\/wp-content\/uploads\/2021\/07\/4-lados-especiales_optimized-880x215.jpg 880w, https:\/\/www.ambifuego.net\/wp-content\/uploads\/2021\/07\/4-lados-especiales_optimized-800x196.jpg 800w\" sizes=\"(max-width: 1022px) 100vw, 1022px\" \/><\/p>\n<p>Gaskamin 4 Seite &#8211; Design Gaskmin Mit einem Gaskamin erfreuen Sie sich zu jeder Zeit an der wohligen W\u00e4rme und dem stimmungsvollen Flammenbild. Die Gasbrenner k\u00f6nnen Sie sich auf einen \u00e4usserst realistisches Feuerbild verlassen. Das spezielle Led-Lichtfeuerbett sorgt f\u00fcr einen lebensechten Effekt. In Kombination mit den naturgetreuen Keramik Baumst\u00e4mmen entsteht ein wundersch\u00f6nes Holzfeuer. Sicher finden Sie zwichen alle\u00a0 unsere Gaskamine das Modell Ihre Wahl.<\/p>\n<table style=\"border-collapse: collapse; width: 99.4962%; height: 224px;\" border=\"1\">\n<tbody>\n<tr>\n<td>\u00a0<strong>Modell<\/strong><\/td>\n<td>\u00a0 \u00a0 \u00a0<strong>\u00a0A<\/strong><\/td>\n<td>\u00a0 \u00a0 \u00a0<strong>B<\/strong><\/td>\n<td>\u00a0 \u00a0 \u00a0\u00a0<strong>\u00a0C<\/strong><\/td>\n<td>\u00a0 \u00a0 \u00a0\u00a0<strong>D<\/strong><\/td>\n<td>\u00a0 \u00a0 \u00a0\u00a0<strong>E<\/strong><\/td>\n<td>\u00a0 \u00a0\u00a0<strong>AA<\/strong><\/td>\n<td>\u00a0 \u00a0 \u00a0 \u00a0<strong>\u03a6<\/strong><\/td>\n<td>\u00a0 \u00a0%<\/td>\n<td><strong>\u00a0LPG<\/strong><\/td>\n<td>\u00a0<strong>NAT<\/strong><\/td>\n<td><strong>Brenner<\/strong><\/td>\n<\/tr>\n<tr>\n<td><strong>1000 XTL D<\/strong><\/td>\n<td>\u00a0 1000<\/td>\n<td>\u00a0 \u00a0 410<\/td>\n<td>\u00a0 \u00a0 \u00a0815<\/td>\n<td>\u00a0 \u00a0 1390<\/td>\n<td>\u00a0 \u00a0 434<\/td>\n<td>\u00a0 \u00a0350<\/td>\n<td>\u00a0 130\/200<\/td>\n<td>\u00a0 90<\/td>\n<td>\u00a0 9,0<\/td>\n<td>\u00a0 9,6<\/td>\n<td>\u00a0 Zig Zag<\/td>\n<\/tr>\n<tr>\n<td><strong>1300 XTL D<\/strong><\/td>\n<td>\u00a0 1301<\/td>\n<td>\u00a0 \u00a0 390<\/td>\n<td>\u00a0 \u00a0 950<\/td>\n<td>\u00a0 \u00a0 1350<\/td>\n<td>\u00a0 \u00a0 448<\/td>\n<td>\u00a0 449<\/td>\n<td>\u00a0 130\/200<\/td>\n<td>\u00a0 83<\/td>\n<td>\u00a010,6<\/td>\n<td>\u00a010,8<\/td>\n<td>\u00a0 Zig Zag<\/td>\n<\/tr>\n<tr>\n<td><strong>1500\u00a0<span style=\"font-size: 10pt;\">4\/Lados<\/span><\/strong><\/td>\n<td>\u00a0 1508<\/td>\n<td>\u00a0 \u00a0450<\/td>\n<td>\u00a0 \u00a0 732<\/td>\n<td>\u00a0 \u00a0 1586<\/td>\n<td>\u00a0 \u00a0 732<\/td>\n<td>\u00a0 &#8212;-<\/td>\n<td>\u00a0 130\/200<\/td>\n<td>\u00a0 83<\/td>\n<td>\u00a019,0<\/td>\n<td>\u00a018,2<\/td>\n<td>\u00a0 5QV Leds<\/td>\n<\/tr>\n<\/tbody>\n<\/table>\n<table style=\"border-collapse: collapse; width: 149.842%;\" border=\"1\">\n<tbody>\n<tr>\n<td style=\"width: 20.5007%;\"><strong>Nach Mass<\/strong><\/td>\n<td style=\"width: 129.343%;\">\u00a0 \u00a0 \u00a0 \u00a0 \u00a0 \u00a0 \u00a0 \u00a0 \u00a0<strong> Fragen Sie<\/strong>\u00a0<strong>Ihren H\u00e4ndler\u00a0<\/strong><\/td>\n<\/tr>\n<\/tbody>\n<\/table>\n","protected":false},"excerpt":{"rendered":"<h2>Gaskamin 4 seite design<\/h2>\n<ul>\n<li>Gaskamin 4 Seite<\/li>\n<li>Design <a href=\"https:\/\/www.ambifuego.net\/de\/articulos\/gas-kamine-oefen-heizkoerper\/\" target=\"_blank\" rel=\"noopener\">Kamine<\/a><\/li>\n<li>Propan oder Erdgas<\/li>\n<li>Wirkungsgrad &#8211; Hoch<\/li>\n<li>Verschiedene Brenner &#8211; <a href=\"https:\/\/www.ambifuego.net\/wp-content\/uploads\/2021\/12\/catalogo-Ambifuego-2021-20kb_compressed.pdf\">Katalog<\/a> -St 11<\/li>\n<li>Fernbediendung<\/li>\n<li>Geschlossene Verbrennung &#8211;<\/li>\n<li>M\u00f6glich auch mit Elektrischem Rauchabzuganlage<\/li>\n<li>Keramik Holz Deko &#8211; Steine<\/li>\n<li>&#8211; <a href=\"https:\/\/vimeo.com\/ambifuego\" target=\"_blank\" rel=\"noopener\">Video<\/a><\/li>\n<\/ul>\n","protected":false},"featured_media":79437,"template":"","meta":[],"product_brand":[],"product_cat":[560,561],"product_tag":[],"class_list":{"0":"post-27663","1":"product","2":"type-product","3":"status-publish","4":"has-post-thumbnail","6":"product_cat-4-seitige-kamine","7":"product_cat-raumtrenner","9":"first","10":"instock","11":"shipping-taxable","12":"product-type-simple"},"_links":{"self":[{"href":"https:\/\/www.ambifuego.net\/de\/wp-json\/wp\/v2\/product\/27663","targetHints":{"allow":["GET"]}}],"collection":[{"href":"https:\/\/www.ambifuego.net\/de\/wp-json\/wp\/v2\/product"}],"about":[{"href":"https:\/\/www.ambifuego.net\/de\/wp-json\/wp\/v2\/types\/product"}],"version-history":[{"count":0,"href":"https:\/\/www.ambifuego.net\/de\/wp-json\/wp\/v2\/product\/27663\/revisions"}],"wp:featuredmedia":[{"embeddable":true,"href":"https:\/\/www.ambifuego.net\/de\/wp-json\/wp\/v2\/media\/79437"}],"wp:attachment":[{"href":"https:\/\/www.ambifuego.net\/de\/wp-json\/wp\/v2\/media?parent=27663"}],"wp:term":[{"taxonomy":"product_brand","embeddable":true,"href":"https:\/\/www.ambifuego.net\/de\/wp-json\/wp\/v2\/product_brand?post=27663"},{"taxonomy":"product_cat","embeddable":true,"href":"https:\/\/www.ambifuego.net\/de\/wp-json\/wp\/v2\/product_cat?post=27663"},{"taxonomy":"product_tag","embeddable":true,"href":"https:\/\/www.ambifuego.net\/de\/wp-json\/wp\/v2\/product_tag?post=27663"}],"curies":[{"name":"wp","href":"https:\/\/api.w.org\/{rel}","templated":true}]}}