{"id":26155,"date":"2019-04-09T13:50:27","date_gmt":"2019-04-09T13:50:27","guid":{"rendered":"https:\/\/www.ambifuego.net\/xtempx\/producto\/passo\/"},"modified":"2025-10-29T10:58:48","modified_gmt":"2025-10-29T09:58:48","slug":"passo-gas-ofen","status":"publish","type":"product","link":"https:\/\/www.ambifuego.net\/de\/producto\/passo-gas-ofen\/","title":{"rendered":"Passo"},"content":{"rendered":"<p><span style=\"font-family: verdana, geneva, sans-serif;\">Passo Gas-Ofen,\u00a0 robuste, freistehende Gaskamin f\u00e4llt durch sein gro\u00dfes rundes Glasfenster auf. Das Flammenmuster kann man aufgrund der integrierten Eco Wave-Technik selbst bestimmen. Der Gl\u00fcheffekt unten im Kamin, sowie die hoch positionierten Holzscheite sorgen f\u00fcr ein wundersch\u00f6nes Feuer. Die Bedienung kann mit der im Lieferumfang enthaltenen Fernbedienung. <span class=\"h2\">180 <span style=\"font-family: verdana, geneva, sans-serif;\">Grad-Sicht auf die Flammen.<\/span><\/span><\/span><\/p>\n<div class='yrm-content yrm-content-1 yrm-content-hide  ' id='yrm-RhugJ' data-id='1' data-show-status='false' data-after-action='' style=\"visibility: hidden;height: 0;\">\n\t\t\t<div id='yrm-inner-content-yrm-RhugJ' class='yrm-inner-content-wrapper yrm-cntent-1'><\/p>\n<li><span style=\"font-family: verdana, geneva, sans-serif;\">Passo-Gas-Ofen\u00a0 &#8211; Gasofen<\/span><\/li>\n<li><span style=\"font-family: verdana, geneva, sans-serif;\">Erd- oder Propan-Gas<\/span><\/li>\n<li><span style=\"font-family: verdana, geneva, sans-serif;\">Grosses rundes Glasfenster<\/span><\/li>\n<li><span style=\"font-family: verdana, geneva, sans-serif;\">Dreht\u00fcr Fur die enfache Reinignung<\/span><\/li>\n<li><span style=\"font-family: verdana, geneva, sans-serif;\">Farben: Schwarz, Perlen<\/span><\/li>\n<li><span style=\"font-family: verdana, geneva, sans-serif;\">Sch\u00f6nes hohes Flammenbild und geringer Gasverbrauch<\/span><\/li>\n<li><span style=\"font-family: verdana, geneva, sans-serif;\">Bedienung; Fernbedienung, Smartphone oder Tablet<\/span><\/li>\n<li><span style=\"font-family: verdana, geneva, sans-serif;\">Energieeffizienzklasse A<\/span><\/li>\n<li><span style=\"font-family: verdana, geneva, sans-serif;\">Verbrennungssystem; Verbrennungsluft von aussen<\/span><\/li>\n<li><span style=\"font-family: verdana, geneva, sans-serif;\">Material; Stahl<\/span><\/li>\n<li><span style=\"font-family: verdana, geneva, sans-serif;\">Brennerbett; Holzscheite, brau<\/span><\/li>\n<li><span style=\"font-family: verdana, geneva, sans-serif;\">Leistung; 0,9- 6,4 Kw<\/span><\/li>\n<li><span style=\"font-family: verdana, geneva, sans-serif;\">*Weiteres Infos &#8211; <a href=\"https:\/\/www.ambifuego.net\/wp- content\/uploads\/2022\/05\/DRU-ALEMAN.22_compressed.pdf\" target=\"_blank\" rel=\"noopener\">Katalog<\/a> &#8211; <a href=\"https:\/\/vimeo.com\/ambifuego\" target=\"_blank\" rel=\"noopener\">Video<\/a>\u00a0<\/span><\/li>\n<\/ul>\n<p><\/div>\n\t\t<\/div><div class='yrm-btn-wrapper yrm-btn-wrapper-1 yrm-more-button-wrapper  '\n\t\tdata-custom-more-class-name='' data-custom-less-class-name=''><span title='' data-less-title='' data-more-title='' class='yrm-toggle-expand  yrm-toggle-expand-1 ' data-rel='yrm-RhugJ' data-more='Mehr erfahren ' data-less='Read less'><span class='yrm-text-wrapper yrm-text-wrapper-custom-dimensions'><span class=\"yrm-button-text-1 yrm-button-text-span\">Mehr erfahren <\/span><\/span><\/span><\/div>\n","protected":false},"excerpt":{"rendered":"<p><span style=\"font-family: verdana, geneva, sans-serif;\">Passo Gas-Ofen\u00a0 robuste, freistehende Gaskamin f\u00e4llt durch sein gro\u00dfes rundes Glasfenster auf. 180 Grad-Sicht auf die Flammen. <\/span><\/p>\n","protected":false},"featured_media":80456,"template":"","meta":[],"product_brand":[],"product_cat":[352,359],"product_tag":[],"class_list":{"0":"post-26155","1":"product","2":"type-product","3":"status-publish","4":"has-post-thumbnail","6":"product_cat-gas-kamine-oefen-heizkoerper","7":"product_cat-gas-kamin-oefen","9":"first","10":"instock","11":"shipping-taxable","12":"product-type-simple"},"_links":{"self":[{"href":"https:\/\/www.ambifuego.net\/de\/wp-json\/wp\/v2\/product\/26155","targetHints":{"allow":["GET"]}}],"collection":[{"href":"https:\/\/www.ambifuego.net\/de\/wp-json\/wp\/v2\/product"}],"about":[{"href":"https:\/\/www.ambifuego.net\/de\/wp-json\/wp\/v2\/types\/product"}],"version-history":[{"count":0,"href":"https:\/\/www.ambifuego.net\/de\/wp-json\/wp\/v2\/product\/26155\/revisions"}],"wp:featuredmedia":[{"embeddable":true,"href":"https:\/\/www.ambifuego.net\/de\/wp-json\/wp\/v2\/media\/80456"}],"wp:attachment":[{"href":"https:\/\/www.ambifuego.net\/de\/wp-json\/wp\/v2\/media?parent=26155"}],"wp:term":[{"taxonomy":"product_brand","embeddable":true,"href":"https:\/\/www.ambifuego.net\/de\/wp-json\/wp\/v2\/product_brand?post=26155"},{"taxonomy":"product_cat","embeddable":true,"href":"https:\/\/www.ambifuego.net\/de\/wp-json\/wp\/v2\/product_cat?post=26155"},{"taxonomy":"product_tag","embeddable":true,"href":"https:\/\/www.ambifuego.net\/de\/wp-json\/wp\/v2\/product_tag?post=26155"}],"curies":[{"name":"wp","href":"https:\/\/api.w.org\/{rel}","templated":true}]}}