{"id":24430,"date":"2018-12-27T12:32:12","date_gmt":"2018-12-27T12:32:12","guid":{"rendered":"https:\/\/www.ambifuego.net\/xtempx\/producto\/elegance-clessidra-ergonomic-glass\/"},"modified":"2025-11-10T17:05:45","modified_gmt":"2025-11-10T16:05:45","slug":"design-pelletofen-mit-glass-rundscheibe","status":"publish","type":"product","link":"https:\/\/www.ambifuego.net\/de\/producto\/design-pelletofen-mit-glass-rundscheibe\/","title":{"rendered":"GLASS"},"content":{"rendered":"<h2 style=\"text-align: justify;\"><span style=\"font-family: verdana, geneva, sans-serif;\"><strong>Design pelletofen mit <span style=\"font-size: 18pt;\">Glass-rundscheibe<\/span><\/strong><span style=\"font-size: 18pt;\">. <\/span><\/span><\/h2>\n<p style=\"text-align: justify;\"><span style=\"font-family: verdana, geneva, sans-serif;\">Das Design und die Sch\u00f6nheit der Kreationen von professioneller Handwerker, die mit Leidenschaft Kunstwerke schaffen, die ein Symbol f\u00fcr die Eleganz des Made in Italy sind.<\/span><br \/>\n<span style=\"font-family: verdana, geneva, sans-serif;\">Das Aesthetische Kit stellt die Au\u00dfenverkleidung des Ofens dar und ist in verschiedenen Farben und Ausf\u00fchrungen erh\u00e4ltlich: <\/span><span style=\"font-family: verdana, geneva, sans-serif;\">Die Keramik ist der einzige Protagonist, der die gesamte Verkleidung des Ofens und die weichen Linien des Metalls begleitet.<\/span><\/p>\n<div class='yrm-content yrm-content-1 yrm-content-hide  ' id='yrm-8RDyT' data-id='1' data-show-status='false' data-after-action='' style=\"visibility: hidden;height: 0;\">\n\t\t\t<div id='yrm-inner-content-yrm-8RDyT' class='yrm-inner-content-wrapper yrm-cntent-1'><\/p>\n<p style=\"text-align: justify;\"><span style=\"font-family: verdana, geneva, sans-serif;\">Perfektes Zusammenspiel zwischen der Keramik im oberen Teil des Ofens und dem Metall an den Seiten.<\/span><\/p>\n<p style=\"text-align: justify;\"><span style=\"font-family: verdana, geneva, sans-serif;\">Die Eleganz von Glas verbindet sich mit dem klassischen Charakter von Keramik. <\/span><\/p>\n<p style=\"text-align: justify;\"><span style=\"font-family: verdana, geneva, sans-serif;\">Glas Verkleidung, zylindrische Form, kompakte Ma\u00dfe. Mit dem Hermetic System und dem Doppeltem Glas wird volle Sicherheit erreicht. Das Design wird durch die Metall-Abdeckplatte, durch die M\u00f6glichkeit, zwischen 5 verschiedenen Farben zu w\u00e4hlen, gegeben. Funkfernbedienung mit Chronothermostat-Funktion und L\u00fcftungsystem.<\/span><\/p>\n<ul>\n<li><span style=\"font-family: verdana, geneva, sans-serif;\">Design pelletofen mit Glass-rundscheibe &#8211;\u00a0Front-rundscheibe<\/span><\/li>\n<li><span style=\"font-family: verdana, geneva, sans-serif;\">Farben: Weiss, Schwarz , Burgundy<\/span><\/li>\n<li><span style=\"font-family: verdana, geneva, sans-serif;\">3 Modelle<\/span><\/li>\n<li><span style=\"font-family: verdana, geneva, sans-serif;\">Leistung; 7 Kw \/ 9 Kw \/ 12,2 Kw<\/span><\/li>\n<li>Weitere<a href=\"https:\/\/www.morettidesign.it\/es\/design\/\" target=\"_blank\" rel=\"noopener\"> Info<\/a><\/li>\n<li><span style=\"font-family: verdana, geneva, sans-serif;\">Preis auf <a href=\"https:\/\/www.ambifuego.net\/de\/kontakt\/\">Anfrage<\/a><\/span><\/li>\n<\/ul>\n<p><\/div>\n\t\t<\/div><div class='yrm-btn-wrapper yrm-btn-wrapper-1 yrm-more-button-wrapper  '\n\t\tdata-custom-more-class-name='' data-custom-less-class-name=''><span title='' data-less-title='' data-more-title='' class='yrm-toggle-expand  yrm-toggle-expand-1 ' data-rel='yrm-8RDyT' data-more='Mehr erfahren ' data-less='Read less'><span class='yrm-text-wrapper yrm-text-wrapper-custom-dimensions'><span class=\"yrm-button-text-1 yrm-button-text-span\">Mehr erfahren <\/span><\/span><\/span><\/div>\n","protected":false},"excerpt":{"rendered":"[caption id=\"attachment_58716\" align=\"alignnone\" width=\"450\"]<img fetchpriority=\"high\" decoding=\"async\" class=\"size-full wp-image-58716\" src=\"https:\/\/www.ambifuego.net\/wp-content\/uploads\/2018\/12\/design-pelletofen_optimized.jpg\" alt=\"design pelletofen\" width=\"450\" height=\"413\" srcset=\"https:\/\/www.ambifuego.net\/wp-content\/uploads\/2018\/12\/design-pelletofen_optimized.jpg 450w, https:\/\/www.ambifuego.net\/wp-content\/uploads\/2018\/12\/design-pelletofen_optimized-294x270.jpg 294w\" sizes=\"(max-width: 450px) 100vw, 450px\" \/> design pelletofen[\/caption]\n","protected":false},"featured_media":79840,"template":"","meta":[],"product_brand":[],"product_cat":[390,396],"product_tag":[],"class_list":{"0":"post-24430","1":"product","2":"type-product","3":"status-publish","4":"has-post-thumbnail","6":"product_cat-pelletofen-biomass","7":"product_cat-gewolbter-pelletofen","9":"first","10":"instock","11":"shipping-taxable","12":"product-type-simple"},"_links":{"self":[{"href":"https:\/\/www.ambifuego.net\/de\/wp-json\/wp\/v2\/product\/24430","targetHints":{"allow":["GET"]}}],"collection":[{"href":"https:\/\/www.ambifuego.net\/de\/wp-json\/wp\/v2\/product"}],"about":[{"href":"https:\/\/www.ambifuego.net\/de\/wp-json\/wp\/v2\/types\/product"}],"version-history":[{"count":0,"href":"https:\/\/www.ambifuego.net\/de\/wp-json\/wp\/v2\/product\/24430\/revisions"}],"wp:featuredmedia":[{"embeddable":true,"href":"https:\/\/www.ambifuego.net\/de\/wp-json\/wp\/v2\/media\/79840"}],"wp:attachment":[{"href":"https:\/\/www.ambifuego.net\/de\/wp-json\/wp\/v2\/media?parent=24430"}],"wp:term":[{"taxonomy":"product_brand","embeddable":true,"href":"https:\/\/www.ambifuego.net\/de\/wp-json\/wp\/v2\/product_brand?post=24430"},{"taxonomy":"product_cat","embeddable":true,"href":"https:\/\/www.ambifuego.net\/de\/wp-json\/wp\/v2\/product_cat?post=24430"},{"taxonomy":"product_tag","embeddable":true,"href":"https:\/\/www.ambifuego.net\/de\/wp-json\/wp\/v2\/product_tag?post=24430"}],"curies":[{"name":"wp","href":"https:\/\/api.w.org\/{rel}","templated":true}]}}