{"id":24366,"date":"2018-11-28T13:49:34","date_gmt":"2018-11-28T13:49:34","guid":{"rendered":"https:\/\/www.ambifuego.net\/xtempx\/producto\/viola-6\/"},"modified":"2025-11-10T14:41:57","modified_gmt":"2025-11-10T13:41:57","slug":"viola-6-viola-8","status":"publish","type":"product","link":"https:\/\/www.ambifuego.net\/de\/producto\/viola-6-viola-8\/","title":{"rendered":"VIOLA 6 \/ 8"},"content":{"rendered":"<h1><span style=\"font-size: 18pt;\">Platzsparender Pelletofen Viola\u00a0<\/span><\/h1>\n<p><span style=\"font-family: verdana, geneva, sans-serif;\">Platzsparender Pelletofen Viola 6 &#8211; 8. Die Viola-Familie wurde entwickelt, um wertvollen Platz in Fluren (25,9 cm Tiefe) zu sparen, da vertikale Rauchrohre installiert werden k\u00f6nnen und die Modelle 8C-10C-12C die Luft in andere R\u00e4ume verteilen k\u00f6nnen. Die Modelle 6C-8C-10C verf\u00fcgen \u00fcber eine Stahlbrennkammer und die Modelle 12C \u00fcber eine Vermiculitbrennkammer.<\/span><\/p>\n<div class='yrm-content yrm-content-1 yrm-content-hide  ' id='yrm-rmiaK' data-id='1' data-show-status='false' data-after-action='' style=\"visibility: hidden;height: 0;\">\n\t\t\t<div id='yrm-inner-content-yrm-rmiaK' class='yrm-inner-content-wrapper yrm-cntent-1'><\/p>\n<p><span style=\"font-family: verdana, geneva, sans-serif;\">F\u00fcr Behagliche W\u00e4rmequelle ist die L\u00f6sung Kamin momentan besonders beliebt. Weitere in Frage kommende L\u00f6sungsm\u00f6glichkeiten.<\/span><\/p>\n<ul>\n<li><span style=\"font-family: verdana, geneva, sans-serif;\">Platzsparender Pelletofen<\/span><\/li>\n<li><span style=\"font-family: verdana, geneva, sans-serif;\">W\u00e4rmeleistung- Viola 6: max.-min.: 6,53 &#8211; 3,04 kW<\/span><\/li>\n<li><span style=\"font-family: verdana, geneva, sans-serif;\">\u00a0 \u00a0 \u00a0 \u00a0 \u00a0 \u00a0 \u00a0 \u00a0 \u00a0 \u00a0 \u00a0 \u00a0Viola 8: max.-min.:8,03 &#8211; 3.04 kW<\/span><\/li>\n<li><span style=\"font-family: verdana, geneva, sans-serif;\">Brennstoff\/ st\u00fcnkl.Verbrauch: max.-min.: 1.33 &#8211; 0,62 kg\/Std<\/span><\/li>\n<li><span style=\"font-family: verdana, geneva, sans-serif;\">Gewicht: Viola 6 &#8211; 77 kg \/ Viola 8 &#8211; 80 kg<\/span><\/li>\n<li><span style=\"font-family: verdana, geneva, sans-serif;\">Tankkapazit\u00e4t: 20 kg<\/span><\/li>\n<li><span style=\"font-family: verdana, geneva, sans-serif;\">Wirkungsgrad\u00a0 95,93%<\/span><\/li>\n<li><span style=\"font-family: verdana, geneva, sans-serif;\">Farben; Antracit, Schwarz, Weiss, Rot<\/span><\/li>\n<\/ul>\n<p><span style=\"font-family: verdana, geneva, sans-serif;\">Geringe Tiefe<\/span><br \/>\n<span style=\"font-family: verdana, geneva, sans-serif;\">Rauchabzug oben oder hinten<\/span><br \/>\n<span style=\"font-family: verdana, geneva, sans-serif;\">Gusseiserne Brennschale<\/span><br \/>\n<span style=\"font-family: verdana, geneva, sans-serif;\">Drei \u00c4sthetiken<\/span><\/p>\n<p><a href=\"https:\/\/www.ambifuego.net\/wp-content\/uploads\/2022\/04\/TEPOR_catalogo-tecnico_2021_CORRETTO.pdf\" target=\"_blank\" rel=\"noopener\"><span style=\"font-family: verdana, geneva, sans-serif;\">Broshure<\/span><\/a><\/p>\n<p><\/div>\n\t\t<\/div><div class='yrm-btn-wrapper yrm-btn-wrapper-1 yrm-more-button-wrapper  '\n\t\tdata-custom-more-class-name='' data-custom-less-class-name=''><span title='' data-less-title='' data-more-title='' class='yrm-toggle-expand  yrm-toggle-expand-1 ' data-rel='yrm-rmiaK' data-more='Mehr erfahren ' data-less='Read less'><span class='yrm-text-wrapper yrm-text-wrapper-custom-dimensions'><span class=\"yrm-button-text-1 yrm-button-text-span\">Mehr erfahren <\/span><\/span><\/span><\/div>\n","protected":false},"excerpt":{"rendered":"[caption id=\"attachment_45657\" align=\"alignnone\" width=\"380\"]<img fetchpriority=\"high\" decoding=\"async\" class=\"size-full wp-image-45657\" src=\"https:\/\/www.ambifuego.net\/wp-content\/uploads\/2018\/11\/viola-6-_optimized..-e1630404055117.jpg\" alt=\"estufa pellets slim pasillo viola\" width=\"380\" height=\"379\" \/> Platzsparender Pelletofen Viola[\/caption]\n","protected":false},"featured_media":81303,"template":"","meta":[],"product_brand":[],"product_cat":[390,394],"product_tag":[],"class_list":{"0":"post-24366","1":"product","2":"type-product","3":"status-publish","4":"has-post-thumbnail","6":"product_cat-pelletofen-biomass","7":"product_cat-platzsparender-pelletofen","9":"first","10":"instock","11":"shipping-taxable","12":"product-type-simple"},"_links":{"self":[{"href":"https:\/\/www.ambifuego.net\/de\/wp-json\/wp\/v2\/product\/24366","targetHints":{"allow":["GET"]}}],"collection":[{"href":"https:\/\/www.ambifuego.net\/de\/wp-json\/wp\/v2\/product"}],"about":[{"href":"https:\/\/www.ambifuego.net\/de\/wp-json\/wp\/v2\/types\/product"}],"version-history":[{"count":0,"href":"https:\/\/www.ambifuego.net\/de\/wp-json\/wp\/v2\/product\/24366\/revisions"}],"wp:featuredmedia":[{"embeddable":true,"href":"https:\/\/www.ambifuego.net\/de\/wp-json\/wp\/v2\/media\/81303"}],"wp:attachment":[{"href":"https:\/\/www.ambifuego.net\/de\/wp-json\/wp\/v2\/media?parent=24366"}],"wp:term":[{"taxonomy":"product_brand","embeddable":true,"href":"https:\/\/www.ambifuego.net\/de\/wp-json\/wp\/v2\/product_brand?post=24366"},{"taxonomy":"product_cat","embeddable":true,"href":"https:\/\/www.ambifuego.net\/de\/wp-json\/wp\/v2\/product_cat?post=24366"},{"taxonomy":"product_tag","embeddable":true,"href":"https:\/\/www.ambifuego.net\/de\/wp-json\/wp\/v2\/product_tag?post=24366"}],"curies":[{"name":"wp","href":"https:\/\/api.w.org\/{rel}","templated":true}]}}