{"id":24269,"date":"2018-01-24T14:22:30","date_gmt":"2018-01-24T14:22:30","guid":{"rendered":"https:\/\/www.ambifuego.net\/xtempx\/producto\/miriam\/"},"modified":"2025-10-15T10:57:46","modified_gmt":"2025-10-15T08:57:46","slug":"miriam","status":"publish","type":"product","link":"https:\/\/www.ambifuego.net\/de\/producto\/miriam\/","title":{"rendered":"MIRIAM"},"content":{"rendered":"<p><span style=\"font-family: verdana, geneva, sans-serif;\">Miriam pellet ofen effizient\u00a0 &#8211; Die <a href=\"https:\/\/www.ambifuego.net\/de\/articulos\/pelletofen-biomass\/\" target=\"_blank\" rel=\"noopener\">Pellet \u00d6fen<\/a> der <\/span><span style=\"font-family: verdana, geneva, sans-serif;\">Linie Miriam passen dank ihres schlichten und geradlinigen Designs perfekt in jedes Wohnambiente. Sie sind mit einer Fernbedienung ausgestattet, die eine einfache Fernsteuerung erm\u00f6glicht. Optional ist WLAN f\u00fcr die Fernsteuerung des Ger\u00e4ts verf\u00fcgbar.<\/span><\/p>\n<p><span style=\"font-family: verdana, geneva, sans-serif;\">Maolika-Detail der Arbeitsplatte<\/span><br \/>\n<span style=\"font-family: verdana, geneva, sans-serif;\">Frontl\u00fcftung<\/span><br \/>\n<span style=\"font-family: verdana, geneva, sans-serif;\">Stahlbrennschale<\/span><br \/>\n<span style=\"font-family: verdana, geneva, sans-serif;\">Stahlbrennkammer<\/span><\/p>\n<ul>\n<li><span style=\"font-family: verdana, geneva, sans-serif;\"><a href=\"https:\/\/www.ambifuego.net\/wp-content\/uploads\/2022\/04\/TEPOR_catalogo-tecnico_2021_CORRETTO.pdf\" target=\"_blank\" rel=\"noopener\">Catalogue<\/a><\/span><\/li>\n<\/ul>\n","protected":false},"excerpt":{"rendered":"<ul>\n<li><span style=\"font-family: verdana, geneva, sans-serif;\">Heizleistung Min.-Max.; 2,84 &#8211; 8,87 KW<\/span><\/li>\n<li><span style=\"font-family: verdana, geneva, sans-serif;\">Effizienz; 92,7%<\/span><\/li>\n<li><span style=\"font-family: verdana, geneva, sans-serif;\">Verbrauch; Min.- Max,; 0,58 &#8211; 1,81 Kg\/St<\/span><\/li>\n<li><span style=\"font-family: verdana, geneva, sans-serif;\">Raum: 200 m\u00b3<\/span><\/li>\n<li><span style=\"font-family: verdana, geneva, sans-serif;\">Farbe; Bourdeaux, Weiss, Antrazit<\/span><\/li>\n<li><span style=\"font-family: verdana, geneva, sans-serif;\">Gewicht; 82 Kg<\/span><\/li>\n<li><span style=\"font-family: verdana, geneva, sans-serif;\"><a href=\"https:\/\/www.ambifuego.net\/wp-content\/uploads\/2022\/04\/TEPOR_catalogo-tecnico_2021_CORRETTO.pdf\" target=\"_blank\" rel=\"noopener\">Catalogue<\/a><\/span><\/li>\n<\/ul>\n","protected":false},"featured_media":77699,"template":"","meta":[],"product_brand":[],"product_cat":[390,393],"product_tag":[],"class_list":{"0":"post-24269","1":"product","2":"type-product","3":"status-publish","4":"has-post-thumbnail","6":"product_cat-pelletofen-biomass","7":"product_cat-pelletofen","9":"first","10":"instock","11":"shipping-taxable","12":"product-type-simple"},"_links":{"self":[{"href":"https:\/\/www.ambifuego.net\/de\/wp-json\/wp\/v2\/product\/24269","targetHints":{"allow":["GET"]}}],"collection":[{"href":"https:\/\/www.ambifuego.net\/de\/wp-json\/wp\/v2\/product"}],"about":[{"href":"https:\/\/www.ambifuego.net\/de\/wp-json\/wp\/v2\/types\/product"}],"version-history":[{"count":0,"href":"https:\/\/www.ambifuego.net\/de\/wp-json\/wp\/v2\/product\/24269\/revisions"}],"wp:featuredmedia":[{"embeddable":true,"href":"https:\/\/www.ambifuego.net\/de\/wp-json\/wp\/v2\/media\/77699"}],"wp:attachment":[{"href":"https:\/\/www.ambifuego.net\/de\/wp-json\/wp\/v2\/media?parent=24269"}],"wp:term":[{"taxonomy":"product_brand","embeddable":true,"href":"https:\/\/www.ambifuego.net\/de\/wp-json\/wp\/v2\/product_brand?post=24269"},{"taxonomy":"product_cat","embeddable":true,"href":"https:\/\/www.ambifuego.net\/de\/wp-json\/wp\/v2\/product_cat?post=24269"},{"taxonomy":"product_tag","embeddable":true,"href":"https:\/\/www.ambifuego.net\/de\/wp-json\/wp\/v2\/product_tag?post=24269"}],"curies":[{"name":"wp","href":"https:\/\/api.w.org\/{rel}","templated":true}]}}