{"id":24136,"date":"2018-10-04T11:02:45","date_gmt":"2018-10-04T11:02:45","guid":{"rendered":"https:\/\/www.ambifuego.net\/xtempx\/producto\/patio-heater\/"},"modified":"2023-07-10T16:02:45","modified_gmt":"2023-07-10T14:02:45","slug":"heizpilz-kamin-gas-heizstrahler","status":"publish","type":"product","link":"https:\/\/www.ambifuego.net\/de\/producto\/heizpilz-kamin-gas-heizstrahler\/","title":{"rendered":"Heizpilz Kamin Gas Heizstrahler"},"content":{"rendered":"<p style=\"text-align: justify;\"><span style=\"font-family: verdana, geneva, sans-serif;\">Heizpilz Kamin Gas Heizstrahler. Ein klassiker Gas-Heizpilz f\u00fcr die Terrasse. In Restaurants und Caf\u00e9s sorgen h\u00e4ufig Heizger\u00e4te f\u00fcr Warme im Aussenbereich, die wege ihrer auff\u00e4lligen Form auch Heizpilze genannt werden. Um einen Heizpilz zu betreiben, brauchen Sie den Brennstoff Gas Butan oder Propan-Das Heizgas befindet sich in einer Propangasflasche im Standfuss des Heizpilzes. Das macht den Heizpilz flexibel: Sie k\u00f6nnen ihn aufstelle, wo immer Sie wollen. Vorausgesetzt der Untergrund ist fest und der Aufstellort is nach Brandschutzvorschrift gesichert. Wichtige Hinweise dazu finden Sie in der Bedienungsanleitung der Heizpilze (zum Beispiel Abst\u00e4nde zu nicht feuerfesten Materialen) Die W\u00e4rme, die ein Heizpilz liefert, ist behaglich; die Temperatur in der Regel einstellbar.<\/span><\/p>\n<p style=\"text-align: justify;\"><span style=\"font-family: verdana, geneva, sans-serif;\">Ei<\/span>n\u00a0<span style=\"font-family: verdana, geneva, sans-serif;\"><a href=\"https:\/\/www.ambifuego.net\/de\/articulos\/feuerstellen-gartenkamine-terrassenfeuer-gas\/\">Terrassenheizer<\/a> bietet W\u00e4rme und Licht \u00fcberall, wo Sie eine einzigartige und gem\u00fctliche Atmosph\u00e4re schaffen wollen. Der Heizer is Ger\u00e4usch- und Geruchslos. Dank den R\u00e4dern kann man das Heizgerat ohne M\u00fche bewegen.<\/span><\/p>\n<ul style=\"text-align: justify;\">\n<li style=\"text-align: justify;\"><span style=\"font-family: verdana, geneva, sans-serif;\">Heizpilz Kamin Gas Heizstrahler, Butan oder\u00a0 Propangas<\/span><\/li>\n<li style=\"text-align: justify;\"><span style=\"font-family: verdana, geneva, sans-serif;\">Material: Stahl<\/span><\/li>\n<li style=\"text-align: justify;\"><span style=\"font-family: verdana, geneva, sans-serif;\">Korpus Stahl lackiert: Weiss \/ Schwarz \/ Kupfer<\/span><\/li>\n<li><span style=\"font-family: verdana, geneva, sans-serif;\">Betrieb: manuel\u00a0<\/span><\/li>\n<li><span style=\"font-family: verdana, geneva, sans-serif;\">Gewicht- 17 kg &#8211; Heizt- 10 m\u00b2<\/span><\/li>\n<li><span style=\"font-family: verdana, geneva, sans-serif;\">Leicht zu bewegen, R\u00e4der koennen blockiert werden.<\/span><\/li>\n<li><span style=\"font-family: verdana, geneva, sans-serif;\">Sicherheit: Antieignungsklappe die im Falle dass er kippt die Gasversorgung unterbricht<\/span><\/li>\n<li><span style=\"font-family: verdana, geneva, sans-serif;\">Controller; verhindert der Betrieb bei einem Gasleck oder unerlaubt Z\u00fcndung durch Kinder<\/span><\/li>\n<li><span style=\"font-family: verdana, geneva, sans-serif;\">Termoelement-Sensor; wir die Gasversorgung schliessen wenn die Flammen ausgeloescht sind.<\/span><\/li>\n<li><span style=\"font-family: verdana, geneva, sans-serif;\">Nat\u00fcrlich gibt es auch andere <a href=\"https:\/\/www.youtube.com\/user\/ambifuego\/videos\">Produkte<\/a> f\u00fcr Ihr Zuhause.<\/span><\/li>\n<li><a href=\"https:\/\/www.ambifuego.net\/wp-content\/uploads\/2023\/06\/05-06-23-bbq.pub2_compressed-1.pdf\"><span style=\"font-family: verdana, geneva, sans-serif;\">Katalog<\/span><\/a><\/li>\n<\/ul>\n<figure id=\"attachment_62110\" aria-describedby=\"caption-attachment-62110\" style=\"width: 400px\" class=\"wp-caption alignnone\"><img fetchpriority=\"high\" decoding=\"async\" class=\"size-full wp-image-62110\" src=\"https:\/\/www.ambifuego.net\/wp-content\/uploads\/2018\/10\/medidas-patio-heater-champinon.jpg\" alt=\"estufa exterior gas\" width=\"400\" height=\"436\" srcset=\"https:\/\/www.ambifuego.net\/wp-content\/uploads\/2018\/10\/medidas-patio-heater-champinon.jpg 400w, https:\/\/www.ambifuego.net\/wp-content\/uploads\/2018\/10\/medidas-patio-heater-champinon-248x270.jpg 248w\" sizes=\"(max-width: 400px) 100vw, 400px\" \/><figcaption id=\"caption-attachment-62110\" class=\"wp-caption-text\">Patio Heater Gas Lpg<\/figcaption><\/figure>\n","protected":false},"excerpt":{"rendered":"<p><img decoding=\"async\" class=\"alignnone wp-image-62126\" src=\"https:\/\/www.ambifuego.net\/wp-content\/uploads\/2018\/10\/patio-heater-cobre_optimized-217x480.jpg\" alt=\"\" width=\"184\" height=\"407\" srcset=\"https:\/\/www.ambifuego.net\/wp-content\/uploads\/2018\/10\/patio-heater-cobre_optimized-217x480.jpg 217w, https:\/\/www.ambifuego.net\/wp-content\/uploads\/2018\/10\/patio-heater-cobre_optimized-122x270.jpg 122w, https:\/\/www.ambifuego.net\/wp-content\/uploads\/2018\/10\/patio-heater-cobre_optimized-353x780.jpg 353w, https:\/\/www.ambifuego.net\/wp-content\/uploads\/2018\/10\/patio-heater-cobre_optimized-199x439.jpg 199w, https:\/\/www.ambifuego.net\/wp-content\/uploads\/2018\/10\/patio-heater-cobre_optimized-306x675.jpg 306w, https:\/\/www.ambifuego.net\/wp-content\/uploads\/2018\/10\/patio-heater-cobre_optimized-399x880.jpg 399w, https:\/\/www.ambifuego.net\/wp-content\/uploads\/2018\/10\/patio-heater-cobre_optimized.jpg 401w\" sizes=\"(max-width: 184px) 100vw, 184px\" \/><\/p>\n","protected":false},"featured_media":62098,"template":"","meta":[],"product_brand":[],"product_cat":[363],"product_tag":[],"class_list":{"0":"post-24136","1":"product","2":"type-product","3":"status-publish","4":"has-post-thumbnail","6":"product_cat-feuerstellen-gartenkamine-terrassenfeuer-gas","8":"first","9":"instock","10":"shipping-taxable","11":"product-type-simple"},"_links":{"self":[{"href":"https:\/\/www.ambifuego.net\/de\/wp-json\/wp\/v2\/product\/24136","targetHints":{"allow":["GET"]}}],"collection":[{"href":"https:\/\/www.ambifuego.net\/de\/wp-json\/wp\/v2\/product"}],"about":[{"href":"https:\/\/www.ambifuego.net\/de\/wp-json\/wp\/v2\/types\/product"}],"version-history":[{"count":0,"href":"https:\/\/www.ambifuego.net\/de\/wp-json\/wp\/v2\/product\/24136\/revisions"}],"wp:featuredmedia":[{"embeddable":true,"href":"https:\/\/www.ambifuego.net\/de\/wp-json\/wp\/v2\/media\/62098"}],"wp:attachment":[{"href":"https:\/\/www.ambifuego.net\/de\/wp-json\/wp\/v2\/media?parent=24136"}],"wp:term":[{"taxonomy":"product_brand","embeddable":true,"href":"https:\/\/www.ambifuego.net\/de\/wp-json\/wp\/v2\/product_brand?post=24136"},{"taxonomy":"product_cat","embeddable":true,"href":"https:\/\/www.ambifuego.net\/de\/wp-json\/wp\/v2\/product_cat?post=24136"},{"taxonomy":"product_tag","embeddable":true,"href":"https:\/\/www.ambifuego.net\/de\/wp-json\/wp\/v2\/product_tag?post=24136"}],"curies":[{"name":"wp","href":"https:\/\/api.w.org\/{rel}","templated":true}]}}