{"id":23999,"date":"2018-09-18T11:03:32","date_gmt":"2018-09-18T11:03:32","guid":{"rendered":"https:\/\/www.ambifuego.net\/xtempx\/producto\/e700s\/"},"modified":"2025-06-04T17:00:16","modified_gmt":"2025-06-04T15:00:16","slug":"700-frontkamin","status":"publish","type":"product","link":"https:\/\/www.ambifuego.net\/de\/producto\/700-frontkamin\/","title":{"rendered":"FRONTKAMIN &#8211; 700"},"content":{"rendered":"<ul>\n<li><span style=\"font-family: verdana, geneva, sans-serif;\"><strong>Elektrokamin front 700 modern<\/strong><\/span><\/li>\n<li><span style=\"font-family: verdana, geneva, sans-serif;\">Moderner Wandkamin von hoher Qualit\u00e4t<\/span><\/li>\n<li><span style=\"font-family: verdana, geneva, sans-serif;\">Sicher und sauber<\/span><\/li>\n<li><span style=\"font-family: verdana, geneva, sans-serif;\">Mit realistischem Flammen-Effekt<\/span><\/li>\n<li><span style=\"font-family: verdana, geneva, sans-serif;\">Mit LED Beleuchtung &#8211; Energiesparend<\/span><\/li>\n<li><span style=\"font-family: verdana, geneva, sans-serif;\">2 Heizstufen 750 &#8211; 1500 W<\/span><\/li>\n<li><span style=\"font-family: verdana, geneva, sans-serif;\">e-touch &#8211; Control &#8211; Remote Control (Available soon)<\/span><\/li>\n<li><span style=\"font-family: verdana, geneva, sans-serif;\">Feuer-Deko: Holzst\u00fccke Silberbirken oder Steine<\/span><\/li>\n<li><span style=\"font-family: verdana, geneva, sans-serif;\"><strong>Nitra Flame<\/strong> &#8211; F\u00e4rbige Flammen<\/span><\/li>\n<li><span style=\"font-family: verdana, geneva, sans-serif;\">Presigekr\u00f6ntes Produkt<\/span><\/li>\n<li><span style=\"font-family: verdana, geneva, sans-serif;\"><a href=\"https:\/\/www.ambifuego.net\/de\/kontakt\/\" target=\"_blank\" rel=\"noopener\">Weitere Infos<\/a> &#8211; <\/span><\/li>\n<li><span style=\"font-family: verdana, geneva, sans-serif;\"><a href=\"https:\/\/www.ambifuego.net\/wp-content\/uploads\/2021\/05\/EVONIC-2021.pdf\" target=\"_blank\" rel=\"noopener\">Katalog<\/a> &#8211;<\/span><\/li>\n<\/ul>\n<p><img fetchpriority=\"high\" decoding=\"async\" class=\"alignnone wp-image-40321\" src=\"https:\/\/www.ambifuego.net\/wp-content\/uploads\/2018\/09\/700gf.jpg\" alt=\"\" width=\"322\" height=\"220\" \/><\/p>\n","protected":false},"excerpt":{"rendered":"<p>Elektrokamin front 700 modern Moderner Wandkamin von hoher Qualit\u00e4t Sicher und sauber Mit realistischem Flammen-Effekt Mit LED Beleuchtung &#8211; Energiesparend 2 Heizstufen 750 &#8211; 1500 W e-touch &#8211; Control &#8211; Remote Control (Available soon) Feuer-Deko: Holzst\u00fccke Silberbirken oder Steine Nitra Flame &#8211; F\u00e4rbige Flammen Presigekr\u00f6ntes Produkt Weitere Infos &#8211; Katalog &#8211;<\/p>\n","protected":false},"featured_media":74522,"template":"","meta":[],"product_brand":[],"product_cat":[379,382],"product_tag":[],"class_list":{"0":"post-23999","1":"product","2":"type-product","3":"status-publish","4":"has-post-thumbnail","6":"product_cat-ihr-spezialist-fuer-elektrokamine","7":"product_cat-elektrokamin-manufaktur-panoramakamin-spanien","9":"first","10":"instock","11":"shipping-taxable","12":"product-type-simple"},"_links":{"self":[{"href":"https:\/\/www.ambifuego.net\/de\/wp-json\/wp\/v2\/product\/23999","targetHints":{"allow":["GET"]}}],"collection":[{"href":"https:\/\/www.ambifuego.net\/de\/wp-json\/wp\/v2\/product"}],"about":[{"href":"https:\/\/www.ambifuego.net\/de\/wp-json\/wp\/v2\/types\/product"}],"version-history":[{"count":0,"href":"https:\/\/www.ambifuego.net\/de\/wp-json\/wp\/v2\/product\/23999\/revisions"}],"wp:featuredmedia":[{"embeddable":true,"href":"https:\/\/www.ambifuego.net\/de\/wp-json\/wp\/v2\/media\/74522"}],"wp:attachment":[{"href":"https:\/\/www.ambifuego.net\/de\/wp-json\/wp\/v2\/media?parent=23999"}],"wp:term":[{"taxonomy":"product_brand","embeddable":true,"href":"https:\/\/www.ambifuego.net\/de\/wp-json\/wp\/v2\/product_brand?post=23999"},{"taxonomy":"product_cat","embeddable":true,"href":"https:\/\/www.ambifuego.net\/de\/wp-json\/wp\/v2\/product_cat?post=23999"},{"taxonomy":"product_tag","embeddable":true,"href":"https:\/\/www.ambifuego.net\/de\/wp-json\/wp\/v2\/product_tag?post=23999"}],"curies":[{"name":"wp","href":"https:\/\/api.w.org\/{rel}","templated":true}]}}