{"id":21034,"date":"2018-05-07T15:16:12","date_gmt":"2018-05-07T15:16:12","guid":{"rendered":"https:\/\/www.ambifuego.net\/xtempx\/producto\/odin\/"},"modified":"2023-10-26T13:06:14","modified_gmt":"2023-10-26T11:06:14","slug":"kamin-mit-einzigartigem-design","status":"publish","type":"product","link":"https:\/\/www.ambifuego.net\/de\/producto\/kamin-mit-einzigartigem-design\/","title":{"rendered":"ODIN"},"content":{"rendered":"<p style=\"text-align: justify;\"><span style=\"font-family: verdana, geneva, sans-serif;\">Kamin mit einzigartigem Design.\u00a0 Der Odin kann Front oder 2 Seitig sein. Durch seine runde Form ist er immer ein Blickfang und seine Form sorgt auch f\u00fcr ein einzigartiges Flammenspiel. Die &#8218;Base&#8216; ist ein neu entwickelter Standfu\u00df, der dem Kamin zus\u00e4tzliche Aufstellm\u00f6glichkeiten bietet. F\u00fcr eventuelle externe Verbrennungsluft kann ein Au\u00dfenluftanschluss in dem Standfu\u00df platziert werden.<\/span><\/p>\n<h2><span style=\"font-size: 14pt;\"><span style=\"font-family: verdana, geneva, sans-serif;\">Kamin mit einzigartigem Design e<\/span><span style=\"font-family: verdana, geneva, sans-serif;\"><strong>infach Wundersch\u00f6n<\/strong><\/span><\/span><\/h2>\n<ul>\n<li><span style=\"font-family: verdana, geneva, sans-serif;\">Modell; H\u00e4ngend mit Holzlagerung oder freistehend<\/span><\/li>\n<li><span style=\"font-family: verdana, geneva, sans-serif;\">Feuersicht; Front oder Tunnel (2 seitig)<\/span><\/li>\n<li><span style=\"font-family: verdana, geneva, sans-serif;\">Farben; Dunkelanthrazit<\/span><\/li>\n<li><span style=\"font-family: verdana, geneva, sans-serif;\">Material; Stahl<\/span><\/li>\n<li><span style=\"font-family: verdana, geneva, sans-serif;\">Interieur; Vermiculit natur<\/span><\/li>\n<li><span style=\"font-family: verdana, geneva, sans-serif;\">Nettoleistung; 4 &#8211; 8 kW<\/span><\/li>\n<li><span style=\"font-family: verdana, geneva, sans-serif;\">Wirkungsgrad 75,2 %<\/span><\/li>\n<li><span style=\"font-family: verdana, geneva, sans-serif;\">Gewicht; 90 &#8211; 110 kg<\/span><\/li>\n<li><a href=\"https:\/\/www.ambifuego.net\/de\/kontakt\/\"><span style=\"font-family: verdana, geneva, sans-serif;\">Preis nach Anfrage<\/span><\/a><\/li>\n<li><span style=\"font-family: verdana, geneva, sans-serif;\"><a href=\"https:\/\/www.ambifuego.net\/wp-content\/uploads\/2023\/06\/05-06-23-bbq.pub2_compressed-1.pdf\">Katalog<\/a><\/span><\/li>\n<li><span style=\"font-family: verdana, geneva, sans-serif;\"><a href=\"https:\/\/www.drufire.com\/de-de\/sortiment\/dik-geurts\/odin\/odin-front,-plateau\">Video<\/a>\u00a0<\/span><\/li>\n<\/ul>\n<p>&nbsp;<\/p>\n<p><img fetchpriority=\"high\" decoding=\"async\" class=\"alignnone wp-image-40792\" src=\"https:\/\/www.ambifuego.net\/wp-content\/uploads\/2018\/05\/odin-2.jpg\" alt=\"\" width=\"877\" height=\"346\" \/><\/p>\n<p>&nbsp;<\/p>\n","protected":false},"excerpt":{"rendered":"[caption id=\"attachment_46963\" align=\"alignnone\" width=\"468\"]<img decoding=\"async\" class=\"size-full wp-image-46963\" src=\"https:\/\/www.ambifuego.net\/wp-content\/uploads\/2018\/05\/dg-odin-wall-1_optimized.jpg\" alt=\"chimenea circular odin con pie\" width=\"468\" height=\"320\" srcset=\"https:\/\/www.ambifuego.net\/wp-content\/uploads\/2018\/05\/dg-odin-wall-1_optimized.jpg 468w, https:\/\/www.ambifuego.net\/wp-content\/uploads\/2018\/05\/dg-odin-wall-1_optimized-395x270.jpg 395w\" sizes=\"(max-width: 468px) 100vw, 468px\" \/> chimenea circular odin con pie &#8211; dirk geuert[\/caption]\n","protected":false},"featured_media":46969,"template":"","meta":[],"product_brand":[],"product_cat":[370,374,378],"product_tag":[],"class_list":{"0":"post-21034","1":"product","2":"type-product","3":"status-publish","4":"has-post-thumbnail","6":"product_cat-holzkamin-holzofen-fuer-atmosphaere","7":"product_cat-designer-kaminoefen-modern-effizient","8":"product_cat-tunnel-zwei-sichtfenstern","10":"first","11":"instock","12":"shipping-taxable","13":"product-type-simple"},"_links":{"self":[{"href":"https:\/\/www.ambifuego.net\/de\/wp-json\/wp\/v2\/product\/21034","targetHints":{"allow":["GET"]}}],"collection":[{"href":"https:\/\/www.ambifuego.net\/de\/wp-json\/wp\/v2\/product"}],"about":[{"href":"https:\/\/www.ambifuego.net\/de\/wp-json\/wp\/v2\/types\/product"}],"version-history":[{"count":0,"href":"https:\/\/www.ambifuego.net\/de\/wp-json\/wp\/v2\/product\/21034\/revisions"}],"wp:featuredmedia":[{"embeddable":true,"href":"https:\/\/www.ambifuego.net\/de\/wp-json\/wp\/v2\/media\/46969"}],"wp:attachment":[{"href":"https:\/\/www.ambifuego.net\/de\/wp-json\/wp\/v2\/media?parent=21034"}],"wp:term":[{"taxonomy":"product_brand","embeddable":true,"href":"https:\/\/www.ambifuego.net\/de\/wp-json\/wp\/v2\/product_brand?post=21034"},{"taxonomy":"product_cat","embeddable":true,"href":"https:\/\/www.ambifuego.net\/de\/wp-json\/wp\/v2\/product_cat?post=21034"},{"taxonomy":"product_tag","embeddable":true,"href":"https:\/\/www.ambifuego.net\/de\/wp-json\/wp\/v2\/product_tag?post=21034"}],"curies":[{"name":"wp","href":"https:\/\/api.w.org\/{rel}","templated":true}]}}