{"id":20991,"date":"2018-05-02T14:39:28","date_gmt":"2018-05-02T14:39:28","guid":{"rendered":"https:\/\/www.ambifuego.net\/xtempx\/producto\/herd-905\/"},"modified":"2023-10-20T14:21:59","modified_gmt":"2023-10-20T12:21:59","slug":"landhausherd-fuer-feste-brennstoffe","status":"publish","type":"product","link":"https:\/\/www.ambifuego.net\/de\/producto\/landhausherd-fuer-feste-brennstoffe\/","title":{"rendered":"BAKHEARTH"},"content":{"rendered":"<p style=\"text-align: justify;\"><span style=\"font-size: 16px; font-family: verdana, geneva, sans-serif;\">Der Bakeheart, ein Landhausherd fuer feste brennstoffe der bekannten Hersteller Esse. <\/span><span style=\"font-size: 16px; font-family: verdana, geneva, sans-serif;\">Esse ist Englands \u00e4lterster Hersteller von Landhausherden und \u00d6fen. Tradition sowie die Erfahrung und die st\u00e4ndige Weiterenwicklung der Produktpalette macht die ESSE Produkte so unvergleichlich. Wenn Sie sich also f\u00fcr ein ESSE Produkt entscheiden, erhalten Sie eine au\u00dfergew\u00f6hnliche Kombination aus Tradition, Innovation und Solidit\u00e4t. <\/span><span style=\"font-size: 16px; font-family: verdana, geneva, sans-serif;\">ESSE Landhausherde sind aus Gusseisen, die Oberfl\u00e4chen sind emailliert<\/span><\/p>\n<p style=\"text-align: justify;\"><span style=\"font-size: 16px; font-family: verdana, geneva, sans-serif;\">Diese englischen Traditionsherde werden seit \u00fcber 150 Jahren in Handarbeit gefertigt und k\u00f6nnen nur mit Festbrennstoffe betrieben. Durch neuartige Brenntechnik erreichen diese Herde einen hervorragenden Wirkungsgrad bei bester Leistung<\/span><\/p>\n<h2 style=\"text-align: justify;\"><span style=\"font-size: 12pt; font-family: verdana, geneva, sans-serif;\"><strong>Landhausherd fuer feste brennstoffe f\u00fcr Heizen, Kochen, Backen, Grillen<\/strong><\/span><\/h2>\n<p style=\"text-align: justify;\"><span style=\"font-size: 16px; font-family: verdana, geneva, sans-serif;\">Der Bakhearth bietet dem Nutzer eine 4-Zonen\u00adKochstelle mit unterschiedlichen Temperaturen zwischen 190\u00b0 C und 300\u00b0 C.\u00a0 Ausserdem einem kleinen Backofen und einer Brennkammer, die es Ihnen auch erm\u00f6glicht zu grillen. Als kleiner Bruder des lronheart verf\u00fcgt der Warmheart auch \u00fcber eine gro\u00dfe Feuerraumt\u00fcre mit Glasscheibe, die es Ihnen erm\u00f6glicht, das Feuer zu betrachten.<\/span><\/p>\n<p style=\"text-align: justify;\"><span style=\"font-family: verdana, geneva, sans-serif;\">Neben der ausgereiften Herdtechnologie ist es gegl\u00fcckt, Wirkprinzipien der Kaminofentechnlogie effektiv in diesem Herd zu kombinieren. Deshalb ist der <a href=\"https:\/\/www.ambifuego.net\/wp-content\/uploads\/2022\/02\/bakeheart-warmheart-Manual_compressed.pdf\">Bakehearth<\/a> nicht nur als Raumheizer geeignet, sondern kann auch zur Erzeugung von warmem Brauchwasser zum Sp\u00fclen oder Duschen optional erweitert werden.<\/span><\/p>\n<p><span style=\"font-family: verdana, geneva, sans-serif;\">Dieser Herd verf\u00fcgt \u00fcber gen\u00fcgend Kraft, um eine K\u00fcche, eine kleine Berg- oder Jagdh\u00fctte ausreichend zu beheizen. Der <a href=\"https:\/\/www.esse.com\/the-ironheart-range\/bakeheart\/\">Bakeheart<\/a> ist f\u00fcr die Verbrennung von Holzscheiten bis zu einer L\u00e4nge von 36 cm kon\u00adzipiert. Seine 192 kg Gewicht machen Ihnen zu einem der solidesten Herde dieser Preisklassel<\/span><\/p>\n<ul>\n<li><span style=\"font-family: verdana, geneva, sans-serif;\">Landhausherd fuer feste Brennstoffe<\/span><\/li>\n<li><span style=\"font-family: verdana, geneva, sans-serif;\">Backofen Gr\u00f6ssen &#8211; B 35 x H 20 x T 45 cm<\/span><\/li>\n<li><span style=\"font-family: verdana, geneva, sans-serif;\">Kochstelle B 46 x T 50 cm<\/span><\/li>\n<li><span style=\"font-family: verdana, geneva, sans-serif;\">Rauchrohranschluss; 15 cm<\/span><\/li>\n<li><span style=\"font-family: verdana, geneva, sans-serif;\">Leistung; 5kW<\/span><\/li>\n<li><span style=\"font-family: verdana, geneva, sans-serif;\">Wirkungsgrad max; 82,3<\/span><\/li>\n<li><span style=\"font-family: verdana, geneva, sans-serif;\">Energielabel A+<\/span><\/li>\n<li><span style=\"font-family: verdana, geneva, sans-serif;\">Verbrauch; 4,5 kW\/St<\/span><\/li>\n<li><span style=\"font-family: verdana, geneva, sans-serif;\">Ofen-Kapazit\u00e4t;\u00a0 32 Lt<\/span><\/li>\n<li><span style=\"font-family: verdana, geneva, sans-serif;\">Guseissen Farbe<\/span><\/li>\n<li><span style=\"font-family: verdana, geneva, sans-serif;\">Abstand zu nicht brennbaren Materiales;\u00a0 7 mm<\/span><\/li>\n<li><span style=\"font-family: verdana, geneva, sans-serif;\">Abstand zu brennbaren Materialien seitlich; 20 mm<\/span><\/li>\n<li><span style=\"font-family: verdana, geneva, sans-serif;\">Abstand nach hinten; 40 mm<\/span><\/li>\n<\/ul>\n<p>&nbsp;<\/p>\n<p><img fetchpriority=\"high\" decoding=\"async\" class=\"alignnone wp-image-50062 size-medium\" src=\"https:\/\/www.ambifuego.net\/wp-content\/uploads\/2018\/05\/bakeheart-dimensions-line-drawing_optimized-480x415.png\" alt=\"\" width=\"480\" height=\"415\" srcset=\"https:\/\/www.ambifuego.net\/wp-content\/uploads\/2018\/05\/bakeheart-dimensions-line-drawing_optimized-480x415.png 480w, https:\/\/www.ambifuego.net\/wp-content\/uploads\/2018\/05\/bakeheart-dimensions-line-drawing_optimized-312x270.png 312w, https:\/\/www.ambifuego.net\/wp-content\/uploads\/2018\/05\/bakeheart-dimensions-line-drawing_optimized-508x439.png 508w, https:\/\/www.ambifuego.net\/wp-content\/uploads\/2018\/05\/bakeheart-dimensions-line-drawing_optimized.png 600w\" sizes=\"(max-width: 480px) 100vw, 480px\" \/><\/p>\n","protected":false},"excerpt":{"rendered":"<p><img decoding=\"async\" class=\"alignnone size-full wp-image-49985\" src=\"https:\/\/www.ambifuego.net\/wp-content\/uploads\/2018\/05\/bakeheart-angled-cooking-steak_optimized-e1646062956685.jpg\" alt=\"\" width=\"450\" height=\"338\" \/><\/p>\n","protected":false},"featured_media":50009,"template":"","meta":[],"product_brand":[],"product_cat":[384],"product_tag":[],"class_list":{"0":"post-20991","1":"product","2":"type-product","3":"status-publish","4":"has-post-thumbnail","6":"product_cat-landhausherde-tradition-innovation-soliditaet","8":"first","9":"instock","10":"shipping-taxable","11":"product-type-simple"},"_links":{"self":[{"href":"https:\/\/www.ambifuego.net\/de\/wp-json\/wp\/v2\/product\/20991","targetHints":{"allow":["GET"]}}],"collection":[{"href":"https:\/\/www.ambifuego.net\/de\/wp-json\/wp\/v2\/product"}],"about":[{"href":"https:\/\/www.ambifuego.net\/de\/wp-json\/wp\/v2\/types\/product"}],"version-history":[{"count":0,"href":"https:\/\/www.ambifuego.net\/de\/wp-json\/wp\/v2\/product\/20991\/revisions"}],"wp:featuredmedia":[{"embeddable":true,"href":"https:\/\/www.ambifuego.net\/de\/wp-json\/wp\/v2\/media\/50009"}],"wp:attachment":[{"href":"https:\/\/www.ambifuego.net\/de\/wp-json\/wp\/v2\/media?parent=20991"}],"wp:term":[{"taxonomy":"product_brand","embeddable":true,"href":"https:\/\/www.ambifuego.net\/de\/wp-json\/wp\/v2\/product_brand?post=20991"},{"taxonomy":"product_cat","embeddable":true,"href":"https:\/\/www.ambifuego.net\/de\/wp-json\/wp\/v2\/product_cat?post=20991"},{"taxonomy":"product_tag","embeddable":true,"href":"https:\/\/www.ambifuego.net\/de\/wp-json\/wp\/v2\/product_tag?post=20991"}],"curies":[{"name":"wp","href":"https:\/\/api.w.org\/{rel}","templated":true}]}}