{"id":20582,"date":"2018-04-09T13:02:28","date_gmt":"2018-04-09T13:02:28","guid":{"rendered":"https:\/\/www.ambifuego.net\/xtempx\/producto\/gaskamin-schale\/"},"modified":"2023-07-10T15:37:06","modified_gmt":"2023-07-10T13:37:06","slug":"gaskamin-schale-gas-feuerstelle-brenner","status":"publish","type":"product","link":"https:\/\/www.ambifuego.net\/de\/producto\/gaskamin-schale-gas-feuerstelle-brenner\/","title":{"rendered":"Gaskamin-Sch\u00fcssel- Fackeln"},"content":{"rendered":"<p style=\"text-align: justify;\"><span style=\"font-family: verdana, geneva, sans-serif;\">Gaskamin-Schale &#8211; Gas Feuerstelle- Brenner<\/span><\/p>\n<p class=\"a-size-large a-spacing-none\" style=\"text-align: justify;\"><span style=\"font-family: verdana, geneva, sans-serif;\">F\u00fcr stimmungsvolle Abende und einzigartige Momente,\u00a0auf der Terrasse, am Balkon oder im Garten.<\/span><\/p>\n<p style=\"text-align: justify;\"><span style=\"font-family: verdana, geneva, sans-serif;\"><span style=\"font-size: 12pt;\">Mit einer Gaskamin-Schale &#8211; Gas Feuerstelle- Brenner und <\/span>Ihre Momente werden zu einem eindrucksvollen Erlebnis. Mit der hochwertigen Gas- Feuerschale erleben Sie die gem\u00fctliche W\u00e4rme und Sicht des Feuers. Als stilvolles Feuer- &amp; Lichtelement f\u00fcr den Einsatz im Freien sorgt die Gas-Feuer-Fackel f\u00fcr eine leuchtende und gleichm\u00e4\u00dfig w\u00e4rmende Umgebung.<\/span><\/p>\n<ul>\n<li style=\"text-align: justify;\"><span style=\"font-family: verdana, geneva, sans-serif;\">Firepit Gasbrenner mit oder ohne Feuerschale<\/span><\/li>\n<li style=\"text-align: justify;\"><span style=\"font-family: verdana, geneva, sans-serif;\">Gaskamin-Schale &#8211; <em>Gas Feuerstelle<\/em>&#8211; Brenner<\/span><\/li>\n<li style=\"text-align: justify;\"><span style=\"font-family: verdana, geneva, sans-serif;\">Propan \/ Erdgas<\/span><\/li>\n<li style=\"text-align: justify;\"><span style=\"font-family: verdana, geneva, sans-serif;\">Kupfer &#8211; Gus-Aluminium<\/span><\/li>\n<li style=\"text-align: justify;\"><span style=\"font-family: verdana, geneva, sans-serif;\">Hand- Fernbedienung &#8211; Schalter (Je nach Modell)<\/span><\/li>\n<li style=\"text-align: justify;\"><span style=\"font-family: verdana, geneva, sans-serif;\">Mit oder ohne S\u00e4ule \/ Integriert in Feuerstelle<\/span><\/li>\n<li style=\"text-align: justify;\"><span style=\"font-family: verdana, geneva, sans-serif;\">*Auch nach Mass &#8211; Fragen Sie Ihren H\u00e4ndler<\/span><\/li>\n<li style=\"text-align: justify;\"><span style=\"font-family: verdana, geneva, sans-serif;\">Weitere Infos &#8211;\u00a0<a href=\"https:\/\/www.ambifuego.net\/wp-content\/uploads\/2023\/06\/05-06-23-bbq.pub2_compressed-1.pdf\">Katalog<\/a> -St.19<\/span><\/li>\n<\/ul>\n","protected":false},"excerpt":{"rendered":"[caption id=\"attachment_49413\" align=\"alignnone\" width=\"529\"]<img fetchpriority=\"high\" decoding=\"async\" class=\"size-full wp-image-49413\" src=\"https:\/\/www.ambifuego.net\/wp-content\/uploads\/2018\/04\/pebetero1_optimized_optimized.jpg\" alt=\"pebetero de gas cuenco- gas burner in square- gasbrenner in Feuerstelle\" width=\"529\" height=\"381\" srcset=\"https:\/\/www.ambifuego.net\/wp-content\/uploads\/2018\/04\/pebetero1_optimized_optimized.jpg 529w, https:\/\/www.ambifuego.net\/wp-content\/uploads\/2018\/04\/pebetero1_optimized_optimized-480x346.jpg 480w, https:\/\/www.ambifuego.net\/wp-content\/uploads\/2018\/04\/pebetero1_optimized_optimized-375x270.jpg 375w\" sizes=\"(max-width: 529px) 100vw, 529px\" \/> pebetero de gas cuenco- gas burner in square- gasbrenner in Feuerstelle[\/caption]\n","protected":false},"featured_media":44923,"template":"","meta":[],"product_brand":[],"product_cat":[363],"product_tag":[],"class_list":{"0":"post-20582","1":"product","2":"type-product","3":"status-publish","4":"has-post-thumbnail","6":"product_cat-feuerstellen-gartenkamine-terrassenfeuer-gas","8":"first","9":"instock","10":"shipping-taxable","11":"product-type-simple"},"_links":{"self":[{"href":"https:\/\/www.ambifuego.net\/de\/wp-json\/wp\/v2\/product\/20582","targetHints":{"allow":["GET"]}}],"collection":[{"href":"https:\/\/www.ambifuego.net\/de\/wp-json\/wp\/v2\/product"}],"about":[{"href":"https:\/\/www.ambifuego.net\/de\/wp-json\/wp\/v2\/types\/product"}],"version-history":[{"count":0,"href":"https:\/\/www.ambifuego.net\/de\/wp-json\/wp\/v2\/product\/20582\/revisions"}],"wp:featuredmedia":[{"embeddable":true,"href":"https:\/\/www.ambifuego.net\/de\/wp-json\/wp\/v2\/media\/44923"}],"wp:attachment":[{"href":"https:\/\/www.ambifuego.net\/de\/wp-json\/wp\/v2\/media?parent=20582"}],"wp:term":[{"taxonomy":"product_brand","embeddable":true,"href":"https:\/\/www.ambifuego.net\/de\/wp-json\/wp\/v2\/product_brand?post=20582"},{"taxonomy":"product_cat","embeddable":true,"href":"https:\/\/www.ambifuego.net\/de\/wp-json\/wp\/v2\/product_cat?post=20582"},{"taxonomy":"product_tag","embeddable":true,"href":"https:\/\/www.ambifuego.net\/de\/wp-json\/wp\/v2\/product_tag?post=20582"}],"curies":[{"name":"wp","href":"https:\/\/api.w.org\/{rel}","templated":true}]}}