{"id":20520,"date":"2018-04-09T10:56:27","date_gmt":"2018-04-09T10:56:27","guid":{"rendered":"https:\/\/www.ambifuego.net\/xtempx\/producto\/rechteck-gartenfeuer-terrassenfeuer\/"},"modified":"2023-07-10T15:31:38","modified_gmt":"2023-07-10T13:31:38","slug":"outdoor-gas-rechteckiger-brenner","status":"publish","type":"product","link":"https:\/\/www.ambifuego.net\/de\/producto\/outdoor-gas-rechteckiger-brenner\/","title":{"rendered":"Rechteck Gartenfeuer"},"content":{"rendered":"<p>Bauen Sie Ihren eigenen Terrassen\u00a0 Feuerstelle mit einem <strong><em>Outdoor gas rechteckiger Brenne<\/em>r<\/strong>.\u00a0Es geht nichts \u00fcber die Faszination eins lodernden Lagerfeuers. Mit einer Gas feuerstelle hat man das v\u00f6llig ohne Rauch und Schmutz. Flackernden Feuer in Ihrem Garten mit einem Gas-Feuerstelle. Terrassen-Kamin Feuerstelle einfach mit einem Gas-Einbaubrenner -und das Anz\u00fcnden ist ebenso komfortabel und schnell wie bei einem Gasgrill. Im Handumdrehen z\u00fcngeln die Flammen und spenden wohlige W\u00e4rme.<\/p>\n<h2><span style=\"font-size: 12pt;\">Sch\u00f6ne Abend mit Familie oder Freunde um Outdoor rechtsteckiger Brenner<\/span><\/h2>\n<p>Wenn Sie selbst einen\u00a0<a href=\"https:\/\/www.youtube.com\/watch?v=TEFIjLVrArI&amp;ab_channel=ambifuegosur\">Feuertisch oder Feuerstelle<\/a>\u00a0bauen wollen, ist es wichtig, dass Sie sich f\u00fcr einen sicheren Einbaubrenner entscheiden.<\/p>\n<p>Versuchen Sie niemals selbst einen anzufertigen, denn der Umgang mit Gas kann gef\u00e4hrlich sein. Entscheiden Sie sich f\u00fcr einen vorgefertigten Einbaubrenner, dann haben Sie viele Vorteile. Zweitens k\u00f6nnen Sie selbs Ihre Design bestimmen, denn Sie k\u00f6nnen einen Feuertisch\u00a0 oder Feuerstelle gestalten, der perfekt zu Ihrem Garten passt.<\/p>\n<p>Drittens haben Sie mit einem eingebauten Gasbrenner nicht das Problem, dass es lange dauert bis eine Flamme entsteht.\u00a0 Auch wenn Sie nur eine Viertelstunde im Garten sitzen wollen, ist es nat\u00fcrlich auch m\u00f6glich.<\/p>\n<h2><span style=\"font-size: 12pt;\">Outdoor gas rechteckiger Terrazen-Kamin mit Erdgas oder einfach mit einer Propangas Flasche<\/span><\/h2>\n<p>Da nicht jeder kann und darf bei sich zu Hause eine Holz Feuerstelle anz\u00fcnden ist dann eine Gas Feuerstelle auf jedenfall, eine praktische Alternative. Vielmehr, die Nachbarn werden nicht von Rauch und Qualm bel\u00e4stigt. Funkenflug ebenfalls, entf\u00e4llt, deswegen ist es ein wichtiger Sicherheitsaspekt.<\/p>\n<p>Im Sommer\u00a0 und mittlerweile auch im Winter, wird gerne gegrillt und mit Freunden, Bekannten und Familien gefeiert. Im Herbst, wenn der Garten noch zum Verweilen einl\u00e4dt, aber die Abende doch k\u00fchl werden, ist ein Gartenkamin ideal, andessen Feuer man sich w\u00e4rmen kann. Terrassen-Kamin Feuerstelle Einbaubrenner Rund und genie\u00dfen Sie einen w\u00e4rme Herbstabend vor dem flackernden Feuer in Ihrem Garten.<\/p>\n<ul>\n<li>Gasbetriebene Brenner &#8211; Outdoor gas rechteckiger<\/li>\n<li>Propangas \/ Erdgas<\/li>\n<li>Manuelle Z\u00fcndung &#8211; Fernbediendung<\/li>\n<li>Flamen-Effeckt; Lavastein oder Marmors<\/li>\n<li>Ausgestatet mit einer Z\u00fcndsicherung die das Ausstr\u00f6men von unverbranntem Gas verhindert<\/li>\n<li>*Auch andere Masse m\u00f6glich<\/li>\n<li>&#8211; Option Windschutz und Abdeckung<\/li>\n<li>*Weitere Infos &#8211; <a href=\"https:\/\/www.ambifuego.net\/wp-content\/uploads\/2023\/06\/05-06-23-bbq.pub2_compressed-1.pdf\">Katalog\u00a0<\/a><\/li>\n<\/ul>\n<p>&nbsp;<\/p>\n<figure id=\"attachment_44882\" aria-describedby=\"caption-attachment-44882\" style=\"width: 493px\" class=\"wp-caption alignnone\"><img fetchpriority=\"high\" decoding=\"async\" class=\" wp-image-44882\" src=\"https:\/\/www.ambifuego.net\/wp-content\/uploads\/2018\/04\/planorectangular_optimized.jpg\" alt=\"Chimeneas de jardin - Quemador-rectangular\" width=\"493\" height=\"197\" srcset=\"https:\/\/www.ambifuego.net\/wp-content\/uploads\/2018\/04\/planorectangular_optimized.jpg 576w, https:\/\/www.ambifuego.net\/wp-content\/uploads\/2018\/04\/planorectangular_optimized-480x192.jpg 480w\" sizes=\"(max-width: 493px) 100vw, 493px\" \/><figcaption id=\"caption-attachment-44882\" class=\"wp-caption-text\">Chimeneas de jardin &#8211; Quemador-rectangular<\/figcaption><\/figure>\n<p><strong>Quemadores Rectangulares<\/strong><\/p>\n<table style=\"border-collapse: collapse; width: 89.4452%; height: 147px;\" border=\"1\">\n<tbody>\n<tr>\n<td style=\"width: 14.2857%;\">\u00a0 <strong>\u00a0MANUAL<\/strong><\/td>\n<td style=\"width: 14.2857%;\">\u00a0 \u00a0 \u00a0 \u00a0 \u00a0 \u00a0<strong>A<\/strong><\/td>\n<td style=\"width: 14.2857%;\">\u00a0 \u00a0 \u00a0 \u00a0 \u00a0 \u00a0<strong>B<\/strong><\/td>\n<td style=\"width: 14.2857%;\">\u00a0 \u00a0 \u00a0 \u00a0 \u00a0 \u00a0<strong>C<\/strong><\/td>\n<td style=\"width: 14.2857%;\">\u00a0 \u00a0 \u00a0 \u00a0 \u00a0<strong>NAT<\/strong><\/td>\n<td style=\"width: 14.2857%;\">\u00a0 \u00a0 \u00a0 \u00a0 <strong>Prop<\/strong><\/td>\n<td style=\"width: 14.2857%;\">\u00a0 \u00a0 \u00a0 \u00a0 \u00a0<strong>Kw<\/strong><\/td>\n<\/tr>\n<tr>\n<td style=\"width: 14.2857%;\">Rectangular 100<\/td>\n<td style=\"width: 14.2857%;\">\u00a0 \u00a0 \u00a0 \u00a01000<\/td>\n<td style=\"width: 14.2857%;\">\u00a0 \u00a0 \u00a0 \u00a0 300<\/td>\n<td style=\"width: 14.2857%;\">\u00a0 \u00a0 \u00a0 \u00a0 \u00a0100<\/td>\n<td style=\"width: 14.2857%;\">\u00a0 \u00a0 \u00a0 \u00a0 \u00a0 SI<\/td>\n<td style=\"width: 14.2857%;\">\u00a0 \u00a0 \u00a0 \u00a0 \u00a0 SI<\/td>\n<td style=\"width: 14.2857%;\">\u00a0 \u00a0 \u00a0 \u00a0 \u00a018,0<\/td>\n<\/tr>\n<tr>\n<td style=\"width: 14.2857%;\">Rectangular\u00a0 80<\/td>\n<td style=\"width: 14.2857%;\">\u00a0 \u00a0 \u00a0 \u00a0 800<\/td>\n<td style=\"width: 14.2857%;\">\u00a0 \u00a0 \u00a0 \u00a0 190<\/td>\n<td style=\"width: 14.2857%;\">\u00a0 \u00a0 \u00a0 \u00a0 \u00a0100<\/td>\n<td style=\"width: 14.2857%;\">\u00a0 \u00a0 \u00a0 \u00a0 \u00a0&#8212;<\/td>\n<td style=\"width: 14.2857%;\">\u00a0 \u00a0 \u00a0 \u00a0 \u00a0 SI<\/td>\n<td style=\"width: 14.2857%;\">\u00a0 \u00a0 \u00a0 \u00a0 \u00a0 8,5<\/td>\n<\/tr>\n<tr>\n<td style=\"width: 14.2857%;\">\u00a0 \u00a0<strong>\u00a0MANDO<\/strong><\/td>\n<td style=\"width: 14.2857%;\"><\/td>\n<td style=\"width: 14.2857%;\"><\/td>\n<td style=\"width: 14.2857%;\"><\/td>\n<td style=\"width: 14.2857%;\"><\/td>\n<td style=\"width: 14.2857%;\"><\/td>\n<td style=\"width: 14.2857%;\"><\/td>\n<\/tr>\n<tr>\n<td style=\"width: 14.2857%;\">Rectangular 95<\/td>\n<td style=\"width: 14.2857%;\">\u00a0 \u00a0 \u00a0 \u00a0 950<\/td>\n<td style=\"width: 14.2857%;\">\u00a0 \u00a0 \u00a0 \u00a0 \u00a0300<\/td>\n<td style=\"width: 14.2857%;\">\u00a0 \u00a0 \u00a0 \u00a0 100<\/td>\n<td style=\"width: 14.2857%;\">\u00a0 \u00a0 \u00a0 \u00a0 \u00a0SI<\/td>\n<td style=\"width: 14.2857%;\">\u00a0 \u00a0 \u00a0 \u00a0 \u00a0SI<\/td>\n<td style=\"width: 14.2857%;\">\u00a0 \u00a0 \u00a0 \u00a0 15,0<\/td>\n<\/tr>\n<\/tbody>\n<\/table>\n<p>&nbsp;<\/p>\n<p>&nbsp;<\/p>\n<p>&nbsp;<\/p>\n","protected":false},"excerpt":{"rendered":"[caption id=\"attachment_44891\" align=\"alignnone\" width=\"405\"]<img decoding=\"async\" class=\"size-full wp-image-44891\" src=\"https:\/\/www.ambifuego.net\/wp-content\/uploads\/2018\/04\/rectangular2_optimized.jpg\" alt=\"Chimeneas de jardin - Quemador-rectangular- Outdoor gas rechteckiger\" width=\"405\" height=\"318\" srcset=\"https:\/\/www.ambifuego.net\/wp-content\/uploads\/2018\/04\/rectangular2_optimized.jpg 405w, https:\/\/www.ambifuego.net\/wp-content\/uploads\/2018\/04\/rectangular2_optimized-344x270.jpg 344w\" sizes=\"(max-width: 405px) 100vw, 405px\" \/> Chimeneas de jardin &#8211; Quemador-rectangularOutdoor gas rechteckiger-[\/caption]\n","protected":false},"featured_media":44897,"template":"","meta":[],"product_brand":[],"product_cat":[363],"product_tag":[],"class_list":{"0":"post-20520","1":"product","2":"type-product","3":"status-publish","4":"has-post-thumbnail","6":"product_cat-feuerstellen-gartenkamine-terrassenfeuer-gas","8":"first","9":"instock","10":"shipping-taxable","11":"product-type-simple"},"_links":{"self":[{"href":"https:\/\/www.ambifuego.net\/de\/wp-json\/wp\/v2\/product\/20520","targetHints":{"allow":["GET"]}}],"collection":[{"href":"https:\/\/www.ambifuego.net\/de\/wp-json\/wp\/v2\/product"}],"about":[{"href":"https:\/\/www.ambifuego.net\/de\/wp-json\/wp\/v2\/types\/product"}],"version-history":[{"count":0,"href":"https:\/\/www.ambifuego.net\/de\/wp-json\/wp\/v2\/product\/20520\/revisions"}],"wp:featuredmedia":[{"embeddable":true,"href":"https:\/\/www.ambifuego.net\/de\/wp-json\/wp\/v2\/media\/44897"}],"wp:attachment":[{"href":"https:\/\/www.ambifuego.net\/de\/wp-json\/wp\/v2\/media?parent=20520"}],"wp:term":[{"taxonomy":"product_brand","embeddable":true,"href":"https:\/\/www.ambifuego.net\/de\/wp-json\/wp\/v2\/product_brand?post=20520"},{"taxonomy":"product_cat","embeddable":true,"href":"https:\/\/www.ambifuego.net\/de\/wp-json\/wp\/v2\/product_cat?post=20520"},{"taxonomy":"product_tag","embeddable":true,"href":"https:\/\/www.ambifuego.net\/de\/wp-json\/wp\/v2\/product_tag?post=20520"}],"curies":[{"name":"wp","href":"https:\/\/api.w.org\/{rel}","templated":true}]}}