{"id":20488,"date":"2018-04-05T11:12:28","date_gmt":"2018-04-05T11:12:28","guid":{"rendered":"https:\/\/www.ambifuego.net\/xtempx\/producto\/gartenfeuer-terrassenfeuer-viereckig\/"},"modified":"2023-07-10T15:33:08","modified_gmt":"2023-07-10T13:33:08","slug":"garten-feuer-einbaubrenner-gas","status":"publish","type":"product","link":"https:\/\/www.ambifuego.net\/de\/producto\/garten-feuer-einbaubrenner-gas\/","title":{"rendered":"Garten-Feuer- Einbaubrenner-Eckig"},"content":{"rendered":"<p style=\"text-align: justify;\"><span style=\"font-family: verdana, geneva, sans-serif;\"><strong>\u00a0Sch\u00f6nes Ambiente und Gem\u00fctlichkeit mit einem Garten-Feuer-Einbaubrenner-Gas<\/strong><\/span><\/p>\n<p style=\"text-align: justify;\"><span style=\"font-family: verdana, geneva, sans-serif;\">Solche Garten Gaskamine sorgen erstens f\u00fcr ein wunderbares Ambiente am Abend. Obgleich hier keine Asche anf\u00e4llt, sollte der Gartenkamin \u00fcber einen Funkenschutz verf\u00fcgen. Denn zum Einen k\u00f6nnen sonst Fremdk\u00f6rper in die Flammen gelangen, zum Anderen m\u00fcssen auch Kinder oder Haustiere zuverl\u00e4ssig vor den Flammen und offenem Feuer gesch\u00fctzt werden.<\/span><\/p>\n<p style=\"text-align: justify;\"><span style=\"font-family: verdana, geneva, sans-serif;\">Garten-Feuer-Einbaubrenner-Gas verleiht jedem Abend auf dem Balkon oder der Terrasse ein besonderes Ambiente anschliessend wird weder Rauch noch Schmutz anfallen, wie bei einem Holzfeuer sonst \u00fcblich. Der Betrieb mit Gas erfolgt geruchlos und auch Asche gibt es keine.<\/span><\/p>\n<p style=\"text-align: justify;\"><span style=\"font-family: verdana, geneva, sans-serif;\">Garten-Feuer-Einbaubrenner-Gas, sind Gasfeuerstellen ausschlie\u00dflich f\u00fcr den Outdoorbetrieb gedacht. In geschlossenen R\u00e4umen d\u00fcrfen sie nicht verwendet werden! Zudem muss gen\u00fcgend Abstand zu entflammbaren Gegenst\u00e4nden beachtet werden<\/span><\/p>\n<p style=\"text-align: justify;\"><span style=\"font-family: verdana, geneva, sans-serif;\"><a href=\"https:\/\/www.youtube.com\/watch?v=TEFIjLVrArI&amp;ab_channel=ambifuegosur\">Garten-Feuer-Einbaubrenner-Gas<\/a> haben eine\u00a0 einfache und ebenfalls eine sichere \u00a0Z\u00fcndung. Durch einen einfachen Knopfdruck oder einer Fernbedienung wird das Feuer mit einer piezoelektrischen Z\u00fcndvorrichtung problemlos gestartet und sofort brennt die Feuerstelle. Ein m\u00fchsames Anheizen und Anfeuern wie bei einem Holzfeuer ist dadurch nicht mehr notwendig.<\/span><\/p>\n<p style=\"text-align: justify;\"><span style=\"font-family: verdana, geneva, sans-serif;\">Besondern Komfort bieten Feuerstellen, deren Flammenregulierung in einer Fernbedienung angebracht ist \u2013 so kann man je nach Bedarf ein h\u00f6heres oder kleineres Flammenspiel einstellen<\/span><\/p>\n<ul style=\"text-align: justify;\">\n<li><span style=\"font-family: verdana, geneva, sans-serif;\">Garten Feuerstelle Eckig-Gas<\/span><\/li>\n<li><span style=\"font-family: verdana, geneva, sans-serif;\">Gasbetriebene Gartenkamine<\/span><\/li>\n<li><span style=\"font-family: verdana, geneva, sans-serif;\">Propangas \/ Erdgas<\/span><\/li>\n<li><span style=\"font-family: verdana, geneva, sans-serif;\">Fernbedienung &#8211; Handbedienung<\/span><\/li>\n<li><span style=\"font-family: verdana, geneva, sans-serif;\">Flamme Effekt; Lavastein oder marmorstein<\/span><\/li>\n<li><span style=\"font-family: verdana, geneva, sans-serif;\">Ausgestatet mit einer Z\u00fcndsicherung die das Ausstr\u00f6men von unverbranntem Gas verhindert<\/span><\/li>\n<li><span style=\"font-family: verdana, geneva, sans-serif;\">*Fernbediente Modelle m\u00fcssen mit Glassumbau und Deckel montiert werde<\/span><\/li>\n<li><span style=\"font-family: verdana, geneva, sans-serif;\">*Weitere <a href=\"https:\/\/www.ambifuego.net\/wp-content\/uploads\/2023\/06\/05-06-23-bbq.pub2_compressed-1.pdf\">Infos<\/a> &#8211; <\/span><\/li>\n<\/ul>\n<p style=\"text-align: justify;\"><span style=\"font-family: verdana, geneva, sans-serif;\">Eckig Gartenfeuer &#8211; Gas-Einbaubrenner<\/span><\/p>\n<p><img fetchpriority=\"high\" decoding=\"async\" class=\"alignnone wp-image-44849\" src=\"https:\/\/www.ambifuego.net\/wp-content\/uploads\/2018\/04\/cuadrado_optimized.plano_.jpg\" alt=\"\" width=\"264\" height=\"203\" \/><\/p>\n<table style=\"border-collapse: collapse; width: 86.3329%; height: 192px;\" border=\"1\">\n<tbody>\n<tr style=\"height: 27px;\">\n<td>\u00a0<strong>Hand-Bedienung<\/strong><\/td>\n<td>\u00a0 \u00a0 \u00a0 \u00a0 \u00a0\u00a0<strong>A<\/strong><\/td>\n<td>\u00a0 \u00a0 \u00a0 \u00a0 \u00a0\u00a0<strong>B<\/strong><\/td>\n<td>\u00a0 \u00a0 \u00a0 \u00a0 \u00a0\u00a0<strong>C<\/strong><\/td>\n<td>\u00a0 \u00a0 \u00a0 \u00a0\u00a0<strong>NAT<\/strong><\/td>\n<td>\u00a0 \u00a0 \u00a0 \u00a0\u00a0<strong>PROP<\/strong><\/td>\n<td><strong>\u00a0 \u00a0 \u00a0 \u00a0 \u00a0KW<\/strong><\/td>\n<\/tr>\n<tr style=\"height: 24px;\">\n<td>\u00a0Cuadrado 60<\/td>\n<td>\u00a0 \u00a0 \u00a0 \u00a0 600<\/td>\n<td>\u00a0 \u00a0 \u00a0 \u00a0600<\/td>\n<td>\u00a0 \u00a0 \u00a0 \u00a0 100<\/td>\n<td>\u00a0 \u00a0 \u00a0 \u00a0 \u00a0 JA<\/td>\n<td>\u00a0 \u00a0 \u00a0 \u00a0 \u00a0 JA<\/td>\n<td>\u00a0 \u00a0 \u00a0 \u00a0 \u00a018,0<\/td>\n<\/tr>\n<tr style=\"height: 24px;\">\n<td>\u00a0Cuadrado 40<\/td>\n<td>\u00a0 \u00a0 \u00a0 \u00a0 400<\/td>\n<td>\u00a0 \u00a0 \u00a0 \u00a0400<\/td>\n<td>\u00a0 \u00a0 \u00a0 \u00a0 100<\/td>\n<td>\u00a0 \u00a0 \u00a0 \u00a0 \u00a0 &#8212;<\/td>\n<td>\u00a0 \u00a0 \u00a0 \u00a0 \u00a0&#8212;<\/td>\n<td>\u00a0 \u00a0 \u00a0 \u00a0 \u00a0 8,5<\/td>\n<\/tr>\n<tr style=\"height: 27px;\">\n<td><strong>\u00a0Fernbedienung<span style=\"font-size: 14pt;\">\u00a0<\/span><\/strong><\/td>\n<td><span style=\"font-size: 10pt;\">\u00a0<\/span><\/td>\n<td><\/td>\n<td><\/td>\n<td><\/td>\n<td><\/td>\n<td><\/td>\n<\/tr>\n<tr style=\"height: 24px;\">\n<td>\u00a0Cuadrado 30<\/td>\n<td>\u00a0 \u00a0 \u00a0 \u00a0 \u00a0310<\/td>\n<td>\u00a0 \u00a0 \u00a0 \u00a0 310<\/td>\n<td>\u00a0 \u00a0 \u00a0 \u00a0 100<\/td>\n<td>\u00a0 \u00a0 \u00a0 \u00a0 \u00a0 JA<\/td>\n<td>\u00a0 \u00a0 \u00a0 \u00a0 \u00a0 \u00a0JA<\/td>\n<td>\u00a0 \u00a0 \u00a0 \u00a0 \u00a015,0<\/td>\n<\/tr>\n<\/tbody>\n<\/table>\n","protected":false},"excerpt":{"rendered":"<div class=\"VwiC3b yXK7lf MUxGbd yDYNvb lyLwlc lEBKkf\"><img decoding=\"async\" class=\"alignnone size-full wp-image-49515\" src=\"https:\/\/www.ambifuego.net\/wp-content\/uploads\/2018\/04\/cuadrado-3-1_optimized-1.jpg\" alt=\"quemador cuadrado - fire pit square\" width=\"450\" height=\"374\" srcset=\"https:\/\/www.ambifuego.net\/wp-content\/uploads\/2018\/04\/cuadrado-3-1_optimized-1.jpg 450w, https:\/\/www.ambifuego.net\/wp-content\/uploads\/2018\/04\/cuadrado-3-1_optimized-1-325x270.jpg 325w\" sizes=\"(max-width: 450px) 100vw, 450px\" \/><\/div>\n<div class=\"MUxGbd wuQ4Ob WZ8Tjf\"><\/div>\n","protected":false},"featured_media":44873,"template":"","meta":[],"product_brand":[],"product_cat":[352,363],"product_tag":[],"class_list":{"0":"post-20488","1":"product","2":"type-product","3":"status-publish","4":"has-post-thumbnail","6":"product_cat-gas-kamine-oefen-heizkoerper","7":"product_cat-feuerstellen-gartenkamine-terrassenfeuer-gas","9":"first","10":"instock","11":"shipping-taxable","12":"product-type-grouped"},"_links":{"self":[{"href":"https:\/\/www.ambifuego.net\/de\/wp-json\/wp\/v2\/product\/20488","targetHints":{"allow":["GET"]}}],"collection":[{"href":"https:\/\/www.ambifuego.net\/de\/wp-json\/wp\/v2\/product"}],"about":[{"href":"https:\/\/www.ambifuego.net\/de\/wp-json\/wp\/v2\/types\/product"}],"version-history":[{"count":0,"href":"https:\/\/www.ambifuego.net\/de\/wp-json\/wp\/v2\/product\/20488\/revisions"}],"wp:featuredmedia":[{"embeddable":true,"href":"https:\/\/www.ambifuego.net\/de\/wp-json\/wp\/v2\/media\/44873"}],"wp:attachment":[{"href":"https:\/\/www.ambifuego.net\/de\/wp-json\/wp\/v2\/media?parent=20488"}],"wp:term":[{"taxonomy":"product_brand","embeddable":true,"href":"https:\/\/www.ambifuego.net\/de\/wp-json\/wp\/v2\/product_brand?post=20488"},{"taxonomy":"product_cat","embeddable":true,"href":"https:\/\/www.ambifuego.net\/de\/wp-json\/wp\/v2\/product_cat?post=20488"},{"taxonomy":"product_tag","embeddable":true,"href":"https:\/\/www.ambifuego.net\/de\/wp-json\/wp\/v2\/product_tag?post=20488"}],"curies":[{"name":"wp","href":"https:\/\/api.w.org\/{rel}","templated":true}]}}