{"id":19869,"date":"2018-03-20T11:48:50","date_gmt":"2018-03-20T11:48:50","guid":{"rendered":"https:\/\/www.ambifuego.net\/xtempx\/producto\/grill-schubladeg\/"},"modified":"2026-04-07T16:03:28","modified_gmt":"2026-04-07T14:03:28","slug":"grill-schublade","status":"publish","type":"product","link":"https:\/\/www.ambifuego.net\/de\/producto\/grill-schublade\/","title":{"rendered":"Grill Schublade"},"content":{"rendered":"<ul>\n<li><span style=\"font-family: verdana, geneva, sans-serif;\">K\u00fcchenschlubladen Edelstah Grill &#8211; Doppel oder Dreifach<\/span><\/li>\n<li><span style=\"font-family: verdana, geneva, sans-serif;\">Edelstahl Doppel-Schublade f\u00fcr Aussenk\u00fcche BBQ.<\/span><\/li>\n<li><span style=\"font-family: verdana, geneva, sans-serif;\">Edelstah Dreifach-Schublade f\u00fcr Outdoor K\u00fcchen.<\/span><\/li>\n<li><span style=\"font-family: verdana, geneva, sans-serif;\">Outdoor &#8211; Indoor K\u00fcchenschlubladen Edelstahl<\/span><\/li>\n<li><span style=\"font-family: verdana, geneva, sans-serif;\">Einfach zu montieren.<\/span><\/li>\n<li><span style=\"font-family: verdana, geneva, sans-serif;\">Bietet viel Stauraum, damit Sie alles ordentlich aufbewahren k\u00f6nnen.<\/span><\/li>\n<li><span style=\"font-family: verdana, geneva, sans-serif;\">Hochwertiger und robustem Edelstahl.\u00a0<\/span><\/li>\n<li><span style=\"font-family: verdana, geneva, sans-serif;\">Leise Gleitschienen<\/span><\/li>\n<li><span style=\"font-family: verdana, geneva, sans-serif;\">Vielseitig einsetzbar, Ihnnen- und Aussenk\u00fcchen.\u00a0<\/span><\/li>\n<li><span style=\"font-family: verdana, geneva, sans-serif;\">Bittet ausreichend Platz f\u00fcr K\u00fcchenutensillien; Gabel, Geschir, L\u00f6ffel&#8230;<\/span><\/li>\n<li><span style=\"font-family: verdana, geneva, sans-serif;\">3er Schublade aus Edelstahlgus.<\/span><\/li>\n<li><span style=\"font-family: verdana, geneva, sans-serif;\">Ausschnitt: 56,5 x 6,4 x 44 cm.<\/span><\/li>\n<li><span style=\"font-family: verdana, geneva, sans-serif;\">Mit drei gew\u00f6lbten Edelstahl-Griffen.<\/span><\/li>\n<li><span style=\"font-family: verdana, geneva, sans-serif;\">Ideal zum Kombinieren mit anderen Grill-Zubeh\u00f6ren<\/span><\/li>\n<li><span style=\"font-family: verdana, geneva, sans-serif;\"><a href=\"http:\/\/www.ambifuego.net\/wp-content\/uploads\/2024\/05\/30-05-24-bbq.ptda-ambigrill-compressed.pdf\" target=\"_blank\" rel=\"noopener\">Cat\u00e1logo<\/a><\/span><\/li>\n<li><span style=\"font-family: verdana, geneva, sans-serif;\"><a href=\"https:\/\/www.instagram.com\/ambifuegosur\/\" target=\"_blank\" rel=\"noopener\">Beispiel<\/a><\/span><\/li>\n<\/ul>\n","protected":false},"excerpt":{"rendered":"<p><span style=\"font-family: verdana, geneva, sans-serif;\">Outdoor K\u00fcchenschubladen im Kastenrahmenstill. Schubladen einfach zu montieren und bieten viel Stauram, damit sie alles ordentlich aufbewahren k\u00f6nnen. K\u00fcche sauber und ordenblich.<\/span><\/p>\n<p>&nbsp;<\/p>\n","protected":false},"featured_media":83949,"template":"","meta":[],"product_brand":[],"product_cat":[366],"product_tag":[],"class_list":{"0":"post-19869","1":"product","2":"type-product","3":"status-publish","4":"has-post-thumbnail","6":"product_cat-zubehor","8":"first","9":"instock","10":"shipping-taxable","11":"product-type-simple"},"_links":{"self":[{"href":"https:\/\/www.ambifuego.net\/de\/wp-json\/wp\/v2\/product\/19869","targetHints":{"allow":["GET"]}}],"collection":[{"href":"https:\/\/www.ambifuego.net\/de\/wp-json\/wp\/v2\/product"}],"about":[{"href":"https:\/\/www.ambifuego.net\/de\/wp-json\/wp\/v2\/types\/product"}],"version-history":[{"count":2,"href":"https:\/\/www.ambifuego.net\/de\/wp-json\/wp\/v2\/product\/19869\/revisions"}],"predecessor-version":[{"id":83950,"href":"https:\/\/www.ambifuego.net\/de\/wp-json\/wp\/v2\/product\/19869\/revisions\/83950"}],"wp:featuredmedia":[{"embeddable":true,"href":"https:\/\/www.ambifuego.net\/de\/wp-json\/wp\/v2\/media\/83949"}],"wp:attachment":[{"href":"https:\/\/www.ambifuego.net\/de\/wp-json\/wp\/v2\/media?parent=19869"}],"wp:term":[{"taxonomy":"product_brand","embeddable":true,"href":"https:\/\/www.ambifuego.net\/de\/wp-json\/wp\/v2\/product_brand?post=19869"},{"taxonomy":"product_cat","embeddable":true,"href":"https:\/\/www.ambifuego.net\/de\/wp-json\/wp\/v2\/product_cat?post=19869"},{"taxonomy":"product_tag","embeddable":true,"href":"https:\/\/www.ambifuego.net\/de\/wp-json\/wp\/v2\/product_tag?post=19869"}],"curies":[{"name":"wp","href":"https:\/\/api.w.org\/{rel}","templated":true}]}}