{"id":18651,"date":"2018-02-02T15:56:52","date_gmt":"2018-02-02T15:56:52","guid":{"rendered":"https:\/\/www.ambifuego.net\/xtempx\/producto\/estufa-electrica\/"},"modified":"2024-01-02T16:01:13","modified_gmt":"2024-01-02T15:01:13","slug":"elektrokamin-freistehend-modern-3seitig","status":"publish","type":"product","link":"https:\/\/www.ambifuego.net\/de\/producto\/elektrokamin-freistehend-modern-3seitig\/","title":{"rendered":"BANNF"},"content":{"rendered":"<p style=\"text-align: justify;\"><span style=\"font-family: verdana, geneva, sans-serif;\">Elektrokamin freistehend modern 3seitig von Evonic Fires. <\/span><span style=\"font-family: verdana, geneva, sans-serif;\">Mit diesem elektrischen Kamin von Evonic Fires k\u00f6nnen Sie Gem\u00fctlichkeit ohne Feuer und Brandgefahr schaffen.\u00a0<\/span><\/p>\n<p style=\"text-align: justify;\"><span style=\"font-family: verdana, geneva, sans-serif;\">Ein Kamin erscheint als zentrales Gestaltungselement im Haus und die Flammen, dieses Elektrokamin, sind unglaublich authentisch. <\/span><span style=\"font-family: verdana, geneva, sans-serif;\">Ein Elektrokamin als zentrales Element im Haus versammelt Haushalt und G\u00e4ste um das spektakul\u00e4re Flammenbild, das sowohl Gem\u00fctlichkeit als auch Ruhe schafft.<\/span><\/p>\n<p style=\"text-align: justify;\"><span style=\"font-family: verdana, geneva, sans-serif;\">Die Auswahl an Elektrokaminen ist gro\u00df und einige k\u00f6nnen sogar zeitgesteuert und an die gew\u00fcnschte Flammenfarbe angepasst werden. Schauen Sie sich also nach genau dem Design um, das in Ihre Umgebung passt \u2013 und wenn Sie Ihre Meinung \u00fcber den Standort in Ihrem Zuhause \u00e4ndern, ist es abnehmbar<\/span><\/p>\n<p style=\"text-align: justify;\"><span style=\"font-family: verdana, geneva, sans-serif;\">Der Vorteil von LED-Kaminen ist, dass sie sowohl als kleine W\u00e4rmequelle als auch als Dekoration verwendet werden k\u00f6nnen.<\/span><\/p>\n<p style=\"text-align: justify;\"><span style=\"font-family: verdana, geneva, sans-serif;\">Britische, elektrische Kamine sind von hoher Qualit\u00e4t und mit der fortschrittlichsten Technologie. Evonic Fires ist ein vielfach ausgezeichneter Hersteller von Elektrokaminen mit seinem Hauptsitz in der N\u00e4he von Stratford-upon-Avon und produziert die intelligentesten elektrischen Kamine der Branche. Die Elektrokamine sind vollst\u00e4ndig in die Evonic Fires App integriert. Diese App kann im Apple App Store oder bei Google Play herunter geladen werden.<\/span><\/p>\n<h2 style=\"text-align: left;\"><span style=\"font-family: verdana, geneva, sans-serif; font-size: 12pt;\">Ein modern Elektrokamin freistehend 3Seitig mit energiesparenden LED-Flammenbilder.<\/span><\/h2>\n<p style=\"text-align: justify;\"><span style=\"font-family: verdana, geneva, sans-serif;\">Dieser preisgekr\u00f6nte Flammeneffekt nennt sich evoflame\u00ae und ist in den meisten Elektrokaminen integriert.<\/span><\/p>\n<p style=\"text-align: justify;\"><span style=\"font-family: verdana, geneva, sans-serif;\">Ein elektrischer Kamin von Evonic Fires wird von verschiedenen Betriebssystemen angetrieben. Sie verf\u00fcgen beispielsweise \u00fcber einen E-Touch Controller, der verwendet werden kann, wenn Sie den Elektro Kamin nicht \u00fcber Ihr Smartphone oder Tablet steuern m\u00f6chten. Sie k\u00f6nnen \u00fcber Ihre Fernbedienung oder Ihr Handy die Flammen einstellen, die Heizung ein- und ausschalten und auch die Temperatur regeln. Es ist auch m\u00f6glich, das Ger\u00e4t mit einer 7 Tage Timerfunktion einzustellen.<\/span><\/p>\n<ul>\n<li><span style=\"font-family: verdana, geneva, sans-serif;\">Elektrokamin freitehend<\/span><\/li>\n<li><span style=\"font-family: verdana, geneva, sans-serif;\">Made in Europe<\/span><\/li>\n<li><span style=\"font-family: verdana, geneva, sans-serif;\">3 Feuersicht-Seiten<\/span><\/li>\n<li><span style=\"font-family: verdana, geneva, sans-serif;\">Material Stahl<\/span><\/li>\n<li><span style=\"font-family: verdana, geneva, sans-serif;\">Netto Leistung 1 &#8211; 2 kW<\/span><\/li>\n<li><span style=\"font-family: verdana, geneva, sans-serif;\">Farben schwarz &#8211; creme<\/span><\/li>\n<li><span style=\"font-family: verdana, geneva, sans-serif;\">Keramik Holzst\u00fccke<\/span><\/li>\n<li><span style=\"font-family: verdana, geneva, sans-serif;\">Fernbedienung \/ APP<\/span><\/li>\n<li><span style=\"font-family: verdana, geneva, sans-serif;\">Hohe 680 &#8211; Tiefe 35 &#8211; Breite 460 mm<\/span><\/li>\n<li><span style=\"font-family: verdana, geneva, sans-serif;\"><a href=\"https:\/\/www.ambifuego.net\/wp-content\/uploads\/2023\/10\/20-10-23-cat.general-comprimido.pdf\" target=\"_blank\" rel=\"noopener\">Katalog<\/a> <\/span><\/li>\n<li><span style=\"font-family: verdana, geneva, sans-serif;\">Preis auf <a href=\"https:\/\/www.ambifuego.net\/de\/kontakt\/\" target=\"_blank\" rel=\"noopener\">Anfrage<\/a><\/span><\/li>\n<\/ul>\n","protected":false},"excerpt":{"rendered":"<p><img fetchpriority=\"high\" decoding=\"async\" class=\"alignnone size-full wp-image-56848\" src=\"https:\/\/www.ambifuego.net\/wp-content\/uploads\/2022\/09\/estufa-evonic-banff-copia_optimized.jpg\" alt=\"\" width=\"380\" height=\"459\" srcset=\"https:\/\/www.ambifuego.net\/wp-content\/uploads\/2022\/09\/estufa-evonic-banff-copia_optimized.jpg 380w, https:\/\/www.ambifuego.net\/wp-content\/uploads\/2022\/09\/estufa-evonic-banff-copia_optimized-224x270.jpg 224w, https:\/\/www.ambifuego.net\/wp-content\/uploads\/2022\/09\/estufa-evonic-banff-copia_optimized-363x439.jpg 363w\" sizes=\"(max-width: 380px) 100vw, 380px\" \/><\/p>\n","protected":false},"featured_media":56851,"template":"","meta":[],"product_brand":[],"product_cat":[379,406],"product_tag":[],"class_list":{"0":"post-18651","1":"product","2":"type-product","3":"status-publish","4":"has-post-thumbnail","6":"product_cat-ihr-spezialist-fuer-elektrokamine","7":"product_cat-elektrokamin-freistehend-in-spanien","9":"first","10":"instock","11":"shipping-taxable","12":"product-type-simple"},"_links":{"self":[{"href":"https:\/\/www.ambifuego.net\/de\/wp-json\/wp\/v2\/product\/18651","targetHints":{"allow":["GET"]}}],"collection":[{"href":"https:\/\/www.ambifuego.net\/de\/wp-json\/wp\/v2\/product"}],"about":[{"href":"https:\/\/www.ambifuego.net\/de\/wp-json\/wp\/v2\/types\/product"}],"version-history":[{"count":0,"href":"https:\/\/www.ambifuego.net\/de\/wp-json\/wp\/v2\/product\/18651\/revisions"}],"wp:featuredmedia":[{"embeddable":true,"href":"https:\/\/www.ambifuego.net\/de\/wp-json\/wp\/v2\/media\/56851"}],"wp:attachment":[{"href":"https:\/\/www.ambifuego.net\/de\/wp-json\/wp\/v2\/media?parent=18651"}],"wp:term":[{"taxonomy":"product_brand","embeddable":true,"href":"https:\/\/www.ambifuego.net\/de\/wp-json\/wp\/v2\/product_brand?post=18651"},{"taxonomy":"product_cat","embeddable":true,"href":"https:\/\/www.ambifuego.net\/de\/wp-json\/wp\/v2\/product_cat?post=18651"},{"taxonomy":"product_tag","embeddable":true,"href":"https:\/\/www.ambifuego.net\/de\/wp-json\/wp\/v2\/product_tag?post=18651"}],"curies":[{"name":"wp","href":"https:\/\/api.w.org\/{rel}","templated":true}]}}