{"id":17940,"date":"2017-12-15T18:47:36","date_gmt":"2017-12-15T18:47:36","guid":{"rendered":"https:\/\/www.ambifuego.net\/xtempx\/web17\/producto\/zaragoza\/"},"modified":"2023-10-18T14:27:35","modified_gmt":"2023-10-18T12:27:35","slug":"zaragoza","status":"publish","type":"product","link":"https:\/\/www.ambifuego.net\/de\/producto\/zaragoza\/","title":{"rendered":"ZARAGOZA"},"content":{"rendered":"<p><img fetchpriority=\"high\" decoding=\"async\" class=\"alignnone wp-image-24943\" src=\"https:\/\/www.ambifuego.net\/wp-content\/uploads\/2017\/12\/zaragoza-plano.jpg\" alt=\"\" width=\"400\" height=\"400\" srcset=\"https:\/\/www.ambifuego.net\/wp-content\/uploads\/2017\/12\/zaragoza-plano.jpg 450w, https:\/\/www.ambifuego.net\/wp-content\/uploads\/2017\/12\/zaragoza-plano-100x100.jpg 100w\" sizes=\"(max-width: 400px) 100vw, 400px\" \/><\/p>\n<p>Zaragoza<\/p>\n","protected":false},"excerpt":{"rendered":"<ul>\n<li><span id=\"result_box\" class=\"\" lang=\"de\"><span class=\"\">Gewicht: 91 kg<\/span><br \/>\n<\/span><\/li>\n<li><span id=\"result_box\" class=\"\" lang=\"de\"><span class=\"\">Regelbereich: 2,5 \u00f7 7,5 kW<\/span><br \/>\n<\/span><\/li>\n<li><span id=\"result_box\" class=\"\" lang=\"de\"><span class=\"\">W\u00e4rmekapazit\u00e4t: 48 \u00f7 124 m<\/span><br \/>\n<\/span><\/li>\n<li><span id=\"result_box\" class=\"\" lang=\"de\"><span class=\"\">Rauchausgabe: Oben<\/span><br \/>\n<\/span><\/li>\n<li><span id=\"result_box\" class=\"\" lang=\"de\"><span class=\"\">Brennstoff: Holz, Briketts<\/span><br \/>\n<\/span><span id=\"result_box\" class=\"\" lang=\"de\"><br \/>\n<\/span><\/li>\n<\/ul>\n","protected":false},"featured_media":38680,"template":"","meta":[],"product_brand":[],"product_cat":[370,403],"product_tag":[],"class_list":{"0":"post-17940","1":"product","2":"type-product","3":"status-publish","4":"has-post-thumbnail","6":"product_cat-holzkamin-holzofen-fuer-atmosphaere","7":"product_cat-runde-holzofen","9":"first","10":"instock","11":"shipping-taxable","12":"product-type-simple"},"_links":{"self":[{"href":"https:\/\/www.ambifuego.net\/de\/wp-json\/wp\/v2\/product\/17940","targetHints":{"allow":["GET"]}}],"collection":[{"href":"https:\/\/www.ambifuego.net\/de\/wp-json\/wp\/v2\/product"}],"about":[{"href":"https:\/\/www.ambifuego.net\/de\/wp-json\/wp\/v2\/types\/product"}],"version-history":[{"count":0,"href":"https:\/\/www.ambifuego.net\/de\/wp-json\/wp\/v2\/product\/17940\/revisions"}],"wp:featuredmedia":[{"embeddable":true,"href":"https:\/\/www.ambifuego.net\/de\/wp-json\/wp\/v2\/media\/38680"}],"wp:attachment":[{"href":"https:\/\/www.ambifuego.net\/de\/wp-json\/wp\/v2\/media?parent=17940"}],"wp:term":[{"taxonomy":"product_brand","embeddable":true,"href":"https:\/\/www.ambifuego.net\/de\/wp-json\/wp\/v2\/product_brand?post=17940"},{"taxonomy":"product_cat","embeddable":true,"href":"https:\/\/www.ambifuego.net\/de\/wp-json\/wp\/v2\/product_cat?post=17940"},{"taxonomy":"product_tag","embeddable":true,"href":"https:\/\/www.ambifuego.net\/de\/wp-json\/wp\/v2\/product_tag?post=17940"}],"curies":[{"name":"wp","href":"https:\/\/api.w.org\/{rel}","templated":true}]}}