{"id":17936,"date":"2017-12-15T18:43:47","date_gmt":"2017-12-15T18:43:47","guid":{"rendered":"https:\/\/www.ambifuego.net\/xtempx\/web17\/producto\/toledo\/"},"modified":"2023-10-19T16:01:26","modified_gmt":"2023-10-19T14:01:26","slug":"kaminofen-oval-halbrunder-sichtscheibe","status":"publish","type":"product","link":"https:\/\/www.ambifuego.net\/de\/producto\/kaminofen-oval-halbrunder-sichtscheibe\/","title":{"rendered":"OVAL KAMIN"},"content":{"rendered":"<p>&nbsp;<\/p>\n<p><span style=\"font-size: 14pt;\">Kaminofen oval halbrunder Sichtscheibe. <\/span><span style=\"font-family: verdana, geneva, sans-serif;\">Der freistehende Holzkaminofen Oval\u00a0mit halbrunder Sichtscheibe vermittelt ein einzigartiges Gef\u00fchl von Gem\u00fctlichkeit und W\u00e4rme. Die kompakte und zeitlose Stahlverkleidung des Kaminofens ist auf Innenr\u00e4ume mit starkem Charakter und einzigartigem <a href=\"https:\/\/www.ambifuego.net\/articulos\/chimeneas-y-estufas-de-lena\/chimeneas-estufas-de-disenos\/\">Design<\/a> ausgerichtet.\u00a0<\/span><!--more--><\/p>\n<h2 class=\"Standard\" style=\"text-align: justify;\"><span style=\"font-family: verdana, geneva, sans-serif; font-size: 14pt;\">Beschreibung kaminofen oval halbrunder Sichtscheibe<\/span><\/h2>\n<ul>\n<li style=\"text-align: justify;\"><span style=\"font-family: verdana, geneva, sans-serif;\">Ein besondere s Flammenbild<\/span><\/li>\n<li style=\"text-align: justify;\"><span style=\"font-family: verdana, geneva, sans-serif;\">Moderne Glaskeramikscheibe mit Siebdruck<\/span><\/li>\n<li style=\"text-align: justify;\"><span style=\"font-family: verdana, geneva, sans-serif;\">Gew\u00f6lbte Sichtscheibe<\/span><\/li>\n<li style=\"text-align: justify;\"><span style=\"font-family: verdana, geneva, sans-serif;\">Modernes Design<\/span><\/li>\n<li style=\"text-align: justify;\"><span style=\"font-family: verdana, geneva, sans-serif;\">Feuerraumauskleidung aus feuerfester hochwertiger Betonkeramik<\/span><\/li>\n<li style=\"text-align: justify;\"><span style=\"font-family: verdana, geneva, sans-serif;\">Drei Ausf\u00fchrungen erh\u00e4ltlich: Basic, Top und Box<\/span><\/li>\n<li style=\"text-align: justify;\"><span style=\"font-family: verdana, geneva, sans-serif;\">Abgasnachverbrennungssystem<\/span><\/li>\n<li style=\"text-align: justify;\"><span style=\"font-family: verdana, geneva, sans-serif;\">Hoher Wirkungsgrad<\/span><\/li>\n<li style=\"text-align: justify;\"><span style=\"font-family: verdana, geneva, sans-serif;\">Leistung;\u00a0 3,6 &#8211; 10,8 kW<\/span><\/li>\n<li><span style=\"font-family: verdana, geneva, sans-serif;\">Energy efficiency class; A<\/span><\/li>\n<li><span style=\"font-family: verdana, geneva, sans-serif;\">Flue diameter; 150 mm<\/span><\/li>\n<li><span style=\"font-family: verdana, geneva, sans-serif;\">Efficiency: 75,5%<\/span><\/li>\n<li><span style=\"font-family: verdana, geneva, sans-serif;\">CO emmision (13% O2): 0,09%<\/span><\/li>\n<li><span style=\"font-family: verdana, geneva, sans-serif;\">Flue gas temperature:\u00a0 310\u00b0C<\/span><\/li>\n<li><span style=\"font-family: verdana, geneva, sans-serif;\">Chimney draught: 12\u00b12 Pa<\/span><\/li>\n<li><span style=\"font-family: verdana, geneva, sans-serif;\">Maximum log length: 400 mm<\/span><\/li>\n<li><span style=\"font-family: verdana, geneva, sans-serif;\">Air intake diameter: 125 mm<\/span><\/li>\n<li><span style=\"font-family: verdana, geneva, sans-serif;\">Weight: ~176 k<\/span><\/li>\n<\/ul>\n<p>&nbsp;<\/p>\n<figure id=\"attachment_66064\" aria-describedby=\"caption-attachment-66064\" style=\"width: 835px\" class=\"wp-caption alignnone\"><img fetchpriority=\"high\" decoding=\"async\" class=\" wp-image-66064\" src=\"https:\/\/www.ambifuego.net\/wp-content\/uploads\/2017\/12\/oval_optimized.jpg\" alt=\"estufa de le\u00f1a oval medidas\" width=\"835\" height=\"557\" srcset=\"https:\/\/www.ambifuego.net\/wp-content\/uploads\/2017\/12\/oval_optimized.jpg 1200w, https:\/\/www.ambifuego.net\/wp-content\/uploads\/2017\/12\/oval_optimized-768x512.jpg 768w, https:\/\/www.ambifuego.net\/wp-content\/uploads\/2017\/12\/oval_optimized-480x320.jpg 480w, https:\/\/www.ambifuego.net\/wp-content\/uploads\/2017\/12\/oval_optimized-405x270.jpg 405w, https:\/\/www.ambifuego.net\/wp-content\/uploads\/2017\/12\/oval_optimized-780x520.jpg 780w, https:\/\/www.ambifuego.net\/wp-content\/uploads\/2017\/12\/oval_optimized-659x439.jpg 659w, https:\/\/www.ambifuego.net\/wp-content\/uploads\/2017\/12\/oval_optimized-1013x675.jpg 1013w, https:\/\/www.ambifuego.net\/wp-content\/uploads\/2017\/12\/oval_optimized-880x587.jpg 880w, https:\/\/www.ambifuego.net\/wp-content\/uploads\/2017\/12\/oval_optimized-800x533.jpg 800w\" sizes=\"(max-width: 835px) 100vw, 835px\" \/><figcaption id=\"caption-attachment-66064\" class=\"wp-caption-text\">estufa de le\u00f1a oval medidas<\/figcaption><\/figure>\n","protected":false},"excerpt":{"rendered":"[caption id=\"attachment_66061\" align=\"alignnone\" width=\"572\"]<img decoding=\"async\" class=\"wp-image-66061 size-full\" src=\"https:\/\/www.ambifuego.net\/wp-content\/uploads\/2017\/12\/defro7-copia.jpg\" alt=\"kaminofen oval halbrunder Sichtscheibe\" width=\"572\" height=\"322\" srcset=\"https:\/\/www.ambifuego.net\/wp-content\/uploads\/2017\/12\/defro7-copia.jpg 572w, https:\/\/www.ambifuego.net\/wp-content\/uploads\/2017\/12\/defro7-copia-480x270.jpg 480w\" sizes=\"(max-width: 572px) 100vw, 572px\" \/> kaminofen oval halbrunder Sichtscheibe[\/caption]\n","protected":false},"featured_media":66057,"template":"","meta":[],"product_brand":[],"product_cat":[370,403],"product_tag":[],"class_list":{"0":"post-17936","1":"product","2":"type-product","3":"status-publish","4":"has-post-thumbnail","6":"product_cat-holzkamin-holzofen-fuer-atmosphaere","7":"product_cat-runde-holzofen","9":"first","10":"instock","11":"shipping-taxable","12":"product-type-simple"},"_links":{"self":[{"href":"https:\/\/www.ambifuego.net\/de\/wp-json\/wp\/v2\/product\/17936","targetHints":{"allow":["GET"]}}],"collection":[{"href":"https:\/\/www.ambifuego.net\/de\/wp-json\/wp\/v2\/product"}],"about":[{"href":"https:\/\/www.ambifuego.net\/de\/wp-json\/wp\/v2\/types\/product"}],"version-history":[{"count":0,"href":"https:\/\/www.ambifuego.net\/de\/wp-json\/wp\/v2\/product\/17936\/revisions"}],"wp:featuredmedia":[{"embeddable":true,"href":"https:\/\/www.ambifuego.net\/de\/wp-json\/wp\/v2\/media\/66057"}],"wp:attachment":[{"href":"https:\/\/www.ambifuego.net\/de\/wp-json\/wp\/v2\/media?parent=17936"}],"wp:term":[{"taxonomy":"product_brand","embeddable":true,"href":"https:\/\/www.ambifuego.net\/de\/wp-json\/wp\/v2\/product_brand?post=17936"},{"taxonomy":"product_cat","embeddable":true,"href":"https:\/\/www.ambifuego.net\/de\/wp-json\/wp\/v2\/product_cat?post=17936"},{"taxonomy":"product_tag","embeddable":true,"href":"https:\/\/www.ambifuego.net\/de\/wp-json\/wp\/v2\/product_tag?post=17936"}],"curies":[{"name":"wp","href":"https:\/\/api.w.org\/{rel}","templated":true}]}}