{"id":17779,"date":"2017-09-26T20:39:34","date_gmt":"2017-09-26T20:39:34","guid":{"rendered":"https:\/\/www.ambifuego.net\/xtempx\/web17\/producto\/esse-ol-herd\/"},"modified":"2024-05-15T16:05:12","modified_gmt":"2024-05-15T14:05:12","slug":"outdoor-aussen-kamin-grill","status":"publish","type":"product","link":"https:\/\/www.ambifuego.net\/de\/producto\/outdoor-aussen-kamin-grill\/","title":{"rendered":"OUTDOOR-KAMIN-GRILL"},"content":{"rendered":"<p style=\"text-align: justify;\">Hier ist er, unser neuer Outdoor- Aussen &#8211; Kamin &#8211; Grill Ofen!<\/p>\n<p style=\"text-align: justify;\">\u00a0Ein vielseitiges Produkt f\u00fcr Ihren Garten, die Terrasse oder einem Platz im Freien. Bestens geeignet, um mit ihm zu grillen, zu kochen oder sich zu w\u00e4rmen. Fahrbar und mit Schornstein sorgt dieser solide \u201eStove&#8220; f\u00fcr wohlige W\u00e4rme bis zu einer Umgebung von drei Metern. Mit diesem<a href=\"https:\/\/www.youtube.com\/watch?v=AsITX2VtyMw&amp;ab_channel=ESSECookers%26Stoves\"> Garten Kamin-Grill <\/a>sind entspannte Stunden im Freien garantier<\/p>\n<h2 style=\"text-align: justify;\"><strong><span style=\"font-size: 12pt;\">Der Garten &#8211; Aussen &#8211; Grill-Kamin, f\u00fcr feste Brennstoffe<\/span><span style=\"font-size: 12pt;\"> Heizen, Grillen<\/span><span style=\"font-size: 12pt;\"> und Kochen im Freien<\/span><\/strong><\/h2>\n<p style=\"text-align: justify;\"><span style=\"font-family: verdana, geneva, sans-serif;\">Esse ist Englands \u00e4lterster Hersteller von Landhausherden und \u00d6fen. Tradition sowie die Erfahrung und die st\u00e4ndige Weiterenwicklung der Produktpalette macht die ESSE Produkte so unvergleichlich. Wenn Sie sich also f\u00fcr ein ESSE Produkt entscheiden, erhalten Sie eine au\u00dfergew\u00f6hnliche Kombination aus Tradition, Innovation und Solidit\u00e4t.<\/span><\/p>\n<p style=\"text-align: justify;\"><span style=\"font-family: verdana, geneva, sans-serif;\"><a href=\"https:\/\/www.ambifuego.net\/wp-content\/uploads\/2022\/03\/garden-stove-instructions_compressed.pdf\">Der ESSE Outdoor<\/a>&#8211; Aussen &#8211; Kamin &#8211; Grill\u00a0 Ofen verbindet hohe Fertigungsqualit\u00e4t mit absoluter Solidit\u00e4t und vielseitiger Anwendbarkeit. Er ist bestens geeignet, um auf ihm zu grillen, zu kochen oder sich von ihm w\u00e4rmen zu lassen. Mit der im Lieferumfang enthaltenen Transporthilfe positionieren Sie diesen Ofen an Orten Ihrer Wahl &#8211; nat\u00fcrlich nur im Freien. Zwei mitgelieferte Rauchrohre lassen sich einfach und ohne Werkzeug montieren, die Gesamtl\u00e4nge betr\u00e4gt 1,5 Meter welche Sie optional verl\u00e4ngerbar sind.<\/span><\/p>\n<p style=\"text-align: justify;\"><span style=\"font-family: verdana, geneva, sans-serif;\">Die aufklappbare Kochplatte des\u00a0 Outdoor- Kamin &#8211; Grill, bietet genug Platz um mit einer gro\u00dfen Pfanne oder bis zu drei T\u00f6pfen zu kochen. Die Heizleistung des Ofens erm\u00f6glicht viele Arten des Kochens. Unter der Kochplatte befindet sich ein Grillrost auf dem bequem alle Arten von Grillgut zubereitet werden k\u00f6nnen. Die Vielseitigkeit dieses Ofen machen ihn zu zu einem kleinen Multitalent im Outdoor-Bereich. Ob auf der Terrasse, im Garten oder an einem anderen Ort sind entspannte Stunden im gem\u00fctlichen Ambiente garantiert. Ein Schornstein ist nicht erforderlich.<\/span><\/p>\n<p><span style=\"font-size: 12pt; font-family: verdana, geneva, sans-serif;\">Outdoor-Aussen-Kamin-Grill &#8211; Daten<\/span><br \/>\n<span style=\"font-family: verdana, geneva, sans-serif;\">Scheitl\u00e4nge: max. 360 mm<\/span><br \/>\n<span style=\"font-family: verdana, geneva, sans-serif;\">Heizleistung: ca. 3-5 kW\/h<\/span><br \/>\n<span style=\"font-family: verdana, geneva, sans-serif;\">Kochstelle: B 380 x T 300 mm<\/span><br \/>\n<span style=\"font-family: verdana, geneva, sans-serif;\">Grill: B 360 x T 300 mm<\/span><br \/>\n<span style=\"font-family: verdana, geneva, sans-serif;\">Rauchrohranschluss: 125 mm<\/span><br \/>\n<span style=\"font-family: verdana, geneva, sans-serif;\">Rauchrohre: 500 + 1000 mm<\/span><br \/>\n<span style=\"font-family: verdana, geneva, sans-serif;\">Farbe: matt schwarz<\/span><br \/>\n<span style=\"font-family: verdana, geneva, sans-serif;\">Transport: Rahmen mit Rollen<\/span><br \/>\n<span style=\"font-family: verdana, geneva, sans-serif;\">Verwendung: nur im Freien<\/span><\/p>\n<figure id=\"attachment_50065\" aria-describedby=\"caption-attachment-50065\" style=\"width: 400px\" class=\"wp-caption alignnone\"><img fetchpriority=\"high\" decoding=\"async\" class=\"size-full wp-image-50065\" src=\"https:\/\/www.ambifuego.net\/wp-content\/uploads\/2017\/09\/esse-dimensiones_optimized.jpg\" alt=\"dimensiones-Estufa -barbacoa-jardin-portable\" width=\"400\" height=\"316\" srcset=\"https:\/\/www.ambifuego.net\/wp-content\/uploads\/2017\/09\/esse-dimensiones_optimized.jpg 400w, https:\/\/www.ambifuego.net\/wp-content\/uploads\/2017\/09\/esse-dimensiones_optimized-342x270.jpg 342w\" sizes=\"(max-width: 400px) 100vw, 400px\" \/><figcaption id=\"caption-attachment-50065\" class=\"wp-caption-text\">Estufa -barbacoa-jard\u00edn-portable<\/figcaption><\/figure>\n","protected":false},"excerpt":{"rendered":"[caption id=\"attachment_50070\" align=\"alignnone\" width=\"440\"]<img decoding=\"async\" class=\"wp-image-50070 size-full\" src=\"https:\/\/www.ambifuego.net\/wp-content\/uploads\/2017\/09\/gs_food_1_optimized.jpg\" alt=\"Estufa -barbacoa-jardin-portable food barbacoa - Outdoor - Aussen - Kamin - Grill\" width=\"440\" height=\"440\" srcset=\"https:\/\/www.ambifuego.net\/wp-content\/uploads\/2017\/09\/gs_food_1_optimized.jpg 440w, https:\/\/www.ambifuego.net\/wp-content\/uploads\/2017\/09\/gs_food_1_optimized-150x150.jpg 150w, https:\/\/www.ambifuego.net\/wp-content\/uploads\/2017\/09\/gs_food_1_optimized-270x270.jpg 270w, https:\/\/www.ambifuego.net\/wp-content\/uploads\/2017\/09\/gs_food_1_optimized-388x388.jpg 388w, https:\/\/www.ambifuego.net\/wp-content\/uploads\/2017\/09\/gs_food_1_optimized-40x40.jpg 40w, https:\/\/www.ambifuego.net\/wp-content\/uploads\/2017\/09\/gs_food_1_optimized-100x100.jpg 100w\" sizes=\"(max-width: 440px) 100vw, 440px\" \/> Outdoor &#8211; Aussen &#8211; Kamin &#8211; Grill[\/caption]\n<p>\u00a0<\/p>\n","protected":false},"featured_media":79956,"template":"","meta":[],"product_brand":[],"product_cat":[371],"product_tag":[],"class_list":{"0":"post-17779","1":"product","2":"type-product","3":"status-publish","4":"has-post-thumbnail","6":"product_cat-gartenfeuer-holz","8":"first","9":"instock","10":"shipping-taxable","11":"product-type-simple"},"_links":{"self":[{"href":"https:\/\/www.ambifuego.net\/de\/wp-json\/wp\/v2\/product\/17779","targetHints":{"allow":["GET"]}}],"collection":[{"href":"https:\/\/www.ambifuego.net\/de\/wp-json\/wp\/v2\/product"}],"about":[{"href":"https:\/\/www.ambifuego.net\/de\/wp-json\/wp\/v2\/types\/product"}],"version-history":[{"count":0,"href":"https:\/\/www.ambifuego.net\/de\/wp-json\/wp\/v2\/product\/17779\/revisions"}],"wp:featuredmedia":[{"embeddable":true,"href":"https:\/\/www.ambifuego.net\/de\/wp-json\/wp\/v2\/media\/79956"}],"wp:attachment":[{"href":"https:\/\/www.ambifuego.net\/de\/wp-json\/wp\/v2\/media?parent=17779"}],"wp:term":[{"taxonomy":"product_brand","embeddable":true,"href":"https:\/\/www.ambifuego.net\/de\/wp-json\/wp\/v2\/product_brand?post=17779"},{"taxonomy":"product_cat","embeddable":true,"href":"https:\/\/www.ambifuego.net\/de\/wp-json\/wp\/v2\/product_cat?post=17779"},{"taxonomy":"product_tag","embeddable":true,"href":"https:\/\/www.ambifuego.net\/de\/wp-json\/wp\/v2\/product_tag?post=17779"}],"curies":[{"name":"wp","href":"https:\/\/api.w.org\/{rel}","templated":true}]}}