{"id":17776,"date":"2017-09-26T20:32:42","date_gmt":"2017-09-26T20:32:42","guid":{"rendered":"https:\/\/www.ambifuego.net\/xtempx\/web17\/producto\/der-esse-ironheart\/"},"modified":"2023-10-20T14:24:21","modified_gmt":"2023-10-20T12:24:21","slug":"tradition-landhausherd-und-ofen","status":"publish","type":"product","link":"https:\/\/www.ambifuego.net\/de\/producto\/tradition-landhausherd-und-ofen\/","title":{"rendered":"IRONHEARTH"},"content":{"rendered":"<p style=\"text-align: justify;\"><span style=\"font-family: verdana, geneva, sans-serif;\">Tradition Landhausherd und Ofen von der <a href=\"https:\/\/www.esse.com\/wood-fired-cook-stoves\/\">Hersteller Esse,<\/a> Englands \u00e4lterster Hersteller von Landhausherden und \u00d6fen. Wenn Sie sich also f\u00fcr diese ESSE Herd Produkt entscheiden, erhalten Sie eine au\u00dfergew\u00f6hnliche Kombination aus Tradition, Innovation und Solidit\u00e4t. Ironheart ist ein Landhausherde aus Gusseisen, die Oberfl\u00e4chen sind emailliert. Ausserdem\u00a0ist er ein reiner Koch- und Heizherd der mit Holz oder Kohle verwendet wird. <\/span><\/p>\n<h2 style=\"text-align: justify;\"><span style=\"font-family: verdana, geneva, sans-serif; font-size: 12pt;\"><strong>Der Heizofen mit Kochfunktion Esse Ironheart , tradition Landhausherd<\/strong><\/span><\/h2>\n<p style=\"text-align: justify;\"><span style=\"font-family: verdana, geneva, sans-serif;\">Dieser Modell dient vornehmlich der Raumheizung durch angenehme, vohltuende Strahlungsw\u00e4rme, bietet jedoch gleichzeitig Koch- und Backfunktionen. Fronten \/ Korpus aus Gu\u00df-Stahl, emailliert, 2 seitlich \u00f6ffnende T\u00fcren eins mit Fenster.<\/span><\/p>\n<p style=\"text-align: justify;\"><span style=\"font-family: verdana, geneva, sans-serif;\">Dieser gu\u00dfeiserne Ofen dient vornehmlich der Raumheizung durch Strahlungsw\u00e4rme. <\/span><span style=\"font-family: verdana, geneva, sans-serif;\">Seine Heizleistung betr\u00e4gt 6,1 kW. Mit abgelagertem Hartholz erreicht er eine Energieeffizienz von 72% (mit Kohle 70%). Die Frontscheibe der gro\u00dfen Brennkammer bietet eine gute Sicht auf das Holz- oder Kohlefeuer und bleibt durch die Luftf\u00fchrung nahezu ru\u00dffrei. <\/span><\/p>\n<p style=\"text-align: justify;\"><span style=\"font-family: verdana, geneva, sans-serif;\">Der Ironheart ist als Dauerbrandofen ausgelegt und kann aufgrund seiner gro\u00dfen Brennraumkapazit\u00e4t auch \u00fcber Nacht befeuert werden. Im Gegensatz zum Woodburner wird hier das Holz auf einem Rost und nicht im Aschebett verbrannt<\/span><\/p>\n<p style=\"text-align: justify;\"><span style=\"font-family: verdana, geneva, sans-serif;\">Die \u00d6fen und Herde, zu deren \u00fcberzeugten Nutzern schon Florence Nightingale sowie die Forscher Robert F. Scott und Edward Shackleton z\u00e4hlten, werden bis heute in Handarbeit aus Eisen gegossen. Das seit den Anfangstagen des Unternehmens gebaute Modell Ironheart dient vornehmlich der Raumheizung durch angenehme, wohltuende Strahlungsw\u00e4rme, bietet jedoch gleichzeitig Koch- und Backfunktionen. Das seit 1905 gefertigte und st\u00e4ndig weiterentwickelte Modell Woodburner ist dagegen ein echter Speicherherd, bei dem die Koch- und Backfunktionen im Vordergrund stehen.<\/span><\/p>\n<p style=\"text-align: justify;\"><span style=\"font-family: verdana, geneva, sans-serif;\">Er erm\u00f6glicht durch seine wirksame Isolierung einen st\u00e4ndig betriebswarmen Herd, der nur wenig W\u00e4rme \u2013 etwa so viel wie ein normaler Radiator \u2013 nach au\u00dfen abgibt. Zudem verbinden die Esse-\u00d6fen Tradition mit moderner Ausstattung: So sind sie auch als \u00d6fen und Elektroherd verf\u00fcgbar. Dar\u00fcber hinaus k\u00f6nnen sie mit einem Thermobrennkessel kombiniert die K\u00fcche mit hei\u00dfem Wasser versorgen oder die Zentralheizung speisen.<\/span><\/p>\n<p><span style=\"font-family: verdana, geneva, sans-serif;\">Es gibt zwei Modelle: den reinen gu\u00dfeisernen Ofen und den gu\u00dfeisernen Ofen mit einem Warmwasserboiler. Gegen Aufpreis k\u00f6nnen Sie die Modelle in verschiedenen Farbvarianten bekommen.<\/span><span style=\"font-family: verdana, geneva, sans-serif;\">\u00a0<\/span><\/p>\n<h2><span style=\"font-family: verdana, geneva, sans-serif; font-size: 12pt;\">Tradition Landhausherd und Ofen und Willkommen in der Welt des besseren Kochens<\/span><\/h2>\n<p style=\"text-align: justify;\"><span style=\"font-family: verdana, geneva, sans-serif;\">Die Brennkammer des Herdes ist ger\u00e4umig und nimmt Holzscheite bis zu einer Gro\u00dfe von 45 cm x 18 cm Durchmesser auf. Die Back\u00f6fen aus Stahlguss sind selbst reinigend nach dem Prinzip der Pyrolyse (Verbrennung der Verschmutzung).<\/span><\/p>\n<p style=\"text-align: justify;\"><span style=\"font-family: verdana, geneva, sans-serif;\">Das Kochfeld besteht aus zwei runden Kochfeldern und zwei Backrohren. Diese beiden Kochstellen mit Isolierklappen sind miteinander verbunden und bis zu sechs gro\u00dfe T\u00f6pfe, Br\u00e4ter, oder Pfanne finden gleichzeitig Platz auf dem Kochfeld.<\/span><\/p>\n<p style=\"text-align: justify;\"><span style=\"font-family: verdana, geneva, sans-serif;\">Ein Aufbewahrungsfach ist im unterem Teil des Herdes zu finden. Mit der Bet\u00e4tigung der Bypass-Klappe bzw. die entsprechende Zugreduzierung ist eine constante Temperatur im Backofen zu erreichen.<\/span><\/p>\n<p>&nbsp;<\/p>\n<p style=\"text-align: justify;\"><span style=\"font-family: verdana, geneva, sans-serif;\">*<span style=\"font-size: 14pt;\">Weitere Infos &#8211; <a href=\"https:\/\/www.ambifuego.net\/wp-content\/uploads\/2022\/03\/2022-esse-ironheart-range-brochure_compressed.pdf\">Katalog<\/a>&#8211; <a href=\"https:\/\/www.youtube.com\/watch?v=ar57xEJSjPE&amp;ab_channel=PivotStove%26Heating\">Video<\/a><\/span><\/span><\/p>\n<p>&nbsp;<\/p>\n<p><img fetchpriority=\"high\" decoding=\"async\" class=\"alignnone size-full wp-image-42380\" src=\"https:\/\/www.ambifuego.net\/wp-content\/uploads\/2017\/09\/ironhearth-plano-1.jpg\" alt=\"\" width=\"749\" height=\"397\" \/><\/p>\n<p>&nbsp;<\/p>\n<p>&nbsp;<\/p>\n","protected":false},"excerpt":{"rendered":"[caption id=\"attachment_45106\" align=\"alignnone\" width=\"380\"]<img decoding=\"async\" class=\"size-full wp-image-45106\" src=\"https:\/\/www.ambifuego.net\/wp-content\/uploads\/2021\/08\/ironhearth4_optimized.jpg\" alt=\"Mejores Cocinas R\u00fasticas gran-calidad le\u00f1a ironhearth\" width=\"380\" height=\"316\" srcset=\"https:\/\/www.ambifuego.net\/wp-content\/uploads\/2021\/08\/ironhearth4_optimized.jpg 380w, https:\/\/www.ambifuego.net\/wp-content\/uploads\/2021\/08\/ironhearth4_optimized-325x270.jpg 325w\" sizes=\"(max-width: 380px) 100vw, 380px\" \/> Mejores Cocinas R\u00fasticas gran-calidad le\u00f1a ironhearth[\/caption]\n","protected":false},"featured_media":49916,"template":"","meta":[],"product_brand":[],"product_cat":[384],"product_tag":[],"class_list":{"0":"post-17776","1":"product","2":"type-product","3":"status-publish","4":"has-post-thumbnail","6":"product_cat-landhausherde-tradition-innovation-soliditaet","8":"first","9":"instock","10":"shipping-taxable","11":"product-type-simple"},"_links":{"self":[{"href":"https:\/\/www.ambifuego.net\/de\/wp-json\/wp\/v2\/product\/17776","targetHints":{"allow":["GET"]}}],"collection":[{"href":"https:\/\/www.ambifuego.net\/de\/wp-json\/wp\/v2\/product"}],"about":[{"href":"https:\/\/www.ambifuego.net\/de\/wp-json\/wp\/v2\/types\/product"}],"version-history":[{"count":0,"href":"https:\/\/www.ambifuego.net\/de\/wp-json\/wp\/v2\/product\/17776\/revisions"}],"wp:featuredmedia":[{"embeddable":true,"href":"https:\/\/www.ambifuego.net\/de\/wp-json\/wp\/v2\/media\/49916"}],"wp:attachment":[{"href":"https:\/\/www.ambifuego.net\/de\/wp-json\/wp\/v2\/media?parent=17776"}],"wp:term":[{"taxonomy":"product_brand","embeddable":true,"href":"https:\/\/www.ambifuego.net\/de\/wp-json\/wp\/v2\/product_brand?post=17776"},{"taxonomy":"product_cat","embeddable":true,"href":"https:\/\/www.ambifuego.net\/de\/wp-json\/wp\/v2\/product_cat?post=17776"},{"taxonomy":"product_tag","embeddable":true,"href":"https:\/\/www.ambifuego.net\/de\/wp-json\/wp\/v2\/product_tag?post=17776"}],"curies":[{"name":"wp","href":"https:\/\/api.w.org\/{rel}","templated":true}]}}