{"id":17773,"date":"2017-09-26T18:58:37","date_gmt":"2017-09-26T18:58:37","guid":{"rendered":"https:\/\/www.ambifuego.net\/xtempx\/web17\/producto\/ol-sprayer-pumpflasche-zum-nachfullen\/"},"modified":"2021-12-23T10:33:55","modified_gmt":"2021-12-23T09:33:55","slug":"ofen-zubehor","status":"publish","type":"product","link":"https:\/\/www.ambifuego.net\/de\/producto\/ofen-zubehor\/","title":{"rendered":"Oven Zubeh\u00f6r"},"content":{"rendered":"<p>Oven Zubeh\u00f6r &#8211;\u00a0 \u00a0Holz &#8211; Gas-Back\u00f6fen &#8211; Grill Zubeh\u00f6r &#8211; Ofen-Zubeh\u00f6r &#8211; Besteck . Unerl\u00e4ssliche Zubeh\u00f6re f\u00fcr die Benutzund del Holzofens sind sehr wichtig. Beim hohen Temperaturen sind temperaturfeste Werkzeuge zu verwenden.<\/p>\n<div class=\"vc_custom_1637116476394\">\n<div id=\"text-block-6\" class=\"mk-text-block jupiter-donut-\">\n<p>Auswahl an hochwertigen italienischen Zubeh\u00f6r, um das Maximum aus Ihrem Holzofen \/ Gasofen herauszuholen. Ein Holzofen allein gen\u00fcgt nicht, um eine leckere Pizza zu backen. Man braucht auch das richtige Werkzeug dazu. Wir bieten eine Palette von Zubeh\u00f6r f\u00fcr den heimischen und gewerblichen Holzofen, wie zum Beispiel runde oder rechteckige Pizzaschaufeln, Ofenb\u00fcrsten mit Messingborsten, das Pizzabrot-Set und vieles mehr.<\/p>\n<\/div>\n<\/div>\n","protected":false},"excerpt":{"rendered":"<ul>\n<li>Zubeh\u00f6r set &#8211; Grillbesteck &#8211; Edelstahl<\/li>\n<li>Spitzzange, Grillzange, Wender, Gabel,<\/li>\n<li>Zubeh\u00f6r f\u00fcr die Benutzung des holzofens und Grillen<\/li>\n<li>Schaufel, die Pizzaheber, Der Glutschieber und eine Br\u00fcste<\/li>\n<li>Outdoorchef Zubeh\u00f6r &#8211; Grill-Zubeh\u00f6r<\/li>\n<li>Die Schaufel, um die Pizza in den ofen zu schieben.<\/li>\n<li>Der Pizzaheber, um die Pizza und andere Speisen im Ofen umzudrehen.<\/li>\n<li>Der Glutschieber, um das gl\u00fchende Holz zu schieben.<\/li>\n<li>Die Br\u00fcste f\u00fcr die Reinigung des Schamottebodens vor jedem Einschieben.<\/li>\n<li>Der Schaufelst\u00e4nder&nbsp;\n<p>&nbsp;<\/p>\n<div class=\"wpb_row vc_row vc_row-fluid jupiter-donut- mk-fullwidth-false attched-false attributi-prodotto-alfa js-master-row mk-grid\" data-mk-stretch-content=\"true\">\n<div class=\"vc_col-sm-12 wpb_column column_container jupiter-donut- _ jupiter-donut-height-full\">\n<div class=\"vc_custom_1559732359386\">\n<div id=\"text-block-3\" class=\"mk-text-block jupiter-donut- left\"><\/div>\n<\/div>\n<\/div>\n<\/div>\n<\/li>\n<\/ul>\n","protected":false},"featured_media":48304,"template":"","meta":[],"product_brand":[],"product_cat":[366],"product_tag":[],"class_list":{"0":"post-17773","1":"product","2":"type-product","3":"status-publish","4":"has-post-thumbnail","6":"product_cat-zubehor","8":"first","9":"instock","10":"shipping-taxable","11":"product-type-simple"},"_links":{"self":[{"href":"https:\/\/www.ambifuego.net\/de\/wp-json\/wp\/v2\/product\/17773","targetHints":{"allow":["GET"]}}],"collection":[{"href":"https:\/\/www.ambifuego.net\/de\/wp-json\/wp\/v2\/product"}],"about":[{"href":"https:\/\/www.ambifuego.net\/de\/wp-json\/wp\/v2\/types\/product"}],"version-history":[{"count":0,"href":"https:\/\/www.ambifuego.net\/de\/wp-json\/wp\/v2\/product\/17773\/revisions"}],"wp:featuredmedia":[{"embeddable":true,"href":"https:\/\/www.ambifuego.net\/de\/wp-json\/wp\/v2\/media\/48304"}],"wp:attachment":[{"href":"https:\/\/www.ambifuego.net\/de\/wp-json\/wp\/v2\/media?parent=17773"}],"wp:term":[{"taxonomy":"product_brand","embeddable":true,"href":"https:\/\/www.ambifuego.net\/de\/wp-json\/wp\/v2\/product_brand?post=17773"},{"taxonomy":"product_cat","embeddable":true,"href":"https:\/\/www.ambifuego.net\/de\/wp-json\/wp\/v2\/product_cat?post=17773"},{"taxonomy":"product_tag","embeddable":true,"href":"https:\/\/www.ambifuego.net\/de\/wp-json\/wp\/v2\/product_tag?post=17773"}],"curies":[{"name":"wp","href":"https:\/\/api.w.org\/{rel}","templated":true}]}}