{"id":17771,"date":"2017-09-26T18:57:24","date_gmt":"2017-09-26T18:57:24","guid":{"rendered":"https:\/\/www.ambifuego.net\/xtempx\/web17\/producto\/schutzhullen\/"},"modified":"2018-03-26T15:11:24","modified_gmt":"2018-03-26T15:11:24","slug":"wetterschutzhaube","status":"publish","type":"product","link":"https:\/\/www.ambifuego.net\/de\/producto\/wetterschutzhaube\/","title":{"rendered":"Wetterschuzhaube"},"content":{"rendered":"","protected":false},"excerpt":{"rendered":"<p>&nbsp;<\/p>\n<ul>\n<li>Gasgrill\u00a0 H\u00fclle Abdeckhaube<\/li>\n<li>Sch\u00fctzen Sie Ihren hochwertigen Gasgrill vor Wind und Wetter<\/li>\n<li>Ben\u00fctzerfreundliches- und haltbares Material<\/li>\n<li>In solider Ausf\u00fchrung f\u00fcr den ganzj\u00e4hrigen\u00a0 Gebrauch<\/li>\n<li>F\u00fcr Einbau-Gasgrill oder Gasgrill mit Wagen<\/li>\n<li>Fragen nach Verf\u00fcrbarkeit<\/li>\n<\/ul>\n","protected":false},"featured_media":44377,"template":"","meta":[],"product_brand":[],"product_cat":[366],"product_tag":[],"class_list":{"0":"post-17771","1":"product","2":"type-product","3":"status-publish","4":"has-post-thumbnail","6":"product_cat-zubehor","8":"first","9":"instock","10":"shipping-taxable","11":"product-type-simple"},"_links":{"self":[{"href":"https:\/\/www.ambifuego.net\/de\/wp-json\/wp\/v2\/product\/17771","targetHints":{"allow":["GET"]}}],"collection":[{"href":"https:\/\/www.ambifuego.net\/de\/wp-json\/wp\/v2\/product"}],"about":[{"href":"https:\/\/www.ambifuego.net\/de\/wp-json\/wp\/v2\/types\/product"}],"version-history":[{"count":0,"href":"https:\/\/www.ambifuego.net\/de\/wp-json\/wp\/v2\/product\/17771\/revisions"}],"wp:featuredmedia":[{"embeddable":true,"href":"https:\/\/www.ambifuego.net\/de\/wp-json\/wp\/v2\/media\/44377"}],"wp:attachment":[{"href":"https:\/\/www.ambifuego.net\/de\/wp-json\/wp\/v2\/media?parent=17771"}],"wp:term":[{"taxonomy":"product_brand","embeddable":true,"href":"https:\/\/www.ambifuego.net\/de\/wp-json\/wp\/v2\/product_brand?post=17771"},{"taxonomy":"product_cat","embeddable":true,"href":"https:\/\/www.ambifuego.net\/de\/wp-json\/wp\/v2\/product_cat?post=17771"},{"taxonomy":"product_tag","embeddable":true,"href":"https:\/\/www.ambifuego.net\/de\/wp-json\/wp\/v2\/product_tag?post=17771"}],"curies":[{"name":"wp","href":"https:\/\/api.w.org\/{rel}","templated":true}]}}