{"id":17769,"date":"2017-09-26T18:55:45","date_gmt":"2017-09-26T18:55:45","guid":{"rendered":"https:\/\/www.ambifuego.net\/xtempx\/web17\/producto\/sicherheitshandschuh\/"},"modified":"2022-03-14T14:46:25","modified_gmt":"2022-03-14T13:46:25","slug":"sicherheitshandschuh","status":"publish","type":"product","link":"https:\/\/www.ambifuego.net\/de\/producto\/sicherheitshandschuh\/","title":{"rendered":"Sicherheitshandschuh"},"content":{"rendered":"","protected":false},"excerpt":{"rendered":"<p><span id=\"result_box\" class=\"\" lang=\"de\">100% extra gro\u00dfer Baumwollhandschuh. Zu Ihrer Sicherheit entwickelt, sch\u00fctzen Sie Ihre Hand und Ihren Unterarm vor der Hitze des B\u00fcgeleisens. <span class=\"\">Die \u00e4u\u00dfere Schicht ist best\u00e4ndig gegen Feuer und abweisend gegen Wasser und Staub und h\u00e4lt sie immer sauber.<\/span><\/span><\/p>\n","protected":false},"featured_media":50382,"template":"","meta":[],"product_brand":[],"product_cat":[366],"product_tag":[],"class_list":{"0":"post-17769","1":"product","2":"type-product","3":"status-publish","4":"has-post-thumbnail","6":"product_cat-zubehor","8":"first","9":"instock","10":"shipping-taxable","11":"product-type-simple"},"_links":{"self":[{"href":"https:\/\/www.ambifuego.net\/de\/wp-json\/wp\/v2\/product\/17769","targetHints":{"allow":["GET"]}}],"collection":[{"href":"https:\/\/www.ambifuego.net\/de\/wp-json\/wp\/v2\/product"}],"about":[{"href":"https:\/\/www.ambifuego.net\/de\/wp-json\/wp\/v2\/types\/product"}],"version-history":[{"count":0,"href":"https:\/\/www.ambifuego.net\/de\/wp-json\/wp\/v2\/product\/17769\/revisions"}],"wp:featuredmedia":[{"embeddable":true,"href":"https:\/\/www.ambifuego.net\/de\/wp-json\/wp\/v2\/media\/50382"}],"wp:attachment":[{"href":"https:\/\/www.ambifuego.net\/de\/wp-json\/wp\/v2\/media?parent=17769"}],"wp:term":[{"taxonomy":"product_brand","embeddable":true,"href":"https:\/\/www.ambifuego.net\/de\/wp-json\/wp\/v2\/product_brand?post=17769"},{"taxonomy":"product_cat","embeddable":true,"href":"https:\/\/www.ambifuego.net\/de\/wp-json\/wp\/v2\/product_cat?post=17769"},{"taxonomy":"product_tag","embeddable":true,"href":"https:\/\/www.ambifuego.net\/de\/wp-json\/wp\/v2\/product_tag?post=17769"}],"curies":[{"name":"wp","href":"https:\/\/api.w.org\/{rel}","templated":true}]}}