{"id":17768,"date":"2017-09-26T18:54:59","date_gmt":"2017-09-26T18:54:59","guid":{"rendered":"https:\/\/www.ambifuego.net\/xtempx\/web17\/producto\/aroma-holzer\/"},"modified":"2018-03-16T12:02:41","modified_gmt":"2018-03-16T12:02:41","slug":"raucherbox","status":"publish","type":"product","link":"https:\/\/www.ambifuego.net\/de\/producto\/raucherbox\/","title":{"rendered":"R\u00e4ucherbox"},"content":{"rendered":"","protected":false},"excerpt":{"rendered":"<ul>\n<li>R\u00e4ucherbox aus Gusseisen<\/li>\n<li>Einfach zum Smoken \/R\u00e4uchern<\/li>\n<li>Ideal f\u00fcr das Rauchern von Fleish, Fish, Ribs,&#8230;<\/li>\n<li>R\u00e4ucherchips, Chunks oder R\u00e4uchermehl einf\u00fcllen noch dazu etwas wasser und auf den Grill damit.<\/li>\n<li>So smecken Grillen richtig lecker<\/li>\n<\/ul>\n","protected":false},"featured_media":44319,"template":"","meta":[],"product_brand":[],"product_cat":[366],"product_tag":[],"class_list":{"0":"post-17768","1":"product","2":"type-product","3":"status-publish","4":"has-post-thumbnail","6":"product_cat-zubehor","8":"first","9":"instock","10":"shipping-taxable","11":"product-type-simple"},"_links":{"self":[{"href":"https:\/\/www.ambifuego.net\/de\/wp-json\/wp\/v2\/product\/17768","targetHints":{"allow":["GET"]}}],"collection":[{"href":"https:\/\/www.ambifuego.net\/de\/wp-json\/wp\/v2\/product"}],"about":[{"href":"https:\/\/www.ambifuego.net\/de\/wp-json\/wp\/v2\/types\/product"}],"version-history":[{"count":0,"href":"https:\/\/www.ambifuego.net\/de\/wp-json\/wp\/v2\/product\/17768\/revisions"}],"wp:featuredmedia":[{"embeddable":true,"href":"https:\/\/www.ambifuego.net\/de\/wp-json\/wp\/v2\/media\/44319"}],"wp:attachment":[{"href":"https:\/\/www.ambifuego.net\/de\/wp-json\/wp\/v2\/media?parent=17768"}],"wp:term":[{"taxonomy":"product_brand","embeddable":true,"href":"https:\/\/www.ambifuego.net\/de\/wp-json\/wp\/v2\/product_brand?post=17768"},{"taxonomy":"product_cat","embeddable":true,"href":"https:\/\/www.ambifuego.net\/de\/wp-json\/wp\/v2\/product_cat?post=17768"},{"taxonomy":"product_tag","embeddable":true,"href":"https:\/\/www.ambifuego.net\/de\/wp-json\/wp\/v2\/product_tag?post=17768"}],"curies":[{"name":"wp","href":"https:\/\/api.w.org\/{rel}","templated":true}]}}