{"id":17766,"date":"2017-09-26T18:53:24","date_gmt":"2017-09-26T18:53:24","guid":{"rendered":"https:\/\/www.ambifuego.net\/xtempx\/web17\/producto\/grillbesteck-edelstahl-5-tlg\/"},"modified":"2021-08-30T16:52:59","modified_gmt":"2021-08-30T14:52:59","slug":"grillbesteck-edelstahl","status":"publish","type":"product","link":"https:\/\/www.ambifuego.net\/de\/producto\/grillbesteck-edelstahl\/","title":{"rendered":"Grillbesteck Edelstahl"},"content":{"rendered":"","protected":false},"excerpt":{"rendered":"<p><span id=\"result_box\" class=\"\" lang=\"de\">Hochwertiges Set mit Edelstahlgriffen und weichem Griff,\u00a0 Set : Pinzette, Multifunktionsspatel, Gabel Lametta, B\u00fcrste f\u00fcr Grills und kleine B\u00fcrste.<\/span><\/p>\n","protected":false},"featured_media":45498,"template":"","meta":[],"product_brand":[],"product_cat":[366],"product_tag":[],"class_list":{"0":"post-17766","1":"product","2":"type-product","3":"status-publish","4":"has-post-thumbnail","6":"product_cat-zubehor","8":"first","9":"instock","10":"shipping-taxable","11":"product-type-simple"},"_links":{"self":[{"href":"https:\/\/www.ambifuego.net\/de\/wp-json\/wp\/v2\/product\/17766","targetHints":{"allow":["GET"]}}],"collection":[{"href":"https:\/\/www.ambifuego.net\/de\/wp-json\/wp\/v2\/product"}],"about":[{"href":"https:\/\/www.ambifuego.net\/de\/wp-json\/wp\/v2\/types\/product"}],"version-history":[{"count":0,"href":"https:\/\/www.ambifuego.net\/de\/wp-json\/wp\/v2\/product\/17766\/revisions"}],"wp:featuredmedia":[{"embeddable":true,"href":"https:\/\/www.ambifuego.net\/de\/wp-json\/wp\/v2\/media\/45498"}],"wp:attachment":[{"href":"https:\/\/www.ambifuego.net\/de\/wp-json\/wp\/v2\/media?parent=17766"}],"wp:term":[{"taxonomy":"product_brand","embeddable":true,"href":"https:\/\/www.ambifuego.net\/de\/wp-json\/wp\/v2\/product_brand?post=17766"},{"taxonomy":"product_cat","embeddable":true,"href":"https:\/\/www.ambifuego.net\/de\/wp-json\/wp\/v2\/product_cat?post=17766"},{"taxonomy":"product_tag","embeddable":true,"href":"https:\/\/www.ambifuego.net\/de\/wp-json\/wp\/v2\/product_tag?post=17766"}],"curies":[{"name":"wp","href":"https:\/\/api.w.org\/{rel}","templated":true}]}}