{"id":17738,"date":"2017-09-26T17:27:27","date_gmt":"2017-09-26T17:27:27","guid":{"rendered":"https:\/\/www.ambifuego.net\/xtempx\/web17\/producto\/bom-fire-4b\/"},"modified":"2023-07-04T12:07:39","modified_gmt":"2023-07-04T10:07:39","slug":"5-brenner-edelstahl-gasgrill-erstklassig","status":"publish","type":"product","link":"https:\/\/www.ambifuego.net\/de\/producto\/5-brenner-edelstahl-gasgrill-erstklassig\/","title":{"rendered":"Paramount 430 Inox"},"content":{"rendered":"<p style=\"text-align: justify;\"><span style=\"font-family: verdana, geneva, sans-serif;\"><em>5-Brenner Edelstahl Gasgrill<\/em> erstklassig Modell, <strong>Paramount 430 <\/strong>zeichnet sich durch\u00a0<strong>hochwertige Materialien <\/strong>und einem tollen Design. Egal ob im Winter oder Summer grillen macht Spa\u00df und liefert einen Hauch von Urspr\u00fcnglichkeit und Freiheit, zur\u00fcck in den eigenen Garten.<\/span><\/p>\n<p style=\"text-align: justify;\"><span style=\"font-family: verdana, geneva, sans-serif;\">Gerade f\u00fcr die, die auf der Suche nach dem Besonderen sind, ist dieses Modell eine <strong>erstklassige Alternative<\/strong>\u00a0zu den g\u00e4ngigen Gasgrill-Modellen und Marken. <\/span><\/p>\n<p style=\"text-align: justify;\"><span style=\"font-family: verdana, geneva, sans-serif;\">Sowohl der\u00a0<strong>Grillkorpus aus massiven Aluminiumguss<\/strong>\u00a0als auch die\u00a0<strong>vier Hauptbrenner<\/strong>\u00a0aus\u00a0<strong>massivem Edelstahlguss<\/strong>\u00a0sind f\u00fcr die\u00a0<strong>Ewigkeit<\/strong>\u00a0gebaut. <\/span><\/p>\n<p style=\"text-align: justify;\"><span style=\"font-family: verdana, geneva, sans-serif;\">Neben den\u00a0<strong>vier Hauptbrennern<\/strong>\u00a0verf\u00fcgt der Grill \u00fcber<strong>\u00a0zwei, elektronisch z\u00fcndbare, Hochleistungs-Keramikbrenner<\/strong>: Der <strong>Heck-Burner<\/strong>\u00a0im hinteren Teil der Brennerkammer erzeugt mit\u00a0<strong>3,5 kW Leistung<\/strong>\u00a0die ben\u00f6tigte Zusatzleistung f\u00fcr die optimale Zubereitung am Drehspie\u00df. <\/span><\/p>\n<p style=\"text-align: justify;\"><span style=\"font-family: verdana, geneva, sans-serif;\">Der in der rechten Seitenablage\u00a0<strong>integrierte Infrarot-Brenner<\/strong>\u00a0bietet jederzeit das Potenzial, Ihrem Grillgut mit\u00a0<strong>Temperaturen von \u00fcber 800 C<\/strong>\u00a0eine knusprige Kruste zu verpassen.<\/span><\/p>\n<h2><span style=\"font-size: 14pt;\"><span style=\"font-family: verdana, geneva, sans-serif;\">Starke Leistung, zahlreiche Zubereitungsm\u00f6glichkeiten mit diesem Gasgrill<\/span>.<\/span><\/h2>\n<p><span style=\"font-family: verdana, geneva, sans-serif;\">Der Paramount 430 Gasgrill richtet sich an <strong>anspruchsvolle Grillfans<\/strong>. Mit den 3 Hauptbrennern, dem Infrarotbrenner und einem Seiten Infrarotbrenner hat der Gasgrillwagen ordentlich Potenzial.\u00a0 Hohe und schnell verf\u00fcgbare Hitze machen <strong>krosse Steaks, langsam und indirekt Gegartes<\/strong>\u00a0und\u00a0<strong>Beilagen wie So\u00dfen und Gem\u00fcsepfannen<\/strong>\u00a0m\u00f6glich. <\/span><\/p>\n<h2><span style=\"font-family: verdana, geneva, sans-serif; font-size: 14pt;\">5-Brenner Edelstahl Gasgrill erstklassig f\u00fcr Anspruchvolle.<\/span><\/h2>\n<ul>\n<li style=\"text-align: justify;\"><span style=\"font-family: verdana, geneva, sans-serif;\">Grillgeh\u00e4use und Deckelseitenteile aus\u00a0<strong>massiven Aluminiumguss<\/strong><\/span><\/li>\n<li style=\"text-align: justify;\"><span style=\"font-family: verdana, geneva, sans-serif;\">doppelwandiger Edelstahldeckel<strong>\u00a0mit Thermometer<\/strong>\u00a0und\u00a0<strong>integrierter Innenbeleuchtung<\/strong><\/span><\/li>\n<li style=\"text-align: justify;\"><span style=\"font-family: verdana, geneva, sans-serif;\">9mm Rundstab, Grillroste aus massiven Edelstahl<\/span><\/li>\n<li style=\"text-align: justify;\"><span style=\"font-family: verdana, geneva, sans-serif;\">3 Edelstahl-Gussbrenner\u00a0mit Rotationsz\u00fcndung und einer\u00a0Leistung\u00a0von\u00a016,8 kW<\/span><\/li>\n<li style=\"text-align: justify;\"><span style=\"font-family: verdana, geneva, sans-serif;\"><strong>keramischer Infrarot-Heckbrenner<\/strong>\u00a0mit einer\u00a0Leistung\u00a0von\u00a03,5 kW<\/span><\/li>\n<li style=\"text-align: justify;\"><span style=\"font-family: verdana, geneva, sans-serif;\">3,5 kW <strong>Seitenbrenner\u00a0mit\u00a0Infrarottechnologie<\/strong><\/span><\/li>\n<li style=\"text-align: justify;\"><span style=\"font-family: verdana, geneva, sans-serif;\">Grillwagen mit T\u00fcren\u00a0aus Edelstahl<\/span><\/li>\n<li style=\"text-align: justify;\"><span style=\"font-family: verdana, geneva, sans-serif;\">abgesenkte Bodenplatte\u00a0mit\u00a0Gasflaschenmulde<\/span><\/li>\n<li style=\"text-align: justify;\"><span style=\"font-family: verdana, geneva, sans-serif;\">Butan &#8211; Propan Gas<\/span><\/li>\n<li style=\"text-align: justify;\"><span style=\"font-family: verdana, geneva, sans-serif;\">1 Keramischer Searing Brenner , 3,5 kW<\/span><\/li>\n<li><span style=\"font-family: verdana, geneva, sans-serif;\">Doppelwandig Deckel emailliert oder Edelstahl<\/span><\/li>\n<li><span style=\"font-family: verdana, geneva, sans-serif;\">Beleuchtete Brennerkammer<\/span><\/li>\n<li><span style=\"font-family: verdana, geneva, sans-serif;\">10 mm Rundstabroste aus Edelstahl<\/span><\/li>\n<li><span style=\"font-family: verdana, geneva, sans-serif;\">Elektronische Z\u00fcndung der Keramikbrenner<\/span><\/li>\n<li><span style=\"font-family: verdana, geneva, sans-serif;\">Abmessungen; Gesamte Tiefe 82cm x Breite 146 cm x H\u00f6he 127 cm<\/span><\/li>\n<li><a href=\"https:\/\/www.ambifuego.net\/wp-content\/uploads\/2023\/06\/05-06-23-bbq.pub2_compressed-1.pdf\">Katalog<\/a><\/li>\n<\/ul>\n<p><img fetchpriority=\"high\" decoding=\"async\" class=\"alignnone wp-image-53888\" src=\"https:\/\/www.ambifuego.net\/wp-content\/uploads\/2017\/09\/paramount_430-medidas.jpg\" alt=\"\" width=\"346\" height=\"298\" srcset=\"https:\/\/www.ambifuego.net\/wp-content\/uploads\/2017\/09\/paramount_430-medidas.jpg 435w, https:\/\/www.ambifuego.net\/wp-content\/uploads\/2017\/09\/paramount_430-medidas-313x270.jpg 313w\" sizes=\"(max-width: 346px) 100vw, 346px\" \/><\/p>\n","protected":false},"excerpt":{"rendered":"<p><img decoding=\"async\" class=\"alignnone size-full wp-image-44135\" src=\"https:\/\/www.ambifuego.net\/wp-content\/uploads\/2017\/09\/paramount-430-11_optimized.jpg\" alt=\"\" width=\"480\" height=\"320\" srcset=\"https:\/\/www.ambifuego.net\/wp-content\/uploads\/2017\/09\/paramount-430-11_optimized.jpg 480w, https:\/\/www.ambifuego.net\/wp-content\/uploads\/2017\/09\/paramount-430-11_optimized-405x270.jpg 405w\" sizes=\"(max-width: 480px) 100vw, 480px\" \/><\/p>\n","protected":false},"featured_media":44108,"template":"","meta":[],"product_brand":[],"product_cat":[368],"product_tag":[],"class_list":{"0":"post-17738","1":"product","2":"type-product","3":"status-publish","4":"has-post-thumbnail","6":"product_cat-gasgrillwagen","8":"first","9":"instock","10":"shipping-taxable","11":"product-type-simple"},"_links":{"self":[{"href":"https:\/\/www.ambifuego.net\/de\/wp-json\/wp\/v2\/product\/17738","targetHints":{"allow":["GET"]}}],"collection":[{"href":"https:\/\/www.ambifuego.net\/de\/wp-json\/wp\/v2\/product"}],"about":[{"href":"https:\/\/www.ambifuego.net\/de\/wp-json\/wp\/v2\/types\/product"}],"version-history":[{"count":0,"href":"https:\/\/www.ambifuego.net\/de\/wp-json\/wp\/v2\/product\/17738\/revisions"}],"wp:featuredmedia":[{"embeddable":true,"href":"https:\/\/www.ambifuego.net\/de\/wp-json\/wp\/v2\/media\/44108"}],"wp:attachment":[{"href":"https:\/\/www.ambifuego.net\/de\/wp-json\/wp\/v2\/media?parent=17738"}],"wp:term":[{"taxonomy":"product_brand","embeddable":true,"href":"https:\/\/www.ambifuego.net\/de\/wp-json\/wp\/v2\/product_brand?post=17738"},{"taxonomy":"product_cat","embeddable":true,"href":"https:\/\/www.ambifuego.net\/de\/wp-json\/wp\/v2\/product_cat?post=17738"},{"taxonomy":"product_tag","embeddable":true,"href":"https:\/\/www.ambifuego.net\/de\/wp-json\/wp\/v2\/product_tag?post=17738"}],"curies":[{"name":"wp","href":"https:\/\/api.w.org\/{rel}","templated":true}]}}