{"id":17733,"date":"2017-09-26T16:59:36","date_gmt":"2017-09-26T16:59:36","guid":{"rendered":"https:\/\/www.ambifuego.net\/xtempx\/web17\/producto\/xs8-glas\/"},"modified":"2025-11-06T16:37:01","modified_gmt":"2025-11-06T15:37:01","slug":"viola-10-viola-12","status":"publish","type":"product","link":"https:\/\/www.ambifuego.net\/de\/producto\/viola-10-viola-12\/","title":{"rendered":"VIOLA 10 \/ 12"},"content":{"rendered":"<h1><span style=\"font-size: 18pt; font-family: verdana, geneva, sans-serif;\">Platzspareder Pellet\u00f6fen Viola 10 &#8211; 12 &#8211;\u00a0<\/span><\/h1>\n<p><span style=\"font-family: verdana, geneva, sans-serif;\">Platzspareder Pellet\u00f6fen Viola 10 &#8211; 12 geh\u00f6rt zu die sogennante &#8222;Slim \u00d6fen&#8220;. Diese Viola-Familie wurde entwickelt, um wertvollen Platz in Fluren (25,9 cm Tiefe) zu sparen, da vertikale Rauchrohre installiert werden k\u00f6nnen und einige Modelle\u00a0 die Luft in andere R\u00e4ume verteilen k\u00f6nnen. <\/span><\/p>\n<div class='yrm-content yrm-content-1 yrm-content-hide  ' id='yrm-6SZQN' data-id='1' data-show-status='false' data-after-action='' style=\"visibility: hidden;height: 0;\">\n\t\t\t<div id='yrm-inner-content-yrm-6SZQN' class='yrm-inner-content-wrapper yrm-cntent-1'><\/p>\n<p><span style=\"font-family: verdana, geneva, sans-serif;\">Das Model 10 verf\u00fcgen \u00fcber eine Stahlbrennkammer und das Modelle 12 \u00fcber eine Vermiculitbrennkammer.<\/span><\/p>\n<h2><span style=\"font-family: verdana, geneva, sans-serif; font-size: 14pt;\">Viola Pelletofen, einfach warm<\/span><\/h2>\n<ul>\n<li><span id=\"result_box\" class=\"\" lang=\"de\" style=\"font-family: verdana, geneva, sans-serif;\">Farbe:Burgund \/ Wei\u00df \/ Schwarz<br \/>\n<\/span><\/li>\n<li><span style=\"font-family: verdana, geneva, sans-serif;\">Rauchabzug oben oder hinten<\/span><\/li>\n<li><span style=\"font-family: verdana, geneva, sans-serif;\">Gusseiserne Brennschlae<\/span><\/li>\n<li><span style=\"font-family: verdana, geneva, sans-serif;\">Drei \u00c4sthetiken<\/span><\/li>\n<li><span id=\"result_box\" class=\"\" lang=\"de\" style=\"font-family: verdana, geneva, sans-serif;\">Leistung Min- Max-: Viola 10 &#8211; 2,92 &#8211;\u00a0 9,01 Kw \/<\/span><span style=\"font-family: verdana, geneva, sans-serif;\"> Viola 12 &#8211; 2,92 &#8211; 11,14 Kw<\/span><\/li>\n<li><span id=\"result_box\" class=\"\" lang=\"de\" style=\"font-family: verdana, geneva, sans-serif;\">Effiziens: 95,93%<br \/>\n<\/span><\/li>\n<li><span id=\"result_box\" class=\"\" lang=\"de\" style=\"font-family: verdana, geneva, sans-serif;\">Kautionskapazit\u00e4t: Viola 10 &#8211; 10 kg \/ Viola 12 &#8211; 19 kg<br \/>\n<\/span><\/li>\n<li><span id=\"result_box\" class=\"\" lang=\"de\" style=\"font-family: verdana, geneva, sans-serif;\">Rauchabzugsrohrs: 80 mm<\/span><\/li>\n<li><span id=\"result_box\" class=\"\" lang=\"de\" style=\"font-family: verdana, geneva, sans-serif;\">Verbrauch kg \/ h: min. &#8211; max.: Viola 10 &#8211; 0,62 &#8211; 1,98 kg\/h \/ <\/span><span style=\"font-family: verdana, geneva, sans-serif;\">Viola 12 -0,62 &#8211; 2,45 kg\/h<\/span><\/li>\n<\/ul>\n<ul>\n<li><span id=\"result_box\" class=\"\" lang=\"de\" style=\"font-family: verdana, geneva, sans-serif;\">Gewicht: 79 kg \/ 116 kg<\/span><\/li>\n<\/ul>\n<ul>\n<li><span id=\"result_box\" class=\"\" lang=\"de\" style=\"font-family: verdana, geneva, sans-serif;\">Autonomie; min. &#8211; m\u00e1x.:\u00a0 \u00a0 \u00a0 \u00a0 \u00a0 Viola 10 &#8211; 5 &#8211; 16 kg\/<\/span><span id=\"result_box\" class=\"\" lang=\"de\" style=\"font-family: verdana, geneva, sans-serif;\">h \/<\/span>\u00a0 \u00a0 <span style=\"font-family: verdana, geneva, sans-serif;\">Viola 12\u00a0 &#8211; 8 &#8211; 30 kg\/h<\/span><\/li>\n<\/ul>\n<ul>\n<li><span id=\"result_box\" class=\"\" lang=\"de\" style=\"font-family: verdana, geneva, sans-serif;\">Fernbedienung \/Wifi &#8211; optional<\/span><\/li>\n<li><span style=\"font-family: verdana, geneva, sans-serif;\"><a href=\"https:\/\/www.ambifuego.net\/wp-content\/uploads\/2022\/04\/TEPOR_catalogo-tecnico_2021_CORRETTO.pdf\" target=\"_blank\" rel=\"noopener\">Broschure<\/a><\/span><\/li>\n<\/ul>\n<p><\/div>\n\t\t<\/div><div class='yrm-btn-wrapper yrm-btn-wrapper-1 yrm-more-button-wrapper  '\n\t\tdata-custom-more-class-name='' data-custom-less-class-name=''><span title='' data-less-title='' data-more-title='' class='yrm-toggle-expand  yrm-toggle-expand-1 ' data-rel='yrm-6SZQN' data-more='Mehr erfahren ' data-less='Read less'><span class='yrm-text-wrapper yrm-text-wrapper-custom-dimensions'><span class=\"yrm-button-text-1 yrm-button-text-span\">Mehr erfahren <\/span><\/span><\/span><\/div>\n","protected":false},"excerpt":{"rendered":"<p><span id=\"result_box\" class=\"\" lang=\"de\"><span style=\"font-family: verdana, geneva, sans-serif; font-size: 14pt;\">Der platzsparende Pelletofen Viola misst schlanke 26 cm in der Tiefe und ist somit ebenfalls perfekt f\u00fcr kleine R\u00e4ume geeignet.<\/span><br \/>\n<\/span><span id=\"result_box\" class=\"\" lang=\"de\"><br \/>\n<\/span><\/p>\n","protected":false},"featured_media":81113,"template":"","meta":[],"product_brand":[],"product_cat":[390,394],"product_tag":[],"class_list":{"0":"post-17733","1":"product","2":"type-product","3":"status-publish","4":"has-post-thumbnail","6":"product_cat-pelletofen-biomass","7":"product_cat-platzsparender-pelletofen","9":"first","10":"instock","11":"shipping-taxable","12":"product-type-simple"},"_links":{"self":[{"href":"https:\/\/www.ambifuego.net\/de\/wp-json\/wp\/v2\/product\/17733","targetHints":{"allow":["GET"]}}],"collection":[{"href":"https:\/\/www.ambifuego.net\/de\/wp-json\/wp\/v2\/product"}],"about":[{"href":"https:\/\/www.ambifuego.net\/de\/wp-json\/wp\/v2\/types\/product"}],"version-history":[{"count":0,"href":"https:\/\/www.ambifuego.net\/de\/wp-json\/wp\/v2\/product\/17733\/revisions"}],"wp:featuredmedia":[{"embeddable":true,"href":"https:\/\/www.ambifuego.net\/de\/wp-json\/wp\/v2\/media\/81113"}],"wp:attachment":[{"href":"https:\/\/www.ambifuego.net\/de\/wp-json\/wp\/v2\/media?parent=17733"}],"wp:term":[{"taxonomy":"product_brand","embeddable":true,"href":"https:\/\/www.ambifuego.net\/de\/wp-json\/wp\/v2\/product_brand?post=17733"},{"taxonomy":"product_cat","embeddable":true,"href":"https:\/\/www.ambifuego.net\/de\/wp-json\/wp\/v2\/product_cat?post=17733"},{"taxonomy":"product_tag","embeddable":true,"href":"https:\/\/www.ambifuego.net\/de\/wp-json\/wp\/v2\/product_tag?post=17733"}],"curies":[{"name":"wp","href":"https:\/\/api.w.org\/{rel}","templated":true}]}}