{"id":17731,"date":"2017-09-26T16:56:08","date_gmt":"2017-09-26T16:56:08","guid":{"rendered":"https:\/\/www.ambifuego.net\/xtempx\/web17\/producto\/x12\/"},"modified":"2025-11-06T11:24:05","modified_gmt":"2025-11-06T10:24:05","slug":"petite-pelletoffen","status":"publish","type":"product","link":"https:\/\/www.ambifuego.net\/de\/producto\/petite-pelletoffen\/","title":{"rendered":"PETITE"},"content":{"rendered":"<h2>Petite-Pelletofen 6 Kw<\/h2>\n<p><span style=\"font-family: verdana, geneva, sans-serif;\">Dieser Ofen wurde speziell f\u00fcr kleine R\u00e4ume entwickelt: Dank seiner kompakten Gr\u00f6\u00dfe und des modernen Designs passt er perfekt in jede Umgebung. Edelstahl umh\u00fcllt die <a href=\"https:\/\/www.amg-spa.com\/en\/shop\/tepor-en\/pellet-stoves-and-inserts-tepor\/smart-2\/\" target=\"_blank\" rel=\"noopener\">kompakte Ofenkonstruktion<\/a>, die sich harmonisch in jeden Wohnstil einf\u00fcgt und so zum Bestandteil der Inneneinrichtung wird. Mit dem optionalen WLAN l\u00e4sst sich der Ofen bequem von \u00fcberall aus steuern.<\/span><\/p>\n<div class='yrm-content yrm-content-1 yrm-content-hide  ' id='yrm-yuWUJ' data-id='1' data-show-status='false' data-after-action='' style=\"visibility: hidden;height: 0;\">\n\t\t\t<div id='yrm-inner-content-yrm-yuWUJ' class='yrm-inner-content-wrapper yrm-cntent-1'><\/p>\n<ul>\n<li><span id=\"result_box\" class=\"\" lang=\"de\" style=\"font-family: verdana, geneva, sans-serif;\"><span class=\"\">Verkleidung lackiertes Stahlblech<\/span><br \/>\n<\/span><\/li>\n<li><span style=\"font-family: verdana, geneva, sans-serif;\">Gusseisen Kohlenbecken<\/span><\/li>\n<li><span style=\"font-family: verdana, geneva, sans-serif;\">Stahl Brennkammer<\/span><\/li>\n<li><span id=\"result_box\" class=\"\" lang=\"de\" style=\"font-family: verdana, geneva, sans-serif;\">Seitenteile Farben Burgund, Elfenbein oder Schwarz<br \/>\n<\/span><\/li>\n<li><span id=\"result_box\" class=\"\" lang=\"de\" style=\"font-family: verdana, geneva, sans-serif;\">Leistung: 3 &#8211; 6,2\u00a0 kW<br \/>\n<\/span><\/li>\n<li><span id=\"result_box\" class=\"\" lang=\"de\" style=\"font-family: verdana, geneva, sans-serif;\">Efizienz; 89,8 %<br \/>\n<\/span><\/li>\n<li><span id=\"result_box\" class=\"\" lang=\"de\" style=\"font-family: verdana, geneva, sans-serif;\">Pellets-Beh\u00e4lterapazit\u00e4t: 11 kg<br \/>\n<\/span><\/li>\n<li><span id=\"result_box\" class=\"\" lang=\"de\" style=\"font-family: verdana, geneva, sans-serif;\">Verbrauch kg \/h: 0,7 min.\/1,4 max.<br \/>\n<\/span><\/li>\n<li><span id=\"result_box\" class=\"\" lang=\"de\" style=\"font-family: verdana, geneva, sans-serif;\">Brenndauer max. \/ Min.: 7 &#8211; 14 Kg.Std<br \/>\n<\/span><\/li>\n<li><span id=\"result_box\" class=\"\" lang=\"de\" style=\"font-family: verdana, geneva, sans-serif;\">Rauchabzugsrohrs: 80 mm<br \/>\n<\/span><\/li>\n<li><span style=\"font-family: verdana, geneva, sans-serif;\">Aschekasten verf\u00fcgbar<\/span><\/li>\n<li><span style=\"font-family: verdana, geneva, sans-serif;\">Feuertopf Gusseisen<\/span><\/li>\n<li><span id=\"result_box\" class=\"\" lang=\"de\" style=\"font-family: verdana, geneva, sans-serif;\">Gewicht: 45 kg<\/span><\/li>\n<li><span id=\"result_box\" class=\"\" lang=\"de\" style=\"font-family: verdana, geneva, sans-serif;\">Fernbedienung \/ Wifi;\u00a0 Verf\u00fcgbar<\/span><\/li>\n<li><span style=\"font-family: verdana, geneva, sans-serif;\"><a href=\"https:\/\/www.ambifuego.net\/de\/kontakt\/\" target=\"_blank\" rel=\"noopener\">Mehr Info<\/a><\/span><\/li>\n<\/ul>\n<p><\/div>\n\t\t<\/div><div class='yrm-btn-wrapper yrm-btn-wrapper-1 yrm-more-button-wrapper  '\n\t\tdata-custom-more-class-name='' data-custom-less-class-name=''><span title='' data-less-title='' data-more-title='' class='yrm-toggle-expand  yrm-toggle-expand-1 ' data-rel='yrm-yuWUJ' data-more='Mehr erfahren ' data-less='Read less'><span class='yrm-text-wrapper yrm-text-wrapper-custom-dimensions'><span class=\"yrm-button-text-1 yrm-button-text-span\">Mehr erfahren <\/span><\/span><\/span><\/div>\n","protected":false},"excerpt":{"rendered":"[caption id=\"attachment_45666\" align=\"alignnone\" width=\"343\"]<img fetchpriority=\"high\" decoding=\"async\" class=\"size-full wp-image-45666\" src=\"https:\/\/www.ambifuego.net\/wp-content\/uploads\/2017\/09\/petite-blanco_optimized.jpg\" alt=\"petite-pelletoffen 6 Kw estufa compacta de pellets - petite\" width=\"343\" height=\"316\" srcset=\"https:\/\/www.ambifuego.net\/wp-content\/uploads\/2017\/09\/petite-blanco_optimized.jpg 343w, https:\/\/www.ambifuego.net\/wp-content\/uploads\/2017\/09\/petite-blanco_optimized-293x270.jpg 293w\" sizes=\"(max-width: 343px) 100vw, 343px\" \/> Petite &#8211; Kompact Pelletofen[\/caption]\n","protected":false},"featured_media":81079,"template":"","meta":[],"product_brand":[],"product_cat":[390,395],"product_tag":[],"class_list":{"0":"post-17731","1":"product","2":"type-product","3":"status-publish","4":"has-post-thumbnail","6":"product_cat-pelletofen-biomass","7":"product_cat-klein-pelletofen","9":"first","10":"instock","11":"shipping-taxable","12":"product-type-simple"},"_links":{"self":[{"href":"https:\/\/www.ambifuego.net\/de\/wp-json\/wp\/v2\/product\/17731","targetHints":{"allow":["GET"]}}],"collection":[{"href":"https:\/\/www.ambifuego.net\/de\/wp-json\/wp\/v2\/product"}],"about":[{"href":"https:\/\/www.ambifuego.net\/de\/wp-json\/wp\/v2\/types\/product"}],"version-history":[{"count":0,"href":"https:\/\/www.ambifuego.net\/de\/wp-json\/wp\/v2\/product\/17731\/revisions"}],"wp:featuredmedia":[{"embeddable":true,"href":"https:\/\/www.ambifuego.net\/de\/wp-json\/wp\/v2\/media\/81079"}],"wp:attachment":[{"href":"https:\/\/www.ambifuego.net\/de\/wp-json\/wp\/v2\/media?parent=17731"}],"wp:term":[{"taxonomy":"product_brand","embeddable":true,"href":"https:\/\/www.ambifuego.net\/de\/wp-json\/wp\/v2\/product_brand?post=17731"},{"taxonomy":"product_cat","embeddable":true,"href":"https:\/\/www.ambifuego.net\/de\/wp-json\/wp\/v2\/product_cat?post=17731"},{"taxonomy":"product_tag","embeddable":true,"href":"https:\/\/www.ambifuego.net\/de\/wp-json\/wp\/v2\/product_tag?post=17731"}],"curies":[{"name":"wp","href":"https:\/\/api.w.org\/{rel}","templated":true}]}}