{"id":17730,"date":"2017-09-26T16:54:12","date_gmt":"2017-09-26T16:54:12","guid":{"rendered":"https:\/\/www.ambifuego.net\/xtempx\/web17\/producto\/hc25\/"},"modified":"2025-11-13T10:53:05","modified_gmt":"2025-11-13T09:53:05","slug":"model-10-pellet-ofen","status":"publish","type":"product","link":"https:\/\/www.ambifuego.net\/de\/producto\/model-10-pellet-ofen\/","title":{"rendered":"MODEL 8 &#8211; 10 &#8211; 12"},"content":{"rendered":"<h1><span style=\"font-size: 18pt; font-family: verdana, geneva, sans-serif;\">Pelletofen Redonda round offen &#8211; Modernes Design und Klassische Formen.<\/span><\/h1>\n<p><span style=\"font-family: verdana, geneva, sans-serif;\">Pellet Ofen Redonda round offen \u2013\u00a0 Der <a href=\"https:\/\/www.amg-spa.com\/en\/shop\/tepor-en\/pellet-stoves-and-inserts-tepor\/redonda-basic\/\" target=\"_blank\" rel=\"noopener\">Pelletofen Redonda<\/a> verbindet modernes Design und\u00a0 klassische Formen um den Raum in dem der Ofen sich befindet einzigartig zu gestalten.\u00a0 insbesondere ist das Model Redonda\u00a0 im Eckbereich des Raumes geeignet. \u201eWifi Kontroll\u201c auch m\u00f6glich.\u00a0<\/span><\/p>\n<div class='yrm-content yrm-content-1 yrm-content-hide  ' id='yrm-ZKX6I' data-id='1' data-show-status='false' data-after-action='' style=\"visibility: hidden;height: 0;\">\n\t\t\t<div id='yrm-inner-content-yrm-ZKX6I' class='yrm-inner-content-wrapper yrm-cntent-1'><\/p>\n<h2><span style=\"font-family: verdana, geneva, sans-serif; font-size: 18pt;\">Runder Pelletkaminofen: Hocheffizient und benutzerfreundlich.<\/span><\/h2>\n<p><span style=\"font-family: verdana, geneva, sans-serif;\">Runder Pelletkaminofen \u2013 Biomasse, ein Material mit hohem Heizwert und geringen CO\u2082-Emissionen. Rundes Modell mit nach vorn gerichteter Turbine. Hocheffizient und benutzerfreundlich. Wartungsarm und abgasfrei. Schnelle Erw\u00e4rmung des Aufstellraums. Verschiedene Farben erh\u00e4ltlich.<\/span><\/p>\n<p><span style=\"font-family: verdana, geneva, sans-serif;\">Rundpelletkaminofen vereinen modernes Design mit klassischen Formen und werten jedes Ambiente auf. Ideal f\u00fcr die Eckaufstellung. Hocheffiziente und einfach zu regulierende Modelle. In verschiedenen Farben erh\u00e4ltlich. Die \u00f6kologischste und effizienteste Option. Sie werden mit Pellets betrieben, einem Material mit hohem Heizwert und geringen CO\u2082-Emissionen.<\/span><\/p>\n<h3><span style=\"font-family: verdana, geneva, sans-serif;\">Was sind Pellets?<\/span><\/h3>\n<p><span style=\"font-family: verdana, geneva, sans-serif;\">Holzpellets sind kleine, zylindrische, standardisierte, gepresste St\u00fccke aus naturbelassenem, unbehandeltem Holz mit einem Durchmesser von ca. 2 cm. Zur Herstellung von Pellets werden im S\u00e4gewerk produzierte Holzsp\u00e4ne getrocknet, gereinigt und in Pressformen zu Pellets gepresst. Vorteile eines runden Pelletkaminofens:<\/span><\/p>\n<p><span style=\"font-family: verdana, geneva, sans-serif;\">Sie nutzen 100 % erneuerbaren Brennstoff (Pellets) und bieten im Vergleich zu fossilen Brennstoffen einen wettbewerbsf\u00e4higen und stabilen Preis.<\/span><\/p>\n<p><span style=\"font-family: verdana, geneva, sans-serif;\">Pellets zeichnen sich durch ihren hohen Heizwert, ihre Homogenit\u00e4t und gleichm\u00e4\u00dfige Zusammensetzung aus und erm\u00f6glichen so eine sehr hohe Energieeffizienz.<\/span><\/p>\n<p><span style=\"font-family: verdana, geneva, sans-serif;\">Neben der nat\u00fcrlichen Erw\u00e4rmung der Luft gibt der Ofen eine sehr angenehme Strahlungsw\u00e4rme ab.<\/span><\/p>\n<p><span style=\"font-family: verdana, geneva, sans-serif;\">Die Steuerung erfolgt elektronisch. Dank digitaler und programmierbarer Thermostate l\u00e4sst sich diese Heizart sogar per Smartphone fernsteuern.<\/span><\/p>\n<p><img fetchpriority=\"high\" decoding=\"async\" class=\" wp-image-81562\" src=\"https:\/\/www.ambifuego.net\/wp-content\/uploads\/2017\/09\/ETIQUETA-EFICIENCIA-dt_11zon.webp\" alt=\"pellet ofen offen redonda\" width=\"853\" height=\"76\" srcset=\"https:\/\/www.ambifuego.net\/wp-content\/uploads\/2017\/09\/ETIQUETA-EFICIENCIA-dt_11zon.webp 1077w, https:\/\/www.ambifuego.net\/wp-content\/uploads\/2017\/09\/ETIQUETA-EFICIENCIA-dt_11zon-768x68.webp 768w, https:\/\/www.ambifuego.net\/wp-content\/uploads\/2017\/09\/ETIQUETA-EFICIENCIA-dt_11zon-800x71.webp 800w\" sizes=\"(max-width: 853px) 100vw, 853px\" \/><\/p>\n<ul>\n<li><a href=\"https:\/\/www.ambifuego.net\/de\/kontakt\/\" target=\"_blank\" rel=\"noopener\"><span style=\"font-family: verdana, geneva, sans-serif;\">Kontakt<\/span><\/a><\/li>\n<\/ul>\n<p><\/div>\n\t\t<\/div><div class='yrm-btn-wrapper yrm-btn-wrapper-1 yrm-more-button-wrapper  '\n\t\tdata-custom-more-class-name='' data-custom-less-class-name=''><span title='' data-less-title='' data-more-title='' class='yrm-toggle-expand  yrm-toggle-expand-1 ' data-rel='yrm-ZKX6I' data-more='Mehr erfahren ' data-less='Schliessen'><span class='yrm-text-wrapper yrm-text-wrapper-custom-dimensions'><span class=\"yrm-button-text-1 yrm-button-text-span\">Mehr erfahren <\/span><\/span><\/span><\/div>\n","protected":false},"excerpt":{"rendered":"[caption id=\"attachment_45751\" align=\"alignnone\" width=\"459\"]<img decoding=\"async\" class=\"size-full wp-image-45751\" src=\"https:\/\/www.ambifuego.net\/wp-content\/uploads\/2017\/09\/redonda8_optimized...jpg\" alt=\"pellet ofen rund 12\" width=\"459\" height=\"320\" srcset=\"https:\/\/www.ambifuego.net\/wp-content\/uploads\/2017\/09\/redonda8_optimized...jpg 459w, https:\/\/www.ambifuego.net\/wp-content\/uploads\/2017\/09\/redonda8_optimized..-387x270.jpg 387w\" sizes=\"(max-width: 459px) 100vw, 459px\" \/> pellet ofen rund 12[\/caption]\n","protected":false},"featured_media":81526,"template":"","meta":[],"product_brand":[],"product_cat":[390,396],"product_tag":[],"class_list":{"0":"post-17730","1":"product","2":"type-product","3":"status-publish","4":"has-post-thumbnail","6":"product_cat-pelletofen-biomass","7":"product_cat-gewolbter-pelletofen","9":"first","10":"instock","11":"shipping-taxable","12":"product-type-simple"},"_links":{"self":[{"href":"https:\/\/www.ambifuego.net\/de\/wp-json\/wp\/v2\/product\/17730","targetHints":{"allow":["GET"]}}],"collection":[{"href":"https:\/\/www.ambifuego.net\/de\/wp-json\/wp\/v2\/product"}],"about":[{"href":"https:\/\/www.ambifuego.net\/de\/wp-json\/wp\/v2\/types\/product"}],"version-history":[{"count":0,"href":"https:\/\/www.ambifuego.net\/de\/wp-json\/wp\/v2\/product\/17730\/revisions"}],"wp:featuredmedia":[{"embeddable":true,"href":"https:\/\/www.ambifuego.net\/de\/wp-json\/wp\/v2\/media\/81526"}],"wp:attachment":[{"href":"https:\/\/www.ambifuego.net\/de\/wp-json\/wp\/v2\/media?parent=17730"}],"wp:term":[{"taxonomy":"product_brand","embeddable":true,"href":"https:\/\/www.ambifuego.net\/de\/wp-json\/wp\/v2\/product_brand?post=17730"},{"taxonomy":"product_cat","embeddable":true,"href":"https:\/\/www.ambifuego.net\/de\/wp-json\/wp\/v2\/product_cat?post=17730"},{"taxonomy":"product_tag","embeddable":true,"href":"https:\/\/www.ambifuego.net\/de\/wp-json\/wp\/v2\/product_tag?post=17730"}],"curies":[{"name":"wp","href":"https:\/\/api.w.org\/{rel}","templated":true}]}}