{"id":17721,"date":"2017-09-26T15:49:22","date_gmt":"2017-09-26T15:49:22","guid":{"rendered":"https:\/\/www.ambifuego.net\/xtempx\/web17\/producto\/m10\/"},"modified":"2025-12-17T13:03:10","modified_gmt":"2025-12-17T12:03:10","slug":"pellets-kamin-einsatz-ip","status":"publish","type":"product","link":"https:\/\/www.ambifuego.net\/de\/producto\/pellets-kamin-einsatz-ip\/","title":{"rendered":"EINSATZ KAMIN IP"},"content":{"rendered":"<p><span style=\"font-family: verdana, geneva, sans-serif;\">Pellets Kamin Einsatz ip &#8211; Heizeinsatz perfekt geeignet, um einem bestehenden Kachelofen auf di Nutzung mit Pellets umzur\u00fcsten und den alten Kachelofen so wieder auf neuesten und effizienten Stand zu bringen. Einfach zu Bef\u00fcllen und grosses Fassugsverm\u00f6gen seines Pellettanks. Modernen, schwarzen Stahlfront. Dank modernster Technologie Ihre Raumtemperat\u00fcr \u00fcber ein Thermostat steuern.\u00a0Der Einsatz sitzt \u00fcber Laufschienen, auf denen sie enfach herausgezogen werden kann<\/span>.<\/p>\n<ul>\n<li><span style=\"font-family: verdana, geneva, sans-serif;\">Pellets Kamin Einsatz ip<\/span><\/li>\n<li><span id=\"result_box\" class=\"\" lang=\"de\" style=\"font-family: verdana, geneva, sans-serif;\">Farbe; Schwarz<\/span><\/li>\n<li><span id=\"result_box\" class=\"\" lang=\"de\" style=\"font-family: verdana, geneva, sans-serif;\">Leistung: 6,8 kW<br \/>\n<\/span><\/li>\n<li><span id=\"result_box\" class=\"\" lang=\"de\" style=\"font-family: verdana, geneva, sans-serif;\">Leistung: 85,5%<br \/>\n<\/span><\/li>\n<li><span id=\"result_box\" class=\"\" lang=\"de\" style=\"font-family: verdana, geneva, sans-serif;\">Tank-Kapazit\u00e4t: 8 Kg<\/span><\/li>\n<li><span id=\"result_box\" class=\"\" lang=\"de\" style=\"font-family: verdana, geneva, sans-serif;\">Verbrauch\u00a0 min. -max.: 0,6 &#8211; 1,7 Kg \/ St<br \/>\n<\/span><\/li>\n<li><span id=\"result_box\" class=\"\" lang=\"de\" style=\"font-family: verdana, geneva, sans-serif;\">Eigenleistung max. \/ Min.: 9h \/ 30h<br \/>\n<\/span><\/li>\n<li><span style=\"font-family: verdana, geneva, sans-serif;\"><span id=\"result_box\" class=\"\" lang=\"de\">Durchmesser des Rauchabzugsrohrs: 80mm<\/span><span id=\"result_box\" class=\"\" lang=\"de\"><br \/>\n<\/span><\/span><\/li>\n<li><span id=\"result_box\" class=\"\" lang=\"de\"><span style=\"font-family: verdana, geneva, sans-serif;\">Fernbedienung: optional<\/span><br \/>\n<\/span><\/li>\n<li><a href=\"https:\/\/www.ambifuego.net\/wp-content\/uploads\/2022\/04\/TEPOR_catalogo-tecnico_2021_CORRETTO.pdf\"><span style=\"font-family: verdana, geneva, sans-serif;\">Broschure<\/span><\/a><\/li>\n<li><a href=\"https:\/\/vimeo.com\/ambifuego\" target=\"_blank\" rel=\"noopener\"><span style=\"font-family: verdana, geneva, sans-serif;\">Andere Produkte<\/span><\/a><\/li>\n<\/ul>\n","protected":false},"excerpt":{"rendered":"[caption id=\"attachment_82248\" align=\"alignnone\" width=\"455\"]<img fetchpriority=\"high\" decoding=\"async\" class=\"size-full wp-image-82248\" src=\"https:\/\/www.ambifuego.net\/wp-content\/uploads\/2017\/09\/PIAZETTA-2_11zon-1_11zon.webp\" alt=\"pellets casette alta potencia\" width=\"455\" height=\"427\" \/> pellets casette alta potencia[\/caption]\n","protected":false},"featured_media":82365,"template":"","meta":[],"product_brand":[],"product_cat":[390,392],"product_tag":[],"class_list":{"0":"post-17721","1":"product","2":"type-product","3":"status-publish","4":"has-post-thumbnail","6":"product_cat-pelletofen-biomass","7":"product_cat-pellet-kamineinsatz","9":"first","10":"instock","11":"shipping-taxable","12":"product-type-simple"},"_links":{"self":[{"href":"https:\/\/www.ambifuego.net\/de\/wp-json\/wp\/v2\/product\/17721","targetHints":{"allow":["GET"]}}],"collection":[{"href":"https:\/\/www.ambifuego.net\/de\/wp-json\/wp\/v2\/product"}],"about":[{"href":"https:\/\/www.ambifuego.net\/de\/wp-json\/wp\/v2\/types\/product"}],"version-history":[{"count":0,"href":"https:\/\/www.ambifuego.net\/de\/wp-json\/wp\/v2\/product\/17721\/revisions"}],"wp:featuredmedia":[{"embeddable":true,"href":"https:\/\/www.ambifuego.net\/de\/wp-json\/wp\/v2\/media\/82365"}],"wp:attachment":[{"href":"https:\/\/www.ambifuego.net\/de\/wp-json\/wp\/v2\/media?parent=17721"}],"wp:term":[{"taxonomy":"product_brand","embeddable":true,"href":"https:\/\/www.ambifuego.net\/de\/wp-json\/wp\/v2\/product_brand?post=17721"},{"taxonomy":"product_cat","embeddable":true,"href":"https:\/\/www.ambifuego.net\/de\/wp-json\/wp\/v2\/product_cat?post=17721"},{"taxonomy":"product_tag","embeddable":true,"href":"https:\/\/www.ambifuego.net\/de\/wp-json\/wp\/v2\/product_tag?post=17721"}],"curies":[{"name":"wp","href":"https:\/\/api.w.org\/{rel}","templated":true}]}}