{"id":17700,"date":"2017-09-26T14:40:35","date_gmt":"2017-09-26T14:40:35","guid":{"rendered":"https:\/\/www.ambifuego.net\/xtempx\/web17\/producto\/lars-1100\/"},"modified":"2023-10-26T12:43:21","modified_gmt":"2023-10-26T10:43:21","slug":"lars1000","status":"publish","type":"product","link":"https:\/\/www.ambifuego.net\/de\/producto\/lars1000\/","title":{"rendered":"LARS 1000"},"content":{"rendered":"<p><span style=\"font-family: verdana, geneva, sans-serif;\">Dieser Kaminofen kann aufgrund der klaren Linien in verschiedenen Wohnr\u00e4umen eingesetzt werden. Der hohe Wirkungsgrad von 82% garantiert einen maximalen W\u00e4rmeertrag. Dieser Kaminofen punktet \u00fcber dem Brennraum hinter einer abnehmbaren Klappe mit einem W\u00e4rmefach, das Sie auch als Backofen nutzen k\u00f6nnen.<\/span><\/p>\n<ul>\n<li><span style=\"font-family: verdana, geneva, sans-serif;\">Holz Kaminofen<\/span><\/li>\n<li><span id=\"result_box\" class=\"\" lang=\"de\" style=\"font-family: verdana, geneva, sans-serif;\">Leistung: 4\/ 6\/ 10 Kw<br \/>\n<\/span><\/li>\n<li><span id=\"result_box\" class=\"\" lang=\"de\" style=\"font-family: verdana, geneva, sans-serif;\">Effizienz: 83%<br \/>\n<\/span><\/li>\n<li><span id=\"result_box\" class=\"\" lang=\"de\" style=\"font-family: verdana, geneva, sans-serif;\">Gewicht: 123 kg<br \/>\n<\/span><\/li>\n<li><span id=\"result_box\" class=\"\" lang=\"de\" style=\"font-family: verdana, geneva, sans-serif;\"><span class=\"\">Oberer oder hinterer Ausfuhr<\/span><\/span><\/li>\n<li><span id=\"result_box\" class=\"\" lang=\"de\" style=\"font-family: verdana, geneva, sans-serif;\">Interieur Vermiculit<\/span><\/li>\n<li><span style=\"font-family: verdana, geneva, sans-serif;\"><a href=\"https:\/\/www.ambifuego.net\/de\/kontakt\/\">Weitere Infos<\/a>\u00a0<\/span><\/li>\n<li><span style=\"font-family: verdana, geneva, sans-serif;\"><a href=\"https:\/\/www.ambifuego.net\/wp-content\/uploads\/2023\/06\/05-06-23-bbq.pub2_compressed-1.pdf\">Katalog<\/a> <\/span>&#8211;<\/li>\n<li><span style=\"font-family: verdana, geneva, sans-serif;\"><a href=\"https:\/\/www.ambifuego.net\/de\/kontakt\/\">Preis nach Anfrage<\/a><\/span><\/li>\n<\/ul>\n<p><img fetchpriority=\"high\" decoding=\"async\" class=\"alignnone  wp-image-40748\" src=\"https:\/\/www.ambifuego.net\/wp-content\/uploads\/2017\/09\/lars1000-2.jpg\" alt=\"\" width=\"345\" height=\"423\" \/><\/p>\n<div class=\"row\">\n<div class=\"col-xs-12\"><\/div>\n<\/div>\n<div class=\"row\">\n<div class=\"col-sm-6\">\n<div class=\"block block-nomargin\">\n<p>&nbsp;<\/p>\n<\/div>\n<\/div>\n<\/div>\n","protected":false},"excerpt":{"rendered":"<p><img decoding=\"async\" class=\"alignnone size-full wp-image-66297\" src=\"https:\/\/www.ambifuego.net\/wp-content\/uploads\/2017\/09\/dik_geurts_lars_reduced2_optimized.jpg\" alt=\"\" width=\"430\" height=\"314\" srcset=\"https:\/\/www.ambifuego.net\/wp-content\/uploads\/2017\/09\/dik_geurts_lars_reduced2_optimized.jpg 430w, https:\/\/www.ambifuego.net\/wp-content\/uploads\/2017\/09\/dik_geurts_lars_reduced2_optimized-370x270.jpg 370w\" sizes=\"(max-width: 430px) 100vw, 430px\" \/><\/p>\n","protected":false},"featured_media":40715,"template":"","meta":[],"product_brand":[],"product_cat":[370,374],"product_tag":[],"class_list":{"0":"post-17700","1":"product","2":"type-product","3":"status-publish","4":"has-post-thumbnail","6":"product_cat-holzkamin-holzofen-fuer-atmosphaere","7":"product_cat-designer-kaminoefen-modern-effizient","9":"first","10":"instock","11":"shipping-taxable","12":"product-type-simple"},"_links":{"self":[{"href":"https:\/\/www.ambifuego.net\/de\/wp-json\/wp\/v2\/product\/17700","targetHints":{"allow":["GET"]}}],"collection":[{"href":"https:\/\/www.ambifuego.net\/de\/wp-json\/wp\/v2\/product"}],"about":[{"href":"https:\/\/www.ambifuego.net\/de\/wp-json\/wp\/v2\/types\/product"}],"version-history":[{"count":0,"href":"https:\/\/www.ambifuego.net\/de\/wp-json\/wp\/v2\/product\/17700\/revisions"}],"wp:featuredmedia":[{"embeddable":true,"href":"https:\/\/www.ambifuego.net\/de\/wp-json\/wp\/v2\/media\/40715"}],"wp:attachment":[{"href":"https:\/\/www.ambifuego.net\/de\/wp-json\/wp\/v2\/media?parent=17700"}],"wp:term":[{"taxonomy":"product_brand","embeddable":true,"href":"https:\/\/www.ambifuego.net\/de\/wp-json\/wp\/v2\/product_brand?post=17700"},{"taxonomy":"product_cat","embeddable":true,"href":"https:\/\/www.ambifuego.net\/de\/wp-json\/wp\/v2\/product_cat?post=17700"},{"taxonomy":"product_tag","embeddable":true,"href":"https:\/\/www.ambifuego.net\/de\/wp-json\/wp\/v2\/product_tag?post=17700"}],"curies":[{"name":"wp","href":"https:\/\/api.w.org\/{rel}","templated":true}]}}