{"id":17695,"date":"2017-09-26T14:04:38","date_gmt":"2017-09-26T14:04:38","guid":{"rendered":"https:\/\/www.ambifuego.net\/xtempx\/web17\/producto\/vidar-large\/"},"modified":"2023-10-19T16:17:05","modified_gmt":"2023-10-19T14:17:05","slug":"ivar-8-store-ivar-8-low","status":"publish","type":"product","link":"https:\/\/www.ambifuego.net\/de\/producto\/ivar-8-store-ivar-8-low\/","title":{"rendered":"IVAR 8 STORE \/ LOW"},"content":{"rendered":"<p><img fetchpriority=\"high\" decoding=\"async\" class=\"alignnone size-full wp-image-46900\" src=\"https:\/\/www.ambifuego.net\/wp-content\/uploads\/2017\/09\/ivar-8_optimized.jpg\" alt=\"\" width=\"528\" height=\"320\" srcset=\"https:\/\/www.ambifuego.net\/wp-content\/uploads\/2017\/09\/ivar-8_optimized.jpg 528w, https:\/\/www.ambifuego.net\/wp-content\/uploads\/2017\/09\/ivar-8_optimized-480x291.jpg 480w, https:\/\/www.ambifuego.net\/wp-content\/uploads\/2017\/09\/ivar-8_optimized-446x270.jpg 446w\" sizes=\"(max-width: 528px) 100vw, 528px\" \/><\/p>\n<p>Holzkamin<\/p>\n<p>Anpassbarer Holz- oder Mehrstoffkamin Der Ivar , Low ist ein vielseitiger Ofen mit externem Luftanschluss, der Holz, Koks oder Kohle verfeuern kann. Er verf\u00fcgt \u00fcber ein gro\u00dfes Sichtfenster und kann freistehend oder in einer Kaminecken-\u00d6ffnung installiert werden. Mit seiner Heizleistung kann er m\u00fchelos einen gro\u00dfen Raum beheizen, aber seine geringen Emissionen qualifizieren ihn f\u00fcr die DEFRA-Genehmigung in rauchfreien Zonen.<\/p>\n","protected":false},"excerpt":{"rendered":"<ul>\n<li>Holzkamin<\/li>\n<li><span id=\"result_box\" class=\"\" lang=\"de\"><span class=\"\">Leistung: 6-10 kW<\/span><br \/>\n<\/span><\/li>\n<li><span id=\"result_box\" class=\"\" lang=\"de\">Hocheffizienz<br \/>\n<\/span><\/li>\n<li><span id=\"result_box\" class=\"\" lang=\"de\">Gewicht: Ivar Store 120 kg \/ Ivar Low 100 kg<br \/>\n<\/span><\/li>\n<li><span id=\"result_box\" class=\"\" lang=\"de\">Luftzufuhr von au\u00dfen<br \/>\n<\/span><\/li>\n<li><span id=\"result_box\" class=\"\" lang=\"de\">Inneres Vermiculit<\/span><\/li>\n<li>*Weitere Infos &#8211; <a href=\"https:\/\/www.ambifuego.net\/wp-content\/uploads\/2020\/11\/20-21-Dirk-geuert-catalogo.pdf\">Katalog<\/a> &#8211;<a href=\"https:\/\/www.ambifuego.net\/wp-content\/uploads\/2017\/09\/ivar-8-low.mp4\"> Video<\/a> &#8211;<\/li>\n<\/ul>\n","protected":false},"featured_media":46930,"template":"","meta":[],"product_brand":[],"product_cat":[370,374],"product_tag":[],"class_list":{"0":"post-17695","1":"product","2":"type-product","3":"status-publish","4":"has-post-thumbnail","6":"product_cat-holzkamin-holzofen-fuer-atmosphaere","7":"product_cat-designer-kaminoefen-modern-effizient","9":"first","10":"instock","11":"shipping-taxable","12":"product-type-simple"},"_links":{"self":[{"href":"https:\/\/www.ambifuego.net\/de\/wp-json\/wp\/v2\/product\/17695","targetHints":{"allow":["GET"]}}],"collection":[{"href":"https:\/\/www.ambifuego.net\/de\/wp-json\/wp\/v2\/product"}],"about":[{"href":"https:\/\/www.ambifuego.net\/de\/wp-json\/wp\/v2\/types\/product"}],"version-history":[{"count":0,"href":"https:\/\/www.ambifuego.net\/de\/wp-json\/wp\/v2\/product\/17695\/revisions"}],"wp:featuredmedia":[{"embeddable":true,"href":"https:\/\/www.ambifuego.net\/de\/wp-json\/wp\/v2\/media\/46930"}],"wp:attachment":[{"href":"https:\/\/www.ambifuego.net\/de\/wp-json\/wp\/v2\/media?parent=17695"}],"wp:term":[{"taxonomy":"product_brand","embeddable":true,"href":"https:\/\/www.ambifuego.net\/de\/wp-json\/wp\/v2\/product_brand?post=17695"},{"taxonomy":"product_cat","embeddable":true,"href":"https:\/\/www.ambifuego.net\/de\/wp-json\/wp\/v2\/product_cat?post=17695"},{"taxonomy":"product_tag","embeddable":true,"href":"https:\/\/www.ambifuego.net\/de\/wp-json\/wp\/v2\/product_tag?post=17695"}],"curies":[{"name":"wp","href":"https:\/\/api.w.org\/{rel}","templated":true}]}}