{"id":17692,"date":"2017-09-26T13:55:35","date_gmt":"2017-09-26T13:55:35","guid":{"rendered":"https:\/\/www.ambifuego.net\/xtempx\/web17\/producto\/noa-medium\/"},"modified":"2023-10-26T13:20:11","modified_gmt":"2023-10-26T11:20:11","slug":"eckholzofen-einzigartig-mit-holzfaechern","status":"publish","type":"product","link":"https:\/\/www.ambifuego.net\/de\/producto\/eckholzofen-einzigartig-mit-holzfaechern\/","title":{"rendered":"BORA CORNER"},"content":{"rendered":"<div class=\"title\">\n<p style=\"text-align: justify;\"><span style=\"font-size: 16px; font-family: verdana, geneva, sans-serif;\">Eckholzofen einzigartig mit Holzf\u00e4chern, es geh\u00f6rt zu der Bora Corner Serie Designer\u00f6fen. Holzofen mit einzigartigen Eigenschaften wie Eco Wave, Infrarotglas, Benutzerfreundlichkeit, hoher Wirkungsgrad und saubere Verbrennung.<\/span><\/p>\n<h2 style=\"text-align: justify;\"><span style=\"font-family: verdana, geneva, sans-serif; font-size: 12pt;\">Welcher Bora Corner Holzofen passt zu Ihnen?<\/span><\/h2>\n<p style=\"text-align: justify;\"><span style=\"font-family: verdana, geneva, sans-serif;\"><strong>Der Bora Corner<\/strong> geh\u00f6rt zu einer beeindruckenden <a href=\"https:\/\/www.drufire.com\/de-de\/dik-geurts-de\/bora-corner-serie\">Familie<\/a> von Designer\u00f6fen. Auffallend ist der sch\u00f6ne Blick auf das Feuer. Das liegt daran, dass die beiden Gl\u00e4ser dicht aneinander gesetzt sind, ohne dass dazwischen ein Eckstil entsteht. Der Corner Kamin hat <a href=\"https:\/\/www.drufire.com\/de-de\/dik-geurts-de\/bora-corner-serie\">5 Aufstellm\u00f6glichkeiten.<\/a> Decke oder an der Wand h\u00e4ngt oder auf einem Plateau oder auf W\u00fcrfelboxen steht?<\/span><br \/>\n<span style=\"font-family: verdana, geneva, sans-serif;\">Dar\u00fcber hinaus k\u00f6nnen Sie den sch\u00f6nen Platz der W\u00fcrfelboxen oder des Plateaus zur Lagerung des Brennholzes nutzen.<\/span><\/p>\n<div class=\"row\" style=\"text-align: justify;\">\n<div class=\"col-xs-12\">\n<div class=\"block block-nomargin\" style=\"text-align: justify;\"><strong style=\"font-family: verdana, geneva, sans-serif;\">Der Holzhofen Bora Corner, Plateau<\/strong><span style=\"font-family: verdana, geneva, sans-serif;\"> Straight ist mit einer Seitenscheibe auf der linken oder rechten Seite erh\u00e4ltlich. Dieser Kamin steht auf einem rechteckigen Sockel, unter dem Platz f\u00fcr Holzscheite ist. Durch die 2-seitige Feuersicht k\u00f6nnen Sie immer eine lebhafte Flamme genie\u00dfen.<\/span><\/div>\n<div class=\"block block-nomargin\" style=\"text-align: justify;\"><span class=\"h2\" style=\"font-family: verdana, geneva, sans-serif;\">\u00a0\u00a0<\/span><\/div>\n<div class=\"block block-nomargin\"><span style=\"font-family: verdana, geneva, sans-serif;\">Ein wundersch\u00f6nes Design mit praktischen Holzf\u00e4cher<\/span><strong style=\"font-family: verdana, geneva, sans-serif;\">, Bora Corner, Cubes<\/strong><span style=\"font-family: verdana, geneva, sans-serif;\"> steht auf drei W\u00fcrfeln, die zur Lagerung von Holz verwendet werden k\u00f6nnen. Drehen Sie die W\u00fcrfel vorab in die gew\u00fcnschte Position. Dadurch ergeben sich besondere architektonische Gestaltungsm\u00f6glichkeiten. <\/span><\/div>\n<div><\/div>\n<div class=\"block block-nomargin\"><span style=\"font-family: verdana, geneva, sans-serif;\">Ein echter Blickfang in Ihrem Haus mit dem <\/span><strong style=\"font-family: verdana, geneva, sans-serif;\">Bora Corner, Wall,<\/strong><span style=\"font-family: verdana, geneva, sans-serif;\"> die beiden Scheiben ergeben eine sch\u00f6ne Feuereinsicht und vermitteln ein sch\u00f6nes Flammenspiel. Der Holzkaminofen wird an der Wand befestigt und ist in dunklem Anthrazit erh\u00e4ltlich. Mit Hilfe des praktischen Luftschiebers k\u00f6nnen Sie das Feuer leicht kontrollieren. Der Bora Corner, Plateau Floating hat einen auffallend sch\u00f6nen Blick auf das Feuer. Das lig daran, dass die beiden Scheiben rahmenlos \u00fcber Eck gestossen sind. Dieser Kamin steht auf einem sch\u00f6nen Sockel, bei dem Sie\u00a0 zwischen einer linken und rechten Version w\u00e4hlen k\u00f6nnen. Der Sockel kann hervorragend als Holzlager genutzt werden.<\/span><\/div>\n<\/div>\n<\/div>\n<h2 class=\"\"><span style=\"font-family: verdana, geneva, sans-serif;\"><span style=\"font-size: 14pt;\">Eckholzofen einzigartig mit Holzf\u00e4chern oder einfach h\u00e4ngend<\/span><\/span><\/h2>\n<p style=\"text-align: justify;\"><span style=\"font-family: verdana, geneva, sans-serif;\">In den \u00d6fen der Bora Corner sehen wir robusten Elemente, wie den dunklen Anthrazit-Look und die einfache Luftschiebe. Die Holz\u00f6fen sind gut durchdacht und einfach zu bedienen, so dass Sie kein Holzfeuerungsexperte sein m\u00fcssen, um das perfekte Feuer zu schaffen!<\/span><\/p>\n<p style=\"text-align: justify;\"><span style=\"font-family: verdana, geneva, sans-serif; font-size: 12pt;\">Hoher Wirkungsgrad und saubere Verbrennung einzigartiger Holzofen mit Holzf\u00e4chern <\/span><span style=\"font-family: verdana, geneva, sans-serif;\">Die Innenauskleidung besteht aus hitzebest\u00e4ndigem Vermiculit. Das dunkle Aussehen bildet einen sch\u00f6nen Kontrast zum gelben Feuer. Die Reflexion sorgt f\u00fcr eine <span style=\"font-size: 12pt;\">schnellere Erw\u00e4rmung des Schornsteins und mehr W\u00e4rme im Feuer. Das Ergebnis: eine saubere Verbrennung, ein hoher Wirkungsgrad und eine Verbrennung, die den strengsten Emissionsanforderungen entspricht.<\/span><\/span><\/p>\n<h2 class=\"\" style=\"text-align: justify;\"><span style=\"font-family: verdana, geneva, sans-serif; font-size: 14pt;\">Benutzerfreundlichkeit des Holzofens<\/span><\/h2>\n<p style=\"text-align: justify;\"><span style=\"font-family: verdana, geneva, sans-serif;\">Ein auffallendes Merkmal aller Bora Holzofen ist die einfache Bedienung durch einen einzigen Luftschieber. Mit drei Positionen hat man die volle Kontrolle \u00fcber das Feuer und die W\u00e4rmeabgabe. Zum Bef\u00fcllen von Holz ist das Innere durch eine massive Dreht\u00fcr leicht zug\u00e4nglich. Die solide T\u00fcrkonstruktion gew\u00e4hrleistet, dass sich die T\u00fcr nicht verdrehen kann.<\/span><\/p>\n<\/div>\n<p style=\"text-align: justify;\"><span style=\"font-size: 12pt; font-family: verdana, geneva, sans-serif;\">EcoDesign Alle Bora Holz\u00f6fen erf\u00fcllen die EcoDesign Anforderungen.<\/span><\/p>\n<ul>\n<li><span style=\"font-family: verdana, geneva, sans-serif;\">Modell; Freistehend<\/span><\/li>\n<li><span style=\"font-family: verdana, geneva, sans-serif;\">Feuersicht; 2-seitig<\/span><\/li>\n<li><span style=\"font-family: verdana, geneva, sans-serif;\">Verbrennungssystem; Verbrennungsluft von aussen, Verbrennungsluft aus dem Wohnraum.<\/span><\/li>\n<li><span style=\"font-family: verdana, geneva, sans-serif;\">Glasfenster; Standardglas, Infrarotglas<\/span><\/li>\n<li><span style=\"font-family: verdana, geneva, sans-serif;\">T\u00fcrtyp; Klappt\u00fcr<\/span><\/li>\n<li><span style=\"font-family: verdana, geneva, sans-serif;\">Farben; Dunkelanthrazit<\/span><\/li>\n<li><span style=\"font-family: verdana, geneva, sans-serif;\">Material; Stahl<\/span><\/li>\n<li><span style=\"font-family: verdana, geneva, sans-serif;\">Interieur; Vermiculitdunkelanthrazit<\/span><\/li>\n<li style=\"text-align: justify;\"><span style=\"font-family: verdana, geneva, sans-serif;\"><span id=\"result_box\" class=\"\" lang=\"de\"><span class=\"\">Wirkungsgrad:\u00a0 78%<\/span><\/span><span id=\"result_box\" class=\"\" lang=\"de\">\u00a0 \u00a0 \u00a0 \u00a0\u00a0<\/span><\/span><\/li>\n<li style=\"text-align: justify;\"><span id=\"result_box\" class=\"\" lang=\"de\" style=\"font-family: verdana, geneva, sans-serif;\">Direkte WE\u00e4rmeleistung; 6,76 kW\u00a0 \u00a0 \u00a0A+<br \/>\n<\/span><\/li>\n<li style=\"text-align: justify;\"><span id=\"result_box\" class=\"\" lang=\"de\" style=\"font-family: verdana, geneva, sans-serif;\">Gewicht: 110 kG<br \/>\n<\/span><\/li>\n<li style=\"text-align: justify;\"><span style=\"font-family: verdana, geneva, sans-serif;\">*Weitere <a href=\"https:\/\/www.ambifuego.net\/wp-content\/uploads\/2023\/04\/Lijntek_DG_Bora_Corner_R_L_all_versions_compressed_compressed.pdf\">Masse<\/a><\/span><\/li>\n<li><a href=\"https:\/\/www.ambifuego.net\/wp-content\/uploads\/2023\/06\/05-06-23-bbq.pub2_compressed-1.pdf\"><span style=\"font-family: verdana, geneva, sans-serif;\">Broschure<\/span><\/a><\/li>\n<li><a href=\"https:\/\/www.ambifuego.net\/de\/kontakt\/\"><span style=\"font-family: verdana, geneva, sans-serif;\">Preis nach Anfrage<\/span><\/a><\/li>\n<\/ul>\n<figure id=\"attachment_63199\" aria-describedby=\"caption-attachment-63199\" style=\"width: 479px\" class=\"wp-caption alignleft\"><img fetchpriority=\"high\" decoding=\"async\" class=\"wp-image-63199\" src=\"https:\/\/www.ambifuego.net\/wp-content\/uploads\/2017\/09\/bora_corner-links-wall_optimized-480x386.jpg\" alt=\"Einzigartiger Holzofen mit Holzf\u00e4chern. corner Stylish Design Corner fireplace. \" width=\"479\" height=\"385\" srcset=\"https:\/\/www.ambifuego.net\/wp-content\/uploads\/2017\/09\/bora_corner-links-wall_optimized-480x386.jpg 480w, https:\/\/www.ambifuego.net\/wp-content\/uploads\/2017\/09\/bora_corner-links-wall_optimized-336x270.jpg 336w, https:\/\/www.ambifuego.net\/wp-content\/uploads\/2017\/09\/bora_corner-links-wall_optimized.jpg 529w\" sizes=\"(max-width: 479px) 100vw, 479px\" \/><figcaption id=\"caption-attachment-63199\" class=\"wp-caption-text\">Einzigartiger Holzofen mit Holzf\u00e4chern. corner Stylish Design Corner fireplace.<\/figcaption><\/figure>\n<figure id=\"attachment_63205\" aria-describedby=\"caption-attachment-63205\" style=\"width: 480px\" class=\"wp-caption alignleft\"><img decoding=\"async\" class=\"wp-image-63205 size-medium\" src=\"https:\/\/www.ambifuego.net\/wp-content\/uploads\/2017\/09\/medias-dg_bora_corner-cube_optimized-480x385.jpg\" alt=\"Einzigartiger Holzofen mit Holzf\u00e4chern. corner Stylish Design Corner fireplace. \" width=\"480\" height=\"385\" srcset=\"https:\/\/www.ambifuego.net\/wp-content\/uploads\/2017\/09\/medias-dg_bora_corner-cube_optimized-480x385.jpg 480w, https:\/\/www.ambifuego.net\/wp-content\/uploads\/2017\/09\/medias-dg_bora_corner-cube_optimized-336x270.jpg 336w, https:\/\/www.ambifuego.net\/wp-content\/uploads\/2017\/09\/medias-dg_bora_corner-cube_optimized-547x439.jpg 547w, https:\/\/www.ambifuego.net\/wp-content\/uploads\/2017\/09\/medias-dg_bora_corner-cube_optimized.jpg 735w\" sizes=\"(max-width: 480px) 100vw, 480px\" \/><figcaption id=\"caption-attachment-63205\" class=\"wp-caption-text\">Einzigartiger Holzofen mit Holzf\u00e4chern. corner Stylish Design Corner fireplace.<\/figcaption><\/figure>\n","protected":false},"excerpt":{"rendered":"[caption id=\"attachment_63152\" align=\"alignnone\" width=\"480\"]<img decoding=\"async\" class=\"size-medium wp-image-63152\" src=\"https:\/\/www.ambifuego.net\/wp-content\/uploads\/2017\/09\/dik_geurts_bora_floating_plateau-2_optimized-480x480.jpg\" alt=\"Einzigartiger Holzofen mit Holzf\u00e4chern. estufa de le\u00f1a esquinera\" width=\"480\" height=\"480\" srcset=\"https:\/\/www.ambifuego.net\/wp-content\/uploads\/2017\/09\/dik_geurts_bora_floating_plateau-2_optimized-480x480.jpg 480w, https:\/\/www.ambifuego.net\/wp-content\/uploads\/2017\/09\/dik_geurts_bora_floating_plateau-2_optimized-150x150.jpg 150w, https:\/\/www.ambifuego.net\/wp-content\/uploads\/2017\/09\/dik_geurts_bora_floating_plateau-2_optimized-270x270.jpg 270w, https:\/\/www.ambifuego.net\/wp-content\/uploads\/2017\/09\/dik_geurts_bora_floating_plateau-2_optimized-439x439.jpg 439w, https:\/\/www.ambifuego.net\/wp-content\/uploads\/2017\/09\/dik_geurts_bora_floating_plateau-2_optimized-388x388.jpg 388w, https:\/\/www.ambifuego.net\/wp-content\/uploads\/2017\/09\/dik_geurts_bora_floating_plateau-2_optimized-40x40.jpg 40w, https:\/\/www.ambifuego.net\/wp-content\/uploads\/2017\/09\/dik_geurts_bora_floating_plateau-2_optimized-100x100.jpg 100w, https:\/\/www.ambifuego.net\/wp-content\/uploads\/2017\/09\/dik_geurts_bora_floating_plateau-2_optimized.jpg 525w\" sizes=\"(max-width: 480px) 100vw, 480px\" \/> Einzigartiger Holzofen mit Holzf\u00e4chern. estufa de le\u00f1a esquinera[\/caption]\n","protected":false},"featured_media":63155,"template":"","meta":[],"product_brand":[],"product_cat":[370,374],"product_tag":[],"class_list":{"0":"post-17692","1":"product","2":"type-product","3":"status-publish","4":"has-post-thumbnail","6":"product_cat-holzkamin-holzofen-fuer-atmosphaere","7":"product_cat-designer-kaminoefen-modern-effizient","9":"first","10":"instock","11":"shipping-taxable","12":"product-type-simple"},"_links":{"self":[{"href":"https:\/\/www.ambifuego.net\/de\/wp-json\/wp\/v2\/product\/17692","targetHints":{"allow":["GET"]}}],"collection":[{"href":"https:\/\/www.ambifuego.net\/de\/wp-json\/wp\/v2\/product"}],"about":[{"href":"https:\/\/www.ambifuego.net\/de\/wp-json\/wp\/v2\/types\/product"}],"version-history":[{"count":0,"href":"https:\/\/www.ambifuego.net\/de\/wp-json\/wp\/v2\/product\/17692\/revisions"}],"wp:featuredmedia":[{"embeddable":true,"href":"https:\/\/www.ambifuego.net\/de\/wp-json\/wp\/v2\/media\/63155"}],"wp:attachment":[{"href":"https:\/\/www.ambifuego.net\/de\/wp-json\/wp\/v2\/media?parent=17692"}],"wp:term":[{"taxonomy":"product_brand","embeddable":true,"href":"https:\/\/www.ambifuego.net\/de\/wp-json\/wp\/v2\/product_brand?post=17692"},{"taxonomy":"product_cat","embeddable":true,"href":"https:\/\/www.ambifuego.net\/de\/wp-json\/wp\/v2\/product_cat?post=17692"},{"taxonomy":"product_tag","embeddable":true,"href":"https:\/\/www.ambifuego.net\/de\/wp-json\/wp\/v2\/product_tag?post=17692"}],"curies":[{"name":"wp","href":"https:\/\/api.w.org\/{rel}","templated":true}]}}