{"id":17676,"date":"2017-09-26T09:05:59","date_gmt":"2017-09-26T09:05:59","guid":{"rendered":"https:\/\/www.ambifuego.net\/xtempx\/web17\/producto\/bora-flex\/"},"modified":"2023-10-19T16:10:31","modified_gmt":"2023-10-19T14:10:31","slug":"oval-einzigartiger-designer-holzfeuer","status":"publish","type":"product","link":"https:\/\/www.ambifuego.net\/de\/producto\/oval-einzigartiger-designer-holzfeuer\/","title":{"rendered":"OVAL"},"content":{"rendered":"<p style=\"text-align: justify;\"><span style=\"font-family: verdana, geneva, sans-serif;\">Oval einzigartiger Designer-Holzfeuer, die neue Form der W\u00e4rme. Ein sch\u00f6nes und einzigartiges Designer-<a href=\"https:\/\/www.ambifuego.net\/articulos\/chimeneas-y-estufas-de-lena\/\">Holzfeuer.<\/a><\/span><br \/>\n<span style=\"font-family: verdana, geneva, sans-serif;\">Genie\u00dfen Sie gro\u00dfe Flammen wie nie zuvor. Mit einer sch\u00f6nen ovalen Form und einem breiten Fenster haben Sie einen noch pr\u00e4chtigeren Blick auf die gro\u00dfen Flammen. Der dunkle anthrazitfarbene Vermiculit-Innenraum sorgt zudem f\u00fcr eine optimale und saubere Verbrennung.<\/span><\/p>\n<h2 class=\"\" style=\"text-align: justify;\"><span style=\"font-family: verdana, geneva, sans-serif; font-size: 14pt;\">Eine breite Palette an Designer-Holzfeuer.<\/span><\/h2>\n<p style=\"text-align: justify;\"><span style=\"font-family: verdana, geneva, sans-serif;\">Geeignet f\u00fcr alle Wohnr\u00e4umen Ovale Kamine bieten die M\u00f6glichkeit eines Au\u00dfenluftanschlusses. Diese Verbindung sorgt daf\u00fcr, dass der Sauerstoff f\u00fcr die Verbrennung von au\u00dfen kommt. Dadurch eignet sich ein Ovalkamin sehr gut f\u00fcr gut isolierte H\u00e4user. <\/span><span style=\"font-family: verdana, geneva, sans-serif;\">Und f\u00fcr l\u00fcckendichte oder Passivh\u00e4user gibt es auch die luftdichte, raumabschlie\u00dfende Variante.<\/span><\/p>\n<p style=\"text-align: justify;\"><span style=\"font-family: verdana, geneva, sans-serif;\">Einfache Bedienung Ein einzelner Luftschieber mit drei St\u00e4nden zur einfachen Bedienung Ihres Kamins. Das ist einzigartig, das ist typisch Dik Geurts. Die prim\u00e4re Bel\u00fcftung zum Anfeuern, die sekund\u00e4re Bel\u00fcftung f\u00fcr die Verbrennung unverbrannter Gase und die Bel\u00fcftung der Scheibe f\u00fcr jederzeit sauberes Glas.<\/span><\/p>\n<h2><span style=\"font-size: 14pt;\"><span style=\"font-size: 12pt;\"><strong><span style=\"font-family: verdana, geneva, sans-serif;\">Oval einzigartiger Designer-Holzfeuer, <\/span><\/strong><\/span>\u00a0f\u00fcnf verschiedenen Konfigurationen.<\/span><\/h2>\n<p style=\"text-align: justify;\"><span style=\"font-family: verdana, geneva, sans-serif;\"><strong>Fixed, Wall, Base, Legs und Plateau<\/strong>. Der Oval <strong>Tunnel<\/strong> bietet dauerhaften Komfort mit zwei breiten Sicht-Fenster, so dass Sie das sch\u00f6ne Flammenspiel von beiden Seiten genie\u00dfen k\u00f6nnen. Dieses robuste Prunkst\u00fcck eignet sich hervorragend als Raumteiler. Dank des Infrarotglases hat der Tunnel einen besonders hohen Wirkungsgrad.<\/span><\/p>\n<p style=\"text-align: justify;\"><span style=\"font-family: verdana, geneva, sans-serif;\"><span style=\"font-size: 12pt;\">Oval Einzigartiger Designer-Kamin front. <\/span>\u00a0Mit einer sch\u00f6nen ovalen Form und einem breiten Fenster haben Sie einen noch pr\u00e4chtigeren Blick auf die gro\u00dfen Flammen. Der dunkle anthrazitfarbene Vermiculit-Innenraum sorgt zudem f\u00fcr eine optimale und saubere Verbrennung.<\/span><\/p>\n<p style=\"text-align: justify;\"><span style=\"font-family: verdana, geneva, sans-serif;\">Es ist einfach zu bedienen, gibt viel W\u00e4rme und gat ein tolles Aussehen.\u00a0Genie\u00dfen Sie die Atmosph\u00e4re und die W\u00e4rme im Raum. Sehen Sie selbst, welches Modell am besten zu Ihrem Haus passt.<\/span><\/p>\n<p style=\"text-align: justify;\"><span style=\"font-family: verdana, geneva, sans-serif;\"><strong>Technische Daten<\/strong><\/span><\/p>\n<ul>\n<li><span style=\"font-family: verdana, geneva, sans-serif;\">F\u00fcnf verschiedenen Konfigurationen erh\u00e4ltlich;<\/span><\/li>\n<li><span style=\"font-family: verdana, geneva, sans-serif;\">Fixed &#8211; Wall (nur Oval Front) &#8211; Base &#8211; Legs &#8211; Plateau.<\/span><\/li>\n<li><span style=\"font-family: verdana, geneva, sans-serif;\">Kategorie; Holz\u00f6fen.<\/span><\/li>\n<li><span style=\"font-family: verdana, geneva, sans-serif;\">Modell; H\u00e4ngend.<\/span><\/li>\n<li><span style=\"font-family: verdana, geneva, sans-serif;\">Feuersicht; Front oder 2 Seitig.<\/span><\/li>\n<li><span style=\"font-family: verdana, geneva, sans-serif;\">Form; Rund.<\/span><\/li>\n<li><span style=\"font-family: verdana, geneva, sans-serif;\">Brennstoff; Holz.<\/span><\/li>\n<li><span style=\"font-family: verdana, geneva, sans-serif;\">Verbrennungssystem; Verbrenningsluft von aussen &#8211; Verbrennungsluft aus Wohnraum.<\/span><\/li>\n<li><span style=\"font-family: verdana, geneva, sans-serif;\">Glasfenter; Standardglas.<\/span><\/li>\n<li><span style=\"font-family: verdana, geneva, sans-serif;\">T\u00fcrtyp; Klappt\u00fcr<\/span><\/li>\n<li><span style=\"font-family: verdana, geneva, sans-serif;\"><span id=\"result_box\" class=\"\" lang=\"de\"><span class=\"\">Leistung: Front Modell- 6 &#8211; 10 kW &#8211; Wirkungsgrad; 76%<\/span><br \/>\n<\/span>\u00a0 \u00a0 \u00a0 \u00a0 \u00a0 \u00a0 \u00a0 \u00a02 Seitig Modell- 9 &#8211; 12 kW &#8211; <span id=\"result_box\" class=\"\" lang=\"de\">Wirkungsgrad: 84%<br \/>\n<\/span><\/span><\/li>\n<li><span id=\"result_box\" class=\"\" lang=\"de\" style=\"font-family: verdana, geneva, sans-serif;\">Gewicht: 130 Kg.<\/span><\/li>\n<li><span id=\"result_box\" class=\"\" lang=\"de\" style=\"font-family: verdana, geneva, sans-serif;\">Inneres; Dunklere Vermiculit<br \/>\n<\/span><\/li>\n<li><span style=\"font-family: verdana, geneva, sans-serif;\">*<a href=\"https:\/\/www.drufire.com\/de-de\/dik-geurts\/oval-serie\">Weiteres Infos<\/a> &#8211;<\/span><\/li>\n<\/ul>\n","protected":false},"excerpt":{"rendered":"[caption id=\"attachment_63049\" align=\"alignnone\" width=\"455\"]<img fetchpriority=\"high\" decoding=\"async\" class=\"wp-image-63049 size-full\" src=\"https:\/\/www.ambifuego.net\/wp-content\/uploads\/2017\/09\/oval-fixed-_optimized.jpg\" alt=\"Oval einzigartiges Designer-Holzfeuer - Wood stove Oval shape \" width=\"455\" height=\"304\" srcset=\"https:\/\/www.ambifuego.net\/wp-content\/uploads\/2017\/09\/oval-fixed-_optimized.jpg 455w, https:\/\/www.ambifuego.net\/wp-content\/uploads\/2017\/09\/oval-fixed-_optimized-404x270.jpg 404w\" sizes=\"(max-width: 455px) 100vw, 455px\" \/> Oval einzigartiges Designer-Holzfeuer &#8211; Wood stove Oval shape &#8211;[\/caption]\n","protected":false},"featured_media":63064,"template":"","meta":[],"product_brand":[],"product_cat":[370,374,378],"product_tag":[],"class_list":{"0":"post-17676","1":"product","2":"type-product","3":"status-publish","4":"has-post-thumbnail","6":"product_cat-holzkamin-holzofen-fuer-atmosphaere","7":"product_cat-designer-kaminoefen-modern-effizient","8":"product_cat-tunnel-zwei-sichtfenstern","10":"first","11":"instock","12":"shipping-taxable","13":"product-type-simple"},"_links":{"self":[{"href":"https:\/\/www.ambifuego.net\/de\/wp-json\/wp\/v2\/product\/17676","targetHints":{"allow":["GET"]}}],"collection":[{"href":"https:\/\/www.ambifuego.net\/de\/wp-json\/wp\/v2\/product"}],"about":[{"href":"https:\/\/www.ambifuego.net\/de\/wp-json\/wp\/v2\/types\/product"}],"version-history":[{"count":0,"href":"https:\/\/www.ambifuego.net\/de\/wp-json\/wp\/v2\/product\/17676\/revisions"}],"wp:featuredmedia":[{"embeddable":true,"href":"https:\/\/www.ambifuego.net\/de\/wp-json\/wp\/v2\/media\/63064"}],"wp:attachment":[{"href":"https:\/\/www.ambifuego.net\/de\/wp-json\/wp\/v2\/media?parent=17676"}],"wp:term":[{"taxonomy":"product_brand","embeddable":true,"href":"https:\/\/www.ambifuego.net\/de\/wp-json\/wp\/v2\/product_brand?post=17676"},{"taxonomy":"product_cat","embeddable":true,"href":"https:\/\/www.ambifuego.net\/de\/wp-json\/wp\/v2\/product_cat?post=17676"},{"taxonomy":"product_tag","embeddable":true,"href":"https:\/\/www.ambifuego.net\/de\/wp-json\/wp\/v2\/product_tag?post=17676"}],"curies":[{"name":"wp","href":"https:\/\/api.w.org\/{rel}","templated":true}]}}