{"id":17660,"date":"2017-09-25T20:07:32","date_gmt":"2017-09-25T20:07:32","guid":{"rendered":"https:\/\/www.ambifuego.net\/xtempx\/web17\/producto\/instyle-square-650\/"},"modified":"2025-10-08T17:04:32","modified_gmt":"2025-10-08T15:04:32","slug":"gas-heizstrahler-einzigartigen-design","status":"publish","type":"product","link":"https:\/\/www.ambifuego.net\/de\/producto\/gas-heizstrahler-einzigartigen-design\/","title":{"rendered":"GAS HEIZSTRAHLER &#8211; ELEGANCE"},"content":{"rendered":"<p style=\"text-align: justify;\"><span style=\"font-size: 12pt; font-family: verdana, geneva, sans-serif;\">Gas Heizstrahler einzigartigen Design; das Modell Elegance Terrassen-Heizstrahler ist ein luxuri\u00f6ser sowie eleganter Gasheizstahler. <\/span><\/p>\n<p style=\"text-align: justify;\"><span style=\"font-family: verdana, geneva, sans-serif;\">An k\u00fchlen Sommerabenden, im Fr\u00fchjahr oder Herbst w\u00fcnscht sich so mancher Terrassenbesitzer eine Terrassenheizung, um l\u00e4nger drau\u00dfen sitzen zu k\u00f6nnen. Egal o<\/span><span style=\"font-family: verdana, geneva, sans-serif;\">b auf der eigenen Terrasse, im Garten oder auf einem Platz im Freien: das nat\u00fcrliche Ambiente ins Freien ist gro\u00dfartig als Kulisse geeignet! Aber\u00a0 die k\u00fchlen Temperaturen, insbesondere nachts machen es etwas schwer. Doch daf\u00fcr gibt es Abhilfe mit einem Gasheizstrahler die Outdoors zu heizen. Heizen mit Gas <a href=\"https:\/\/www.pinterest.es\/ambifuegopinterest\">Kamine<\/a> f\u00fcr Zuhause oder Outdoor mit Terrassen-Heizer ist eine einfache feine Sache.<\/span><\/p>\n<p style=\"text-align: justify;\"><span style=\"font-size: 12pt; font-family: verdana, geneva, sans-serif;\">Gasheizstrahler sind <b>\u00fcberwiegend mobile Ger\u00e4te, die in ihrer Umgebung schnell f\u00fcr wohlige W\u00e4rme sorgen<\/b>. Um das zu erreichen, verbrennen sie Gas. Die dabei entstehende thermische Energie strahlen Gasstrahler sonnengleich ab.\u00a0<\/span><\/p>\n<p style=\"text-align: justify;\"><span style=\"font-family: verdana, geneva, sans-serif;\">Der Elegance Heizstrahler mit seinem einzigartigen Design ist eine erfrischende Neuerung. Hat ein zylindrisches 5 mm Glass der ein 360\u00b0 Blick auf die sch\u00f6ne Flamme bittet.<\/span><\/p>\n<div class='yrm-content yrm-content-1 yrm-content-hide  ' id='yrm-kSzvb' data-id='1' data-show-status='false' data-after-action='' style=\"visibility: hidden;height: 0;\">\n\t\t\t<div id='yrm-inner-content-yrm-kSzvb' class='yrm-inner-content-wrapper yrm-cntent-1'><\/p>\n<h1 style=\"text-align: justify;\"><span style=\"font-size: 14pt;\">Gas Heizstrahler einzigartigen Design Modell, Elegance<\/span><\/h1>\n<p style=\"text-align: justify;\"><span style=\"font-family: verdana, geneva, sans-serif;\">Bis zu 32 Stunden Brenndauer (mit einer handels\u00fcblichen 11 kg Gasflasche) und mit einer Heizleistung von 8,7 kW ist der Elegance Heizer bereit, Sie auf Ihrer Terrasse oder Ihrem Balkon zu w\u00e4rmen.<\/span><\/p>\n<p style=\"text-align: justify;\"><span style=\"font-family: verdana, geneva, sans-serif;\">Der Elegance Heizstrahler hat eine CE-Zulassung und verf\u00fcft \u00fcber modernste Sicherheitstechnik, die daf\u00fcr sorgt, dass das Gas abgestellt wird, soblad das Feuer erlischt oder das Ger\u00e4t umkippen sollte (Kippsicherung).<\/span><\/p>\n<p style=\"text-align: justify;\"><span style=\"font-size: 12pt; font-family: verdana, geneva, sans-serif;\">Patio Heizer, und verl\u00e4ngern Sie den Sommer mit einer outdoor Feuerstelle auch mit Gas oder auch <a href=\"https:\/\/www.ambifuego.net\/de\/producto\/outdoor-aussen-kamin-grill\/\">mit Holz m\u00f6glich<\/a>.<\/span><\/p>\n<ul>\n<li style=\"text-align: justify;\"><span style=\"font-family: verdana, geneva, sans-serif;\">Material: schwarzer pulverbeschichteter Edelstahl.<\/span><\/li>\n<li style=\"text-align: justify;\"><span style=\"font-family: verdana, geneva, sans-serif;\">5mm halb mundgeblasenes hitzebest\u00e4ndiges Glas.<\/span><\/li>\n<li style=\"text-align: justify;\"><span style=\"font-family: verdana, geneva, sans-serif;\">H\u00f6he 1316 mm<\/span><\/li>\n<li style=\"text-align: justify;\"><span style=\"font-family: verdana, geneva, sans-serif;\">H\u00f6he Glas: 494 mm<\/span><\/li>\n<li style=\"text-align: justify;\"><span style=\"font-family: verdana, geneva, sans-serif;\">Durchmesser: 400 mm<\/span><\/li>\n<li style=\"text-align: justify;\"><span style=\"font-family: verdana, geneva, sans-serif;\">Gewicht: 27,4 kg<\/span><\/li>\n<li style=\"text-align: justify;\"><span style=\"font-family: verdana, geneva, sans-serif;\">Stylishes Design<\/span><\/li>\n<li style=\"text-align: justify;\"><span style=\"font-family: verdana, geneva, sans-serif;\">Zylinderglas<\/span><\/li>\n<li style=\"text-align: justify;\"><span style=\"font-family: verdana, geneva, sans-serif;\">Elektronische Z\u00fcndung<\/span><\/li>\n<li style=\"text-align: justify;\"><span style=\"font-family: verdana, geneva, sans-serif;\">Maximale Heizleistung: 8,7 kW<\/span><\/li>\n<li style=\"text-align: justify;\"><span style=\"font-family: verdana, geneva, sans-serif;\">360\u00b0 Blick auf die sch\u00f6ne Flamme im Zylinderglas<\/span><\/li>\n<li style=\"text-align: justify;\"><span style=\"font-family: verdana, geneva, sans-serif;\">inkl. Lavasteinen, die eine sch\u00f6ne Flamme erzeugen<\/span><\/li>\n<li style=\"text-align: justify;\"><span style=\"font-family: verdana, geneva, sans-serif;\">Wasserresistente Pulverbeschichtung<\/span><\/li>\n<li style=\"text-align: justify;\"><span style=\"font-family: verdana, geneva, sans-serif;\">bis zu 32 Stunden Brenndauer<\/span><\/li>\n<li style=\"text-align: justify;\"><span style=\"font-family: verdana, geneva, sans-serif;\">4 hochwertige Zwillingsr\u00e4der (bequem auf der Terrasse oder dem Balkon bewegbar)<\/span><\/li>\n<li style=\"text-align: justify;\"><span style=\"font-family: verdana, geneva, sans-serif;\">CE-Zulassung<\/span><\/li>\n<\/ul>\n<p><figure id=\"attachment_61644\" aria-describedby=\"caption-attachment-61644\" style=\"width: 352px\" class=\"wp-caption alignnone\"><a href=\"https:\/\/www.ambifuego.net\/de\/?attachment_id=61644\" target=\"_blank\" rel=\"noopener\"><img fetchpriority=\"high\" decoding=\"async\" class=\"wp-image-61644 size-full\" src=\"https:\/\/www.ambifuego.net\/wp-content\/uploads\/2017\/09\/patio_presentacion2022-3-copia-2_optimized.jpg\" alt=\"medidas . masse Gas Heizstrahler einzigartigen Design .\" width=\"352\" height=\"377\" srcset=\"https:\/\/www.ambifuego.net\/wp-content\/uploads\/2017\/09\/patio_presentacion2022-3-copia-2_optimized.jpg 352w, https:\/\/www.ambifuego.net\/wp-content\/uploads\/2017\/09\/patio_presentacion2022-3-copia-2_optimized-252x270.jpg 252w\" sizes=\"(max-width: 352px) 100vw, 352px\" \/><\/a><figcaption id=\"caption-attachment-61644\" class=\"wp-caption-text\">patio_Gas Heizstrahler einzigartigen Design .<\/figcaption><\/figure><\/p>\n<p><\/div>\n\t\t<\/div><div class='yrm-btn-wrapper yrm-btn-wrapper-1 yrm-more-button-wrapper  '\n\t\tdata-custom-more-class-name='' data-custom-less-class-name=''><span title='' data-less-title='' data-more-title='' class='yrm-toggle-expand  yrm-toggle-expand-1 ' data-rel='yrm-kSzvb' data-more='Mehr erfahren ' data-less='Read less'><span class='yrm-text-wrapper yrm-text-wrapper-custom-dimensions'><span class=\"yrm-button-text-1 yrm-button-text-span\">Mehr erfahren <\/span><\/span><\/span><\/div>\n","protected":false},"excerpt":{"rendered":"[video width=\"220\" height=\"780\" mp4=\"https:\/\/www.ambifuego.net\/wp-content\/uploads\/2017\/09\/2-rotado-drcha-elegance-online-video-cutter.com_.mp4\"][\/video]\n","protected":false},"featured_media":78966,"template":"","meta":[],"product_brand":[],"product_cat":[363],"product_tag":[],"class_list":{"0":"post-17660","1":"product","2":"type-product","3":"status-publish","4":"has-post-thumbnail","6":"product_cat-feuerstellen-gartenkamine-terrassenfeuer-gas","8":"first","9":"instock","10":"shipping-taxable","11":"product-type-simple"},"_links":{"self":[{"href":"https:\/\/www.ambifuego.net\/de\/wp-json\/wp\/v2\/product\/17660","targetHints":{"allow":["GET"]}}],"collection":[{"href":"https:\/\/www.ambifuego.net\/de\/wp-json\/wp\/v2\/product"}],"about":[{"href":"https:\/\/www.ambifuego.net\/de\/wp-json\/wp\/v2\/types\/product"}],"version-history":[{"count":0,"href":"https:\/\/www.ambifuego.net\/de\/wp-json\/wp\/v2\/product\/17660\/revisions"}],"wp:featuredmedia":[{"embeddable":true,"href":"https:\/\/www.ambifuego.net\/de\/wp-json\/wp\/v2\/media\/78966"}],"wp:attachment":[{"href":"https:\/\/www.ambifuego.net\/de\/wp-json\/wp\/v2\/media?parent=17660"}],"wp:term":[{"taxonomy":"product_brand","embeddable":true,"href":"https:\/\/www.ambifuego.net\/de\/wp-json\/wp\/v2\/product_brand?post=17660"},{"taxonomy":"product_cat","embeddable":true,"href":"https:\/\/www.ambifuego.net\/de\/wp-json\/wp\/v2\/product_cat?post=17660"},{"taxonomy":"product_tag","embeddable":true,"href":"https:\/\/www.ambifuego.net\/de\/wp-json\/wp\/v2\/product_tag?post=17660"}],"curies":[{"name":"wp","href":"https:\/\/api.w.org\/{rel}","templated":true}]}}