{"id":17653,"date":"2017-09-25T19:50:32","date_gmt":"2017-09-25T19:50:32","guid":{"rendered":"https:\/\/www.ambifuego.net\/xtempx\/web17\/producto\/vision-80\/"},"modified":"2023-04-05T12:06:09","modified_gmt":"2023-04-05T10:06:09","slug":"steininsel-komplette-outdoor-kueche","status":"publish","type":"product","link":"https:\/\/www.ambifuego.net\/de\/producto\/steininsel-komplette-outdoor-kueche\/","title":{"rendered":"Aussenk\u00fcche Gas mit K\u00fcchenmodul"},"content":{"rendered":"<p style=\"text-align: justify;\"><span style=\"font-family: verdana, geneva, sans-serif;\">Steininsel &#8211; komplette Outdoor-K\u00fcche, mit K\u00fcchenmodul. Der Gasg<\/span><span style=\"font-family: verdana, geneva, sans-serif;\">rill\u00a0f\u00fcr das Outdoor-Kocherlebnis.\u00a0<\/span><\/p>\n<div class=\"wWOJcd\" style=\"text-align: justify;\" tabindex=\"0\" role=\"button\" aria-controls=\"exacc_nN9PY--ND4Xwa6Lcr9AJ_2\" aria-expanded=\"true\" aria-labelledby=\"exacc_nN9PY--ND4Xwa6Lcr9AJ_1\">\n<h2 id=\"exacc_nN9PY--ND4Xwa6Lcr9AJ_1\" class=\"iDjcJe IX9Lgd wwB5gf\" aria-hidden=\"true\"><span style=\"font-family: verdana, geneva, sans-serif; font-size: 14pt;\">Was kann man alles mit einem Gasgrill kochen?<\/span><\/h2>\n<\/div>\n<div id=\"exacc_nN9PY--ND4Xwa6Lcr9AJ_2\" class=\"MBtdbb\" style=\"text-align: justify;\" data-ved=\"2ahUKEwjvy5eumOz6AhUF-BoKHSLuC5oQ7NUEegQIVxAD\">\n<div class=\"ymu2Hb\">\n<div id=\"_nN9PY--ND4Xwa6Lcr9AJ_61\" class=\"t0bRye r2fjmd\" data-hveid=\"CFcQBA\" data-ved=\"2ahUKEwjvy5eumOz6AhUF-BoKHSLuC5oQu04oAHoECFcQBA\">\n<div id=\"nN9PY--ND4Xwa6Lcr9AJ__79\">\n<div class=\"wDYxhc\" data-md=\"83\">\n<div class=\"di3YZe\">\n<div class=\"co8aDb\" style=\"text-align: justify;\" role=\"heading\" aria-level=\"3\"><span style=\"font-family: verdana, geneva, sans-serif;\">Mit diesem komplette Aussenk\u00fcche k\u00f6nnen Sie problemlos Vieles zubereiten; <\/span><span style=\"font-family: verdana, geneva, sans-serif;\">Alle Arten von <strong>Fleisch<\/strong> (Rind, Schwein, Lamm, Gefl\u00fcgel),\u00a0 <strong>Fisch<\/strong> und Schalentiere,\u00a0 <strong>Gem\u00fcse<\/strong>, <strong>Pizza<\/strong>, <strong>Nachspeisen<\/strong>.<\/span><\/div>\n<div class=\"co8aDb\" style=\"text-align: justify;\" role=\"heading\" aria-level=\"3\">\n<div class=\"wWOJcd\" tabindex=\"0\" role=\"button\" aria-controls=\"exacc_CeJPY6zAK_iC9u8PpPSLsA8_8\" aria-expanded=\"true\" aria-labelledby=\"exacc_CeJPY6zAK_iC9u8PpPSLsA8_7\">\n<div aria-hidden=\"true\"><\/div>\n<div id=\"exacc_CeJPY6zAK_iC9u8PpPSLsA8_7\" class=\"iDjcJe IX9Lgd wwB5gf\" aria-hidden=\"true\">\n<p><span style=\"font-family: verdana, geneva, sans-serif;\">Ausserdem m<\/span><span style=\"font-family: verdana, geneva, sans-serif;\"><span style=\"font-family: verdana, geneva, sans-serif;\">it dem <strong>Seitenkocher<\/strong>\u00a0 k\u00f6nnen Sie auch mit Topfe oder Pfanne gleizeitig auch kochen. <\/span><\/span><span style=\"font-family: verdana, geneva, sans-serif;\">F\u00fcr was ist der seitenbrenner beim Gasgrill? <\/span><span style=\"font-family: verdana, geneva, sans-serif;\">Ein <\/span><b style=\"font-family: verdana, geneva, sans-serif;\">Seitenbrenner<\/b><span style=\"font-family: verdana, geneva, sans-serif;\"> ist im Wesentlichen eine gasbetriebene Kochfl\u00e4che \u2013 \u00e4hnlich wie eine <strong>Herdplatte<\/strong> -, die an der Seite eines Grills angebracht ist. Er ist in der Regel kleiner als der Hauptrost des Grills, weswegen er nicht zum Garen von gro\u00dfen Mengen an Lebensmitteln verwendet werden kann.\u00a0 <\/span><\/p>\n<p><span style=\"font-family: verdana, geneva, sans-serif;\">Mit einem Seitenkocher k\u00f6nnen beispielsweise die verschiedensten So\u00dfen hergerichtet und warmgehalten werden, was gerade f\u00fcr ein Barbecue eine optimale Unterst\u00fctzung bietet. Aber auch die Zubereitung anderer Beilagen und Speisen gelingen mit ihm bequem und zuverl\u00e4ssig. Alle fl\u00fcssigen oder sonstigen Zutaten, deren Zubereitung auf dem Grill zu umst\u00e4ndlich oder nicht durchf\u00fchrbar sind, k\u00f6nnen komfortabel mit Hilfe des Seitenkochers in einem Topf, Pfanne oder Wok zubereitet werden<\/span><\/p>\n<div class=\"wWOJcd\" tabindex=\"0\" role=\"button\" aria-controls=\"exacc_bORPY8y-BszhlwSIkLqoDQ_6\" aria-expanded=\"true\" aria-labelledby=\"exacc_bORPY8y-BszhlwSIkLqoDQ_5\">\n<div data-hveid=\"CFkQAQ\" data-ved=\"2ahUKEwjMpMr5nOz6AhXM8IUKHQiIDtUQuk56BAhZEAE\"><\/div>\n<div data-hveid=\"CFkQAQ\" data-ved=\"2ahUKEwjMpMr5nOz6AhXM8IUKHQiIDtUQuk56BAhZEAE\">\n<div class=\"wWOJcd\" tabindex=\"0\" role=\"button\" aria-controls=\"exacc_bORPY8y-BszhlwSIkLqoDQ_4\" aria-expanded=\"true\" aria-labelledby=\"exacc_bORPY8y-BszhlwSIkLqoDQ_3\">\n<div id=\"exacc_bORPY8y-BszhlwSIkLqoDQ_3\" class=\"iDjcJe IX9Lgd wwB5gf\" aria-hidden=\"true\"><span style=\"font-family: verdana, geneva, sans-serif;\"><strong>Was ist ein Infrarot seitenbrenner?<\/strong><\/span><\/div>\n<div class=\"YsGUOb\"><\/div>\n<div class=\"r21Kzd\" data-hveid=\"CFgQAQ\" data-ved=\"2ahUKEwjMpMr5nOz6AhXM8IUKHQiIDtUQuk56BAhYEAE\"><span style=\"font-family: verdana, geneva, sans-serif;\">Mit einem <b>Infrarot<\/b>-Keramikbrenner im Gasgrill kriegste die ganz easy auf die Kette. Diese Art Brenner, auch als &#8222;Steak Zone\u201c oder einfach\u00a0<b>Seitenbrenner<\/b> bekannt, wird dank Infrarotstrahlung bis zu wahnsinnigen 900 \u00b0C hei\u00df. Damit bekommen deine Steaks, Patties und Co. ruckzuck die beste Kruste ever verpasst.\u00a0<\/span><\/div>\n<\/div>\n<\/div>\n<\/div>\n<\/div>\n<h2 class=\"iDjcJe IX9Lgd wwB5gf\" aria-hidden=\"true\"><span style=\"font-family: verdana, geneva, sans-serif; font-size: 14pt;\">Steininsel &#8211; komplette Outdoor-K\u00fcche<\/span><\/h2>\n<\/div>\n<\/div>\n<\/div>\n<\/div>\n<\/div>\n<\/div>\n<\/div>\n<\/div>\n<p style=\"text-align: justify;\"><span style=\"font-family: verdana, geneva, sans-serif;\">Diese sch\u00f6ne und komplette Outdoor-K\u00fcche wird in keinem Garten fehl am Platz aussehen. Komplett mit eingebautem Gasgrill, leistungsstarkem Seitenbrenner, Sp\u00fcle mit Wasserhahn, praktischem eingebautem M\u00fclleimer und viel Arbeitsfl\u00e4che.<\/span><\/p>\n<ul>\n<li style=\"text-align: justify;\"><span style=\"font-family: verdana, geneva, sans-serif;\">Abmessungen: 220 x 119 x 66 cm<\/span><\/li>\n<li style=\"text-align: justify;\"><span style=\"font-family: verdana, geneva, sans-serif;\">Kochfl\u00e4che: 80 x 45 cm<\/span><\/li>\n<li style=\"text-align: justify;\"><span style=\"font-family: verdana, geneva, sans-serif;\">304 Edelstahlbrenner 17,2 kW<\/span><\/li>\n<li style=\"text-align: justify;\"><span style=\"font-family: verdana, geneva, sans-serif;\">Seitenbrenner, 4,4 kW<\/span><\/li>\n<li style=\"text-align: justify;\"><span style=\"font-family: verdana, geneva, sans-serif;\">Infrarot-Backburner, 4,3 kW<\/span><\/li>\n<li style=\"text-align: justify;\"><span style=\"font-family: verdana, geneva, sans-serif;\">Elektronische Druckz\u00fcndung<\/span><\/li>\n<li style=\"text-align: justify;\"><span style=\"font-family: verdana, geneva, sans-serif;\">3 Grillroste aus Edelstahl<\/span><\/li>\n<li style=\"text-align: justify;\"><span style=\"font-family: verdana, geneva, sans-serif;\">Backblech aus emailliertem Gusseisen<\/span><\/li>\n<li style=\"text-align: justify;\"><span style=\"font-family: verdana, geneva, sans-serif;\">Indirektes Grillen<\/span><\/li>\n<li style=\"text-align: justify;\"><span style=\"font-family: verdana, geneva, sans-serif;\">3 Flammenb\u00e4ndiger<\/span><\/li>\n<li style=\"text-align: justify;\"><span style=\"font-family: verdana, geneva, sans-serif;\">Vordere Fettauffangschale<\/span><\/li>\n<li style=\"text-align: justify;\"><span style=\"font-family: verdana, geneva, sans-serif;\">Aufbewahrungsschrank<\/span><\/li>\n<li style=\"text-align: justify;\"><span style=\"font-family: verdana, geneva, sans-serif;\">M\u00fclleimer und <\/span><span style=\"font-family: verdana, geneva, sans-serif;\">Waschbecken<\/span><\/li>\n<li style=\"text-align: justify;\"><span style=\"font-family: verdana, geneva, sans-serif;\">Gasflasche sicher au\u00dfer Sichtweite<\/span><\/li>\n<li style=\"text-align: justify;\"><span style=\"font-family: verdana, geneva, sans-serif;\">Einfach zu installieren<\/span><\/li>\n<li style=\"text-align: justify;\"><span style=\"font-family: verdana, geneva, sans-serif;\">H\u00f6henverstellbare F\u00fc\u00dfe<\/span><\/li>\n<li style=\"text-align: justify;\"><span style=\"font-family: verdana, geneva, sans-serif;\">Sehr robuste Konstruktion<\/span><\/li>\n<li><a href=\"https:\/\/www.youtube.com\/user\/ambifuego\/videos\"><span style=\"font-family: verdana, geneva, sans-serif;\">Andere Produkte<\/span><\/a><\/li>\n<li><a href=\"https:\/\/www.ambifuego.net\/de\/kontakt\/\"><span style=\"font-family: verdana, geneva, sans-serif;\">Preis auf Anfrage<\/span><\/a><\/li>\n<\/ul>\n","protected":false},"excerpt":{"rendered":"<p><img fetchpriority=\"high\" decoding=\"async\" class=\"alignnone size-medium wp-image-58012\" src=\"https:\/\/www.ambifuego.net\/wp-content\/uploads\/2017\/09\/stoneisland_maximg4_close-negra_optimized-480x352.jpg\" alt=\"\" width=\"480\" height=\"352\" srcset=\"https:\/\/www.ambifuego.net\/wp-content\/uploads\/2017\/09\/stoneisland_maximg4_close-negra_optimized-480x352.jpg 480w, https:\/\/www.ambifuego.net\/wp-content\/uploads\/2017\/09\/stoneisland_maximg4_close-negra_optimized-368x270.jpg 368w, https:\/\/www.ambifuego.net\/wp-content\/uploads\/2017\/09\/stoneisland_maximg4_close-negra_optimized.jpg 518w\" sizes=\"(max-width: 480px) 100vw, 480px\" \/><\/p>\n","protected":false},"featured_media":58018,"template":"","meta":[],"product_brand":[],"product_cat":[365,369],"product_tag":[],"class_list":{"0":"post-17653","1":"product","2":"type-product","3":"status-publish","4":"has-post-thumbnail","6":"product_cat-einfach-grillen-mit-gas","7":"product_cat-einbau-gasgrills-fuer-aussenkueche","9":"first","10":"instock","11":"shipping-taxable","12":"product-type-simple"},"_links":{"self":[{"href":"https:\/\/www.ambifuego.net\/de\/wp-json\/wp\/v2\/product\/17653","targetHints":{"allow":["GET"]}}],"collection":[{"href":"https:\/\/www.ambifuego.net\/de\/wp-json\/wp\/v2\/product"}],"about":[{"href":"https:\/\/www.ambifuego.net\/de\/wp-json\/wp\/v2\/types\/product"}],"version-history":[{"count":0,"href":"https:\/\/www.ambifuego.net\/de\/wp-json\/wp\/v2\/product\/17653\/revisions"}],"wp:featuredmedia":[{"embeddable":true,"href":"https:\/\/www.ambifuego.net\/de\/wp-json\/wp\/v2\/media\/58018"}],"wp:attachment":[{"href":"https:\/\/www.ambifuego.net\/de\/wp-json\/wp\/v2\/media?parent=17653"}],"wp:term":[{"taxonomy":"product_brand","embeddable":true,"href":"https:\/\/www.ambifuego.net\/de\/wp-json\/wp\/v2\/product_brand?post=17653"},{"taxonomy":"product_cat","embeddable":true,"href":"https:\/\/www.ambifuego.net\/de\/wp-json\/wp\/v2\/product_cat?post=17653"},{"taxonomy":"product_tag","embeddable":true,"href":"https:\/\/www.ambifuego.net\/de\/wp-json\/wp\/v2\/product_tag?post=17653"}],"curies":[{"name":"wp","href":"https:\/\/api.w.org\/{rel}","templated":true}]}}