{"id":17649,"date":"2017-09-25T17:55:13","date_gmt":"2017-09-25T17:55:13","guid":{"rendered":"https:\/\/www.ambifuego.net\/xtempx\/web17\/producto\/panorama-e1000gf-vorne\/"},"modified":"2024-01-02T16:09:49","modified_gmt":"2024-01-02T15:09:49","slug":"elektrokamin-echtfeuer-flammeneffek","status":"publish","type":"product","link":"https:\/\/www.ambifuego.net\/de\/producto\/elektrokamin-echtfeuer-flammeneffek\/","title":{"rendered":"1-2-3 SEITEN &#8211; E-FX 1800"},"content":{"rendered":"<p style=\"text-align: justify;\"><span style=\"font-family: verdana, geneva, sans-serif;\"><strong>Breite Elektrokamin echtfeuer Flammeneffek &#8211; Einbau\u00a0 1800\u00a0<\/strong><\/span><\/p>\n<div class=\"row\">\n<div class=\"col-md-12 \" data-com_id=\"39896\">\n<p style=\"text-align: justify;\"><span style=\"font-family: verdana, geneva, sans-serif;\">Nutzen Sie das volle Potential Ihres Einbau Elektrokamins und bauen Sie ihn in Ihre Wand an. Somit verschwenden Sie keinen Platz und der Kamineinsatz passt auch in die kleinsten Wohnungen. Die Kamineins\u00e4tze sind sehr einfach in die Wand einzubauen und ben\u00f6tigen keinen Schornstein oder Bel\u00fcftung. Daher k\u00f6nnen Sie den Elektrokamin ganz einfach selbst montieren. Sie sollten nur darauf achten, dass ein Stromanschluss in der N\u00e4he vorhanden ist.<\/span><\/p>\n<p style=\"text-align: justify;\"><span style=\"font-family: verdana, geneva, sans-serif;\">Dank des Elektrokamins m\u00fcssen Sie sich um Rauch und Ru\u00df keine Gedanken machen. Sie brauchen auch keine Holzvorr\u00e4te, sondern nur Strom. Viele der Elektrokamin Modelle auf dem Markt verf\u00fcgen \u00fcber eine Heizfunktion, sodass Sie die selbige wohlige W\u00e4rme verbreiten<\/span> <span style=\"font-family: verdana, geneva, sans-serif;\">wie ein klassischer Holzkaminofen.<\/span><\/p>\n<p style=\"text-align: justify;\"><span style=\"font-family: verdana, geneva, sans-serif;\">Sie k\u00f6nnen sich also ganz entspannt zur\u00fccklehnen und die lodernden Flammen genie\u00dfen. Ein elektrischer Kamin ist die umwelt-, kinder- und haustierfreundliche Alternative zum klassischen Holzkamin.<\/span><\/p>\n<div class=\"row\">\n<div class=\"col-md-12 \" data-com_id=\"80960\">\n<p style=\"text-align: justify;\"><span style=\"font-family: verdana, geneva, sans-serif;\">Wenn Sie einen Raum mit nur begrenzt Platz zur Verf\u00fcgung haben, k\u00f6nnen Sie einen\u00a0Elektrokamin einbauen\u00a0und Ihre Kamin-Atmosph\u00e4re genie\u00dfen. Der elektrische LED-Kamin beansprucht kaum Platz, da er problemlos an einer Wand befestigt werden kann.<\/span><\/p>\n<p style=\"text-align: justify;\"><span style=\"font-family: verdana, geneva, sans-serif;\">Ein elektrischer Kamin ist daher eine umweltfreundliche L\u00f6sung, da er keine gef\u00e4hrlichen Partikel abgibt und somit das Raumklima nicht verschmutzt<\/span><\/p>\n<\/div>\n<\/div>\n<p style=\"text-align: justify;\"><span style=\"font-family: verdana, geneva, sans-serif;\">Mit einem 1, 2 oder dreiseitigen elektrischen Kamin zum Einbau k\u00f6nnen Sie das sch\u00f6ne LED-Lichtspiel, das einige realistisch aussehende Flammen erzeugt, aus mehreren R\u00e4umen genie\u00dfen. W\u00e4hrend Sie eine sch\u00f6ne und gem\u00fctliche Wand erhalten, die alle Blicke auf sich zieht, verlieren Sie keine Grundfl\u00e4che.<\/span><\/p>\n<p style=\"text-align: justify;\"><span style=\"font-family: verdana, geneva, sans-serif;\">Ein elektrischer Kamin zur Installation ben\u00f6tigt nur Strom, da die Flammen \u00fcber LED-Lampen erzeugt werden. Somit ben\u00f6tigt der Elektrokamin wandeinbau\u00a0keinen Schornstein oder eine andere Ventilation. Daher ist er absolut umweltfreundlich!<\/span><\/p>\n<h1><span style=\"font-size: 14pt;\">Breite elektrokamin echtfeuer Flammeneffek\u00a0<\/span><\/h1>\n<\/div>\n<\/div>\n<ul>\n<li><span style=\"font-family: verdana, geneva, sans-serif;\"><strong>Made in Europe &#8211; Flamerite Fires E-FX Sortiment<\/strong><span id=\"result_box\" class=\"\" lang=\"de\"><br \/>\n<\/span><\/span><\/li>\n<li><span style=\"font-family: verdana, geneva, sans-serif;\">Moderner Kamin mit echtfeuer Flammeneffekt<\/span><\/li>\n<li><span style=\"font-family: verdana, geneva, sans-serif;\">Verf\u00fcgbar mit 1 &#8211; 2 oder 3 Seiten<\/span><\/li>\n<li><span style=\"font-family: verdana, geneva, sans-serif;\">e-touch App-Control &#8211; Tablet &#8211; Fernbedienung (Bald)<\/span><\/li>\n<li><span id=\"result_box\" class=\"\" lang=\"de\" style=\"font-family: verdana, geneva, sans-serif;\">2 Heizstufen 750 &#8211; 1500 W<\/span><\/li>\n<li><span style=\"font-family: verdana, geneva, sans-serif;\">Antireflekteriendes Frontglas<\/span><\/li>\n<li><span id=\"result_box\" class=\"\" lang=\"de\" style=\"font-family: verdana, geneva, sans-serif;\">Led Beleuchtung &#8211; Energiesparend<\/span><\/li>\n<li><span id=\"result_box\" class=\"\" lang=\"de\" style=\"font-family: verdana, geneva, sans-serif;\">Holz- Silberbirken oder Steine Dekor<\/span><\/li>\n<li><span style=\"font-family: verdana, geneva, sans-serif;\">Sicher und Sauber<\/span><\/li>\n<li><span style=\"font-family: verdana, geneva, sans-serif;\"><span style=\"font-family: verdana, geneva, sans-serif;\">Option;<strong> Nitra-Flame Effect<\/strong>&#8211; F\u00e4rbige Flammen<\/span><\/span><\/li>\n<li><a href=\"https:\/\/dutnf637rcl7w.cloudfront.net\/wp-content\/uploads\/2023\/05\/10141439\/Flamerite-Fires-E-FX-Brochure-2023-v17.pdf\" target=\"_blank\" rel=\"noopener\"><span style=\"font-family: verdana, geneva, sans-serif;\">Katalog<\/span><\/a><\/li>\n<li><a href=\"https:\/\/www.ambifuego.net\/de\/kontakt\/\" target=\"_blank\" rel=\"noopener\"><span style=\"font-family: verdana, geneva, sans-serif;\">Preise nach Anfrage<\/span><\/a><\/li>\n<li><a href=\"https:\/\/vimeo.com\/ambifuego\" target=\"_blank\" rel=\"noopener\"><span style=\"font-family: verdana, geneva, sans-serif;\">Videos<\/span><\/a><\/li>\n<\/ul>\n<p><img fetchpriority=\"high\" decoding=\"async\" class=\"alignnone size-full wp-image-66544\" src=\"https:\/\/www.ambifuego.net\/wp-content\/uploads\/2017\/09\/1800-e-fx-1-2-3-medidas-1.jpg\" alt=\"\" width=\"413\" height=\"183\" \/><\/p>\n","protected":false},"excerpt":{"rendered":"<p><img decoding=\"async\" class=\"alignnone wp-image-66451\" src=\"https:\/\/www.ambifuego.net\/wp-content\/uploads\/2017\/09\/efectos-e-fx_optimized.jpg\" alt=\"\" width=\"362\" height=\"309\" srcset=\"https:\/\/www.ambifuego.net\/wp-content\/uploads\/2017\/09\/efectos-e-fx_optimized.jpg 463w, https:\/\/www.ambifuego.net\/wp-content\/uploads\/2017\/09\/efectos-e-fx_optimized-316x270.jpg 316w\" sizes=\"(max-width: 362px) 100vw, 362px\" \/><\/p>\n","protected":false},"featured_media":66510,"template":"","meta":[],"product_brand":[],"product_cat":[379,382],"product_tag":[],"class_list":{"0":"post-17649","1":"product","2":"type-product","3":"status-publish","4":"has-post-thumbnail","6":"product_cat-ihr-spezialist-fuer-elektrokamine","7":"product_cat-elektrokamin-manufaktur-panoramakamin-spanien","9":"first","10":"instock","11":"shipping-taxable","12":"product-type-simple"},"_links":{"self":[{"href":"https:\/\/www.ambifuego.net\/de\/wp-json\/wp\/v2\/product\/17649","targetHints":{"allow":["GET"]}}],"collection":[{"href":"https:\/\/www.ambifuego.net\/de\/wp-json\/wp\/v2\/product"}],"about":[{"href":"https:\/\/www.ambifuego.net\/de\/wp-json\/wp\/v2\/types\/product"}],"version-history":[{"count":0,"href":"https:\/\/www.ambifuego.net\/de\/wp-json\/wp\/v2\/product\/17649\/revisions"}],"wp:featuredmedia":[{"embeddable":true,"href":"https:\/\/www.ambifuego.net\/de\/wp-json\/wp\/v2\/media\/66510"}],"wp:attachment":[{"href":"https:\/\/www.ambifuego.net\/de\/wp-json\/wp\/v2\/media?parent=17649"}],"wp:term":[{"taxonomy":"product_brand","embeddable":true,"href":"https:\/\/www.ambifuego.net\/de\/wp-json\/wp\/v2\/product_brand?post=17649"},{"taxonomy":"product_cat","embeddable":true,"href":"https:\/\/www.ambifuego.net\/de\/wp-json\/wp\/v2\/product_cat?post=17649"},{"taxonomy":"product_tag","embeddable":true,"href":"https:\/\/www.ambifuego.net\/de\/wp-json\/wp\/v2\/product_tag?post=17649"}],"curies":[{"name":"wp","href":"https:\/\/api.w.org\/{rel}","templated":true}]}}