{"id":17645,"date":"2017-09-25T17:40:36","date_gmt":"2017-09-25T17:40:36","guid":{"rendered":"https:\/\/www.ambifuego.net\/xtempx\/web17\/producto\/panorama-e1030-gf-zwei-seiten\/"},"modified":"2023-12-22T13:38:53","modified_gmt":"2023-12-22T12:38:53","slug":"moderner-elektrokamin-1-2-3-sichtseiten","status":"publish","type":"product","link":"https:\/\/www.ambifuego.net\/de\/producto\/moderner-elektrokamin-1-2-3-sichtseiten\/","title":{"rendered":"1\/2 \/3 SEITEN KAMIN &#8211; 1030"},"content":{"rendered":"<p><strong><span style=\"font-family: verdana, geneva, sans-serif; font-size: 14pt;\">Moderner Elektrokamin 1-2-3 Sichtseiten\u00a0 &#8211; Gem\u00fctlichkeit auch ohne Feuer<\/span><\/strong><\/p>\n<p style=\"text-align: justify;\"><span style=\"font-family: verdana, geneva, sans-serif;\">Ein knisterndes Feuer und lodernde Flammen: Kaum etwas sorgt an kalten Winterabenden f\u00fcr mehr Gem\u00fctlichkeit in den eigenen vier W\u00e4nden. Erleben l\u00e4sst sich das besondere Gef\u00fchl aber auch mit einem Kamin ohne Schornstein. Die L\u00f6sung bringt ein Elektrokamin, den Verbraucher ohne gro\u00dfen Aufwand, ohne Anschluss an den Schornstein und ohne Genehmigung einfach installieren k\u00f6nnen. Und das sogar in einer Mietwohnung.\u00a0<\/span><\/p>\n<p style=\"text-align: justify;\"><span style=\"font-family: verdana, geneva, sans-serif;\">Der Elektrokamin ist eine einfache Alternative zum konventionellen Kaminofen. Er heizt die Raumluft mithilfe elektrischer Heizwiderst\u00e4nde auf und ist somit eine Elektrodirektheizung. W\u00e4hrend stromdurchflossene Heizelemente die Luft im Elektrokamin erw\u00e4rmen, steigt diese auf und verteilt sich im Raum. Dabei entsteht ein Unterdruck im Ofen, der frische Raumluft ansaugt und zu den Heizfl\u00e4chen leitet. Anders als bei einem konventionellen Kamin \u00fcbertr\u00e4gt ein elektrischer Kamin thermische Energie also \u00fcberwiegend in Form von\u00a0Konvektion\u00a0an den Raum. Das typische Kamingef\u00fchl von sonnengleicher W\u00e4rme, die tief in die Haut eindringt, bleibt somit aus.<\/span><\/p>\n<p><span style=\"font-family: verdana, geneva, sans-serif;\">Flammeneffekt: Das Ger\u00e4t bietet dem Hersteller zufolge einen realistischen <em>Kaminfeuer<\/em>&#8211;<em>Effekt<\/em>. Bei Bedarf sind die Flammen dimmbar.<\/span><\/p>\n<div>\n<div class=\"dnXCYb\" tabindex=\"0\" role=\"button\" aria-controls=\"_YPfAZJ-cOKuikdUPkaa78Ag_293\" aria-expanded=\"true\" data-hveid=\"CHEQAQ\">\n<div class=\"JlqpRe\"><span class=\"JCzEY ZwRhJd\" style=\"font-family: verdana, geneva, sans-serif;\"><span class=\"CSkcDe\">Wie effizient ist ein Elektrokamin? <\/span><\/span><span style=\"font-family: verdana, geneva, sans-serif;\">Elektrokamine und Effizienz<\/span><\/div>\n<\/div>\n<\/div>\n<div id=\"_YPfAZJ-cOKuikdUPkaa78Ag_293\" class=\"bCOlv\" data-ved=\"2ahUKEwifzMr1lqyAAxUrUaQEHRHTDo4Q7NUEegQIcRAE\">\n<div class=\"IZE3Td\">\n<div class=\"t0bRye r2fjmd\" data-hveid=\"CHEQBQ\" data-ved=\"2ahUKEwifzMr1lqyAAxUrUaQEHRHTDo4Qu04oAHoECHEQBQ\">\n<div id=\"YPfAZJ-cOKuikdUPkaa78Ag__85\">\n<div class=\"wDYxhc\" data-md=\"61\">\n<div class=\"LGOjhe\" role=\"heading\" data-attrid=\"wa:\/description\" aria-level=\"3\" data-hveid=\"CG4QAA\"><span class=\"ILfuVd\" lang=\"de\" style=\"font-family: verdana, geneva, sans-serif;\"><span class=\"hgKElc\"><br \/>\n<b>Die elektrische Heizkomponente im Kamin wandelt Strom direkt in W\u00e4rme mit einem Wirkungsgrad von ca.<\/b>\u00a0<b>99% um<\/b>. Da ein Elektrokamin keinen Schornstein oder eine L\u00fcftung ben\u00f6tigt, gelangt die W\u00e4rme als Strahlungsw\u00e4rme direkt in den Raum.<\/span><\/span><\/div>\n<\/div>\n<\/div>\n<\/div>\n<\/div>\n<\/div>\n<ul>\n<li dir=\"ltr\"><span style=\"font-family: verdana, geneva, sans-serif;\">Moderner Elektrokamin 1-2-3 Sichtseiten<\/span><\/li>\n<li dir=\"ltr\"><a href=\"https:\/\/vimeo.com\/ambifuego\" target=\"_blank\" rel=\"noopener\"><span style=\"font-family: verdana, geneva, sans-serif;\"><strong>Made in Europe<\/strong><\/span><\/a><\/li>\n<li id=\"gt-res-dir-ctr\" class=\"trans-verified-button-small\" dir=\"ltr\"><span id=\"result_box\" class=\"\" lang=\"de\" style=\"font-family: verdana, geneva, sans-serif;\"><span class=\"\">Moderner Elektro- Kamin von hoher Qualit\u00e4t<\/span><br \/>\n<\/span><\/li>\n<li dir=\"ltr\"><span style=\"font-family: verdana, geneva, sans-serif;\">Model verf\u00fcgbar 1 &#8211; 2 oder 3 Seiten<\/span><\/li>\n<li dir=\"ltr\"><span style=\"font-family: verdana, geneva, sans-serif;\">Sicher und sauber<\/span><\/li>\n<li dir=\"ltr\"><span style=\"font-family: verdana, geneva, sans-serif;\"><strong>Preisgekr\u00f6nte Kamin<\/strong><\/span><\/li>\n<li dir=\"ltr\"><span style=\"font-family: verdana, geneva, sans-serif;\">Mit realistischem Flammen-Effekt<\/span><\/li>\n<li dir=\"ltr\"><span style=\"font-family: verdana, geneva, sans-serif;\">LED energiesparenden Beleuchtung<\/span><\/li>\n<li class=\"trans-verified-button-small\" dir=\"ltr\"><span id=\"result_box\" class=\"\" lang=\"de\" style=\"font-family: verdana, geneva, sans-serif;\">750 &#8211; 1500 W\u00a0 Heizstufen<br \/>\n<\/span><\/li>\n<li class=\"trans-verified-button-small\" dir=\"ltr\"><span id=\"result_box\" class=\"\" lang=\"de\" style=\"font-family: verdana, geneva, sans-serif;\">APP- oder Tablet Steuerung<\/span><\/li>\n<li class=\"trans-verified-button-small\" dir=\"ltr\"><span id=\"result_box\" class=\"\" lang=\"de\" style=\"font-family: verdana, geneva, sans-serif;\">holz- oder Silberbirken-Dekor &#8211; Steine<\/span><\/li>\n<li dir=\"ltr\"><span style=\"font-family: verdana, geneva, sans-serif;\">Option: <strong>Nitra-Flame<\/strong> (F\u00e4rbige Flammen)<\/span><\/li>\n<li dir=\"ltr\"><span style=\"font-family: verdana, geneva, sans-serif;\"><a href=\"https:\/\/www.ambifuego.net\/de\/kontakt\/\" target=\"_blank\" rel=\"noopener\">Weitere Infos<\/a><\/span><\/li>\n<li dir=\"ltr\"><span style=\"font-family: verdana, geneva, sans-serif;\"><a href=\"https:\/\/www.ambifuego.net\/wp-content\/uploads\/2021\/05\/EVONIC-2021.pdf\" target=\"_blank\" rel=\"noopener\">Katalog<\/a> &#8211;<\/span><\/li>\n<\/ul>\n<p><img fetchpriority=\"high\" decoding=\"async\" class=\"alignnone size-full wp-image-59321\" src=\"https:\/\/www.ambifuego.net\/wp-content\/uploads\/2017\/09\/1030gf-2-3-sided-medidas_optimized.jpg\" alt=\"\" width=\"456\" height=\"270\" \/><\/p>\n","protected":false},"excerpt":{"rendered":"<p><img decoding=\"async\" class=\"size-full wp-image-51105\" src=\"https:\/\/www.ambifuego.net\/wp-content\/uploads\/2017\/09\/1500gf3-3lados2_optimized.jpg\" alt=\"Distribuidor chimeneas evonic fires -1500 chimenea panoramica electrica\" width=\"380\" height=\"317\" \/><\/p>\n","protected":false},"featured_media":21574,"template":"","meta":[],"product_brand":[],"product_cat":[379,382],"product_tag":[],"class_list":{"0":"post-17645","1":"product","2":"type-product","3":"status-publish","4":"has-post-thumbnail","6":"product_cat-ihr-spezialist-fuer-elektrokamine","7":"product_cat-elektrokamin-manufaktur-panoramakamin-spanien","9":"first","10":"instock","11":"shipping-taxable","12":"product-type-simple"},"_links":{"self":[{"href":"https:\/\/www.ambifuego.net\/de\/wp-json\/wp\/v2\/product\/17645","targetHints":{"allow":["GET"]}}],"collection":[{"href":"https:\/\/www.ambifuego.net\/de\/wp-json\/wp\/v2\/product"}],"about":[{"href":"https:\/\/www.ambifuego.net\/de\/wp-json\/wp\/v2\/types\/product"}],"version-history":[{"count":0,"href":"https:\/\/www.ambifuego.net\/de\/wp-json\/wp\/v2\/product\/17645\/revisions"}],"wp:featuredmedia":[{"embeddable":true,"href":"https:\/\/www.ambifuego.net\/de\/wp-json\/wp\/v2\/media\/21574"}],"wp:attachment":[{"href":"https:\/\/www.ambifuego.net\/de\/wp-json\/wp\/v2\/media?parent=17645"}],"wp:term":[{"taxonomy":"product_brand","embeddable":true,"href":"https:\/\/www.ambifuego.net\/de\/wp-json\/wp\/v2\/product_brand?post=17645"},{"taxonomy":"product_cat","embeddable":true,"href":"https:\/\/www.ambifuego.net\/de\/wp-json\/wp\/v2\/product_cat?post=17645"},{"taxonomy":"product_tag","embeddable":true,"href":"https:\/\/www.ambifuego.net\/de\/wp-json\/wp\/v2\/product_tag?post=17645"}],"curies":[{"name":"wp","href":"https:\/\/api.w.org\/{rel}","templated":true}]}}