{"id":17615,"date":"2017-09-24T19:37:56","date_gmt":"2017-09-24T19:37:56","guid":{"rendered":"https:\/\/www.ambifuego.net\/xtempx\/web17\/producto\/izara\/"},"modified":"2024-05-02T10:13:04","modified_gmt":"2024-05-02T08:13:04","slug":"elektrische-kamine-wandkamin-standkamin","status":"publish","type":"product","link":"https:\/\/www.ambifuego.net\/de\/producto\/elektrische-kamine-wandkamin-standkamin\/","title":{"rendered":"ADOR"},"content":{"rendered":"<p style=\"text-align: justify;\"><span style=\"font-family: verdana, geneva, sans-serif;\">Elektrische Kamine Wandkamin Standkamin von der Hersteller Flamerite Fires.\u00a0<strong>Elektrokamin Ador, <\/strong>bietet alle Annehmlichkeiten eines atmosph\u00e4rischen Kaminfeuers, ohne einen Schornstein oder gro\u00dfe bauliche Ver\u00e4nderungen, er ist kinderleicht zu montieren und ben\u00f6tigt nur eine Steckdose. Das Feuer kann knistern und w\u00e4rmen, wie ein Holzfeuer, und ist eine echte Alternative zu Gas -und Holzkaminen.<\/span><\/p>\n<div class=\"product--rating-container no-supplier-img\" style=\"text-align: justify;\"><span style=\"font-family: verdana, geneva, sans-serif;\">Der Ador Elektrokamin im wei\u00df aus MDF passt wunderbar zu jedem Einrichtungsstil. Das Flammenbild wirkt wie echtes Feuer und bringt Wohlf\u00fchl- Atmosph\u00e4re in Ihre Wohnung.<\/span><\/div>\n<div>\n<p style=\"text-align: justify;\"><span style=\"font-family: verdana, geneva, sans-serif;\">Das Wandmodell Ador in der Farbe wei\u00df verf\u00fcgbar. Er ist leicht an der Wand\u00a0 zu montieren und wertet jede Inneneinrichtung auf. Genauso Das Bodenmodell Ador is leicht zu installieren.<\/span><\/p>\n<p style=\"text-align: justify;\"><span style=\"font-family: verdana, geneva, sans-serif;\">Ganz gleich, ob and der Wand oder auf den Boden die Technologie dieser Kamin simuliert echtes Feuer und Raucheffekt. Es handelt sich dabei um\u00a0 patentierte Led Technik. Mithilfe von farbigem Lichte wird ein elektrisches Feuer erzeugt, dass von echtem Feuer kaum zu unterscheiden ist. F\u00fcr den Betrieb des Kamins ist nur eine Steckdose n\u00f6tig.<\/span><\/p>\n<ul>\n<li><span style=\"font-family: verdana, geneva, sans-serif;\">Elektrische Kamine Wandkamin oder Standkamin<\/span><\/li>\n<li><span id=\"result_box\" class=\"\" lang=\"de\" style=\"font-family: verdana, geneva, sans-serif;\">Montaje- an der Wand oder auf den Boden<\/span><\/li>\n<li><span style=\"font-family: verdana, geneva, sans-serif;\">Elektrokamin Innovativ, realistisch und elegant<\/span><\/li>\n<li><span style=\"font-family: verdana, geneva, sans-serif;\"><strong><span id=\"result_box\" class=\"\" lang=\"de\">Bedienung; App-Steuerung\u00a0<\/span><span id=\"result_box\" class=\"\" lang=\"de\">\u00a0<\/span><\/strong><span id=\"result_box\" class=\"\" lang=\"de\"><br \/>\n<\/span><\/span><\/li>\n<li><span id=\"result_box\" class=\"\" lang=\"de\" style=\"font-family: verdana, geneva, sans-serif;\">Keine Einbaubedingungen und Brandgefahr<\/span><\/li>\n<li><span style=\"font-family: verdana, geneva, sans-serif;\">Sparsame LED Technik<\/span><\/li>\n<li><span style=\"font-family: verdana, geneva, sans-serif;\">2 Heizstufen &#8211; 750 &#8211; 1500W<\/span><\/li>\n<li><span style=\"font-family: verdana, geneva, sans-serif;\">\u00dcppiges Flammenbild mi <strong>Led-Beleuchtung<\/strong><\/span><\/li>\n<li><span style=\"font-family: verdana, geneva, sans-serif;\">Keramik Brennholz &#8211; Weisse Steine<\/span><\/li>\n<li><span style=\"font-family: verdana, geneva, sans-serif;\">M\u00f6bel-Farbe: Elfenbein &#8211;\u00a0 Weiss Arktic or Grau<\/span><\/li>\n<li><span style=\"font-family: verdana, geneva, sans-serif;\">An der Wand-\u00a0 \u00a0 H 610\u00a0 \/ B 1200\u00a0 \/ T 255 mm<\/span><\/li>\n<li><span style=\"font-family: verdana, geneva, sans-serif;\">Auf den Boden- H 760 \/\u00a0 B 1200 \/ T 255<\/span><\/li>\n<li><span style=\"font-family: verdana, geneva, sans-serif;\"><a href=\"https:\/\/www.ambifuego.net\/de\/katalog\/\" target=\"_blank\" rel=\"noopener\">Katalog<\/a><\/span><\/li>\n<li><span style=\"font-family: verdana, geneva, sans-serif;\"><a href=\"https:\/\/vimeo.com\/ambifuego\" target=\"_blank\" rel=\"noopener\">Video<\/a><\/span><\/li>\n<\/ul>\n<\/div>\n<table style=\"border-collapse: collapse; width: 69.7093%; height: 139px;\">\n<tbody>\n<tr style=\"height: 23px;\">\n<td style=\"width: 16.1379%; height: 23px;\">\u00a0 \u00a0 \u00a0 \u00a0 \u00a0Model<\/td>\n<td style=\"width: 8.32029%; height: 23px;\">\u00a0 \u00a0 \u00a0A<\/td>\n<td style=\"width: 8.49538%; height: 23px;\">\u00a0 \u00a0 B<\/td>\n<td style=\"width: 8.2903%; height: 23px;\">\u00a0 \u00a0 \u00a0 C<\/td>\n<td style=\"width: 9.13658%; height: 23px;\">\u00a0 \u00a0 \u00a0Kw<\/td>\n<td style=\"width: 8.76425%;\">\u00a0 Fernbedienung<\/td>\n<\/tr>\n<tr style=\"height: 24px;\">\n<td style=\"width: 16.1379%; height: 24px;\">\u00a0 \u00a0 Ador-Wand<\/td>\n<td style=\"width: 8.32029%; height: 24px;\">\u00a0 1200<\/td>\n<td style=\"width: 8.49538%; height: 24px;\">\u00a0 610<\/td>\n<td style=\"width: 8.2903%; height: 24px;\">\u00a0 \u00a0 255<\/td>\n<td style=\"width: 9.13658%; height: 24px;\">\u00a0 \u00a0 \u00a01,5<\/td>\n<td style=\"width: 8.76425%;\">\u00a0 \u00a0 \u00a0 \u00a0Ja<\/td>\n<\/tr>\n<tr style=\"height: 24px;\">\n<td style=\"width: 16.1379%; height: 24px;\">\u00a0 \u00a0 Ador-Boden<\/td>\n<td style=\"width: 8.32029%; height: 24px;\">\u00a0 1200<\/td>\n<td style=\"width: 8.49538%; height: 24px;\">\u00a0 760<\/td>\n<td style=\"width: 8.2903%; height: 24px;\">\u00a0 \u00a0 255<\/td>\n<td style=\"width: 9.13658%; height: 24px;\">\u00a0 \u00a0 \u00a01,5<\/td>\n<td style=\"width: 8.76425%;\">\u00a0 \u00a0 \u00a0 \u00a0Ja<\/td>\n<\/tr>\n<\/tbody>\n<\/table>\n<div><\/div>\n<div>\n<figure id=\"attachment_49050\" aria-describedby=\"caption-attachment-49050\" style=\"width: 264px\" class=\"wp-caption alignnone\"><img decoding=\"async\" class=\"size-full wp-image-49050\" src=\"https:\/\/www.ambifuego.net\/wp-content\/uploads\/2017\/09\/ador-plano-1.jpg\" alt=\"plano ador suelo colgada\" width=\"264\" height=\"153\" \/><figcaption id=\"caption-attachment-49050\" class=\"wp-caption-text\">chimenea el\u00e9ctrica ador suelo colgada . plano<\/figcaption><\/figure>\n<\/div>\n<div><\/div>\n<div class=\"product--rating-container no-supplier-img\"><\/div>\n","protected":false},"excerpt":{"rendered":"[caption id=\"attachment_49047\" align=\"alignnone\" width=\"425\"]<img fetchpriority=\"high\" decoding=\"async\" class=\"size-full wp-image-49047\" src=\"https:\/\/www.ambifuego.net\/wp-content\/uploads\/2017\/09\/ador-suite-1-copia_optimized.jpg\" alt=\"chimenea conjunto electrico ador sobre suelo\" width=\"425\" height=\"284\" srcset=\"https:\/\/www.ambifuego.net\/wp-content\/uploads\/2017\/09\/ador-suite-1-copia_optimized.jpg 425w, https:\/\/www.ambifuego.net\/wp-content\/uploads\/2017\/09\/ador-suite-1-copia_optimized-404x270.jpg 404w\" sizes=\"(max-width: 425px) 100vw, 425px\" \/> chimenea electrica conjunto sobre suelo ador[\/caption]\n","protected":false},"featured_media":49041,"template":"","meta":[],"product_brand":[],"product_cat":[383,380],"product_tag":[],"class_list":{"0":"post-17615","1":"product","2":"type-product","3":"status-publish","4":"has-post-thumbnail","6":"product_cat-electro-standkamin","7":"product_cat-elektro-wandkamine-sofort-atmosphaere","9":"first","10":"instock","11":"shipping-taxable","12":"product-type-simple"},"_links":{"self":[{"href":"https:\/\/www.ambifuego.net\/de\/wp-json\/wp\/v2\/product\/17615","targetHints":{"allow":["GET"]}}],"collection":[{"href":"https:\/\/www.ambifuego.net\/de\/wp-json\/wp\/v2\/product"}],"about":[{"href":"https:\/\/www.ambifuego.net\/de\/wp-json\/wp\/v2\/types\/product"}],"version-history":[{"count":0,"href":"https:\/\/www.ambifuego.net\/de\/wp-json\/wp\/v2\/product\/17615\/revisions"}],"wp:featuredmedia":[{"embeddable":true,"href":"https:\/\/www.ambifuego.net\/de\/wp-json\/wp\/v2\/media\/49041"}],"wp:attachment":[{"href":"https:\/\/www.ambifuego.net\/de\/wp-json\/wp\/v2\/media?parent=17615"}],"wp:term":[{"taxonomy":"product_brand","embeddable":true,"href":"https:\/\/www.ambifuego.net\/de\/wp-json\/wp\/v2\/product_brand?post=17615"},{"taxonomy":"product_cat","embeddable":true,"href":"https:\/\/www.ambifuego.net\/de\/wp-json\/wp\/v2\/product_cat?post=17615"},{"taxonomy":"product_tag","embeddable":true,"href":"https:\/\/www.ambifuego.net\/de\/wp-json\/wp\/v2\/product_tag?post=17615"}],"curies":[{"name":"wp","href":"https:\/\/api.w.org\/{rel}","templated":true}]}}