{"id":17611,"date":"2017-09-24T19:31:03","date_gmt":"2017-09-24T19:31:03","guid":{"rendered":"https:\/\/www.ambifuego.net\/xtempx\/web17\/producto\/corello-mirror\/"},"modified":"2024-01-02T16:50:05","modified_gmt":"2024-01-02T15:50:05","slug":"elektrokamine-authentisches-flammenbild-modern","status":"publish","type":"product","link":"https:\/\/www.ambifuego.net\/de\/producto\/elektrokamine-authentisches-flammenbild-modern\/","title":{"rendered":"ELECKTRA"},"content":{"rendered":"<p style=\"text-align: justify;\"><span style=\"font-family: verdana, geneva, sans-serif;\">Bei Ambifuego finden Sie <strong>Elektrokamine<\/strong> authentisches Flammenbild, modern stilvolle und hochwertig. Auch bei uns zu finden sind <a href=\"https:\/\/www.drufire.com\/nl-nl\/\" target=\"_blank\" rel=\"noopener\">Gaskamine<\/a>, Holz und Pellet Kamine, Outdoor Grillen,&#8230;. \u00a0Die Elektrokamine sind <\/span><span style=\"font-family: verdana, geneva, sans-serif;\">so gut wie klimaneutral, denn Sie k\u00f6nnen auch mit \u00d6ko-Strom (Wind\/Sonne\/Wasser) betrieben werden! Ambifuego ist Ihr kompetenter Ansprechpartner f\u00fcr Elektrokaminen. Mit uns finden Sie garantiert Ihre individuellen L\u00f6sungen mit einem tollen Design f\u00fcr Ihren Zuhause. Das Ambiente, welches eine flackernde Feuerstelle erzeugt, ist mit nichts anderem zu vergleichen.<\/span><\/p>\n<p style=\"text-align: justify;\"><span style=\"font-family: verdana, geneva, sans-serif;\">Das Modell Elektra is ein gutes Beispiel von einer Elektrokamine <em><strong>authentisches Flammenbild<\/strong><\/em> modern, <\/span><span style=\"font-family: verdana, geneva, sans-serif;\">ein St\u00fcck Lebensqualit\u00e4t f\u00fcr entspannte Stunden. Was gibt es Sch\u00f6neres, als sich nach einem stressigen Arbeitstag zu Hause zu entspannen? Vor einem elektrischen Kamin k\u00f6nnen Sie den Tag in aller Ruhe stilvoll ausklingen lassen, die wundervolle Atmosph\u00e4re genie\u00dfen und bei einer Tasse Tee oder Kaffee dem Flackern der Flammen zusehen. Nicht nur im Winter wundersch\u00f6n. Auch im Sommer, wenn es abends dunkel ist, k\u00f6nnen Sie den Tag am Kamin ausklingen lassen. Die umweltfreundliche und saubere Alternative zu Holz Kaminen, es einsteht<em><strong> kein, Ru\u00df, Asche oder Rauch<\/strong><\/em>!\u00a0<\/span><\/p>\n<h3 style=\"text-align: justify;\"><span style=\"font-family: verdana, geneva, sans-serif; font-size: 12pt;\">Elektrokamine authentisches Flammenbild modern aus der Steckdose \u2013 Vorteile eines Elektrokamins<\/span><\/h3>\n<p style=\"text-align: justify;\"><span style=\"font-family: verdana, geneva, sans-serif;\">Ein Elektrokamin wird mit Strom betrieben und kann ganz einfach an die 220-Volt Steckdose angeschlossen werden. W\u00e4hlen Sie, ob Sie \u201enur\u201c das Flammenspiel genie\u00dfen m\u00f6chten oder einen Elektrokamin kaufen, der \u00fcber eine Heizleistung verf\u00fcgt. Die Heizleistung liegt in der Regel zwischen 1.000 bis 2.000 Watt, die sich stufenweise regulieren l\u00e4sst. Verschiedene Modelle lassen sich per Fernbedienung vom Sofa aus steuern. Sie m\u00fcssen keine baulichen Ma\u00dfnahmen ergreifen und Sie ben\u00f6tigen keine Genehmigungen, um den Kamin betreiben zu k\u00f6nnen. Ein Elektrokamin muss nicht ausgekehrt werden und die Asche verteilt sich somit nicht rund um den Kamin. Eine wunderbar saubere Sache<\/span><\/p>\n<p style=\"text-align: justify;\"><span style=\"font-size: 12pt; font-family: verdana, geneva, sans-serif;\">Die Elektra sind Elektrokamine mit authentisches Flammenbild, modern, geradliniger und mit in zeitlos modernem Stil. Die Elektra palette bietet Ihnen Frontkamin, Eck-\u00a0 oder Drei Seite Elektrokamine.<\/span><span style=\"font-family: verdana, geneva, sans-serif;\"> Der <strong>Elektra 750<\/strong> und <strong>Elektra 750 XL<\/strong>, haben gleiche Breite aber <strong>2 verschiedene Glascheibe H\u00f6he<\/strong>. <\/span><span style=\"font-family: verdana, geneva, sans-serif;\">Der Elektra Kamin verbindet die Einzigartigkeit eines Kaminfeuers mit einer schlichten Designsprache. <\/span><\/p>\n<p style=\"text-align: justify;\"><span style=\"font-family: verdana, geneva, sans-serif;\">Die elektrische Feuerstelle wird eingerahmt von <strong>schwarzen Paneelen<\/strong>, die die rechteckige, durch Glas gesch\u00fctzte Kombination aus Flamme und Glut voll zur Geltung bringen. Wie durch einen scharfen Schnitt teilt eine diagonale Aussparung die Mitte des Rahmens. Der so erzeugte Effekt unterst\u00fctzt die futuristisch minimalistische Anmutung des Objekts. Dekorieren Sie Ihr Heim mit der Sch\u00f6nheit eines flackernden Feuers.<\/span><\/p>\n<h3 style=\"text-align: justify;\"><span style=\"font-family: verdana, geneva, sans-serif; font-size: 12pt;\">Auch ohne echtes Feuer mit Elektrokamine authentisches Flammenbild<\/span><\/h3>\n<p style=\"text-align: justify;\"><span style=\"font-family: verdana, geneva, sans-serif;\">Das Flammenbild des Elektrokamins ist in verschiedenen Einstellungen w\u00e4hlbar und das Glutbett (Bodenbeleuchtung) auch in verschiedenen Farben einstellbar \u2013 Eine eher kalte Lichtkomposition passt perfekt zu der futuristischen Designsprache. Warmes Licht l\u00e4dt hingegen zu einem entspannenden Abend vor dem Kamin ein. Durch eine Fernbedienung kann die Flammen- und Glutfarbe des LED-Kamins ganz individuell an die gew\u00fcnschte Stimmung angepasst werden. Machen Sie es sich gem\u00fctlich vor dem w\u00e4rmenden Kamin und genie\u00dfen Sie Ihr Kaminfeuer, das weder Rauch noch Ru\u00df erzeugt.<\/span><\/p>\n<p style=\"text-align: justify;\"><span style=\"font-family: verdana, geneva, sans-serif;\">Das mitgelieferte Kit mi paneellen, erm\u00f6glicht der Kamin zu <em><strong>Front- Eck- oder drei Seitiger<\/strong><\/em> Elektrokamin zu verwandeln. <\/span><span style=\"font-family: verdana, geneva, sans-serif;\">Sie sind Einbau-Kassetten die einfach zu montieren an einer Wand oder in einer Wandnische sind.<\/span><\/p>\n<div class=\"pagebuilder-column\" data-content-type=\"column\" data-appearance=\"full-height\" data-background-images=\"{}\" data-element=\"main\" data-pb-style=\"S1AON6B\">\n<div data-content-type=\"text\" data-appearance=\"default\" data-element=\"main\">\n<h2 data-content-type=\"heading\" data-appearance=\"default\" data-element=\"main\"><span style=\"font-size: 12pt;\"><span style=\"font-family: verdana, geneva, sans-serif;\">Elektrokamine modern -Frontkamin, Eckkamin 3 Seite Elektrokamine<\/span>n\u00a0<\/span><\/h2>\n<div data-content-type=\"text\" data-appearance=\"default\" data-element=\"main\">\n<p><span style=\"font-family: verdana, geneva, sans-serif;\">Diese Elektrokaminmodelle sind speziell f\u00fcr den Einbau in eine Wand oder M\u00f6bel entwickelt worden. Sie k\u00f6nnen zwischen verschiedenen Feuereffekt w\u00e4hlen. <\/span><span style=\"font-family: verdana, geneva, sans-serif;\">Es gibt sie in vielen verschiedenen Gr\u00f6\u00dfen, und die k\u00f6nnen auch als Raumheizung dienen. <\/span><\/p>\n<p><span style=\"font-family: verdana, geneva, sans-serif;\">Achten Sie bei einem Elektrokamin mit Heizung besonders auf einen ausreichenden Ventilationsraum. Auch wenn die meisten Modelle die W\u00e4rme an der Vorderseite ausblasen, ben\u00f6tigen sie dennoch Frischluft, die an der R\u00fcckseite des Elektrokamins ankommt.<\/span><\/p>\n<p><span style=\"font-family: verdana, geneva, sans-serif;\">Elektro-Kassetten k\u00f6nnen mit einem optionalen Holzscheitset Deko, Kielselsteinen oder Glassteine verkleidet werden, Marmor oder Glass Steine. Die Holzscheite k\u00f6nnen je nach Ausf\u00fchrung LED-Beleuchtungselemente enthalten.\u00a0<\/span><\/p>\n<\/div>\n<ul>\n<li><span style=\"font-family: verdana, geneva, sans-serif;\">Farbe: schwarz<\/span><\/li>\n<li><span style=\"font-family: verdana, geneva, sans-serif;\">Leuchtmittel: energiesparende LEDs<\/span><\/li>\n<li><span style=\"font-family: verdana, geneva, sans-serif;\">mit Holz- und Kristall-Dekorationen<\/span><\/li>\n<li><span style=\"font-family: verdana, geneva, sans-serif;\">mit Wandhalterung und Seitenpaneele<\/span><\/li>\n<li><span style=\"font-family: verdana, geneva, sans-serif;\">Flammenbild in sieben verschiedenen Farbt\u00f6nen w\u00e4hlbar<\/span><\/li>\n<li><span style=\"font-family: verdana, geneva, sans-serif;\">Glutbett (Bodenbeleuchtung) in verschiedenen Farben einstellbar<\/span><\/li>\n<li><span style=\"font-family: verdana, geneva, sans-serif;\">regelbare Helligkeit<\/span><\/li>\n<li><span style=\"font-family: verdana, geneva, sans-serif;\">Einfache Inbetriebnahme \u2013 220-Volt Steckdose<\/span><\/li>\n<li><span style=\"font-family: verdana, geneva, sans-serif;\">Flammenspiel oder Flammen + Heizleistung m\u00f6glich<\/span><\/li>\n<li><span style=\"font-family: verdana, geneva, sans-serif;\">Heizleistung zwischen 1.000 und 2.000 Watt<\/span><\/li>\n<li><span style=\"font-family: verdana, geneva, sans-serif;\">Stufenlos regulierbar, z.Z. mit Fernbedienung<\/span><\/li>\n<li><span style=\"font-family: verdana, geneva, sans-serif;\">Keine baulichen Genehmigungen erforderlich<\/span><\/li>\n<li><span style=\"font-family: verdana, geneva, sans-serif;\">Sehr sauber, ohne Ru\u00df und Asche<\/span><\/li>\n<li><a href=\"https:\/\/www.ambifuego.net\/wp-content\/uploads\/2023\/10\/20-10-23-cat.general-comprimido.pdf\" target=\"_blank\" rel=\"noopener\"><span style=\"font-family: verdana, geneva, sans-serif;\">Katalog<\/span><\/a><\/li>\n<li><a href=\"https:\/\/vimeo.com\/ambifuego\" target=\"_blank\" rel=\"noopener\"><span style=\"font-family: verdana, geneva, sans-serif;\">Video<\/span><\/a><\/li>\n<\/ul>\n<h2><\/h2>\n<\/div>\n<\/div>\n<p><img fetchpriority=\"high\" decoding=\"async\" class=\"\" src=\"https:\/\/www.ambifuego.net\/wp-content\/uploads\/2017\/09\/plano-tunel-electrico.jpg\" width=\"497\" height=\"293\" \/><\/p>\n<table style=\"border-collapse: collapse; width: 73.3039%; height: 181px;\" border=\"1\">\n<tbody>\n<tr>\n<td style=\"width: 12.5%;\"><strong>\u00a0 \u00a0 \u00a0 \u00a0 Modelo<\/strong><\/td>\n<td style=\"width: 8.89547%;\"><strong>\u00a0 \u00a0 \u00a0 \u00a0 \u00a0 \u00a0 \u00a0A<\/strong><\/td>\n<td style=\"width: 8.27752%;\"><strong>\u00a0 \u00a0 \u00a0 \u00a0 \u00a0 \u00a0 B<\/strong><\/td>\n<td style=\"width: 8.07159%;\"><strong>\u00a0 \u00a0 \u00a0 \u00a0 \u00a0 \u00a0 C<\/strong><\/td>\n<td style=\"width: 7.45595%;\"><strong>\u00a0 \u00a0 \u00a0 \u00a0 \u00a0 D<\/strong><\/td>\n<td style=\"width: 8.99453%;\"><strong>\u00a0 \u00a0 \u00a0 \u00a0 \u00a0 \u00a0 \u00a0E<\/strong><\/td>\n<\/tr>\n<tr>\n<td style=\"width: 12.5%;\"><strong>\u00a0 \u00a0 \u00a0 \u00a0 \u00a0 \u00a0 \u00a0 \u00a0 750<\/strong><\/td>\n<td style=\"width: 8.89547%;\">\u00a0 \u00a0 \u00a0 \u00a0 \u00a0 \u00a0667<\/td>\n<td style=\"width: 8.27752%;\">\u00a0 \u00a0 \u00a0 \u00a0 \u00a0360<\/td>\n<td style=\"width: 8.07159%;\">\u00a0 \u00a0 \u00a0 \u00a0 \u00a0 586<\/td>\n<td style=\"width: 7.45595%;\">\u00a0 \u00a0 \u00a0 \u00a0 \u00a0744<\/td>\n<td style=\"width: 8.99453%;\">\u00a0 \u00a0 \u00a0 \u00a0 \u00a0 \u00a0 \u00a0305<\/td>\n<\/tr>\n<tr style=\"height: 23px;\">\n<td style=\"width: 12.5%; height: 23px;\"><strong>\u00a0 \u00a0 \u00a0 \u00a0 \u00a0 \u00a0 750 XL<\/strong><\/td>\n<td style=\"width: 8.89547%; height: 23px;\">\u00a0 \u00a0 \u00a0 \u00a0 \u00a0 \u00a0667<\/td>\n<td style=\"width: 8.27752%; height: 23px;\">\u00a0 \u00a0 \u00a0 \u00a0 \u00a0455<\/td>\n<td style=\"width: 8.07159%; height: 23px;\">\u00a0 \u00a0 \u00a0 \u00a0 \u00a0 681<\/td>\n<td style=\"width: 7.45595%; height: 23px;\">\u00a0 \u00a0 \u00a0 \u00a0 \u00a0744<\/td>\n<td style=\"width: 8.99453%; height: 23px;\">\u00a0 \u00a0 \u00a0<strong>\u00a0 \u00a0 \u00a0 \u00a0 <\/strong>305<\/td>\n<\/tr>\n<tr style=\"height: 23px;\">\n<td style=\"width: 12.5%; height: 23px;\">\u00a0 \u00a0 \u00a0 \u00a0 \u00a0 \u00a0 <strong>1000<\/strong><\/td>\n<td style=\"width: 8.89547%; height: 23px;\">\u00a0 \u00a0 \u00a0 \u00a0 1000<\/td>\n<td style=\"width: 8.27752%; height: 23px;\">\u00a0 \u00a0 \u00a0 \u00a0 \u00a0400<\/td>\n<td style=\"width: 8.07159%; height: 23px;\">\u00a0 \u00a0 \u00a0 \u00a0 \u00a0628<\/td>\n<td style=\"width: 7.45595%; height: 23px;\">\u00a0 \u00a0 \u00a0 \u00a01050<\/td>\n<td style=\"width: 8.99453%; height: 23px;\">\u00a0 \u00a0 \u00a0 \u00a0 \u00a0 \u00a0 \u00a0320<\/td>\n<\/tr>\n<tr style=\"height: 23px;\">\n<td style=\"width: 12.5%; height: 23px;\">\u00a0 <strong>\u00a0 \u00a0 \u00a0 \u00a0 \u00a0 1600<\/strong><\/td>\n<td style=\"width: 8.89547%; height: 23px;\">\u00a0 \u00a0 \u00a0 \u00a0 1580<\/td>\n<td style=\"width: 8.27752%; height: 23px;\">\u00a0 \u00a0 \u00a0 \u00a0 \u00a0400<\/td>\n<td style=\"width: 8.07159%; height: 23px;\">\u00a0 \u00a0 \u00a0 \u00a0 \u00a0628<\/td>\n<td style=\"width: 7.45595%; height: 23px;\">\u00a0 \u00a0 \u00a0 \u00a01625<\/td>\n<td style=\"width: 8.99453%; height: 23px;\">\u00a0 \u00a0 \u00a0 \u00a0 \u00a0 \u00a0 \u00a0320<\/td>\n<\/tr>\n<tr style=\"height: 23px;\">\n<td style=\"width: 12.5%; height: 23px;\">\u00a0 \u00a0 \u00a0 \u00a0 \u00a0 \u00a0 <strong>2000<\/strong><\/td>\n<td style=\"width: 8.89547%; height: 23px;\">\u00a0 \u00a0 \u00a0 \u00a01930<\/td>\n<td style=\"width: 8.27752%; height: 23px;\">\u00a0 \u00a0 \u00a0 \u00a0 \u00a0360<\/td>\n<td style=\"width: 8.07159%; height: 23px;\">\u00a0 \u00a0 \u00a0 \u00a0 \u00a0586<\/td>\n<td style=\"width: 7.45595%; height: 23px;\">\u00a0 \u00a0 \u00a0 \u00a01975<\/td>\n<td style=\"width: 8.99453%; height: 23px;\">\u00a0 \u00a0 \u00a0 \u00a0 \u00a0 \u00a0 \u00a0320<\/td>\n<\/tr>\n<\/tbody>\n<\/table>\n","protected":false},"excerpt":{"rendered":"[caption id=\"attachment_53368\" align=\"alignnone\" width=\"446\"]<img decoding=\"async\" class=\"size-full wp-image-53368\" src=\"https:\/\/www.ambifuego.net\/wp-content\/uploads\/2017\/09\/electra-corner_optimized.jpg\" alt=\"electra-corner\" width=\"446\" height=\"320\" srcset=\"https:\/\/www.ambifuego.net\/wp-content\/uploads\/2017\/09\/electra-corner_optimized.jpg 446w, https:\/\/www.ambifuego.net\/wp-content\/uploads\/2017\/09\/electra-corner_optimized-376x270.jpg 376w\" sizes=\"(max-width: 446px) 100vw, 446px\" \/> electra-corner[\/caption]\n","protected":false},"featured_media":51174,"template":"","meta":[],"product_brand":[],"product_cat":[382],"product_tag":[],"class_list":{"0":"post-17611","1":"product","2":"type-product","3":"status-publish","4":"has-post-thumbnail","6":"product_cat-elektrokamin-manufaktur-panoramakamin-spanien","8":"first","9":"instock","10":"shipping-taxable","11":"product-type-simple"},"_links":{"self":[{"href":"https:\/\/www.ambifuego.net\/de\/wp-json\/wp\/v2\/product\/17611","targetHints":{"allow":["GET"]}}],"collection":[{"href":"https:\/\/www.ambifuego.net\/de\/wp-json\/wp\/v2\/product"}],"about":[{"href":"https:\/\/www.ambifuego.net\/de\/wp-json\/wp\/v2\/types\/product"}],"version-history":[{"count":0,"href":"https:\/\/www.ambifuego.net\/de\/wp-json\/wp\/v2\/product\/17611\/revisions"}],"wp:featuredmedia":[{"embeddable":true,"href":"https:\/\/www.ambifuego.net\/de\/wp-json\/wp\/v2\/media\/51174"}],"wp:attachment":[{"href":"https:\/\/www.ambifuego.net\/de\/wp-json\/wp\/v2\/media?parent=17611"}],"wp:term":[{"taxonomy":"product_brand","embeddable":true,"href":"https:\/\/www.ambifuego.net\/de\/wp-json\/wp\/v2\/product_brand?post=17611"},{"taxonomy":"product_cat","embeddable":true,"href":"https:\/\/www.ambifuego.net\/de\/wp-json\/wp\/v2\/product_cat?post=17611"},{"taxonomy":"product_tag","embeddable":true,"href":"https:\/\/www.ambifuego.net\/de\/wp-json\/wp\/v2\/product_tag?post=17611"}],"curies":[{"name":"wp","href":"https:\/\/api.w.org\/{rel}","templated":true}]}}