{"id":17597,"date":"2017-09-24T17:37:39","date_gmt":"2017-09-24T17:37:39","guid":{"rendered":"https:\/\/www.ambifuego.net\/xtempx\/web17\/producto\/atlanta\/"},"modified":"2023-11-20T15:22:17","modified_gmt":"2023-11-20T14:22:17","slug":"elektro-feuer-mit-heizung","status":"publish","type":"product","link":"https:\/\/www.ambifuego.net\/de\/producto\/elektro-feuer-mit-heizung\/","title":{"rendered":"Arlo"},"content":{"rendered":"<p style=\"text-align: justify;\"><span style=\"font-family: verdana, geneva, sans-serif;\">Der <a href=\"https:\/\/flameritefires.com\/en\/product\/arlo-22\/\" target=\"_blank\" rel=\"noopener\">Arlo Elektrokamin<\/a> mit 3D-Feuer schafft aufgrund seines elektrischem Kamin-Feuer in Ihrem Heim eine verbl\u00fcffend echt wirkende Elektro-Kamin-Atmosph\u00e4re. Dieser Elektro Kamin begeistert jedoch nicht nur durch einen t\u00e4uschend echt wirkenden Flammeneffekt.<\/span><\/p>\n<p style=\"text-align: justify;\"><span style=\"font-family: verdana, geneva, sans-serif;\">Es wirkt sogar so,\u00a0 als w\u00fcrde der 3D-Feuer Elektrokamin tats\u00e4chlich rauchen. Der Kaminflammen Effekt entsteht jedoch nicht durch Verbrennung, sondern mit Leds und ist somit umweltfreundlich.<\/span><\/p>\n<h2><span style=\"font-size: 14pt; font-family: verdana, geneva, sans-serif;\"><strong>Elektrokamine mit 3D-Feuer f\u00fcr ein stilvolles Ambiente<\/strong><\/span><\/h2>\n<ul>\n<li><span style=\"font-family: verdana, geneva, sans-serif;\"><strong>MADE IN EUROPE<\/strong><\/span><\/li>\n<li><span style=\"font-family: verdana, geneva, sans-serif;\">Hand oder Fernbedienung<\/span><\/li>\n<li><span id=\"result_box\" class=\"\" lang=\"de\" style=\"font-family: verdana, geneva, sans-serif;\">Elektrokamin Einsatz- und Wandmontage<\/span><\/li>\n<li><span style=\"font-family: verdana, geneva, sans-serif;\">Flammen Effekt; Holz<\/span><\/li>\n<li><span style=\"font-family: verdana, geneva, sans-serif;\">mit LED-Flammeneffekt<\/span><\/li>\n<li><span style=\"font-family: verdana, geneva, sans-serif;\">Verborgenes 1000W\/2000W gesteuerte thermostatisch Heizl\u00fcfter<\/span><\/li>\n<li><span style=\"font-family: verdana, geneva, sans-serif;\">Herdfeuer mit 50mm<\/span><\/li>\n<li><span style=\"font-family: verdana, geneva, sans-serif;\">Einf\u00fcgung Wahl von Brennstoffeffekten: Kohlen, wei\u00dfe Kiesel oder Glasperlen als Standard mit den Zweigen u. Glut als Kostenwahl<\/span><\/li>\n<li><span style=\"font-family: verdana, geneva, sans-serif;\">Wahl des Farbendes: silbern, Messing- oder schwarz Flache<\/span><\/li>\n<li><span style=\"font-family: verdana, geneva, sans-serif;\">Wanddistanzscheibe verf\u00fcgbar<\/span><\/li>\n<li><span style=\"font-family: verdana, geneva, sans-serif;\">Hervorgehobenes hintergrundbeleuchtetes Gitterwerk<\/span><\/li>\n<li><span style=\"font-family: verdana, geneva, sans-serif;\"><span id=\"result_box\" class=\"\" lang=\"de\"><strong>App-Steuerung<\/strong> &#8211; Schalttafel<\/span><span id=\"result_box\" class=\"\" lang=\"de\"><br \/>\n<\/span><\/span><\/li>\n<li><span style=\"font-family: verdana, geneva, sans-serif;\">Mit Led Beleuchtung<\/span><\/li>\n<li><span id=\"result_box\" class=\"\" lang=\"de\" style=\"font-family: verdana, geneva, sans-serif;\">Modell mit Abstandhalter<br \/>\n<\/span><\/li>\n<li><span id=\"result_box\" class=\"\" lang=\"de\" style=\"font-family: verdana, geneva, sans-serif;\">Gestell und Besatz fest Silber oder Goldfarbe<\/span><\/li>\n<li><span style=\"font-family: verdana, geneva, sans-serif;\">*Weitere Infos &#8211; <a href=\"https:\/\/www.ambifuego.net\/wp-content\/uploads\/2020\/11\/20-21-Flamerite-catalogo-27-11-20.pdf\" target=\"_blank\" rel=\"noopener\">Katalog<\/a> &#8211;<\/span><\/li>\n<\/ul>\n<p><img fetchpriority=\"high\" decoding=\"async\" class=\"alignnone size-full wp-image-57533\" src=\"https:\/\/www.ambifuego.net\/wp-content\/uploads\/2017\/09\/arlo-medidas_optimized.jpg\" alt=\"\" width=\"480\" height=\"380\" srcset=\"https:\/\/www.ambifuego.net\/wp-content\/uploads\/2017\/09\/arlo-medidas_optimized.jpg 480w, https:\/\/www.ambifuego.net\/wp-content\/uploads\/2017\/09\/arlo-medidas_optimized-341x270.jpg 341w\" sizes=\"(max-width: 480px) 100vw, 480px\" \/><\/p>\n","protected":false},"excerpt":{"rendered":"[caption id=\"attachment_57530\" align=\"alignnone\" width=\"480\"]<img decoding=\"async\" class=\"size-medium wp-image-57530\" src=\"https:\/\/www.ambifuego.net\/wp-content\/uploads\/2017\/09\/arlo-22-silver_optimized-480x360.jpg\" alt=\"chimenea electrica moderna flamerite\" width=\"480\" height=\"360\" srcset=\"https:\/\/www.ambifuego.net\/wp-content\/uploads\/2017\/09\/arlo-22-silver_optimized-480x360.jpg 480w, https:\/\/www.ambifuego.net\/wp-content\/uploads\/2017\/09\/arlo-22-silver_optimized-360x270.jpg 360w, https:\/\/www.ambifuego.net\/wp-content\/uploads\/2017\/09\/arlo-22-silver_optimized.jpg 507w\" sizes=\"(max-width: 480px) 100vw, 480px\" \/> chimenea electrica moderna flamerite &#8211; arlo plata[\/caption]\n","protected":false},"featured_media":57539,"template":"","meta":[],"product_brand":[],"product_cat":[379,381],"product_tag":[],"class_list":{"0":"post-17597","1":"product","2":"type-product","3":"status-publish","4":"has-post-thumbnail","6":"product_cat-ihr-spezialist-fuer-elektrokamine","7":"product_cat-elektrokamine-mit-schoenen-flammenbild","9":"first","10":"instock","11":"shipping-taxable","12":"product-type-simple"},"_links":{"self":[{"href":"https:\/\/www.ambifuego.net\/de\/wp-json\/wp\/v2\/product\/17597","targetHints":{"allow":["GET"]}}],"collection":[{"href":"https:\/\/www.ambifuego.net\/de\/wp-json\/wp\/v2\/product"}],"about":[{"href":"https:\/\/www.ambifuego.net\/de\/wp-json\/wp\/v2\/types\/product"}],"version-history":[{"count":0,"href":"https:\/\/www.ambifuego.net\/de\/wp-json\/wp\/v2\/product\/17597\/revisions"}],"wp:featuredmedia":[{"embeddable":true,"href":"https:\/\/www.ambifuego.net\/de\/wp-json\/wp\/v2\/media\/57539"}],"wp:attachment":[{"href":"https:\/\/www.ambifuego.net\/de\/wp-json\/wp\/v2\/media?parent=17597"}],"wp:term":[{"taxonomy":"product_brand","embeddable":true,"href":"https:\/\/www.ambifuego.net\/de\/wp-json\/wp\/v2\/product_brand?post=17597"},{"taxonomy":"product_cat","embeddable":true,"href":"https:\/\/www.ambifuego.net\/de\/wp-json\/wp\/v2\/product_cat?post=17597"},{"taxonomy":"product_tag","embeddable":true,"href":"https:\/\/www.ambifuego.net\/de\/wp-json\/wp\/v2\/product_tag?post=17597"}],"curies":[{"name":"wp","href":"https:\/\/api.w.org\/{rel}","templated":true}]}}