{"id":17596,"date":"2017-09-24T17:36:01","date_gmt":"2017-09-24T17:36:01","guid":{"rendered":"https:\/\/www.ambifuego.net\/xtempx\/web17\/producto\/volkan\/"},"modified":"2024-05-15T14:52:07","modified_gmt":"2024-05-15T12:52:07","slug":"einsatz-elektrokamin-3d-technik","status":"publish","type":"product","link":"https:\/\/www.ambifuego.net\/de\/producto\/einsatz-elektrokamin-3d-technik\/","title":{"rendered":"Gotham 600"},"content":{"rendered":"<p style=\"text-align: justify;\"><span style=\"font-family: verdana, geneva, sans-serif;\">Einsatz Elektrokamin 3D Technik, Gotham 600 von Flamerite Fires. Flamerite Fires wurde 1999 gegr\u00fcndet und befindet sich im Herzen Englands, in Lichfield.<\/span><\/p>\n<p style=\"text-align: justify;\"><span style=\"font-family: verdana, geneva, sans-serif;\">Flamerite Fires ist ein familiengef\u00fchrter Hersteller von elektrischen Kaminen, Herden und Sitzgruppen. Im Jahr 1999 hat Flamerite Fires mit seinen Produkten den konservativen Markt f\u00fcr elektrische Kamine aufgemischt und stellt heute wie damals elektrische Kamine her, die nicht nur ein angenehmes und komfortables Wohnklima schaffen, sondern auch die Inneneinrichtung aufwerten.<\/span><\/p>\n<h2><span style=\"font-family: verdana, geneva, sans-serif; font-size: 12pt;\">Gotham 600,\u00a0 Elektrokamin 3D Technik mit spektakul\u00e4re Flammenbild.<\/span><\/h2>\n<p style=\"text-align: justify;\"><span style=\"font-family: verdana, geneva, sans-serif;\">Das Gotham 600 verf\u00fcgt \u00fcber das OmniGlide-System. Dieses System sorgt f\u00fcr eine gute W\u00e4rmeverteilung. Das realistische Feuerbild hinter dem Holzdekor entsteht durch LED-Beleuchtung. Dieser Kamin ist nur 16 cm tief<\/span><\/p>\n<p style=\"text-align: justify;\"><span style=\"font-family: verdana, geneva, sans-serif;\">Aufgrund der gro\u00dfen Auswahl an Modellen und Abmessungen gibt es f\u00fcr jeden Innenraum einen Flamerite-Kamin. Durch die begrenzte Einbautiefe kann dieser Kamin fast \u00fcberall aufgestellt werden. F\u00fcr alle, die\u00a0<strong>kein Holz mehr herumschleppen<\/strong> m\u00f6chten, bietet Flamerite geeignete Eins\u00e4tze f\u00fcr Ihren vorhandenen oder neuer Kamin. Jedes Feuer hat einstellbare und programmierbare Flammenbilder und Flammenh\u00f6hen.<\/span><\/p>\n<p style=\"text-align: justify;\"><span style=\"font-family: verdana, geneva, sans-serif;\">Mit der &#8222;<strong>Smart E-Control<\/strong>&#8220; k\u00f6nnen Sie das Flamerite-Feuer \u00fcber Ihr Mobiltelefon (sowohl Android als auch iOS) einstellen und steuern. Der einstellbare Thermostat kann auch ferngesteuert werden.<\/span><\/p>\n<ul style=\"text-align: justify;\">\n<li><span style=\"font-family: verdana, geneva, sans-serif;\">Ein flexibel einstellbares 7-Tage-Programm garantiert unbeschwerte W\u00e4rme.<\/span><\/li>\n<li><span style=\"font-family: verdana, geneva, sans-serif;\">Das separat erh\u00e4ltliche &#8222;<strong>Steuertablett<\/strong>&#8220; erweitert die oben genannten Optionen um noch mehr Optionen.<\/span><\/li>\n<li><span style=\"font-family: verdana, geneva, sans-serif;\">Flameritkamine sind die einzige Antwort auf einen verantwortungsbewussten Kamin ohne zus\u00e4tzliche Auswirkungen auf die Umwelt.<\/span><\/li>\n<\/ul>\n<p style=\"text-align: justify;\"><span style=\"font-family: verdana, geneva, sans-serif;\"><strong>Einsatz Elektrokamin 3D Technik f\u00fcr ein stilvolles Ambiente mit Heizung.<\/strong><\/span><\/p>\n<p style=\"text-align: justify;\"><span style=\"font-family: verdana, geneva, sans-serif;\"><strong>Besonderheiten<\/strong><\/span><\/p>\n<ul style=\"text-align: justify;\">\n<li><span style=\"font-family: verdana, geneva, sans-serif;\">Einseitiges Feuerbild<\/span><\/li>\n<li><span style=\"font-family: verdana, geneva, sans-serif;\">Cinderwood Holzeffekt<\/span><\/li>\n<li><span style=\"font-family: verdana, geneva, sans-serif;\">Thermostatsteuerung 750w \/ 1500w verdeckte L\u00fcfterheizung<\/span><\/li>\n<li><span style=\"font-family: verdana, geneva, sans-serif;\">OmniGlide 2-Positionen-Frontscheibe mit dimmbarem LED-Flammeneffekt<\/span><\/li>\n<li><span style=\"font-family: verdana, geneva, sans-serif;\">Erweiterte Funktion der iOS- und Android-App (Download erforderlich)<\/span><\/li>\n<li><span style=\"font-family: verdana, geneva, sans-serif;\">Thermostatsteuerung 750w \/ 1500w verdeckte L\u00fcfterheizung<\/span><\/li>\n<li><span style=\"font-family: verdana, geneva, sans-serif;\">Einseitiger Kamin<\/span><\/li>\n<li><span style=\"font-family: verdana, geneva, sans-serif;\">Breite 154,5 cm<\/span><\/li>\n<li><span style=\"font-family: verdana, geneva, sans-serif;\">H\u00f6he 60 cm<\/span><\/li>\n<li><span style=\"font-family: verdana, geneva, sans-serif;\">Tiefe 16 cm<\/span><\/li>\n<li><span id=\"result_box\" class=\"\" lang=\"de\" style=\"font-family: verdana, geneva, sans-serif;\"><span class=\"\">Elektrokamin Einsatz- und Wandmontage<\/span><\/span><\/li>\n<li><span style=\"font-family: verdana, geneva, sans-serif;\">In modernem Design<\/span><\/li>\n<li><span style=\"font-family: verdana, geneva, sans-serif;\">Handbedienung und Fernbedienung<\/span><\/li>\n<li><span id=\"result_box\" class=\"\" lang=\"de\" style=\"font-family: verdana, geneva, sans-serif;\">Farbe; Schwarz oder Silber Umrahmung<\/span><\/li>\n<li><span style=\"font-family: verdana, geneva, sans-serif;\">Minimalist Design<\/span><\/li>\n<li><span style=\"font-family: verdana, geneva, sans-serif;\">Weitere Information &#8211; <a href=\"https:\/\/www.ambifuego.net\/wp-content\/uploads\/2020\/11\/20-21-Flamerite-catalogo-27-11-20.pdf\">Katalog<\/a><\/span><\/li>\n<li><span style=\"font-family: verdana, geneva, sans-serif;\">Preis auf <a href=\"https:\/\/www.ambifuego.net\/contacto\/\">Anfrage<\/a>\u00a0<\/span><\/li>\n<li>\n<p><figure id=\"attachment_56750\" aria-describedby=\"caption-attachment-56750\" style=\"width: 471px\" class=\"wp-caption alignnone\"><img fetchpriority=\"high\" decoding=\"async\" class=\"size-full wp-image-56750\" src=\"https:\/\/www.ambifuego.net\/wp-content\/uploads\/2017\/09\/gotham-600-medidas_optimized.jpg\" alt=\"medidas Chimeneas el\u00e9ctricas llamas vibrantes - gotham 600\" width=\"471\" height=\"297\" \/><figcaption id=\"caption-attachment-56750\" class=\"wp-caption-text\">medidas Chimeneas el\u00e9ctricas llamas vibrantes &#8211; gotham 600<\/figcaption><\/figure><\/li>\n<\/ul>\n<p>Einsatz Elektrokamin 3D Technik-medidas Chimeneas el\u00e9ctricas llamas vibrantes &#8211; gotham 600<\/p>\n","protected":false},"excerpt":{"rendered":"[caption id=\"attachment_56753\" align=\"alignnone\" width=\"454\"]<img decoding=\"async\" class=\"wp-image-56753 size-full\" src=\"https:\/\/www.ambifuego.net\/wp-content\/uploads\/2017\/09\/gotham-600-frame-silver_optimized.jpg\" alt=\"Einsatz Elektrokamin 3D Technik -Chimeneas el\u00e9ctricas llamas vibrantes - gotham 600\" width=\"454\" height=\"371\" srcset=\"https:\/\/www.ambifuego.net\/wp-content\/uploads\/2017\/09\/gotham-600-frame-silver_optimized.jpg 454w, https:\/\/www.ambifuego.net\/wp-content\/uploads\/2017\/09\/gotham-600-frame-silver_optimized-330x270.jpg 330w\" sizes=\"(max-width: 454px) 100vw, 454px\" \/> Einsatz Elektrokamin 3D Technik- Chimeneas el\u00e9ctricas llamas vibrantes &#8211; gotham 600[\/caption]\n","protected":false},"featured_media":56744,"template":"","meta":[],"product_brand":[],"product_cat":[379,381],"product_tag":[],"class_list":{"0":"post-17596","1":"product","2":"type-product","3":"status-publish","4":"has-post-thumbnail","6":"product_cat-ihr-spezialist-fuer-elektrokamine","7":"product_cat-elektrokamine-mit-schoenen-flammenbild","9":"first","10":"instock","11":"shipping-taxable","12":"product-type-simple"},"_links":{"self":[{"href":"https:\/\/www.ambifuego.net\/de\/wp-json\/wp\/v2\/product\/17596","targetHints":{"allow":["GET"]}}],"collection":[{"href":"https:\/\/www.ambifuego.net\/de\/wp-json\/wp\/v2\/product"}],"about":[{"href":"https:\/\/www.ambifuego.net\/de\/wp-json\/wp\/v2\/types\/product"}],"version-history":[{"count":0,"href":"https:\/\/www.ambifuego.net\/de\/wp-json\/wp\/v2\/product\/17596\/revisions"}],"wp:featuredmedia":[{"embeddable":true,"href":"https:\/\/www.ambifuego.net\/de\/wp-json\/wp\/v2\/media\/56744"}],"wp:attachment":[{"href":"https:\/\/www.ambifuego.net\/de\/wp-json\/wp\/v2\/media?parent=17596"}],"wp:term":[{"taxonomy":"product_brand","embeddable":true,"href":"https:\/\/www.ambifuego.net\/de\/wp-json\/wp\/v2\/product_brand?post=17596"},{"taxonomy":"product_cat","embeddable":true,"href":"https:\/\/www.ambifuego.net\/de\/wp-json\/wp\/v2\/product_cat?post=17596"},{"taxonomy":"product_tag","embeddable":true,"href":"https:\/\/www.ambifuego.net\/de\/wp-json\/wp\/v2\/product_tag?post=17596"}],"curies":[{"name":"wp","href":"https:\/\/api.w.org\/{rel}","templated":true}]}}