{"id":17590,"date":"2017-09-21T17:02:35","date_gmt":"2017-09-21T17:02:35","guid":{"rendered":"https:\/\/www.ambifuego.net\/xtempx\/web17\/producto\/panoramisch-type-150-e\/"},"modified":"2024-01-02T16:40:43","modified_gmt":"2024-01-02T15:40:43","slug":"900-frontkamin","status":"publish","type":"product","link":"https:\/\/www.ambifuego.net\/de\/producto\/900-frontkamin\/","title":{"rendered":"FRONTKAMIN &#8211; 900"},"content":{"rendered":"<p><img fetchpriority=\"high\" decoding=\"async\" class=\"alignnone size-full wp-image-40308\" src=\"https:\/\/www.ambifuego.net\/wp-content\/uploads\/2017\/09\/900gf.jpg\" alt=\"\" width=\"366\" height=\"250\" \/><\/p>\n","protected":false},"excerpt":{"rendered":"<p><span style=\"font-family: verdana, geneva, sans-serif;\"><strong><span class=\"a-list-item\">Gem\u00fctliche Atmosph\u00e4re und behagliche Wohlf\u00fchlw\u00e4rme mit n\u00fcr einem Klick<\/span><\/strong><\/span><\/p>\n<ul>\n<li><span style=\"font-family: verdana, geneva, sans-serif;\"><strong>Made in Europe<\/strong><\/span><\/li>\n<li><span style=\"font-family: verdana, geneva, sans-serif;\">Sicher und sauber<\/span><\/li>\n<li><span style=\"font-family: verdana, geneva, sans-serif;\">Moderne elektrische Kamine von hoher Qualit\u00e4t<\/span><\/li>\n<li><span style=\"font-family: verdana, geneva, sans-serif;\">Einbaumodell<\/span><\/li>\n<li><span style=\"font-family: verdana, geneva, sans-serif;\">Elektrokamin mit Front-Glasscheibe<\/span><\/li>\n<li><span id=\"result_box\" class=\"\" lang=\"de\" style=\"font-family: verdana, geneva, sans-serif;\"><strong>e-touch-Control<\/strong> (App) &#8211;\u00a0 Fernbedienung<\/span><\/li>\n<li><span style=\"font-family: verdana, geneva, sans-serif;\"><strong><span id=\"result_box\" class=\"\" lang=\"de\">Flammen-Effekt; Holz \/ Steine<\/span><\/strong><\/span><\/li>\n<li><span style=\"font-family: verdana, geneva, sans-serif;\"><strong>Preisgekr\u00f6ntes Produkt<\/strong><\/span><\/li>\n<li><a href=\"https:\/\/www.ambifuego.net\/de\/kontakt\/\" target=\"_blank\" rel=\"noopener\"><span style=\"font-family: verdana, geneva, sans-serif;\">Weitere Infos\u00a0<\/span><\/a><\/li>\n<li><span style=\"font-family: verdana, geneva, sans-serif;\"><a href=\"https:\/\/www.ambifuego.net\/wp-content\/uploads\/2021\/05\/EVONIC-2021.pdf\" target=\"_blank\" rel=\"noopener\">Katalog<\/a>\u00a0<\/span><\/li>\n<\/ul>\n","protected":false},"featured_media":40319,"template":"","meta":[],"product_brand":[],"product_cat":[382],"product_tag":[],"class_list":{"0":"post-17590","1":"product","2":"type-product","3":"status-publish","4":"has-post-thumbnail","6":"product_cat-elektrokamin-manufaktur-panoramakamin-spanien","8":"first","9":"instock","10":"shipping-taxable","11":"product-type-simple"},"_links":{"self":[{"href":"https:\/\/www.ambifuego.net\/de\/wp-json\/wp\/v2\/product\/17590","targetHints":{"allow":["GET"]}}],"collection":[{"href":"https:\/\/www.ambifuego.net\/de\/wp-json\/wp\/v2\/product"}],"about":[{"href":"https:\/\/www.ambifuego.net\/de\/wp-json\/wp\/v2\/types\/product"}],"version-history":[{"count":0,"href":"https:\/\/www.ambifuego.net\/de\/wp-json\/wp\/v2\/product\/17590\/revisions"}],"wp:featuredmedia":[{"embeddable":true,"href":"https:\/\/www.ambifuego.net\/de\/wp-json\/wp\/v2\/media\/40319"}],"wp:attachment":[{"href":"https:\/\/www.ambifuego.net\/de\/wp-json\/wp\/v2\/media?parent=17590"}],"wp:term":[{"taxonomy":"product_brand","embeddable":true,"href":"https:\/\/www.ambifuego.net\/de\/wp-json\/wp\/v2\/product_brand?post=17590"},{"taxonomy":"product_cat","embeddable":true,"href":"https:\/\/www.ambifuego.net\/de\/wp-json\/wp\/v2\/product_cat?post=17590"},{"taxonomy":"product_tag","embeddable":true,"href":"https:\/\/www.ambifuego.net\/de\/wp-json\/wp\/v2\/product_tag?post=17590"}],"curies":[{"name":"wp","href":"https:\/\/api.w.org\/{rel}","templated":true}]}}