{"id":17569,"date":"2017-09-21T14:56:55","date_gmt":"2017-09-21T14:56:55","guid":{"rendered":"https:\/\/www.ambifuego.net\/xtempx\/web17\/producto\/art-3\/"},"modified":"2024-05-08T11:10:39","modified_gmt":"2024-05-08T09:10:39","slug":"aussenwandheizung-gas-ohen-schornstein","status":"publish","type":"product","link":"https:\/\/www.ambifuego.net\/de\/producto\/aussenwandheizung-gas-ohen-schornstein\/","title":{"rendered":"Aussenwand Heizger\u00e4te &#8211; Art"},"content":{"rendered":"<p style=\"text-align: justify;\"><span style=\"font-family: verdana, geneva, sans-serif;\">Aussenwandheizung Gas ohne Schornstein, auch Gasheizautomaten genannt, gelten als Nischenprodukt. Dennoch gibt es vielf\u00e4ltige Einsatzm\u00f6glichkeiten f\u00fcr Au\u00dfenwandheizungen. Die Ger\u00e4te k\u00f6nnen sowohl an der Wand als auch am Boden montiert werden. <\/span><\/p>\n<p style=\"text-align: justify;\"><span style=\"font-family: verdana, geneva, sans-serif;\">Die gew\u00fcnschte Temperatur wird am Thermostat eingestellt. Sobald die gew\u00fcnschte Temperatur im Raum erreicht ist, regelt die Au\u00dfenwandheizung den Brenner automatisch herunter um die Temperatur zu halten. Auf diese Weise k\u00f6nnen Heizkosten gespart werden.<\/span><\/p>\n<h2><span style=\"font-family: verdana, geneva, sans-serif; font-size: 12pt;\">Aussenwandheizung Gas ohne Schornstein Beschreibung<\/span><\/h2>\n<p style=\"text-align: justify;\"><span style=\"font-family: verdana, geneva, sans-serif;\">Au\u00dfenwandheizungen bestehen aus einer kompakten Verkleidung und einem Brenner f\u00fcr Erdgas oder Fl\u00fcssiggas. Im Inneren des Gasheizautomaten wird Luft durch den Brenner erw\u00e4rmt, die von unten in das Innere gelangt und oben aus dem Gasheizautomaten wieder ausstr\u00f6mt. Durch diesen Kreislauf, auch Konvektion genannt, ist die W\u00e4rme schon nach kurzer Zeit im Raum zu sp\u00fcren. Zus\u00e4tzlich zur Konvektion gibt die Au\u00dfenwandheizung auch W\u00e4rme \u00fcber Strahlung ab. Auf diese Weise wird eine verlustarme W\u00e4rme\u00fcbertragung erm\u00f6glicht.<\/span><\/p>\n<p style=\"text-align: justify;\"><span style=\"font-family: verdana, geneva, sans-serif;\">Die entstehenden Verbrennungsgase werden \u00fcber ein Rohr durch die Au\u00dfenwand nach drau\u00dfen geleitet. Die zur Verbrennung erforderliche Luft wird \u00fcber ein zweites Rohr durch die Au\u00dfenwand dem Brenner zugef\u00fchrt. Dar\u00fcber hinaus verf\u00fcgen Au\u00dfenwandheizungen \u00fcber eine schadstoffreduzierte Verbrennungstechnik und sind unabh\u00e4ngig von Schornstein und Strom.<\/span><\/p>\n<p style=\"text-align: justify;\"><span style=\"font-family: verdana, geneva, sans-serif;\">Die\u00a0 Au\u00dfenwandgasheizungen haben eine stattliche Leistung und einen hohen Wirkungsgrad (HR+). Sie zeichnen sich durch das moderne Design aus. Die Vorderseite ist in a cremige-Farbe gehalten. Die R\u00fcckseite ist anthrazit. Alle Ger\u00e4te sind mit piezoelektrischer Funkenz\u00fcndung und Thermostat ausger\u00fcstet. Kein Strom ben\u00f6gtig.<\/span><\/p>\n<ul class=\"a-unordered-list a-vertical\">\n<li style=\"text-align: justify;\"><span style=\"font-family: verdana, geneva, sans-serif;\"><span class=\"a-list-item\">Au\u00dfenwandanschluss mit <\/span><span class=\"a-list-item\">Mauerrohr\u00a0<\/span><\/span><\/li>\n<li><span class=\"a-list-item\" style=\"font-family: verdana, geneva, sans-serif;\">Modulierende, thermostatische Leistungsregelung<\/span><\/li>\n<li><span class=\"a-list-item\" style=\"font-family: verdana, geneva, sans-serif;\">Piezoz\u00fcndung<\/span><\/li>\n<li><span class=\"a-list-item\" style=\"font-family: verdana, geneva, sans-serif;\">Vollemaillierter Heizk\u00f6rper<\/span><\/li>\n<li><span class=\"a-list-item\" style=\"font-family: verdana, geneva, sans-serif;\">Komplettverkleidung hell-cremig<\/span><\/li>\n<li><span class=\"a-list-item\" style=\"font-family: verdana, geneva, sans-serif;\">L\u00fcftungsgitter eloxiert<\/span><\/li>\n<li><span class=\"a-list-item\" style=\"font-family: verdana, geneva, sans-serif;\">Fu\u00dffreie, h\u00e4ngende Wandmontage<\/span><\/li>\n<li><span class=\"a-list-item\" style=\"font-family: verdana, geneva, sans-serif;\">Schadstoffreduzierte Verbrennung<\/span><\/li>\n<li><span class=\"a-list-item\" style=\"font-family: verdana, geneva, sans-serif;\">R\u00fcckseitiger Au\u00dfenwandanschluss mit konzentrischem Doppelrohr (&#8218;Rohr in Rohr&#8216;)<\/span><\/li>\n<li><span class=\"a-list-item\" style=\"font-family: verdana, geneva, sans-serif;\">Funktion ist ohne Strom m\u00f6glich<\/span><\/li>\n<li><span class=\"a-list-item\" style=\"font-family: verdana, geneva, sans-serif;\">Keine Frostprobleme und keine Energieverluste durch &#8218;Stand by&#8216;-Schaltung<\/span><\/li>\n<li><span class=\"a-list-item\" style=\"font-family: verdana, geneva, sans-serif;\">Wahlweise f\u00fcr Erdgas oder Propangas lieferbar.\u00a0<\/span><\/li>\n<li>*Weitere <a href=\"https:\/\/www.drufire.com\/en-gb\/product-range\/gas-wall-heaters\">Infos<\/a><\/li>\n<li><a href=\"https:\/\/www.ambifuego.net\/wp-content\/uploads\/2021\/12\/catalogo-Ambifuego-2021-20kb_compressed.pdf\">Katalogue<\/a> &#8211;<\/li>\n<\/ul>\n<table style=\"border-collapse: collapse; width: 67.253%; height: 101px;\" border=\"1\">\n<tbody>\n<tr style=\"height: 48px;\">\n<td style=\"width: 14.2857%; height: 48px;\"><strong>\u00a0 \u00a0 \u00a0Modelo<\/strong><\/td>\n<td style=\"width: 14.2857%; height: 48px;\">\u00a0 \u00a0 \u00a0 \u00a0 \u00a0 \u00a0<strong>A<\/strong><\/td>\n<td style=\"width: 14.2857%; height: 48px;\">\u00a0 \u00a0 \u00a0 \u00a0 \u00a0 \u00a0\u00a0<strong>B<\/strong><\/td>\n<td style=\"width: 14.2857%; height: 48px;\">\u00a0 \u00a0 \u00a0 \u00a0\u00a0<strong>\u00a0 C<\/strong><\/td>\n<td style=\"width: 14.2857%; height: 48px;\">\u00a0 \u00a0 \u00a0 \u00a0 \u00a0\u00a0<strong>%<\/strong><\/td>\n<td style=\"width: 14.2857%; height: 48px;\">\u00a0 \u00a0 \u00a0 \u00a0\u00a0<strong>LPG<\/strong><\/td>\n<td style=\"width: 14.2857%; height: 48px;\">\u00a0 \u00a0 \u00a0 \u00a0<strong>\u00a0NAT<\/strong><\/td>\n<\/tr>\n<tr>\n<td style=\"width: 14.2857%;\">\u00a0 \u00a0 \u00a0 \u00a0Art 2<\/td>\n<td style=\"width: 14.2857%;\">\u00a0 \u00a0 \u00a0 \u00a0 \u00a0 320<\/td>\n<td style=\"width: 14.2857%;\">\u00a0 \u00a0 \u00a0 \u00a0 \u00a0529<\/td>\n<td style=\"width: 14.2857%;\">\u00a0 \u00a0 \u00a0 \u00a0 \u00a0202<\/td>\n<td style=\"width: 14.2857%;\">\u00a0 \u00a0 \u00a0 \u00a0 82%<\/td>\n<td style=\"width: 14.2857%;\">\u00a0 \u00a0 \u00a0 \u00a0 \u00a0 2,0<\/td>\n<td style=\"width: 14.2857%;\">\u00a0 \u00a0 \u00a0 \u00a0 \u00a0 2,0<\/td>\n<\/tr>\n<tr>\n<td style=\"width: 14.2857%;\">\u00a0 \u00a0 \u00a0 \u00a0Art 3<\/td>\n<td style=\"width: 14.2857%;\">\u00a0 \u00a0 \u00a0 \u00a0 \u00a0 545<\/td>\n<td style=\"width: 14.2857%;\">\u00a0 \u00a0 \u00a0 \u00a0 \u00a0503<\/td>\n<td style=\"width: 14.2857%;\">\u00a0 \u00a0 \u00a0 \u00a0 \u00a0232<\/td>\n<td style=\"width: 14.2857%;\">\u00a0 \u00a0 \u00a0 \u00a0 81%<\/td>\n<td style=\"width: 14.2857%;\">\u00a0 \u00a0 \u00a0 \u00a0 \u00a0 3,4<\/td>\n<td style=\"width: 14.2857%;\">\u00a0 \u00a0 \u00a0 \u00a0 \u00a0 3,0<\/td>\n<\/tr>\n<tr style=\"height: 48px;\">\n<td style=\"width: 14.2857%; height: 48px;\">\u00a0 \u00a0 \u00a0 Art 4<\/td>\n<td style=\"width: 14.2857%; height: 48px;\">\u00a0 \u00a0 \u00a0 \u00a0 \u00a0695<\/td>\n<td style=\"width: 14.2857%; height: 48px;\">\u00a0 \u00a0 \u00a0 \u00a0 \u00a0503<\/td>\n<td style=\"width: 14.2857%; height: 48px;\">\u00a0 \u00a0 \u00a0 \u00a0 233<\/td>\n<td style=\"width: 14.2857%; height: 48px;\">\u00a0 \u00a0 \u00a0 \u00a0 81%<\/td>\n<td style=\"width: 14.2857%; height: 48px;\">\u00a0 \u00a0 \u00a0 \u00a0 \u00a04,0<\/td>\n<td style=\"width: 14.2857%; height: 48px;\">\u00a0 \u00a0 \u00a0 \u00a0 \u00a0 4,0<\/td>\n<\/tr>\n<tr style=\"height: 10px;\">\n<td style=\"width: 14.2857%; height: 10px;\">\u00a0 \u00a0 \u00a0 Art 5<\/td>\n<td style=\"width: 14.2857%; height: 10px;\">\u00a0 \u00a0 \u00a0 \u00a0 \u00a0782<\/td>\n<td style=\"width: 14.2857%; height: 10px;\">\u00a0 \u00a0 \u00a0 \u00a0 \u00a0517<\/td>\n<td style=\"width: 14.2857%; height: 10px;\">\u00a0 \u00a0 \u00a0 \u00a0 260<\/td>\n<td style=\"width: 14.2857%; height: 10px;\">\u00a0 \u00a0 \u00a0 \u00a0 85%<\/td>\n<td style=\"width: 14.2857%; height: 10px;\">\u00a0 \u00a0 \u00a0 \u00a0 \u00a0 5,0<\/td>\n<td style=\"width: 14.2857%; height: 10px;\">\u00a0 \u00a0 \u00a0 \u00a0 \u00a0 5,0<\/td>\n<\/tr>\n<tr>\n<td style=\"width: 14.2857%;\">\u00a0 \u00a0 \u00a0 Art 6<\/td>\n<td style=\"width: 14.2857%;\">\u00a0 \u00a0 \u00a0 \u00a01034<\/td>\n<td style=\"width: 14.2857%;\">\u00a0 \u00a0 \u00a0 \u00a0 \u00a0517<\/td>\n<td style=\"width: 14.2857%;\">\u00a0 \u00a0 \u00a0 \u00a0 260<\/td>\n<td style=\"width: 14.2857%;\">\u00a0 \u00a0 \u00a0 \u00a0 85%<\/td>\n<td style=\"width: 14.2857%;\">\u00a0 \u00a0 \u00a0 \u00a0 \u00a0 6,0<\/td>\n<td style=\"width: 14.2857%;\">\u00a0 \u00a0 \u00a0 \u00a0 \u00a0 6,0<\/td>\n<\/tr>\n<tr>\n<td style=\"width: 14.2857%;\">\u00a0 \u00a0 \u00a0 Art 8<\/td>\n<td style=\"width: 14.2857%;\">\u00a0 \u00a0 \u00a0 \u00a01286<\/td>\n<td style=\"width: 14.2857%;\">\u00a0 \u00a0 \u00a0 \u00a0 \u00a0547<\/td>\n<td style=\"width: 14.2857%;\">\u00a0 \u00a0 \u00a0 \u00a0 310<\/td>\n<td style=\"width: 14.2857%;\">\u00a0 \u00a0 \u00a0 \u00a085%<\/td>\n<td style=\"width: 14.2857%;\">\u00a0 \u00a0 \u00a0 \u00a0 \u00a0 9.0<\/td>\n<td style=\"width: 14.2857%;\">\u00a0 \u00a0 \u00a0 \u00a0 \u00a0 9,0<\/td>\n<\/tr>\n<tr>\n<td style=\"width: 14.2857%;\">\u00a0 \u00a0 \u00a0 Art 10<\/td>\n<td style=\"width: 14.2857%;\">\u00a0 \u00a0 \u00a0 \u00a01538<\/td>\n<td style=\"width: 14.2857%;\">\u00a0 \u00a0 \u00a0 \u00a0 \u00a0547<\/td>\n<td style=\"width: 14.2857%;\">\u00a0 \u00a0 \u00a0 \u00a0 310<\/td>\n<td style=\"width: 14.2857%;\">\u00a0 \u00a0 \u00a0 \u00a085%<\/td>\n<td style=\"width: 14.2857%;\">\u00a0 \u00a0 \u00a0 \u00a0 10,0<\/td>\n<td style=\"width: 14.2857%;\">\u00a0 \u00a0 \u00a0 \u00a0 10,0<\/td>\n<\/tr>\n<\/tbody>\n<\/table>\n<p>&nbsp;<\/p>\n<p><img fetchpriority=\"high\" decoding=\"async\" class=\"alignnone size-full wp-image-44646\" src=\"https:\/\/www.ambifuego.net\/wp-content\/uploads\/2017\/09\/art_optimized.plano_.....jpg\" alt=\"\" width=\"432\" height=\"250\" \/><\/p>\n","protected":false},"excerpt":{"rendered":"[caption id=\"attachment_44507\" align=\"alignnone\" width=\"380\"]<img decoding=\"async\" class=\"size-full wp-image-44507\" src=\"https:\/\/www.ambifuego.net\/wp-content\/uploads\/2017\/09\/art_3_optimized.jpg\" alt=\"Radiador de gas mural art\" width=\"380\" height=\"316\" srcset=\"https:\/\/www.ambifuego.net\/wp-content\/uploads\/2017\/09\/art_3_optimized.jpg 380w, https:\/\/www.ambifuego.net\/wp-content\/uploads\/2017\/09\/art_3_optimized-325x270.jpg 325w\" sizes=\"(max-width: 380px) 100vw, 380px\" \/> Aussenwandheizung Gas kein Schornstein &#8211; Art 4 &#8211; Dru[\/caption]\n","protected":false},"featured_media":79478,"template":"","meta":[],"product_brand":[],"product_cat":[352,362],"product_tag":[],"class_list":{"0":"post-17569","1":"product","2":"type-product","3":"status-publish","4":"has-post-thumbnail","6":"product_cat-gas-kamine-oefen-heizkoerper","7":"product_cat-aussenwand-heizgeraete-gas-betrieben","9":"first","10":"instock","11":"shipping-taxable","12":"product-type-simple"},"_links":{"self":[{"href":"https:\/\/www.ambifuego.net\/de\/wp-json\/wp\/v2\/product\/17569","targetHints":{"allow":["GET"]}}],"collection":[{"href":"https:\/\/www.ambifuego.net\/de\/wp-json\/wp\/v2\/product"}],"about":[{"href":"https:\/\/www.ambifuego.net\/de\/wp-json\/wp\/v2\/types\/product"}],"version-history":[{"count":0,"href":"https:\/\/www.ambifuego.net\/de\/wp-json\/wp\/v2\/product\/17569\/revisions"}],"wp:featuredmedia":[{"embeddable":true,"href":"https:\/\/www.ambifuego.net\/de\/wp-json\/wp\/v2\/media\/79478"}],"wp:attachment":[{"href":"https:\/\/www.ambifuego.net\/de\/wp-json\/wp\/v2\/media?parent=17569"}],"wp:term":[{"taxonomy":"product_brand","embeddable":true,"href":"https:\/\/www.ambifuego.net\/de\/wp-json\/wp\/v2\/product_brand?post=17569"},{"taxonomy":"product_cat","embeddable":true,"href":"https:\/\/www.ambifuego.net\/de\/wp-json\/wp\/v2\/product_cat?post=17569"},{"taxonomy":"product_tag","embeddable":true,"href":"https:\/\/www.ambifuego.net\/de\/wp-json\/wp\/v2\/product_tag?post=17569"}],"curies":[{"name":"wp","href":"https:\/\/api.w.org\/{rel}","templated":true}]}}