{"id":17565,"date":"2017-09-21T14:50:52","date_gmt":"2017-09-21T14:50:52","guid":{"rendered":"https:\/\/www.ambifuego.net\/xtempx\/web17\/producto\/style-4\/"},"modified":"2022-05-24T13:27:37","modified_gmt":"2022-05-24T11:27:37","slug":"aussenwand-gasheizung-moderne-design","status":"publish","type":"product","link":"https:\/\/www.ambifuego.net\/de\/producto\/aussenwand-gasheizung-moderne-design\/","title":{"rendered":"Style &#8211; Gasheizautomaten"},"content":{"rendered":"<div class=\"wWOJcd\" tabindex=\"0\" role=\"button\" aria-controls=\"exacc_3VmLYseCPYXmadfYhYAB4\" aria-expanded=\"true\" aria-labelledby=\"exacc_3VmLYseCPYXmadfYhYAB3\">\n<div style=\"text-align: justify;\"><span style=\"font-family: tahoma, arial, helvetica, sans-serif;\"><span style=\"font-family: tahoma, arial, helvetica, sans-serif;\">Die Au\u00dfenwand <span style=\"font-family: verdana, geneva, sans-serif;\">Gasheizautomaten <\/span><\/span><\/span><span style=\"font-family: tahoma, arial, helvetica, sans-serif;\">moderne Design<\/span><span style=\"font-family: verdana, geneva, sans-serif;\">\u00a0haben eine stattliche Leistung und einen hohen Wirkungsgrad (HR+). Sie zeichnen sich durch das moderne Design aus. Die leicht gew\u00f6lbte Vorderseite ist in Alu-Metallic-Farbe gehalten. Die R\u00fcckseite ist anthrazit. Alle Ger\u00e4te sind mit piezoelektrischer Funkenz\u00fcndung und Thermostat ausger\u00fcste.Wie funktioniert eine Au\u00dfenwandheizung?<\/span><\/div>\n<h2><span style=\"font-size: 12pt;\">Vorteile eines Ausenwand Gasheizautomaten moderne Design<\/span><\/h2>\n<div class=\"r21Kzd\" style=\"text-align: justify;\" data-hveid=\"CE0QAQ\" data-ved=\"2ahUKEwiH5Y6grfX3AhUFcxoKHVdsARAQuk56BAhNEAE\"><span style=\"font-family: verdana, geneva, sans-serif;\">Au\u00dfenwandheizungen bestehen aus einer kompakten H\u00fclle, die einen Brenner f\u00fcr Erdgas oder Fl\u00fcssiggas enth\u00e4lt. Nimmt dieser seinen Betrieb auf, erw\u00e4rmt er Luft, die von unten in den Gasheizautomaten gelangt. Ihre Temperatur steigt und sie str\u00f6mt oben aus dem Ger\u00e4t aus.<\/span><\/div>\n<\/div>\n<div data-hveid=\"CE0QAQ\" data-ved=\"2ahUKEwiH5Y6grfX3AhUFcxoKHVdsARAQuk56BAhNEAE\">\n<p><span style=\"font-family: verdana, geneva, sans-serif;\">W\u00e4rme nach kurzer Zeit sp\u00fcrbar, niedrige Kosten f\u00fcr Wartung und Anschaffung, schadstoffreduzierte Verbrennungstechnik und <\/span><span style=\"font-family: verdana, geneva, sans-serif;\">kein Schornstein is n\u00f6tig ausserdem ist es unabh\u00e4ngig von Stromanschluss, vielf\u00e4ltige Einsatzbereiche<\/span><\/p>\n<\/div>\n<div class=\"wWOJcd\" tabindex=\"0\" role=\"button\" aria-controls=\"exacc_3VmLYseCPYXmadfYhYAB4\" aria-expanded=\"true\" aria-labelledby=\"exacc_3VmLYseCPYXmadfYhYAB3\">\n<div class=\"r21Kzd\" style=\"text-align: justify;\" data-hveid=\"CE0QAQ\" data-ved=\"2ahUKEwiH5Y6grfX3AhUFcxoKHVdsARAQuk56BAhNEAE\"><span style=\"font-family: verdana, geneva, sans-serif;\"><span style=\"font-family: verdana, geneva, sans-serif;\">Im Inneren des <em>Au\u00dfenwand Gasheizung moderne Design <\/em><\/span><\/span><span style=\"font-family: verdana, geneva, sans-serif;\">wird Luft durch den Brenner erw\u00e4rmt, die von unten in das Innere gelangt und oben aus dem Gasheizautomaten wieder ausstr\u00f6mt. Durch diesen Kreislauf, auch Konvektion genannt, ist die W\u00e4rme schon nach kurzer Zeit im Raum zu sp\u00fcren. Zus\u00e4tzlich zur Konvektion gibt die Au\u00dfenwandheizung auch W\u00e4rme \u00fcber Strahlung ab. Auf diese Weise wird eine verlustarme W\u00e4rme\u00fcbertragung erm\u00f6glicht.<\/span><\/div>\n<\/div>\n<p style=\"text-align: justify;\"><span style=\"font-family: verdana, geneva, sans-serif;\">Die entstehenden Verbrennungsgase werden \u00fcber ein Rohr durch die Au\u00dfenwand nach drau\u00dfen geleitet. Die zur Verbrennung erforderliche Luft wird \u00fcber ein zweites Rohr durch die Au\u00dfenwand dem Brenner zugef\u00fchrt. Dar\u00fcber hinaus verf\u00fcgen Au\u00dfenwandheizungen \u00fcber eine schadstoffreduzierte Verbrennungstechnik und sind unabh\u00e4ngig von Schornstein und Strom.<\/span><\/p>\n<p style=\"text-align: justify;\"><span style=\"font-family: verdana, geneva, sans-serif;\">Grunds\u00e4tzlich ist die Anbringung einer Au\u00dfenwandheizung an nicht brennbaren W\u00e4nden problemlos m\u00f6glich. Um das Risiko eines Brands auch an brennbaren W\u00e4nden zu verhindern, m\u00fcssen beim Aufbau gewisse Richtlinien beachtet werden, z.B. durch Verwenden einer speziellen Holzwanddurchf\u00fchrung. Zudem muss die Anbringung von einem Fachmann durchgef\u00fchrt und \u00fcberpr\u00fcft werden<\/span><\/p>\n<ul>\n<li><span style=\"font-family: verdana, geneva, sans-serif;\"><span style=\"font-family: verdana, geneva, sans-serif;\">Au\u00dfenwand Gasheizautomaten <\/span><\/span><span style=\"font-family: verdana, geneva, sans-serif;\">moderne Design\u00a0<\/span><\/li>\n<li><span style=\"font-family: verdana, geneva, sans-serif;\">Gaskonvektor Style<\/span><\/li>\n<li><span style=\"font-family: verdana, geneva, sans-serif;\">Aussenwand-Heizger\u00e4te<\/span><\/li>\n<li><span style=\"font-family: verdana, geneva, sans-serif;\">Erd- oder Propangas<\/span><\/li>\n<li class=\"dark-for-buttons\"><span style=\"font-family: verdana, geneva, sans-serif;\">Geschlossene Verbrennung<\/span><\/li>\n<li class=\"dark-for-buttons\"><span style=\"font-family: verdana, geneva, sans-serif;\">Aussenwandanschluss<\/span><\/li>\n<li class=\"dark-for-buttons\"><span style=\"font-family: verdana, geneva, sans-serif;\">Hohe W\u00e4rmeleistung<\/span><\/li>\n<li><span style=\"font-family: verdana, geneva, sans-serif;\">*Weitere <a href=\"https:\/\/www.drufire.com\/en-gb\/product-range\/gas-wall-heaters\">Infos<\/a><\/span><\/li>\n<li>*<a href=\"https:\/\/www.ambifuego.net\/wp-content\/uploads\/2021\/12\/catalogo-Ambifuego-2021-20kb_compressed.pdf\">Katalogue<\/a>&#8211;<\/li>\n<\/ul>\n<p>&nbsp;<\/p>\n<table style=\"border-collapse: collapse; width: 50.964%; height: 185px;\">\n<tbody>\n<tr>\n<td style=\"width: 12.5%;\"><strong>\u00a0 Modelo<\/strong><\/td>\n<td style=\"width: 8.84551%;\">\u00a0 A<\/td>\n<td style=\"width: 7.68274%;\">\u00a0 B<\/td>\n<td style=\"width: 6.35386%;\">\u00a0 C<\/td>\n<td style=\"width: 8.84548%;\">\u00a0 %<\/td>\n<td style=\"width: 9.34373%;\">\u00a0 Kw LPG<\/td>\n<td style=\"width: 4.99512%;\">\u00a0 Kw<\/td>\n<\/tr>\n<tr>\n<td style=\"width: 12.5%;\">\u00a0\u00a0<strong>Style 3<\/strong><\/td>\n<td style=\"width: 8.84551%;\">\u00a0 390<\/td>\n<td style=\"width: 7.68274%;\">\u00a0 576<\/td>\n<td style=\"width: 6.35386%;\">\u00a0 229<\/td>\n<td style=\"width: 8.84548%;\">\u00a0 82%<\/td>\n<td style=\"width: 9.34373%;\">\u00a0 2,0<\/td>\n<td style=\"width: 4.99512%;\">\u00a0 2,6<\/td>\n<\/tr>\n<tr>\n<td style=\"width: 12.5%;\">\u00a0\u00a0<strong>Style 4<\/strong><\/td>\n<td style=\"width: 8.84551%;\">\u00a0 615<\/td>\n<td style=\"width: 7.68274%;\">\u00a0 571<\/td>\n<td style=\"width: 6.35386%;\">\u00a0 234<\/td>\n<td style=\"width: 8.84548%;\">\u00a0 84%<\/td>\n<td style=\"width: 9.34373%;\">\u00a0 3,0<\/td>\n<td style=\"width: 4.99512%;\">\u00a0 3,5<\/td>\n<\/tr>\n<tr>\n<td style=\"width: 12.5%;\">\u00a0<strong>\u00a0Style 5<\/strong><\/td>\n<td style=\"width: 8.84551%;\">\u00a0 765<\/td>\n<td style=\"width: 7.68274%;\">\u00a0 571<\/td>\n<td style=\"width: 6.35386%;\">\u00a0 234<\/td>\n<td style=\"width: 8.84548%;\">\u00a0 84%<\/td>\n<td style=\"width: 9.34373%;\">\u00a0 4,5<\/td>\n<td style=\"width: 4.99512%;\">\u00a0 4,0<\/td>\n<\/tr>\n<tr>\n<td style=\"width: 12.5%;\">\u00a0<strong>\u00a0Style 31<\/strong><\/td>\n<td style=\"width: 8.84551%;\">\u00a0 805<\/td>\n<td style=\"width: 7.68274%;\">\u00a0 390<\/td>\n<td style=\"width: 6.35386%;\">\u00a0 230<\/td>\n<td style=\"width: 8.84548%;\">\u00a0 85%<\/td>\n<td style=\"width: 9.34373%;\">\u00a0 3,0<\/td>\n<td style=\"width: 4.99512%;\">\u00a0 3,1<\/td>\n<\/tr>\n<\/tbody>\n<\/table>\n<p>&nbsp;<\/p>\n<p><img fetchpriority=\"high\" decoding=\"async\" class=\"alignnone wp-image-48440\" src=\"https:\/\/www.ambifuego.net\/wp-content\/uploads\/2017\/09\/style-plano_optimized.jpg\" alt=\"\" width=\"393\" height=\"239\" srcset=\"https:\/\/www.ambifuego.net\/wp-content\/uploads\/2017\/09\/style-plano_optimized.jpg 510w, https:\/\/www.ambifuego.net\/wp-content\/uploads\/2017\/09\/style-plano_optimized-480x292.jpg 480w, https:\/\/www.ambifuego.net\/wp-content\/uploads\/2017\/09\/style-plano_optimized-444x270.jpg 444w\" sizes=\"(max-width: 393px) 100vw, 393px\" \/><\/p>\n","protected":false},"excerpt":{"rendered":"<p><img decoding=\"async\" class=\"alignnone size-full wp-image-44622\" src=\"https:\/\/www.ambifuego.net\/wp-content\/uploads\/2017\/09\/style_optimized.jpg\" alt=\"\" width=\"462\" height=\"320\" srcset=\"https:\/\/www.ambifuego.net\/wp-content\/uploads\/2017\/09\/style_optimized.jpg 462w, https:\/\/www.ambifuego.net\/wp-content\/uploads\/2017\/09\/style_optimized-390x270.jpg 390w\" sizes=\"(max-width: 462px) 100vw, 462px\" \/><\/p>\n","protected":false},"featured_media":79483,"template":"","meta":[],"product_brand":[],"product_cat":[362],"product_tag":[],"class_list":{"0":"post-17565","1":"product","2":"type-product","3":"status-publish","4":"has-post-thumbnail","6":"product_cat-aussenwand-heizgeraete-gas-betrieben","8":"first","9":"instock","10":"shipping-taxable","11":"product-type-simple"},"_links":{"self":[{"href":"https:\/\/www.ambifuego.net\/de\/wp-json\/wp\/v2\/product\/17565","targetHints":{"allow":["GET"]}}],"collection":[{"href":"https:\/\/www.ambifuego.net\/de\/wp-json\/wp\/v2\/product"}],"about":[{"href":"https:\/\/www.ambifuego.net\/de\/wp-json\/wp\/v2\/types\/product"}],"version-history":[{"count":0,"href":"https:\/\/www.ambifuego.net\/de\/wp-json\/wp\/v2\/product\/17565\/revisions"}],"wp:featuredmedia":[{"embeddable":true,"href":"https:\/\/www.ambifuego.net\/de\/wp-json\/wp\/v2\/media\/79483"}],"wp:attachment":[{"href":"https:\/\/www.ambifuego.net\/de\/wp-json\/wp\/v2\/media?parent=17565"}],"wp:term":[{"taxonomy":"product_brand","embeddable":true,"href":"https:\/\/www.ambifuego.net\/de\/wp-json\/wp\/v2\/product_brand?post=17565"},{"taxonomy":"product_cat","embeddable":true,"href":"https:\/\/www.ambifuego.net\/de\/wp-json\/wp\/v2\/product_cat?post=17565"},{"taxonomy":"product_tag","embeddable":true,"href":"https:\/\/www.ambifuego.net\/de\/wp-json\/wp\/v2\/product_tag?post=17565"}],"curies":[{"name":"wp","href":"https:\/\/api.w.org\/{rel}","templated":true}]}}