{"id":17563,"date":"2017-09-21T14:45:38","date_gmt":"2017-09-21T14:45:38","guid":{"rendered":"https:\/\/www.ambifuego.net\/xtempx\/web17\/producto\/circo\/"},"modified":"2025-10-15T10:26:51","modified_gmt":"2025-10-15T08:26:51","slug":"energieeffizient-freistehender-gaskamin","status":"publish","type":"product","link":"https:\/\/www.ambifuego.net\/de\/producto\/energieeffizient-freistehender-gaskamin\/","title":{"rendered":"Ashcott"},"content":{"rendered":"<p><strong style=\"font-size: 14pt;\"><span style=\"font-family: verdana, geneva, sans-serif;\">Energieeffizient freistehender Gaskamin\u00a0 f\u00fcr jede Art von Gas<\/span><\/strong><\/p>\n<div class=\"row\" style=\"text-align: justify;\">\n<div class=\"col-sm-12\">\n<div class=\"block block-nomargin\">\n<p><span style=\"font-family: verdana, geneva, sans-serif;\">Dieser freistehende Gaskamin bietet einen sch\u00f6nen Blick auf das Flammenbild . Der Kamin wird sowohl mit Erdgas als auch mit nachhaltigem Flaschengas betrieben. Sie ist eine perfekte Erg\u00e4nzung zur Fu\u00dfbodenheizung. Das Feuer l\u00e4sst sich einfach mit der Fernbedienung oder Handbedienung steuern.<\/span><\/p>\n<\/div>\n<\/div>\n<\/div>\n<p style=\"text-align: justify;\"><span style=\"font-family: verdana, geneva, sans-serif;\">Ein <strong>Gaskamin<\/strong>\u00a0mit einem\u00a0<b>geschlossenen<\/b> Verbrennungssystem ist hinsichtlich seiner Umgebung luftdicht abgeschlossen. Die Frischluft wird von au\u00dfen angesaugt und die Abgase direkt ins Freie abgef\u00fchrt. Dadurch kann der <b>Gaskamin<\/b>\u00a0an so gut wie jeder Wand aufgestellt werden.<\/span><\/p>\n<div class='yrm-content yrm-content-1 yrm-content-hide  ' id='yrm-037rH' data-id='1' data-show-status='false' data-after-action='' style=\"visibility: hidden;height: 0;\">\n\t\t\t<div id='yrm-inner-content-yrm-037rH' class='yrm-inner-content-wrapper yrm-cntent-1'><\/p>\n<p><span style=\"font-size: 14pt;\"><strong><span style=\"font-family: verdana, geneva, sans-serif;\">Energieeffizient freistehender Gaskamin mit oder ohne Holzlagerung<\/span><\/strong><\/span><\/p>\n<ul>\n<li><span style=\"font-size: 14pt;\">Energieeffizienzklasse: <span style=\"font-family: verdana, geneva, sans-serif;\"><img decoding=\"async\" src=\"https:\/\/www.eurostove.co.uk\/Content\/Images\/A%20Arrow.png\" alt=\"A Arrow\" width=\"55\" height=\"23\" \/><\/span><\/span><\/li>\n<li><span style=\"font-family: verdana, geneva, sans-serif;\">Brennstoff Erdgs, Propan<\/span><\/li>\n<li><span style=\"font-family: verdana, geneva, sans-serif;\">Verbrennungssystem; Verbrennungsluft von aussen<\/span><\/li>\n<li><span style=\"font-family: verdana, geneva, sans-serif;\">Glasfenter; Front<\/span><\/li>\n<li style=\"text-align: justify;\"><span style=\"font-family: verdana, geneva, sans-serif;\">Gaskamin Freistehend<\/span><\/li>\n<li style=\"text-align: justify;\"><span style=\"font-family: verdana, geneva, sans-serif;\">Propan \/ Erdgas<\/span><\/li>\n<li style=\"text-align: justify;\"><span style=\"font-family: verdana, geneva, sans-serif;\">Abzug; Oben \/ Hinten (10 cm)<\/span><\/li>\n<li style=\"text-align: justify;\"><span style=\"font-family: verdana, geneva, sans-serif;\">Gebl\u00e4se: 4 Stellen<\/span><\/li>\n<li style=\"text-align: justify;\"><span style=\"font-family: verdana, geneva, sans-serif;\">Effiziens; 80%<\/span><\/li>\n<li style=\"text-align: justify;\"><span style=\"font-family: verdana, geneva, sans-serif;\">Leistung; 5 Kw \/ 7 Kw<\/span><\/li>\n<li style=\"text-align: justify;\"><span style=\"font-family: verdana, geneva, sans-serif;\">Flammenbild Holz<\/span><\/li>\n<li style=\"text-align: justify;\"><span style=\"font-family: verdana, geneva, sans-serif;\">Fernbedienung<\/span><\/li>\n<\/ul>\n<p><img fetchpriority=\"high\" decoding=\"async\" class=\"alignnone size-full wp-image-60569\" src=\"https:\/\/www.ambifuego.net\/wp-content\/uploads\/2017\/09\/ashcott-medidas_optimized.jpg\" alt=\"\" width=\"425\" height=\"306\" srcset=\"https:\/\/www.ambifuego.net\/wp-content\/uploads\/2017\/09\/ashcott-medidas_optimized.jpg 425w, https:\/\/www.ambifuego.net\/wp-content\/uploads\/2017\/09\/ashcott-medidas_optimized-375x270.jpg 375w\" sizes=\"(max-width: 425px) 100vw, 425px\" \/><\/p>\n<p><\/div>\n\t\t<\/div><div class='yrm-btn-wrapper yrm-btn-wrapper-1 yrm-more-button-wrapper  '\n\t\tdata-custom-more-class-name='' data-custom-less-class-name=''><span title='' data-less-title='' data-more-title='' class='yrm-toggle-expand  yrm-toggle-expand-1 ' data-rel='yrm-037rH' data-more='Mehr erfahren ' data-less='Read less'><span class='yrm-text-wrapper yrm-text-wrapper-custom-dimensions'><span class=\"yrm-button-text-1 yrm-button-text-span\">Mehr erfahren <\/span><\/span><\/span><\/div>\n","protected":false},"excerpt":{"rendered":"[caption id=\"attachment_79201\" align=\"alignnone\" width=\"1025\"]<img decoding=\"async\" class=\"size-full wp-image-79201\" src=\"https:\/\/www.ambifuego.net\/wp-content\/uploads\/2017\/09\/1025x718-ASHCOTT-BAJA_11zon-1_11zon.webp\" alt=\"estufa de gas eficiente\" width=\"1025\" height=\"718\" srcset=\"https:\/\/www.ambifuego.net\/wp-content\/uploads\/2017\/09\/1025x718-ASHCOTT-BAJA_11zon-1_11zon.webp 1025w, https:\/\/www.ambifuego.net\/wp-content\/uploads\/2017\/09\/1025x718-ASHCOTT-BAJA_11zon-1_11zon-768x538.webp 768w, https:\/\/www.ambifuego.net\/wp-content\/uploads\/2017\/09\/1025x718-ASHCOTT-BAJA_11zon-1_11zon-800x560.webp 800w\" sizes=\"(max-width: 1025px) 100vw, 1025px\" \/> estufa de gas eficiente[\/caption]\n","protected":false},"featured_media":80576,"template":"","meta":[],"product_brand":[],"product_cat":[359],"product_tag":[],"class_list":{"0":"post-17563","1":"product","2":"type-product","3":"status-publish","4":"has-post-thumbnail","6":"product_cat-gas-kamin-oefen","8":"first","9":"instock","10":"shipping-taxable","11":"product-type-simple"},"_links":{"self":[{"href":"https:\/\/www.ambifuego.net\/de\/wp-json\/wp\/v2\/product\/17563","targetHints":{"allow":["GET"]}}],"collection":[{"href":"https:\/\/www.ambifuego.net\/de\/wp-json\/wp\/v2\/product"}],"about":[{"href":"https:\/\/www.ambifuego.net\/de\/wp-json\/wp\/v2\/types\/product"}],"version-history":[{"count":0,"href":"https:\/\/www.ambifuego.net\/de\/wp-json\/wp\/v2\/product\/17563\/revisions"}],"wp:featuredmedia":[{"embeddable":true,"href":"https:\/\/www.ambifuego.net\/de\/wp-json\/wp\/v2\/media\/80576"}],"wp:attachment":[{"href":"https:\/\/www.ambifuego.net\/de\/wp-json\/wp\/v2\/media?parent=17563"}],"wp:term":[{"taxonomy":"product_brand","embeddable":true,"href":"https:\/\/www.ambifuego.net\/de\/wp-json\/wp\/v2\/product_brand?post=17563"},{"taxonomy":"product_cat","embeddable":true,"href":"https:\/\/www.ambifuego.net\/de\/wp-json\/wp\/v2\/product_cat?post=17563"},{"taxonomy":"product_tag","embeddable":true,"href":"https:\/\/www.ambifuego.net\/de\/wp-json\/wp\/v2\/product_tag?post=17563"}],"curies":[{"name":"wp","href":"https:\/\/api.w.org\/{rel}","templated":true}]}}