{"id":17562,"date":"2017-09-21T14:44:48","date_gmt":"2017-09-21T14:44:48","guid":{"rendered":"https:\/\/www.ambifuego.net\/xtempx\/web17\/producto\/solo\/"},"modified":"2025-10-29T11:40:32","modified_gmt":"2025-10-29T10:40:32","slug":"polo-gas-stove","status":"publish","type":"product","link":"https:\/\/www.ambifuego.net\/de\/producto\/polo-gas-stove\/","title":{"rendered":"Polo"},"content":{"rendered":"<p><span style=\"font-family: verdana, geneva, sans-serif;\">Gaskamin 3 Seiten Polo. Dieser wundersch\u00f6ne dreiseitige freistehende Gaskamin eignet sich aufgrund der geringen Leistung von ca. 4 kW besonders gut f\u00fcr gut isolierte und kleinere Zimmer wie z.B. K\u00fcche, Glasveranda oder Wohnzimmer.<\/span><\/p>\n<div class='yrm-content yrm-content-1 yrm-content-hide  ' id='yrm-wjIzF' data-id='1' data-show-status='false' data-after-action='' style=\"visibility: hidden;height: 0;\">\n\t\t\t<div id='yrm-inner-content-yrm-wjIzF' class='yrm-inner-content-wrapper yrm-cntent-1'><\/p>\n<p><span style=\"font-family: verdana, geneva, sans-serif;\">Kaminofen freistehend . Design und eine hohe Materialqualit\u00e4t. Dieser Gasofen garantiert f\u00fcgen sich perfekt in unterschiedliche Raumkonzepte ein. Genie\u00dfen Sie die Romantik eines harmonischen Flammenbildes und wohlige W\u00e4rme. Tradition und modernster Brennertechnologie sind inbegriffen. Einige Modelle sind Raumluftabh\u00e4ngig und viele andere Modelle nicht.<\/span><\/p>\n<ul>\n<li><span id=\"result_box\" class=\"\" lang=\"de\" style=\"font-family: verdana, geneva, sans-serif;\">Gaskamin 3 Seiten <\/span><\/li>\n<li><span id=\"result_box\" class=\"\" lang=\"de\" style=\"font-family: verdana, geneva, sans-serif;\">Freistehende Gasofen &#8211;\u00a0 Erdgas\/Propan<br \/>\n<\/span><\/li>\n<li><span id=\"result_box\" class=\"\" lang=\"de\" style=\"font-family: verdana, geneva, sans-serif;\">Geschlossene Verbrennung<\/span><\/li>\n<li><span style=\"font-family: verdana, geneva, sans-serif;\">Fuersicht; dreiseitig<\/span><\/li>\n<li><span style=\"font-family: verdana, geneva, sans-serif;\">Form: Quadratisch<\/span><\/li>\n<li><span id=\"result_box\" class=\"\" lang=\"de\" style=\"font-family: verdana, geneva, sans-serif;\">Fernbedienung<br \/>\n<\/span><\/li>\n<li><span style=\"font-family: verdana, geneva, sans-serif;\">Linienbrenner<\/span><\/li>\n<li><span style=\"font-family: verdana, geneva, sans-serif;\">Leistung: 4 Kw<\/span><\/li>\n<li><span style=\"font-family: verdana, geneva, sans-serif;\">Form: Quadratisch<\/span><\/li>\n<li><span style=\"font-family: verdana, geneva, sans-serif;\">Weitere Infos &#8211; <a href=\"https:\/\/www.ambifuego.net\/wp-content\/uploads\/2022\/05\/DRU-ALEMAN.22_compressed.pdf\" target=\"_blank\" rel=\"noopener\">Katalog\u00a0<\/a> &#8211;\u00a0 <a href=\"https:\/\/vimeo.com\/ambifuego\" target=\"_blank\" rel=\"noopener\">Video<\/a>\u00a0<\/span><\/li>\n<\/ul>\n<p><\/div>\n\t\t<\/div><div class='yrm-btn-wrapper yrm-btn-wrapper-1 yrm-more-button-wrapper  '\n\t\tdata-custom-more-class-name='' data-custom-less-class-name=''><span title='' data-less-title='' data-more-title='' class='yrm-toggle-expand  yrm-toggle-expand-1 ' data-rel='yrm-wjIzF' data-more='Mehr erfahren ' data-less='Read less'><span class='yrm-text-wrapper yrm-text-wrapper-custom-dimensions'><span class=\"yrm-button-text-1 yrm-button-text-span\">Mehr erfahren <\/span><\/span><\/span><\/div>\n","protected":false},"excerpt":{"rendered":"[video width=\"1920\" height=\"1080\" mp4=\"https:\/\/www.ambifuego.net\/wp-content\/uploads\/2017\/09\/polo.mp4\"][\/video]\n","protected":false},"featured_media":80564,"template":"","meta":[],"product_brand":[],"product_cat":[352,359,379],"product_tag":[],"class_list":{"0":"post-17562","1":"product","2":"type-product","3":"status-publish","4":"has-post-thumbnail","6":"product_cat-gas-kamine-oefen-heizkoerper","7":"product_cat-gas-kamin-oefen","8":"product_cat-ihr-spezialist-fuer-elektrokamine","10":"first","11":"instock","12":"shipping-taxable","13":"product-type-simple"},"_links":{"self":[{"href":"https:\/\/www.ambifuego.net\/de\/wp-json\/wp\/v2\/product\/17562","targetHints":{"allow":["GET"]}}],"collection":[{"href":"https:\/\/www.ambifuego.net\/de\/wp-json\/wp\/v2\/product"}],"about":[{"href":"https:\/\/www.ambifuego.net\/de\/wp-json\/wp\/v2\/types\/product"}],"version-history":[{"count":0,"href":"https:\/\/www.ambifuego.net\/de\/wp-json\/wp\/v2\/product\/17562\/revisions"}],"wp:featuredmedia":[{"embeddable":true,"href":"https:\/\/www.ambifuego.net\/de\/wp-json\/wp\/v2\/media\/80564"}],"wp:attachment":[{"href":"https:\/\/www.ambifuego.net\/de\/wp-json\/wp\/v2\/media?parent=17562"}],"wp:term":[{"taxonomy":"product_brand","embeddable":true,"href":"https:\/\/www.ambifuego.net\/de\/wp-json\/wp\/v2\/product_brand?post=17562"},{"taxonomy":"product_cat","embeddable":true,"href":"https:\/\/www.ambifuego.net\/de\/wp-json\/wp\/v2\/product_cat?post=17562"},{"taxonomy":"product_tag","embeddable":true,"href":"https:\/\/www.ambifuego.net\/de\/wp-json\/wp\/v2\/product_tag?post=17562"}],"curies":[{"name":"wp","href":"https:\/\/api.w.org\/{rel}","templated":true}]}}