{"id":17557,"date":"2017-09-21T14:36:34","date_gmt":"2017-09-21T14:36:34","guid":{"rendered":"https:\/\/www.ambifuego.net\/xtempx\/web17\/producto\/hamilton\/"},"modified":"2025-10-27T17:18:06","modified_gmt":"2025-10-27T16:18:06","slug":"wandhaengender-gaskamin-drei-seiten","status":"publish","type":"product","link":"https:\/\/www.ambifuego.net\/de\/producto\/wandhaengender-gaskamin-drei-seiten\/","title":{"rendered":"Diablo"},"content":{"rendered":"<h2 style=\"text-align: justify;\"><span style=\"font-family: verdana, geneva, sans-serif; font-size: 12pt;\"> Diablo: Wandh\u00e4ngender Gaskamin<\/span><\/h2>\n<p style=\"text-align: justify;\"><span style=\"font-family: verdana, geneva, sans-serif;\">Der <a href=\"https:\/\/www.drufire.com\/nl-nl\/\" target=\"_blank\" rel=\"noopener\">Gaskamin DRU Diablo<\/a> ist ein wandh\u00e4ngendes Modell: Er ben\u00f6tigt keinerlei Raum am Boden, da er in der Wand eingelassen ist und schwebt auf diese Weise im Raum. Dieser Gaskamin verf\u00fcgt \u00fcber eine dreiseitige Sichtscheibe, die einen besonders guten Blick auf das Flammenspiel in seinem Inneren bietet. Ein spezieller Brenner sorgt daf\u00fcr, dass die Flammen gleichm\u00e4\u00dfig \u00fcber die ganze Fl\u00e4che des Brennraumes verteilt werden und die Illusion eines authentischen Holzfeuers entsteht. Unterstrichen wird diese Wirkung durch t\u00e4uschend echte Holz-Imitate in Braun, gefertigt aus Keramik. Zum DRU Gasofen Diablo Next ist in den Verkleidung in den Farbe Schwarz oder Alu-Metallic erh\u00e4ltlich. Hierf\u00fcr gibt es optional auch die farblich passende Rohrabdeckung. Weiterhin k\u00f6nnen Sie anstatt der schwarzen Innenauskleidung eine Auskleidung aus Cereglas w\u00e4hlen.<\/span><\/p>\n<div class='yrm-content yrm-content-1 yrm-content-hide  ' id='yrm-bm6ZL' data-id='1' data-show-status='false' data-after-action='' style=\"visibility: hidden;height: 0;\">\n\t\t\t<div id='yrm-inner-content-yrm-bm6ZL' class='yrm-inner-content-wrapper yrm-cntent-1'><\/p>\n<h2><span style=\"font-size: 12pt;\">Feuer auf Knopfdruck mit dem\u00a0 Gaskamin Diablo\u00a0<\/span><\/h2>\n<p style=\"text-align: justify;\"><span style=\"font-family: verdana, geneva, sans-serif;\">Einen besonderen Bedienkomfort bietet Ihnen der DRU Diablo: Via Fernbedienung RCE k\u00f6nnen Sie das Feuer in seinem Inneren per Knopfdruck entfachen. Zus\u00e4tzliche Funktion dieser Fernsteuerung sind ein Thermostatregler und eine Uhrfunktion. Au\u00dferdem k\u00f6nnen Sie f\u00fcr dieses Modell einen Adapter mit 230 Volt erwerben. Betrieben wird der Gaskamin \u00fcber einen direkten Anschluss an Ihrer Gasleitung oder mit einer Propangasflasche. \u00dcber diese Brennstoffzufuhr kann der DRU Diablo Next kontinuierlich f\u00fcr W\u00e4rme in Ihrem Wohnraum sorgen, ohne dass Sie Brennstoff lagern oder nachlegen m\u00fcssten, wie es bei Holzkaminen oder Kohle\u00f6fen der Fall ist. Im Betrieb erreicht der Gaskamin\u00a0eine Nennleistung von zwischen 3 und 4 kW, abh\u00e4ngig vom Brennstoff: Somit eignet sich dieses Modell bestens zum Temperieren kleinerer Wohnr\u00e4ume oder als Erg\u00e4nzung zur Heizanlage in gr\u00f6\u00dferen R\u00e4umen<\/span>.<\/p>\n<h3><span style=\"font-size: 12pt;\">Die moderne Alternative zum Holzkamin<\/span><\/h3>\n<p style=\"text-align: justify;\"><span style=\"font-family: verdana, geneva, sans-serif;\">Gaskamine sind die moderne Alternative zu konventionellen Holzkaminen: Sie liefern Ihnen eine vergleichbare W\u00e4rmeleistung, die Optik eines Holzfeuers und das ohne Verschmutzungen im Verbrennungsvorgang, sowie einen erh\u00f6hten Komfort. Da es sich um h\u00f6chst individuelle Produkte handelt, die in nahezu jedem Element Ihren W\u00fcnschen und den Standortbedingungen angepasst werden k\u00f6nnen, empfehlen wir Ihnen vor Kauf eines Gaskamins sich mit unseren kompetenten Mitarbeitern in Verbindung zu setzen. Wir beraten Sie gerne und verhelfen Ihnen zu Ihrem Kamin-Traum. Der DRU Diablo Next ist wie alle Modelle dieser Produktreihe lediglich in Kombination mit dem DRU Luft-Abgassystem zu installieren, da sonst die Zulassung entfallen w\u00fcrde.<\/span><\/p>\n<ul>\n<li><span style=\"font-family: verdana, geneva, sans-serif;\">keramische Holzscheit-Imitate, Braun<\/span><\/li>\n<li><span style=\"font-family: verdana, geneva, sans-serif;\">Gasarmatur und Empf\u00e4nger f\u00fcr Fernbedienung im Ger\u00e4t integriert<\/span><\/li>\n<li><span style=\"font-family: verdana, geneva, sans-serif;\">Fernbedienung RCE<\/span><\/li>\n<li><span style=\"font-family: verdana, geneva, sans-serif;\">Verkleidung in Schwarz oder Alu-Metallic<\/span><\/li>\n<li><span style=\"font-family: verdana, geneva, sans-serif;\">Gaskamin 3 Seiten<\/span><\/li>\n<li><span id=\"result_box\" class=\"\" lang=\"de\" style=\"font-family: verdana, geneva, sans-serif;\"><span class=\"\">Erdgas oder Propan<\/span><br \/>\n<\/span><\/li>\n<li><span id=\"result_box\" class=\"\" lang=\"de\" style=\"font-family: verdana, geneva, sans-serif;\"><span class=\"\">Verschlossene Verbrennung (doppelwandig)<\/span><br \/>\n<\/span><\/li>\n<li><span id=\"result_box\" class=\"\" lang=\"de\" style=\"font-family: verdana, geneva, sans-serif;\">Optionale Fernbedienung<br \/>\n<\/span><\/li>\n<li><span id=\"result_box\" class=\"\" lang=\"de\" style=\"font-family: verdana, geneva, sans-serif;\">Leistung 5 Kw<br \/>\n<\/span><\/li>\n<li><span id=\"result_box\" class=\"\" lang=\"de\" style=\"font-family: verdana, geneva, sans-serif;\">Feuer-Effekt Holzst\u00fccke<\/span><\/li>\n<li><span style=\"font-family: verdana, geneva, sans-serif;\">*Weitere Infos &#8211; <a href=\"https:\/\/www.ambifuego.net\/wp-content\/uploads\/2022\/05\/DRU-ALEMAN.22_compressed.pdf\" target=\"_blank\" rel=\"noopener\">Katalog<\/a>\u00a0<\/span><\/li>\n<\/ul>\n<p><\/div>\n\t\t<\/div><div class='yrm-btn-wrapper yrm-btn-wrapper-1 yrm-more-button-wrapper  '\n\t\tdata-custom-more-class-name='' data-custom-less-class-name=''><span title='' data-less-title='' data-more-title='' class='yrm-toggle-expand  yrm-toggle-expand-1 ' data-rel='yrm-bm6ZL' data-more='Mehr erfahren ' data-less='Read less'><span class='yrm-text-wrapper yrm-text-wrapper-custom-dimensions'><span class=\"yrm-button-text-1 yrm-button-text-span\">Mehr erfahren <\/span><\/span><\/span><\/div>\n","protected":false},"excerpt":{"rendered":"<p><img fetchpriority=\"high\" decoding=\"async\" class=\"alignnone size-full wp-image-43881\" src=\"https:\/\/www.ambifuego.net\/wp-content\/uploads\/2017\/09\/diablo_optimized.3.jpg\" alt=\"\" width=\"480\" height=\"320\" \/><\/p>\n","protected":false},"featured_media":80422,"template":"","meta":[],"product_brand":[],"product_cat":[359],"product_tag":[],"class_list":{"0":"post-17557","1":"product","2":"type-product","3":"status-publish","4":"has-post-thumbnail","6":"product_cat-gas-kamin-oefen","8":"first","9":"instock","10":"shipping-taxable","11":"product-type-simple"},"_links":{"self":[{"href":"https:\/\/www.ambifuego.net\/de\/wp-json\/wp\/v2\/product\/17557","targetHints":{"allow":["GET"]}}],"collection":[{"href":"https:\/\/www.ambifuego.net\/de\/wp-json\/wp\/v2\/product"}],"about":[{"href":"https:\/\/www.ambifuego.net\/de\/wp-json\/wp\/v2\/types\/product"}],"version-history":[{"count":0,"href":"https:\/\/www.ambifuego.net\/de\/wp-json\/wp\/v2\/product\/17557\/revisions"}],"wp:featuredmedia":[{"embeddable":true,"href":"https:\/\/www.ambifuego.net\/de\/wp-json\/wp\/v2\/media\/80422"}],"wp:attachment":[{"href":"https:\/\/www.ambifuego.net\/de\/wp-json\/wp\/v2\/media?parent=17557"}],"wp:term":[{"taxonomy":"product_brand","embeddable":true,"href":"https:\/\/www.ambifuego.net\/de\/wp-json\/wp\/v2\/product_brand?post=17557"},{"taxonomy":"product_cat","embeddable":true,"href":"https:\/\/www.ambifuego.net\/de\/wp-json\/wp\/v2\/product_cat?post=17557"},{"taxonomy":"product_tag","embeddable":true,"href":"https:\/\/www.ambifuego.net\/de\/wp-json\/wp\/v2\/product_tag?post=17557"}],"curies":[{"name":"wp","href":"https:\/\/api.w.org\/{rel}","templated":true}]}}