{"id":17552,"date":"2017-09-21T14:10:46","date_gmt":"2017-09-21T14:10:46","guid":{"rendered":"https:\/\/www.ambifuego.net\/xtempx\/web17\/producto\/trio\/"},"modified":"2025-10-28T16:36:10","modified_gmt":"2025-10-28T15:36:10","slug":"circo-gaskamin","status":"publish","type":"product","link":"https:\/\/www.ambifuego.net\/de\/producto\/circo-gaskamin\/","title":{"rendered":"Circo"},"content":{"rendered":"<p style=\"text-align: justify;\"><span style=\"font-family: verdana, geneva, sans-serif;\">Circo\u00a0 Gaskamin &#8211; Ofen ist ein eleganter und formsch\u00f6ner Gasofen. Mit \u00fcber 1 m H\u00f6he hat dieser freistehende Gasofen ein gro\u00dfes Sichtfenster, das den Blick auf ein klassisches Holzfeuer mit hohen, attraktiven Flammen und gro\u00dfz\u00fcgiger W\u00e4rme freigibt. Dieses wundersch\u00f6ne Flammenbild ist von verschiedenen Stellen rund um das Feuer zu sehen, was viele M\u00f6glichkeiten f\u00fcr die Platzierung im Haus er\u00f6ffnet. <span class=\"h2\">Ein attraktiv gew\u00f6lbter Gasofen.<\/span><\/span><\/p>\n<div class='yrm-content yrm-content-1 yrm-content-hide  ' id='yrm-phjPo' data-id='1' data-show-status='false' data-after-action='' style=\"visibility: hidden;height: 0;\">\n\t\t\t<div id='yrm-inner-content-yrm-phjPo' class='yrm-inner-content-wrapper yrm-cntent-1'><\/p>\n<ul>\n<li><span style=\"font-family: verdana, geneva, sans-serif;\">Circo Gasofen<\/span><\/li>\n<li><span id=\"result_box\" class=\"\" lang=\"de\" style=\"font-family: verdana, geneva, sans-serif;\"><span class=\"\">Freistehender Gaskamin &#8211; Erdgas oder Propan<\/span><br \/>\n<\/span><\/li>\n<li><span style=\"font-family: verdana, geneva, sans-serif;\">Gew\u00f6lbter Gaskamin<\/span><\/li>\n<li><span style=\"font-family: verdana, geneva, sans-serif;\">Grosses Sichtfenster<\/span><\/li>\n<li><span style=\"font-family: verdana, geneva, sans-serif;\">Farbe Anthracit &#8211; Innen Schwarz<\/span><\/li>\n<li><span style=\"font-family: verdana, geneva, sans-serif;\">Material Stahl<\/span><\/li>\n<li><span id=\"result_box\" class=\"\" lang=\"de\" style=\"font-family: verdana, geneva, sans-serif;\">Geschlossene Verbrennung<\/span><\/li>\n<li><span id=\"result_box\" class=\"\" lang=\"de\" style=\"font-family: verdana, geneva, sans-serif;\">Fernbedienung<br \/>\n<\/span><\/li>\n<li><span style=\"font-family: verdana, geneva, sans-serif;\">Keramikholzscheite Braun<\/span><\/li>\n<li><span style=\"font-family: verdana, geneva, sans-serif;\"><a href=\"https:\/\/www.ambifuego.net\/de\/kontakt\/\" target=\"_blank\" rel=\"noopener\">Preis nach Anfrage<\/a>\u00a0<\/span><\/li>\n<li><span style=\"font-family: verdana, geneva, sans-serif;\"><a href=\"https:\/\/www.ambifuego.net\/wp-content\/uploads\/2022\/05\/DRU-ALEMAN.22_compressed.pdf\" target=\"_blank\" rel=\"noopener\">Katalog<\/a> \u00a0<\/span><\/li>\n<li><span style=\"font-family: verdana, geneva, sans-serif;\"><a href=\"https:\/\/www.drufire.com\/de-de\/sortiment\/dru\/circo\" target=\"_blank\" rel=\"noopener\">Video\u00a0<\/a><\/span><\/li>\n<\/ul>\n<p><\/div>\n\t\t<\/div><div class='yrm-btn-wrapper yrm-btn-wrapper-1 yrm-more-button-wrapper  '\n\t\tdata-custom-more-class-name='' data-custom-less-class-name=''><span title='' data-less-title='' data-more-title='' class='yrm-toggle-expand  yrm-toggle-expand-1 ' data-rel='yrm-phjPo' data-more='Mehr erfahren ' data-less='Read less'><span class='yrm-text-wrapper yrm-text-wrapper-custom-dimensions'><span class=\"yrm-button-text-1 yrm-button-text-span\">Mehr erfahren <\/span><\/span><\/span><\/div>\n","protected":false},"excerpt":{"rendered":"<p><img fetchpriority=\"high\" decoding=\"async\" class=\"size-full wp-image-65538\" src=\"https:\/\/www.ambifuego.net\/wp-content\/uploads\/2023\/09\/circo_optimized.jpg\" alt=\"estufa de gas \" width=\"329\" height=\"226\" \/><\/p>\n","protected":false},"featured_media":80468,"template":"","meta":[],"product_brand":[],"product_cat":[352,359],"product_tag":[],"class_list":{"0":"post-17552","1":"product","2":"type-product","3":"status-publish","4":"has-post-thumbnail","6":"product_cat-gas-kamine-oefen-heizkoerper","7":"product_cat-gas-kamin-oefen","9":"first","10":"instock","11":"shipping-taxable","12":"product-type-simple"},"_links":{"self":[{"href":"https:\/\/www.ambifuego.net\/de\/wp-json\/wp\/v2\/product\/17552","targetHints":{"allow":["GET"]}}],"collection":[{"href":"https:\/\/www.ambifuego.net\/de\/wp-json\/wp\/v2\/product"}],"about":[{"href":"https:\/\/www.ambifuego.net\/de\/wp-json\/wp\/v2\/types\/product"}],"version-history":[{"count":0,"href":"https:\/\/www.ambifuego.net\/de\/wp-json\/wp\/v2\/product\/17552\/revisions"}],"wp:featuredmedia":[{"embeddable":true,"href":"https:\/\/www.ambifuego.net\/de\/wp-json\/wp\/v2\/media\/80468"}],"wp:attachment":[{"href":"https:\/\/www.ambifuego.net\/de\/wp-json\/wp\/v2\/media?parent=17552"}],"wp:term":[{"taxonomy":"product_brand","embeddable":true,"href":"https:\/\/www.ambifuego.net\/de\/wp-json\/wp\/v2\/product_brand?post=17552"},{"taxonomy":"product_cat","embeddable":true,"href":"https:\/\/www.ambifuego.net\/de\/wp-json\/wp\/v2\/product_cat?post=17552"},{"taxonomy":"product_tag","embeddable":true,"href":"https:\/\/www.ambifuego.net\/de\/wp-json\/wp\/v2\/product_tag?post=17552"}],"curies":[{"name":"wp","href":"https:\/\/api.w.org\/{rel}","templated":true}]}}